{"id":905,"date":"2024-07-06T15:04:24","date_gmt":"2024-07-06T15:04:24","guid":{"rendered":"https:\/\/solutions-hr.com\/?page_id=905"},"modified":"2024-07-06T15:34:24","modified_gmt":"2024-07-06T15:34:24","slug":"borsec-atractii-turistice","status":"publish","type":"page","link":"https:\/\/smarted.smartonlineedu.com\/index.php\/borsec\/borsec-atractii-turistice\/","title":{"rendered":"Borsec &#8211; Atrac\u021bii Turistice"},"content":{"rendered":"\n<h2 class=\"wp-block-heading\" id=\"borszek-7b450d37-407a-43ee-be1a-89bf196535c4\">Borsec &#8211; Atrac\u021bii Turistice<\/h2>\n\n\n\n<div class=\"wp-block-cover alignfull\" style=\"min-height:700px;aspect-ratio:unset;\"><span aria-hidden=\"true\" class=\"wp-block-cover__background has-background-dim-0 has-background-dim\" style=\"background-color:#b0bbbe\"><\/span><img loading=\"lazy\" decoding=\"async\" width=\"1792\" height=\"1024\" class=\"wp-block-cover__image-background wp-image-326\" alt=\"\" src=\"https:\/\/smarted.smartonlineedu.com\/wp-content\/uploads\/2024\/05\/borszek-gpt.webp\" data-object-fit=\"cover\" srcset=\"https:\/\/smarted.smartonlineedu.com\/wp-content\/uploads\/2024\/05\/borszek-gpt.webp 1792w, https:\/\/smarted.smartonlineedu.com\/wp-content\/uploads\/2024\/05\/borszek-gpt-300x171.webp 300w, https:\/\/smarted.smartonlineedu.com\/wp-content\/uploads\/2024\/05\/borszek-gpt-1024x585.webp 1024w, https:\/\/smarted.smartonlineedu.com\/wp-content\/uploads\/2024\/05\/borszek-gpt-768x439.webp 768w, https:\/\/smarted.smartonlineedu.com\/wp-content\/uploads\/2024\/05\/borszek-gpt-1536x878.webp 1536w\" sizes=\"auto, (max-width: 1792px) 100vw, 1792px\" \/><div class=\"wp-block-cover__inner-container is-layout-flow wp-block-cover-is-layout-flow\">\n<div style=\"height:80px\" aria-hidden=\"true\" class=\"wp-block-spacer\"><\/div>\n\n\n\n<p class=\"has-text-align-center has-text-color\" style=\"color:#121212;font-size:17px\"><\/p>\n\n\n\n<div style=\"height:80px\" aria-hidden=\"true\" class=\"wp-block-spacer\"><\/div>\n\n\n\n<div style=\"height:80px\" aria-hidden=\"true\" class=\"wp-block-spacer\"><\/div>\n\n\n\n<p><\/p>\n<\/div><\/div>\n\n\n\n<div style=\"height:100px\" aria-hidden=\"true\" class=\"wp-block-spacer\"><\/div>\n\n\n\n<hr class=\"wp-block-separator has-alpha-channel-opacity\"\/>\n\n\n\n<p class=\"has-text-align-center\">Borsz\u00e9k v\u00e1rosa \u00fagy az akt\u00edv, mint a \u201epihen\u0151\u201d turizmus sz\u00e1m\u00e1ra sz\u00e1mos lehet\u0151s\u00e9get biztos\u00edt. Sz\u00e1mos attrakci\u00f3ja r\u00e9v\u00e9n alkalmas a kultur\u00e1lis &#8211; , a wellness- , a gy\u00f3gy -, az extr\u00e9m sport &#8211; , a sportturizmus kedvel\u0151i sz\u00e1m\u00e1ra. Gy\u00f3gyturizmus szempontj\u00e1b\u00f3l fontos kiemelni, hogy a borsz\u00e9ki tiszta, f\u00fcstmentes, pormentes leveg\u0151, a szubalpin \u00e9ghajlat, a hegyek, az \u00e1sv\u00e1nyv\u00edzforr\u00e1sok, a gy\u00f3gyf\u00fcrd\u0151 stb. r\u00e9v\u00e9n egy fantasztikus hely a f\u00fcrd\u0151-, az \u00e1sv\u00e1nyv\u00edz k\u00fara \u00e9s a kl\u00edmater\u00e1pia tekintet\u00e9ben.&nbsp; &nbsp;<\/p>\n\n\n\n<hr class=\"wp-block-separator has-alpha-channel-opacity\"\/>\n\n\n\n<div class=\"wp-block-columns is-layout-flex wp-container-core-columns-is-layout-9d6595d7 wp-block-columns-is-layout-flex\">\n<div class=\"wp-block-column is-layout-flow wp-block-column-is-layout-flow\">\n<h2 class=\"wp-block-heading\"> \u00c1sv\u00e1nyv\u00edz forr\u00e1sok<\/h2>\n\n\n\n<ul class=\"wp-block-list\">\n<li>Borsz\u00e9k v\u00e1ros\u00e1ban ma 15 forr\u00e1s m\u0171k\u00f6dik, amelyek a csod\u00e1latos l\u00e1tv\u00e1ny mellett nagy hat\u00e1st gyakorolnak \u00fagy az eg\u00e9szs\u00e9g meg\u0151rz\u00e9s\u00e9ben, mint a prevenci\u00f3 tekintet\u00e9ben, illetve sz\u00e1mos fenn\u00e1ll\u00f3 eg\u00e9szs\u00e9g\u00fcgyi probl\u00e9ma orvosl\u00e1s\u00e1ban kezel\u00e9si lehet\u0151s\u00e9get biztos\u00edt.\u201e (Marosv\u00e1s\u00e1rhelyi TVR, 2023)<\/li>\n\n\n\n<li>A legnevezetesebb \u00e1sv\u00e1nyv\u00edzforr\u00e1sok: az Erzs\u00e9bet, Boldizs\u00e1r, L\u00e1szl\u00f3, L\u00e1z\u00e1r, Kossuth, Pet\u0151fy, Perk\u0151i. Sz\u00e9nsavasban, k\u00e1lcium karbon\u00e1tban, magn\u00e9ziumban, natriumban gazdag \u00e1sv\u00e1nyv\u00edzforr\u00e1sok, amelyek sz\u00e1mos betegs\u00e9g kezel\u00e9s\u00e9re javallottak.<\/li>\n<\/ul>\n<\/div>\n\n\n\n<div class=\"wp-block-column is-layout-flow wp-block-column-is-layout-flow\">\n<div class=\"wp-block-uagb-image aligncenter uagb-block-4e457deb wp-block-uagb-image--layout-default wp-block-uagb-image--effect-static wp-block-uagb-image--align-center\"><figure class=\"wp-block-uagb-image__figure\"><img decoding=\"async\" srcset=\"https:\/\/smarted.smartonlineedu.com\/wp-content\/uploads\/2024\/05\/image_2024-05-07_184104401.png ,https:\/\/smarted.smartonlineedu.com\/wp-content\/uploads\/2024\/05\/image_2024-05-07_184104401.png 780w, https:\/\/smarted.smartonlineedu.com\/wp-content\/uploads\/2024\/05\/image_2024-05-07_184104401.png 360w\" sizes=\"auto, (max-width: 480px) 150px\" src=\"https:\/\/smarted.smartonlineedu.com\/wp-content\/uploads\/2024\/05\/image_2024-05-07_184104401.png\" alt=\"\" class=\"uag-image-359\" width=\"392\" height=\"294\" title=\"image_2024-05-07_184104401\" loading=\"lazy\" role=\"img\"\/><\/figure><\/div>\n\n\n\n<p class=\"has-text-align-center\">http:\/\/www.businessmagazin.ro<\/p>\n<\/div>\n<\/div>\n\n\n\n<hr class=\"wp-block-separator has-alpha-channel-opacity\"\/>\n\n\n\n<h2 class=\"wp-block-heading has-text-align-center\">T\u00fcnd\u00e9rkert<\/h2>\n\n\n\n<div class=\"wp-block-columns is-layout-flex wp-container-core-columns-is-layout-9d6595d7 wp-block-columns-is-layout-flex\">\n<div class=\"wp-block-column is-layout-flow wp-block-column-is-layout-flow\">\n<div class=\"wp-block-uagb-image uagb-block-096db66f wp-block-uagb-image--layout-default wp-block-uagb-image--effect-static wp-block-uagb-image--align-none\"><figure class=\"wp-block-uagb-image__figure\"><img decoding=\"async\" srcset=\"https:\/\/smarted.smartonlineedu.com\/wp-content\/uploads\/2024\/05\/statiunaborsec-1024x711.jpg ,https:\/\/smarted.smartonlineedu.com\/wp-content\/uploads\/2024\/05\/statiunaborsec.jpg 780w, https:\/\/smarted.smartonlineedu.com\/wp-content\/uploads\/2024\/05\/statiunaborsec.jpg 360w\" sizes=\"auto, (max-width: 480px) 150px\" src=\"https:\/\/smarted.smartonlineedu.com\/wp-content\/uploads\/2024\/05\/statiunaborsec-1024x711.jpg\" alt=\"\" class=\"uag-image-352\" width=\"1024\" height=\"711\" title=\"statiunaborsec\" loading=\"lazy\" role=\"img\"\/><\/figure><\/div>\n\n\n\n<p class=\"has-text-align-center\"><a href=\"https:\/\/termalfurdok.com\">https:\/\/termalfurdok.com<\/a><\/p>\n<\/div>\n\n\n\n<div class=\"wp-block-column is-layout-flow wp-block-column-is-layout-flow\">\n<div style=\"height:6px\" aria-hidden=\"true\" class=\"wp-block-spacer\"><\/div>\n\n\n\n<ul class=\"wp-block-list\">\n<li>Borsz\u00e9k csod\u00e1s l\u00e1tv\u00e1nyoss\u00e1ga, egy 75 ha <em>Natura 2000-es <\/em>ter\u00fclet, amelyb\u0151l, az itt l\u00e9v\u0151 travertin (m\u00e9sztufa) \u00e9s barlangok miatt, 40 ha geol\u00f3giai rezerv\u00e1tum. <\/li>\n\n\n\n<li>A mez\u00edtl\u00e1bas \u00f6sv\u00e9ny, a Medve barlang, az \u00e1sv\u00e1nyvizes f\u00fcrd\u0151, a kaland park, a j\u00e9gbarlang \u00e9s az \u0151sforr\u00e1s \u00e1ltal teret ny\u00fajt \u00fagy az akt\u00edv turizmus, mint az eg\u00e9szs\u00e9gturizmus sz\u00e1m\u00e1ra.&nbsp;<\/li>\n\n\n\n<li> Kialak\u00edt\u00e1s\u00e1ban \u00fagy a k\u00f6zint\u00e9zm\u00e9nyek, mint a helyi civil aktivist\u00e1k nagy szerepet j\u00e1tszottak (a Pro Borsz\u00e9k alap\u00edtv\u00e1ny p\u00e1ly\u00e1zta meg a mez\u00edtl\u00e1bas \u00f6sv\u00e9nyt \u00e9s \u00e9vente kal\u00e1ka karbantart\u00f3 munk\u00e1kat v\u00e9geznek rajta).<\/li>\n<\/ul>\n<\/div>\n<\/div>\n\n\n\n<div class=\"wp-block-columns is-layout-flex wp-container-core-columns-is-layout-9d6595d7 wp-block-columns-is-layout-flex\">\n<div class=\"wp-block-column is-layout-flow wp-block-column-is-layout-flow\">\n<div style=\"height:61px\" aria-hidden=\"true\" class=\"wp-block-spacer\"><\/div>\n\n\n\n<ul class=\"wp-block-list\">\n<li>A <em>Mez\u00edtl\u00e1bas \u00f6sv\u00e9ny<\/em> nyugtat\u00f3 \u00e9s friss\u00edt\u0151 hat\u00e1st gyakorol a szervezetre, stimul\u00e1lja a reflexpontokat, j\u00f3t\u00e9kony hat\u00e1st gyakorol az idegrendszerre, de ugyanakkor f\u0151k\u00e9nt gyerekek eset\u00e9ben l\u00fadtalp kezel\u00e9s\u00e9re, kialakul\u00e1s\u00e1nak megel\u0151z\u00e9s\u00e9re, egyens\u00faly\u00e9rz\u00e9k jav\u00edt\u00e1s\u00e1ra, helyes testtart\u00e1s kialak\u00edt\u00e1s\u00e1ra, meg\u0151rz\u00e9s\u00e9re is kimondottan javasolt.<\/li>\n\n\n\n<li>A <em>T\u00fcnd\u00e9rek fered\u0151je<\/em>, amely 2016-ban lett fel\u00faj\u00edtva, egy kerek borvizes medenc\u00e9vel, l\u00e1b\u00e1ztat\u00f3kkal, nyug\u00e1gyakkal, \u00f6lt\u00f6z\u0151kkel v\u00e1rja a pihenni, gy\u00f3gyulni v\u00e1gy\u00f3 turist\u00e1kat. Javasolt a mofetta kezel\u00e9ssel v\u00e1ltakoztatott, 10-12 napos, k\u00fara.&nbsp;&nbsp;<\/li>\n<\/ul>\n<\/div>\n\n\n\n<div class=\"wp-block-column is-layout-flow wp-block-column-is-layout-flow\">\n<div class=\"wp-block-uagb-image aligncenter uagb-block-e320ee96 wp-block-uagb-image--layout-default wp-block-uagb-image--effect-static wp-block-uagb-image--align-center\"><figure class=\"wp-block-uagb-image__figure\"><img decoding=\"async\" srcset=\"https:\/\/smarted.smartonlineedu.com\/wp-content\/uploads\/2024\/05\/mezitlabas-osveny.jpg ,https:\/\/smarted.smartonlineedu.com\/wp-content\/uploads\/2024\/05\/mezitlabas-osveny.jpg 780w, https:\/\/smarted.smartonlineedu.com\/wp-content\/uploads\/2024\/05\/mezitlabas-osveny.jpg 360w\" sizes=\"auto, (max-width: 480px) 150px\" src=\"https:\/\/smarted.smartonlineedu.com\/wp-content\/uploads\/2024\/05\/mezitlabas-osveny.jpg\" alt=\"\" class=\"uag-image-377\" width=\"619\" height=\"465\" title=\"mezitlabas-osveny\" loading=\"lazy\" role=\"img\"\/><\/figure><\/div>\n<\/div>\n<\/div>\n\n\n\n<div class=\"wp-block-columns is-layout-flex wp-container-core-columns-is-layout-9d6595d7 wp-block-columns-is-layout-flex\">\n<div class=\"wp-block-column is-layout-flow wp-block-column-is-layout-flow\">\n<div style=\"height:100px\" aria-hidden=\"true\" class=\"wp-block-spacer\"><\/div>\n\n\n\n<div class=\"wp-block-uagb-image uagb-block-68842e91 wp-block-uagb-image--layout-default wp-block-uagb-image--effect-static wp-block-uagb-image--align-none\"><figure class=\"wp-block-uagb-image__figure\"><img decoding=\"async\" srcset=\"https:\/\/smarted.smartonlineedu.com\/wp-content\/uploads\/2024\/05\/Tunderkert.jpg ,https:\/\/smarted.smartonlineedu.com\/wp-content\/uploads\/2024\/05\/Tunderkert.jpg 780w, https:\/\/smarted.smartonlineedu.com\/wp-content\/uploads\/2024\/05\/Tunderkert.jpg 360w\" sizes=\"auto, (max-width: 480px) 150px\" src=\"https:\/\/smarted.smartonlineedu.com\/wp-content\/uploads\/2024\/05\/Tunderkert.jpg\" alt=\"\" class=\"uag-image-378\" width=\"464\" height=\"310\" title=\"Tunderkert\" loading=\"lazy\" role=\"img\"\/><\/figure><\/div>\n\n\n\n<div style=\"height:100px\" aria-hidden=\"true\" class=\"wp-block-spacer\"><\/div>\n<\/div>\n\n\n\n<div class=\"wp-block-column is-layout-flow wp-block-column-is-layout-flow\">\n<ul class=\"wp-block-list\">\n<li>Az <em>\u0150sforr\u00e1s<\/em> a legr\u00e9gebbi forr\u00e1s, amely vize, a k\u0151b\u00e1nya nem szakszer\u0171 kiakn\u00e1z\u00e1sa miatt kiapadt az 1970-es \u00e9vekben. Napjainkban mofettak\u00e9nt m\u0171k\u00f6dik, amely \u00e9rt\u00e1g\u00edt\u00f3 hat\u00e1ssal b\u00edr \u00e9s kedvez\u0151 hat\u00e1st gyakorol \u00e9rsz\u0171k\u00fclet, \u00e9r gyullad\u00e1s, l\u00e1bsz\u00e1rfek\u00e9ly, kr\u00f3nikus reuma betegs\u00e9gek eset\u00e9ben. Azonban ellenjavallott v\u00e9rnyom\u00e1s probl\u00e9m\u00e1k, t\u00fcd\u0151 betegs\u00e9gek, aszthma, &nbsp;<\/li>\n\n\n\n<li>A <em>Medve barlang<\/em> \u00e9s a kalandp\u00e1lya keret\u00e9n bel\u00fcl tiroli p\u00e1ly\u00e1k, vasalt \u00fatvonalak, f\u00fcgg\u0151 hidak, l\u00e9tr\u00e1k, f\u00f6ldalatti folyos\u00f3k biztos\u00edtj\u00e1k az adrenalint termel\u0151 kalandturizmus \u00e9lm\u00e9ny\u00e9t. K\u00f6zel\u00e9ben k\u00e9t 15 m-es szikla emelkedik ki, a Sz\u00e9csh\u00e9nyi- \u00e9s a Teleky-szikl\u00e1k. A barlang term\u00e9szetes karszt k\u00e9pz\u0151dm\u00e9ny, amely nev\u00e9t a barlangban felfedezett medv\u00e9k maradv\u00e1nyair\u00f3l kapta.<\/li>\n\n\n\n<li>A <em>Medve barlang<\/em>gal szemben l\u00e9v\u0151 <em>J\u00e9gbarlang<\/em> egy csod\u00e1latos sztalagmit \u00e9s sztalagtit k\u00e9pz\u0151dm\u00e9ny, amelyeket a besziv\u00e1rg\u00f3, megfagyott v\u00edz form\u00e1l \u00e9s amely csak k\u00e9s\u0151 tavasszal olvad ki. &nbsp;&nbsp;&nbsp;<\/li>\n<\/ul>\n<\/div>\n<\/div>\n\n\n\n<hr class=\"wp-block-separator has-alpha-channel-opacity\"\/>\n\n\n\n<div class=\"wp-block-columns is-layout-flex wp-container-core-columns-is-layout-9d6595d7 wp-block-columns-is-layout-flex\">\n<div class=\"wp-block-column is-layout-flow wp-block-column-is-layout-flow\">\n<div style=\"height:100px\" aria-hidden=\"true\" class=\"wp-block-spacer\"><\/div>\n<\/div>\n<\/div>\n\n\n\n<div class=\"wp-block-columns is-layout-flex wp-container-core-columns-is-layout-9d6595d7 wp-block-columns-is-layout-flex\">\n<div class=\"wp-block-column is-layout-flow wp-block-column-is-layout-flow\">\n<h2 class=\"wp-block-heading\">Hegyi-, sport turizmus<\/h2>\n\n\n\n<div style=\"height:57px\" aria-hidden=\"true\" class=\"wp-block-spacer\"><\/div>\n\n\n\n<ul class=\"wp-block-list\">\n<li>A <em>Rem\u00e9nys\u00e9g S\u00edk\u00f6zpont<\/em> 2010-ben ny\u00edlt meg \u00e9s h\u00e1rom s\u00edp\u00e1ly\u00e1t \u2013 Rem\u00e9nys\u00e9g (630m) , Pr\u00fccs\u00f6k (814m), Ver\u0151f\u00e9ny (726m) &#8211; foglal mag\u00e1ban, biztos\u00edtva \u00fagy a kezd\u0151, mint a tapasztalt s\u00edz\u0151k sz\u00e1m\u00e1ra egy csod\u00e1latos \u00e9lm\u00e9ny meg\u00e9l\u00e9s\u00e9t. <\/li>\n\n\n\n<li>Ugyancsak itt tal\u00e1lhat\u00f3 ny\u00e1ron az 1,5 km-es <em>bobp\u00e1lya<\/em>.<\/li>\n<\/ul>\n<\/div>\n\n\n\n<div class=\"wp-block-column is-layout-flow wp-block-column-is-layout-flow\">\n<div class=\"wp-block-uagb-image uagb-block-69a32646 wp-block-uagb-image--layout-default wp-block-uagb-image--effect-static wp-block-uagb-image--align-none\"><figure class=\"wp-block-uagb-image__figure\"><img decoding=\"async\" srcset=\"https:\/\/smarted.smartonlineedu.com\/wp-content\/uploads\/2024\/05\/borszek3.jpg ,https:\/\/smarted.smartonlineedu.com\/wp-content\/uploads\/2024\/05\/borszek3.jpg 780w, https:\/\/smarted.smartonlineedu.com\/wp-content\/uploads\/2024\/05\/borszek3.jpg 360w\" sizes=\"auto, (max-width: 480px) 150px\" src=\"https:\/\/smarted.smartonlineedu.com\/wp-content\/uploads\/2024\/05\/borszek3.jpg\" alt=\"\" class=\"uag-image-267\" width=\"540\" height=\"312\" title=\"borszek3\" loading=\"lazy\" role=\"img\"\/><\/figure><\/div>\n<\/div>\n<\/div>\n\n\n\n<hr class=\"wp-block-separator has-alpha-channel-opacity\"\/>\n\n\n\n<div style=\"height:39px\" aria-hidden=\"true\" class=\"wp-block-spacer\"><\/div>\n\n\n\n<div class=\"wp-block-columns is-layout-flex wp-container-core-columns-is-layout-9d6595d7 wp-block-columns-is-layout-flex\">\n<div class=\"wp-block-column is-layout-flow wp-block-column-is-layout-flow\">\n<div class=\"wp-block-uagb-image aligncenter uagb-block-684a157e wp-block-uagb-image--layout-default wp-block-uagb-image--effect-static wp-block-uagb-image--align-center\"><figure class=\"wp-block-uagb-image__figure\"><img decoding=\"async\" srcset=\"https:\/\/smarted.smartonlineedu.com\/wp-content\/uploads\/2024\/05\/bagolyvar-1024x677.png ,https:\/\/smarted.smartonlineedu.com\/wp-content\/uploads\/2024\/05\/bagolyvar.png 780w, https:\/\/smarted.smartonlineedu.com\/wp-content\/uploads\/2024\/05\/bagolyvar.png 360w\" sizes=\"auto, (max-width: 480px) 150px\" src=\"https:\/\/smarted.smartonlineedu.com\/wp-content\/uploads\/2024\/05\/bagolyvar-1024x677.png\" alt=\"\" class=\"uag-image-393\" width=\"431\" height=\"285\" title=\"bagolyvar\" loading=\"lazy\" role=\"img\"\/><\/figure><\/div>\n<\/div>\n\n\n\n<div class=\"wp-block-column is-layout-flow wp-block-column-is-layout-flow\">\n<h2 class=\"wp-block-heading\">Kultur\u00e1lis turizmus<\/h2>\n\n\n\n<ul class=\"wp-block-list\">\n<li><span lang=\"HU\" style=\"font-size:12.0pt;mso-bidi-font-size:\n11.0pt;line-height:150%;font-family:&quot;Times New Roman&quot;,serif;mso-fareast-font-family:\nCalibri;mso-fareast-theme-font:minor-latin;mso-bidi-theme-font:minor-bidi;\nmso-ansi-language:HU;mso-fareast-language:EN-US;mso-bidi-language:AR-SA\">Az <i>\u00c1sv\u00e1nyv\u00edz m\u00fazeumban<\/i> t\u00f6bb mint 100 k\u00e9pet \u00e9s t\u00e1rgyat lehet megcsod\u00e1lni, amelyek bemutatj\u00e1k a borvizek csod\u00e1latos vil\u00e1g\u00e1t,  de visszatekinthet\u00fcnk a t\u00f6rt\u00e9nelmi m\u00faltunkra is megtekintve a Bagolyv\u00e1r (magas szikla cs\u00facs) k\u00f6zel\u00e9ben l\u00e9v\u0151 <i>er\u0151d\u00edtm\u00e9ny<\/i>t, amely az els\u0151 vil\u00e1gh\u00e1zbor\u00fab\u00f3l maradt vissza \u00e9s meg\u0151rizte a g\u00e9ppisztolyf\u00e9szkek, goly\u00f3f\u00e9szkek hely\u00e9t, \u00e9s felismerhet\u0151k a bunkerek, fut\u00f3\u00e1rkok stb. <\/span><\/li>\n\n\n\n<li><span lang=\"HU\" style=\"font-size:12.0pt;mso-bidi-font-size:\n11.0pt;line-height:150%;font-family:&quot;Times New Roman&quot;,serif;mso-fareast-font-family:\nCalibri;mso-fareast-theme-font:minor-latin;mso-bidi-theme-font:minor-bidi;\nmso-ansi-language:HU;mso-fareast-language:EN-US;mso-bidi-language:AR-SA\">A II. vil\u00e1gh\u00e1bor\u00faban az \u00c1rp\u00e1d-vonal ( Magyar Kir\u00e1lyi Honv\u00e9ds\u00e9g v\u00e9delmi rendszere) r\u00e9sz\u00e9t k\u00e9pez\u0151 v\u00e9delmi rendszer is itt \u00e9p\u00fclt.&nbsp;<\/span><\/li>\n<\/ul>\n<\/div>\n<\/div>\n","protected":false},"excerpt":{"rendered":"<p>Borsec &#8211; Atrac\u021bii Turistice Borsz\u00e9k v\u00e1rosa \u00fagy az akt\u00edv, mint a \u201epihen\u0151\u201d turizmus sz\u00e1m\u00e1ra sz\u00e1mos lehet\u0151s\u00e9get biztos\u00edt. Sz\u00e1mos attrakci\u00f3ja r\u00e9v\u00e9n alkalmas a kultur\u00e1lis &#8211; , a wellness- , a gy\u00f3gy -, az extr\u00e9m sport &#8211; , a sportturizmus kedvel\u0151i sz\u00e1m\u00e1ra. Gy\u00f3gyturizmus szempontj\u00e1b\u00f3l fontos kiemelni, hogy a borsz\u00e9ki tiszta, f\u00fcstmentes, pormentes leveg\u0151, a szubalpin \u00e9ghajlat, a&hellip;&nbsp;<a href=\"https:\/\/smarted.smartonlineedu.com\/index.php\/borsec\/borsec-atractii-turistice\/\" rel=\"bookmark\">Read More &raquo;<span class=\"screen-reader-text\">Borsec &#8211; Atrac\u021bii Turistice<\/span><\/a><\/p>\n","protected":false},"author":1,"featured_media":0,"parent":860,"menu_order":0,"comment_status":"closed","ping_status":"closed","template":"","meta":{"_coblocks_attr":"","_coblocks_dimensions":"","_coblocks_responsive_height":"","_coblocks_accordion_ie_support":"","_eb_attr":"","_uag_custom_page_level_css":"","advgb_blocks_editor_width":"","advgb_blocks_columns_visual_guide":"","neve_meta_sidebar":"","neve_meta_container":"","neve_meta_enable_content_width":"on","neve_meta_content_width":100,"neve_meta_title_alignment":"","neve_meta_author_avatar":"","neve_post_elements_order":"","neve_meta_disable_header":"","neve_meta_disable_footer":"","neve_meta_disable_title":"on","_themeisle_gutenberg_block_has_review":false,"footnotes":""},"class_list":["post-905","page","type-page","status-publish","hentry"],"uagb_featured_image_src":{"full":false,"thumbnail":false,"medium":false,"medium_large":false,"large":false,"1536x1536":false,"2048x2048":false,"neve-blog":false},"uagb_author_info":{"display_name":"admin","author_link":"https:\/\/smarted.smartonlineedu.com\/index.php\/author\/admin_8iq54gse\/"},"uagb_comment_info":0,"uagb_excerpt":"Borsec &#8211; Atrac\u021bii Turistice Borsz\u00e9k v\u00e1rosa \u00fagy az akt\u00edv, mint a \u201epihen\u0151\u201d turizmus sz\u00e1m\u00e1ra sz\u00e1mos lehet\u0151s\u00e9get biztos\u00edt. Sz\u00e1mos attrakci\u00f3ja r\u00e9v\u00e9n alkalmas a kultur\u00e1lis &#8211; , a wellness- , a gy\u00f3gy -, az extr\u00e9m sport &#8211; , a sportturizmus kedvel\u0151i sz\u00e1m\u00e1ra. Gy\u00f3gyturizmus szempontj\u00e1b\u00f3l fontos kiemelni, hogy a borsz\u00e9ki tiszta, f\u00fcstmentes, pormentes leveg\u0151, a szubalpin \u00e9ghajlat, a&hellip;&nbsp;Read&hellip;","coauthors":[],"author_meta":{"author_link":"https:\/\/smarted.smartonlineedu.com\/index.php\/author\/admin_8iq54gse\/","display_name":"admin"},"relative_dates":{"created":"Posted 2 \u00e9v ago","modified":"Updated 2 \u00e9v ago"},"absolute_dates":{"created":"Posted on j\u00falius 6, 2024","modified":"Updated on j\u00falius 6, 2024"},"absolute_dates_time":{"created":"Posted on j\u00falius 6, 2024 3:04 du.","modified":"Updated on j\u00falius 6, 2024 3:34 du."},"featured_img_caption":"","featured_img":false,"series_order":"","_links":{"self":[{"href":"https:\/\/smarted.smartonlineedu.com\/index.php\/wp-json\/wp\/v2\/pages\/905","targetHints":{"allow":["GET"]}}],"collection":[{"href":"https:\/\/smarted.smartonlineedu.com\/index.php\/wp-json\/wp\/v2\/pages"}],"about":[{"href":"https:\/\/smarted.smartonlineedu.com\/index.php\/wp-json\/wp\/v2\/types\/page"}],"author":[{"embeddable":true,"href":"https:\/\/smarted.smartonlineedu.com\/index.php\/wp-json\/wp\/v2\/users\/1"}],"replies":[{"embeddable":true,"href":"https:\/\/smarted.smartonlineedu.com\/index.php\/wp-json\/wp\/v2\/comments?post=905"}],"version-history":[{"count":2,"href":"https:\/\/smarted.smartonlineedu.com\/index.php\/wp-json\/wp\/v2\/pages\/905\/revisions"}],"predecessor-version":[{"id":907,"href":"https:\/\/smarted.smartonlineedu.com\/index.php\/wp-json\/wp\/v2\/pages\/905\/revisions\/907"}],"up":[{"embeddable":true,"href":"https:\/\/smarted.smartonlineedu.com\/index.php\/wp-json\/wp\/v2\/pages\/860"}],"wp:attachment":[{"href":"https:\/\/smarted.smartonlineedu.com\/index.php\/wp-json\/wp\/v2\/media?parent=905"}],"curies":[{"name":"wp","href":"https:\/\/api.w.org\/{rel}","templated":true}]}}