{"id":898,"date":"2024-07-06T14:59:23","date_gmt":"2024-07-06T14:59:23","guid":{"rendered":"https:\/\/solutions-hr.com\/?page_id=898"},"modified":"2024-07-06T14:59:37","modified_gmt":"2024-07-06T14:59:37","slug":"camere-de-sare","status":"publish","type":"page","link":"https:\/\/smarted.smartonlineedu.com\/index.php\/remedii-naturale\/camere-de-sare\/","title":{"rendered":"Camere de sare"},"content":{"rendered":"\n<h2 class=\"wp-block-heading\">Camere de sare<\/h2>\n\n\n\n<div class=\"wp-block-cover alignfull is-light\" style=\"min-height:600px;aspect-ratio:unset;\"><span aria-hidden=\"true\" class=\"wp-block-cover__background has-nv-light-bg-background-color has-background-dim\"><\/span><img loading=\"lazy\" decoding=\"async\" width=\"194\" height=\"183\" class=\"wp-block-cover__image-background wp-image-98\" alt=\"\" src=\"https:\/\/smarted.smartonlineedu.com\/wp-content\/uploads\/2024\/04\/vilagoskek.jpg\" data-object-fit=\"cover\"\/><div class=\"wp-block-cover__inner-container is-layout-flow wp-block-cover-is-layout-flow\">\n<div class=\"wp-block-group\"><div class=\"wp-block-group__inner-container is-layout-flow wp-block-group-is-layout-flow\">\n<div style=\"height:80px\" aria-hidden=\"true\" class=\"wp-block-spacer\"><\/div>\n\n\n\n<div class=\"wp-block-columns are-vertically-aligned-center is-layout-flex wp-container-core-columns-is-layout-9d6595d7 wp-block-columns-is-layout-flex\">\n<div class=\"wp-block-column is-vertically-aligned-center is-layout-flow wp-block-column-is-layout-flow\" style=\"flex-basis:50%\">\n<div class=\"wp-block-cover\" style=\"min-height:383px;aspect-ratio:unset;\"><span aria-hidden=\"true\" class=\"wp-block-cover__background has-background-dim\" style=\"background-color:#3b7de5\"><\/span><img loading=\"lazy\" decoding=\"async\" width=\"413\" height=\"275\" class=\"wp-block-cover__image-background wp-image-173\" alt=\"\" src=\"https:\/\/smarted.smartonlineedu.com\/wp-content\/uploads\/2024\/05\/filohotel.jpg\" data-object-fit=\"cover\" srcset=\"https:\/\/smarted.smartonlineedu.com\/wp-content\/uploads\/2024\/05\/filohotel.jpg 413w, https:\/\/smarted.smartonlineedu.com\/wp-content\/uploads\/2024\/05\/filohotel-300x200.jpg 300w\" sizes=\"auto, (max-width: 413px) 100vw, 413px\" \/><div class=\"wp-block-cover__inner-container is-layout-flow wp-block-cover-is-layout-flow\">\n<p class=\"has-text-align-center has-large-font-size\"><\/p>\n<\/div><\/div>\n<\/div>\n\n\n\n<div class=\"wp-block-column is-vertically-aligned-center is-layout-flow wp-block-column-is-layout-flow\" style=\"flex-basis:50%\">\n<ul class=\"wp-block-list\">\n<li>Fedezd fel a s\u00f3kamr\u00e1k j\u00f3t\u00e9kony hat\u00e1sait Hargita megy\u00e9ben!<\/li>\n\n\n\n<li>Az itt tal\u00e1lhat\u00f3 s\u00f3barlangok \u00e9s s\u00f3kamr\u00e1k kiv\u00e1l\u00f3ak a<strong> l\u00e9gz\u0151rendszeri probl\u00e9m\u00e1k<\/strong> kezel\u00e9s\u00e9re, seg\u00edtik a <strong>l\u00e9gutak tiszt\u00edt\u00e1s\u00e1t<\/strong> \u00e9s a <strong>l\u00e9gz\u00e9si funkci\u00f3k jav\u00edt\u00e1s\u00e1t.<\/strong><\/li>\n\n\n\n<li>A <em>sz\u00e1rhegyi, gyergy\u00f3ditr\u00f3i, gyergy\u00f3szentmikl\u00f3si, zs\u00f6g\u00f6df\u00fcrd\u0151i, b\u00f6g\u00f6zi \u00e9s marosh\u00e9vizi<\/em> s\u00f3kamr\u00e1kban megval\u00f3sul\u00f3 s\u00f3ter\u00e1pia<strong><em> ellaz\u00edt,<\/em><\/strong> <strong><em>m\u00e9regtelen\u00edt,<\/em><\/strong> \u00e9s <strong><em>er\u0151s\u00edti az immunrendszert<\/em><\/strong>.<\/li>\n\n\n\n<li>\u00c9lvezd a <strong><em>pihentet\u0151<\/em><\/strong>, <strong><em>gyullad\u00e1scs\u00f6kkent\u0151<\/em><\/strong> hat\u00e1st \u00e9s tapasztald meg a s\u00f3 \u00e1ltal ny\u00fajtott term\u00e9szetes gy\u00f3gyul\u00e1st!<\/li>\n<\/ul>\n<\/div>\n<\/div>\n<\/div><\/div>\n\n\n\n<div class=\"wp-block-columns is-layout-flex wp-container-core-columns-is-layout-9d6595d7 wp-block-columns-is-layout-flex\">\n<div class=\"wp-block-column is-layout-flow wp-block-column-is-layout-flow\">\n<p class=\"has-text-align-center\"><strong><em>    Forr\u00e1s: <\/em><\/strong><a href=\"https:\/\/www.hotelfilo.ro\" target=\"_blank\" rel=\"noreferrer noopener\">www.hotelfilo.ro<\/a><\/p>\n<\/div>\n\n\n\n<div class=\"wp-block-column is-layout-flow wp-block-column-is-layout-flow\"><\/div>\n<\/div>\n<\/div><\/div>\n\n\n\n<h2 class=\"wp-block-heading has-text-align-center coblocks-animate\" data-coblocks-animation=\"clipHorizontal\">\u201eK\u00e9t dolog a legfontosabb a vil\u00e1gon: a s\u00f3 \u00e9s a v\u00edz\u201d (Plinius)<\/h2>\n\n\n\n<ul class=\"wp-block-list\">\n<li>Napjainkban term\u00e9szetesnek t\u0171nik a s\u00f3hoz val\u00f3 hozz\u00e1f\u00e9r\u00e9s, azonban, ha visszatekint\u00fcnk a m\u00faltban, egy l\u00e9tfontoss\u00e1g\u00fa elemnek sz\u00e1m\u00edtott, egy nagyon jelent\u0151s <em>fizet\u0151 eszk\u00f6z<\/em> volt, a r\u00f3mai katon\u00e1k s\u00f3ban kapt\u00e1k a fizet\u00e9s\u00fcket. An\u00e9lk\u00fcl, hogy tudat\u00e1ban lettek volna a s\u00f3nak az igazi \u00e9rt\u00e9k\u00e9r\u0151l, m\u00e1r a r\u00e9gm\u00faltban r\u00e1j\u00f6ttek, hogy a s\u00f3 egy nagyon fontos <em>tart\u00f3s\u00edt\u00f3szer<\/em>.&nbsp;&nbsp; <\/li>\n\n\n\n<li>Ugyanakkor tudjuk, hogy a s\u00f3 nagyon fontos szerepet j\u00e1tszik az <em>eg\u00e9szs\u00e9g meg\u0151rz\u00e9s<\/em>\u00e9ben, a <em>gondolkod\u00e1s<\/em>ban, a <em>besz\u00e9d k\u00e9szs\u00e9g<\/em>ben, <em>izom\u00f6sszeh\u00faz\u00f3d\u00e1s<\/em>ban, <em>v\u00e9r p<\/em>H \u2013 \u00e9s a <em>v\u00e9rnyom\u00e1s szab\u00e1lyoz\u00e1s<\/em>\u00e1ban, a norm\u00e1l <em>ideg<\/em>&#8211; \u00e9s <em>izomm\u0171k\u00f6d\u00e9s<\/em>ben, a <em>mozg\u00e1s<\/em>ban.<\/li>\n\n\n\n<li>\u201eA v\u00edz \u00e9s a s\u00f3 egyens\u00falya szab\u00e1lyozza a szervezet anyagcsere folyamatait, energetiz\u00e1lja \u00e9s aktiv\u00e1lja a szervezetet. S\u00f3 \u00e9s v\u00edz n\u00e9lk\u00fcl a test\u00fcnk teljesen m\u0171k\u00f6d\u0151k\u00e9ptelenn\u00e9 v\u00e1lik.\u201d (Semmelweis Egyetem, A s\u00f3ter\u00e1pia hat\u00e1sai)<\/li>\n\n\n\n<li>A term\u00e9szetes s\u00f3ter\u00e1pia fontos szerepet j\u00e1tszik a <em><strong>szab\u00e1lyos sz\u00edvm\u0171k\u00f6d\u00e9sben<\/strong><\/em>, a <strong><em>v\u00e9rnyom\u00e1s-v\u00e9rcukorszint szab\u00e1lyoz\u00e1s\u00e1ban<\/em><\/strong>, a <strong><em>t\u00fcd\u0151 tisztul\u00e1s\u00e1ban<\/em><\/strong>, a <strong><em>k\u00e9pz\u0151d\u00f6tt ny\u00e1k elt\u00e1vol\u00edt\u00e1s\u00e1ban<\/em><\/strong> (asthma, ciszt\u00e1s fibr\u00f3zis), az <strong><em>arc\u00fcreg tisztul\u00e1s\u00e1ban<\/em><\/strong>, az <strong><em>allergi\u00e1k eset\u00e9nben<\/em><\/strong> (er\u0151s antihisztamin hat\u00e1s), az <strong><em>izomg\u00f6rcs\u00f6k megakad\u00e1lyoz\u00e1s\u00e1ban<\/em><\/strong>, a <strong><em>fokozott ny\u00e1lk\u00e9pz\u0151d\u00e9s megakad\u00e1lyoz\u00e1s\u00e1ban<\/em><\/strong>, a <strong><em>csont szil\u00e1rds\u00e1g\u00e1nak biztos\u00edt\u00e1s\u00e1ban<\/em><\/strong>, a <strong><em>csontritkul\u00e1s megel\u0151z\u00e9s\u00e9ben<\/em><\/strong>, az<strong><em> alv\u00e1s szab\u00e1lyoz\u00e1s\u00e1ban<\/em><\/strong>, a <strong><em>sz\u00e1raz k\u00f6h\u00f6g\u00e9s megsz\u00fcntet\u00e9s\u00e9ben<\/em><\/strong>, a <strong><em>k\u00f6szv\u00e9ny megel\u0151z\u00e9s\u00e9ben<\/em><\/strong>, a <strong><em>szexualit\u00e1s \u00e9s libido fenntart\u00e1s\u00e1ban<\/em><\/strong>, a<strong><em> viszeress\u00e9g \u00e9s p\u00f3kh\u00e1l\u00f3 v\u00e9n\u00e1k kialakul\u00e1s\u00e1nak megel\u0151z\u00e9s\u00e9ben<\/em><\/strong>, az <strong><em>idegsejtek k\u00f6zti kommunik\u00e1ci\u00f3 \u00e9s inform\u00e1ci\u00f3\u00e1raml\u00e1s fenntart\u00e1s\u00e1ban,<\/em><\/strong> a <strong><em>t\u00e1panyag felsz\u00edv\u00f3d\u00e1s\u00e1ban a b\u00e9lcsatorn\u00e1b\u00f3l<\/em><\/strong>. (Semmelweis Egyetem, A s\u00f3ter\u00e1pia hat\u00e1sai)<\/li>\n\n\n\n<li>Fliks Boczkowsky lengyel seb\u00e9sz volt az els\u0151, aki 1843-ban bebizony\u00edtotta a s\u00f3 ter\u00e1pia j\u00f3t\u00e9kony hat\u00e1s\u00e1t. (seasalttherapy.com)<\/li>\n\n\n\n<li>A s\u00f3ter\u00e1pia sor\u00e1n a l\u00e9gutak ny\u00e1lkah\u00e1rty\u00e1j\u00e1n megtapadnak a s\u00f3r\u00e9szecsk\u00e9k, ez cs\u00f6kkenti a ny\u00e1lka viszkozit\u00e1s\u00e1t, elt\u00e1volodnak a k\u00f3ros mikroorganizmusok \u00e9s a lerak\u00f3dott szennyez\u0151 anyagok, ez\u00e1ltal gyullad\u00e1scs\u00f6kkent\u0151, fert\u0151tlen\u00edt hat\u00e1st v\u00e1lt ki, a v\u00edrusok, bakt\u00e9riumok \u00e9s gomb\u00e1k nagy r\u00e9sze elpusztul, cs\u00f6kken a ny\u00e1lkah\u00e1rtya duzzanat, old\u00f3dik a ny\u00e1k, javul\u00f3 tendenci\u00e1t mutata a szervezet fizikai, biok\u00e9miai aktivit\u00e1sa, fokoz\u00f3dik az anyagcsere \u00e9s a perif\u00e9ri\u00e1s kering\u00e9s.<\/li>\n\n\n\n<li>A s\u00f3ter\u00e1pia <strong><em>akut \u00e9s kr\u00f3nikus k\u00f3rk\u00e9pek eset\u00e9ben<\/em><\/strong>, \u00fagy a <strong><em>fels\u0151 l\u00e9g\u00fati megbeteged\u00e9sekben<\/em><\/strong> (kr\u00f3nikus mell\u00e9k\u00fcreg gyullad\u00e1sok, allergi\u00e1s \u00e9s id\u00fclt n\u00e1tha stb.), mint az <strong><em>als\u00f3 l\u00e9g\u00fati megbeteged\u00e9sekben<\/em><\/strong> (id\u00fclt h\u00f6rghurut, t\u00fcd\u0151gyullad\u00e1s akut st\u00e1diuma ut\u00e1n, t\u00fcd\u0151t\u00e1gulat, k\u00f6h\u00f6g\u00e9ssel j\u00e1r\u00f3 k\u00f3rk\u00e9pek, doh\u00e1nyz\u00e1s miatti k\u00f6h\u00f6g\u00e9s, megf\u00e1z\u00e1s, influenza ut\u00e1ni \u00e1llapot) kedvez\u0151 eredm\u00e9nyeket mutat.&nbsp; (Semmelweis Egyetem, A s\u00f3ter\u00e1pia hat\u00e1sai).<\/li>\n\n\n\n<li>Ezen kezel\u00e9sekre ide\u00e1lisak a s\u00f3barlangok \u00e9s a s\u00f3barlangok mikr\u00f3klim\u00e1j\u00e1t mesters\u00e9gesen biztos\u00edt\u00f3 s\u00f3kamr\u00e1k.<\/li>\n\n\n\n<li>Hargita megy\u00e9ben a s\u00f3ter\u00e1pia el\u00e9rhet\u0151 a<strong><mark style=\"background-color:rgba(0, 0, 0, 0)\" class=\"has-inline-color has-nv-c-2-color\"> <a href=\"https:\/\/smarted.smartonlineedu.com\/index.php\/parajd-kezelo-kozpont\/\" data-type=\"page\" data-id=\"586\" target=\"_blank\" rel=\"noreferrer noopener\">prajdi S\u00f3barlang<\/a><\/mark><\/strong>ban, azonban, megy\u00e9nk <mark style=\"background-color:rgba(0, 0, 0, 0)\" class=\"has-inline-color has-nv-c-2-color\">S\u00f3kamr\u00e1k<\/mark>kal is b\u00fcszk\u00e9lkedhet mint p\u00e9ld\u00e1ul a Sz\u00e1rhegy k\u00f6zs\u00e9g\u00e9ben \u00e9s Gyergy\u00f3ditr\u00f3 k\u00f6zs\u00e9g\u00e9ben, a Zs\u00f6g\u00f6df\u00fcrd\u0151i kezel\u0151b\u00e1zisban, a B\u00f6g\u00f6zi Kincses Porta \u00fcd\u00fcl\u0151egys\u00e9gben, a marosh\u00e9vizi B\u00e1nffy wellness k\u00f6zpontban, a gyergy\u00f3szentmikl\u00f3si Filo Hotel &amp; Spa wellness k\u00f6zpontban stb. l\u00e9v\u0151 s\u00f3kamr\u00e1k, illetve ugyanitt ig\u00e9nybe vehet\u0151 a s\u00f3sv\u00edzekben val\u00f3 f\u00fcrd\u0151z\u00e9si lehet\u0151s\u00e9g.<\/li>\n<\/ul>\n\n\n\n<p><\/p>\n\n\n\n<p><\/p>\n","protected":false},"excerpt":{"rendered":"<p>Camere de sare \u201eK\u00e9t dolog a legfontosabb a vil\u00e1gon: a s\u00f3 \u00e9s a v\u00edz\u201d (Plinius)<\/p>\n","protected":false},"author":1,"featured_media":0,"parent":901,"menu_order":0,"comment_status":"closed","ping_status":"closed","template":"","meta":{"_coblocks_attr":"","_coblocks_dimensions":"","_coblocks_responsive_height":"","_coblocks_accordion_ie_support":"","_eb_attr":"","_uag_custom_page_level_css":"","advgb_blocks_editor_width":"","advgb_blocks_columns_visual_guide":"","neve_meta_sidebar":"","neve_meta_container":"","neve_meta_enable_content_width":"on","neve_meta_content_width":100,"neve_meta_title_alignment":"","neve_meta_author_avatar":"","neve_post_elements_order":"","neve_meta_disable_header":"","neve_meta_disable_footer":"","neve_meta_disable_title":"on","_themeisle_gutenberg_block_has_review":false,"footnotes":""},"class_list":["post-898","page","type-page","status-publish","hentry"],"uagb_featured_image_src":{"full":false,"thumbnail":false,"medium":false,"medium_large":false,"large":false,"1536x1536":false,"2048x2048":false,"neve-blog":false},"uagb_author_info":{"display_name":"admin","author_link":"https:\/\/smarted.smartonlineedu.com\/index.php\/author\/admin_8iq54gse\/"},"uagb_comment_info":0,"uagb_excerpt":"Camere de sare \u201eK\u00e9t dolog a legfontosabb a vil\u00e1gon: a s\u00f3 \u00e9s a v\u00edz\u201d (Plinius)","coauthors":[],"author_meta":{"author_link":"https:\/\/smarted.smartonlineedu.com\/index.php\/author\/admin_8iq54gse\/","display_name":"admin"},"relative_dates":{"created":"Posted 2 \u00e9v ago","modified":"Updated 2 \u00e9v ago"},"absolute_dates":{"created":"Posted on j\u00falius 6, 2024","modified":"Updated on j\u00falius 6, 2024"},"absolute_dates_time":{"created":"Posted on j\u00falius 6, 2024 2:59 du.","modified":"Updated on j\u00falius 6, 2024 2:59 du."},"featured_img_caption":"","featured_img":false,"series_order":"","_links":{"self":[{"href":"https:\/\/smarted.smartonlineedu.com\/index.php\/wp-json\/wp\/v2\/pages\/898","targetHints":{"allow":["GET"]}}],"collection":[{"href":"https:\/\/smarted.smartonlineedu.com\/index.php\/wp-json\/wp\/v2\/pages"}],"about":[{"href":"https:\/\/smarted.smartonlineedu.com\/index.php\/wp-json\/wp\/v2\/types\/page"}],"author":[{"embeddable":true,"href":"https:\/\/smarted.smartonlineedu.com\/index.php\/wp-json\/wp\/v2\/users\/1"}],"replies":[{"embeddable":true,"href":"https:\/\/smarted.smartonlineedu.com\/index.php\/wp-json\/wp\/v2\/comments?post=898"}],"version-history":[{"count":2,"href":"https:\/\/smarted.smartonlineedu.com\/index.php\/wp-json\/wp\/v2\/pages\/898\/revisions"}],"predecessor-version":[{"id":900,"href":"https:\/\/smarted.smartonlineedu.com\/index.php\/wp-json\/wp\/v2\/pages\/898\/revisions\/900"}],"up":[{"embeddable":true,"href":"https:\/\/smarted.smartonlineedu.com\/index.php\/wp-json\/wp\/v2\/pages\/901"}],"wp:attachment":[{"href":"https:\/\/smarted.smartonlineedu.com\/index.php\/wp-json\/wp\/v2\/media?parent=898"}],"curies":[{"name":"wp","href":"https:\/\/api.w.org\/{rel}","templated":true}]}}