{"id":874,"date":"2024-07-06T14:32:21","date_gmt":"2024-07-06T14:32:21","guid":{"rendered":"https:\/\/solutions-hr.com\/?page_id=874"},"modified":"2024-07-06T15:41:03","modified_gmt":"2024-07-06T15:41:03","slug":"lovasterapia-2","status":"publish","type":"page","link":"https:\/\/smarted.smartonlineedu.com\/index.php\/termeszeti-gyogytenyezok\/lovasterapia-2\/","title":{"rendered":"Lovaster\u00e1pia"},"content":{"rendered":"\n<h2 class=\"wp-block-heading\">Lovaster\u00e1pia<\/h2>\n\n\n\n<div class=\"wp-block-cover alignfull is-light\" style=\"min-height:483px;aspect-ratio:unset;\"><span aria-hidden=\"true\" class=\"wp-block-cover__background has-nv-light-bg-background-color has-background-dim\"><\/span><img loading=\"lazy\" decoding=\"async\" width=\"450\" height=\"360\" class=\"wp-block-cover__image-background wp-image-186\" alt=\"\" src=\"https:\/\/smarted.smartonlineedu.com\/wp-content\/uploads\/2024\/05\/lovasterapia-borszek.jpeg\" data-object-fit=\"cover\" srcset=\"https:\/\/smarted.smartonlineedu.com\/wp-content\/uploads\/2024\/05\/lovasterapia-borszek.jpeg 450w, https:\/\/smarted.smartonlineedu.com\/wp-content\/uploads\/2024\/05\/lovasterapia-borszek-300x240.jpeg 300w\" sizes=\"auto, (max-width: 450px) 100vw, 450px\" \/><div class=\"wp-block-cover__inner-container is-layout-flow wp-block-cover-is-layout-flow\">\n<div class=\"wp-block-group\"><div class=\"wp-block-group__inner-container is-layout-flow wp-block-group-is-layout-flow\">\n<div class=\"wp-block-columns are-vertically-aligned-center is-layout-flex wp-container-core-columns-is-layout-9d6595d7 wp-block-columns-is-layout-flex\">\n<div class=\"wp-block-column is-vertically-aligned-center is-layout-flow wp-block-column-is-layout-flow\" style=\"flex-basis:50%\">\n<div class=\"wp-block-cover\" style=\"min-height:300px;aspect-ratio:unset;\"><span aria-hidden=\"true\" class=\"wp-block-cover__background has-background-dim\" style=\"background-color:#967138\"><\/span><img loading=\"lazy\" decoding=\"async\" width=\"450\" height=\"360\" class=\"wp-block-cover__image-background wp-image-186\" alt=\"\" src=\"https:\/\/smarted.smartonlineedu.com\/wp-content\/uploads\/2024\/05\/lovasterapia-borszek.jpeg\" data-object-fit=\"cover\" srcset=\"https:\/\/smarted.smartonlineedu.com\/wp-content\/uploads\/2024\/05\/lovasterapia-borszek.jpeg 450w, https:\/\/smarted.smartonlineedu.com\/wp-content\/uploads\/2024\/05\/lovasterapia-borszek-300x240.jpeg 300w\" sizes=\"auto, (max-width: 450px) 100vw, 450px\" \/><div class=\"wp-block-cover__inner-container is-layout-flow wp-block-cover-is-layout-flow\">\n<p class=\"has-text-align-center has-large-font-size\"><\/p>\n<\/div><\/div>\n<\/div>\n\n\n\n<div class=\"wp-block-column is-vertically-aligned-center is-layout-flow wp-block-column-is-layout-flow\" style=\"flex-basis:50%\">\n<ul class=\"wp-block-list\">\n<li>A lovaster\u00e1pia  egy \u00f6sszetett ter\u00e1pi\u00e1s m\u00f3dszer, amely a lovak \u00e9s emberek k\u00f6z\u00f6tti interakci\u00f3kra \u00e9p\u00edt. <\/li>\n\n\n\n<li>A hippoter\u00e1pia, gy\u00f3gypedag\u00f3giai lovagl\u00e1s, lovastorna \u00e9s lovas <strong><em>pszichoter\u00e1pia<\/em><\/strong> form\u00e1iban alkalmazhat\u00f3, mindegyik saj\u00e1t c\u00e9lkit\u0171z\u00e9sekkel.<\/li>\n\n\n\n<li> K\u00fcl\u00f6n\u00f6sen a lovas pszichoter\u00e1pia \u00e1ll a figyelem k\u00f6z\u00e9ppontj\u00e1ban, ahol a l\u00f3 koterapeuta szerep\u00e9t t\u00f6lti be.<\/li>\n\n\n\n<li> Ez a m\u00f3dszer gyorsan \u00e1tt\u00f6rheti a p\u00e1ciensek v\u00e9dekez\u00e9si mechanizmusait, t\u00e1mogatva a tanul\u00e1si \u00e9s gy\u00f3gyul\u00e1si folyamatokat. <\/li>\n\n\n\n<li>A ter\u00e1pi\u00e1s hat\u00e9konys\u00e1ghoz k\u00e9pzett pszichol\u00f3gusok, megfelel\u0151en k\u00e9pzett lovak \u00e9s biztons\u00e1gos k\u00f6rnyezet sz\u00fcks\u00e9ges.<\/li>\n<\/ul>\n<\/div>\n<\/div>\n<\/div><\/div>\n\n\n\n<div class=\"wp-block-columns is-layout-flex wp-container-core-columns-is-layout-9d6595d7 wp-block-columns-is-layout-flex\">\n<div class=\"wp-block-column is-layout-flow wp-block-column-is-layout-flow\">\n<p class=\"has-text-align-center\"><strong><em>  Forr\u00e1s: <a href=\"https:\/\/lovasudvar.ro\" target=\"_blank\" rel=\"noreferrer noopener\">lovasudvar.ro<\/a><\/em><\/strong><\/p>\n<\/div>\n\n\n\n<div class=\"wp-block-column is-layout-flow wp-block-column-is-layout-flow\"><\/div>\n<\/div>\n<\/div><\/div>\n\n\n\n<p><\/p>\n\n\n\n<ul class=\"wp-block-list\">\n<li>A lovaster\u00e1pia egy \u00f6sszetett gy\u00f3gy\u00edt\u00f3 \u00e9s fejleszt\u0151 m\u00f3dszertan, amely a lovakkal val\u00f3 interakci\u00f3ra \u00e9p\u00edt.<\/li>\n\n\n\n<li>N\u00e9gy f\u0151 \u00e1g\u00e1t k\u00fcl\u00f6nb\u00f6ztetj\u00fck meg: hippoter\u00e1pia, gy\u00f3gypedag\u00f3giai lovagl\u00e1s \u00e9s lovastorna, lovas pszichoter\u00e1pia, valamint a parasport. Minden \u00e1g speci\u00e1lis c\u00e9lkit\u0171z\u00e9sekkel rendelkezik \u00e9s k\u00fcl\u00f6nb\u00f6z\u0151 m\u00f3don haszn\u00e1lja fel a lovakkal val\u00f3 munk\u00e1t.<\/li>\n\n\n\n<li>A lovas pszichoter\u00e1pia kiemelt figyelmet kap a lovaster\u00e1pia \u00e1gaiban, ahol a l\u00f3, mint koterapeuta vesz r\u00e9szt a ter\u00e1pi\u00e1s folyamatban. Ennek sor\u00e1n a l\u00f3 seg\u00edts\u00e9g\u00e9vel gyorsabban \u00e1tt\u00f6rhet\u0151k a p\u00e1ciensek <em>v\u00e9dekez\u00e9si mechanizmus<\/em>ai, motiv\u00e1l\u00f3 tanul\u00e1si k\u00f6rnyezet teremthet\u0151, \u00e9s jav\u00edthat\u00f3 a <em>pszichi\u00e1triai betegek<\/em> \u00e1llapota. A ter\u00e1pia alkalmazhat\u00f3 <em>depresszi\u00f3s<\/em>, <em>szorong\u00e1sos zavarok<\/em>, <em>szem\u00e9lyis\u00e9g- \u00e9s viselked\u00e9szavarok<\/em>, valamint <em>szenved\u00e9lybetegek<\/em> kezel\u00e9s\u00e9ben is, kiv\u00e9ve az akut pszichotikus f\u00e1zisokat.<\/li>\n\n\n\n<li>A lovas pszichoter\u00e1pia sor\u00e1n a l\u00f3 \u00e9s a p\u00e1ciens kapcsolata, valamint a l\u00f3 \u00e1ltal t\u00fckr\u00f6z\u00f6tt \u00e9rzelmek \u00e9s reakci\u00f3k kiemelt jelent\u0151s\u00e9ggel b\u00edrnak. A ter\u00e1pia lehet\u0151v\u00e9 teszi a probl\u00e9m\u00e1k felt\u00e1r\u00e1s\u00e1t, az \u00e9lm\u00e9nyanyag k\u00fcl\u00f6nb\u00f6z\u0151 m\u00f3don t\u00f6rt\u00e9n\u0151 feldolgoz\u00e1s\u00e1t, \u00e9s a ter\u00e1pi\u00e1s v\u00e1ltoz\u00e1sok meger\u0151s\u00edt\u00e9s\u00e9t.<\/li>\n\n\n\n<li>A sikeress\u00e9ghez k\u00e9pzett pszichol\u00f3gus, ter\u00e1pi\u00e1s l\u00f3, \u00e9s biztons\u00e1gos k\u00f6rnyezet sz\u00fcks\u00e9ges.<\/li>\n\n\n\n<li>A l\u00f3 assziszt\u00e1lt pszichoter\u00e1pia el\u0151nyei k\u00f6z\u00f6tt szerepel az <em>\u00f6nbizalom n\u00f6vel\u00e9se<\/em>, <em>a harm\u00f3nia \u00e9s nyugalom<\/em> \u00e9rz\u00e9s\u00e9nek fokoz\u00e1sa, az <em>elfogad\u00e1s<\/em> meg\u00e9l\u00e9se, az <em>\u00e9rzelmek kontroll\u00e1l\u00e1sa<\/em>, az <em>asszertivit\u00e1s<\/em>, a <em>megk\u00fczd\u00e9s<\/em>, a <em>kontroll \u00e9rz\u00e9se<\/em>, az <em>optim\u00e1lis kock\u00e1zatv\u00e1llal\u00e1s<\/em>, a <em>figyelem \u00f6sszpontos\u00edt\u00e1sa<\/em>, a <em>t\u00fcrelem<\/em>, az <em>emp\u00e1tia<\/em>, a <em>felel\u0151ss\u00e9gv\u00e1llal\u00e1s<\/em>, a <em>k\u00fclvil\u00e1g ir\u00e1nti \u00e9rdekl\u0151d\u00e9s n\u00f6vel\u00e9se<\/em>, valamint az <em>\u00f6r\u00f6m<\/em> \u00e9s <em>hajt\u00f3er\u0151 biztos\u00edt\u00e1sa<\/em>. A lovaster\u00e1pia nem csak ter\u00e1pi\u00e1s, hanem \u00f6nismereti \u00e9s szem\u00e9lyis\u00e9gfejleszt\u0151 c\u00e9lokat is szolg\u00e1lhat, egy\u00e9ni vagy csoportos form\u00e1ban egyar\u00e1nt<\/li>\n<\/ul>\n\n\n\n<p>Hargita megy\u00e9ben lovaster\u00e1pia vehet\u0151 ig\u00e9nybe Gyergy\u00f3szentmikl\u00f3son, Borsz\u00e9ken \u00e9s Sz\u00e9kelyderzsben.<\/p>\n","protected":false},"excerpt":{"rendered":"<p>Lovaster\u00e1pia Hargita megy\u00e9ben lovaster\u00e1pia vehet\u0151 ig\u00e9nybe Gyergy\u00f3szentmikl\u00f3son, Borsz\u00e9ken \u00e9s Sz\u00e9kelyderzsben.<\/p>\n","protected":false},"author":1,"featured_media":0,"parent":8,"menu_order":0,"comment_status":"closed","ping_status":"closed","template":"","meta":{"_coblocks_attr":"","_coblocks_dimensions":"","_coblocks_responsive_height":"","_coblocks_accordion_ie_support":"","_eb_attr":"","_uag_custom_page_level_css":"","advgb_blocks_editor_width":"","advgb_blocks_columns_visual_guide":"","neve_meta_sidebar":"","neve_meta_container":"","neve_meta_enable_content_width":"on","neve_meta_content_width":100,"neve_meta_title_alignment":"","neve_meta_author_avatar":"","neve_post_elements_order":"","neve_meta_disable_header":"","neve_meta_disable_footer":"","neve_meta_disable_title":"on","_themeisle_gutenberg_block_has_review":false,"footnotes":""},"class_list":["post-874","page","type-page","status-publish","hentry"],"uagb_featured_image_src":{"full":false,"thumbnail":false,"medium":false,"medium_large":false,"large":false,"1536x1536":false,"2048x2048":false,"neve-blog":false},"uagb_author_info":{"display_name":"admin","author_link":"https:\/\/smarted.smartonlineedu.com\/index.php\/author\/admin_8iq54gse\/"},"uagb_comment_info":0,"uagb_excerpt":"Lovaster\u00e1pia Hargita megy\u00e9ben lovaster\u00e1pia vehet\u0151 ig\u00e9nybe Gyergy\u00f3szentmikl\u00f3son, Borsz\u00e9ken \u00e9s Sz\u00e9kelyderzsben.","coauthors":[],"author_meta":{"author_link":"https:\/\/smarted.smartonlineedu.com\/index.php\/author\/admin_8iq54gse\/","display_name":"admin"},"relative_dates":{"created":"Posted 2 \u00e9v ago","modified":"Updated 2 \u00e9v ago"},"absolute_dates":{"created":"Posted on j\u00falius 6, 2024","modified":"Updated on j\u00falius 6, 2024"},"absolute_dates_time":{"created":"Posted on j\u00falius 6, 2024 2:32 du.","modified":"Updated on j\u00falius 6, 2024 3:41 du."},"featured_img_caption":"","featured_img":false,"series_order":"","_links":{"self":[{"href":"https:\/\/smarted.smartonlineedu.com\/index.php\/wp-json\/wp\/v2\/pages\/874","targetHints":{"allow":["GET"]}}],"collection":[{"href":"https:\/\/smarted.smartonlineedu.com\/index.php\/wp-json\/wp\/v2\/pages"}],"about":[{"href":"https:\/\/smarted.smartonlineedu.com\/index.php\/wp-json\/wp\/v2\/types\/page"}],"author":[{"embeddable":true,"href":"https:\/\/smarted.smartonlineedu.com\/index.php\/wp-json\/wp\/v2\/users\/1"}],"replies":[{"embeddable":true,"href":"https:\/\/smarted.smartonlineedu.com\/index.php\/wp-json\/wp\/v2\/comments?post=874"}],"version-history":[{"count":2,"href":"https:\/\/smarted.smartonlineedu.com\/index.php\/wp-json\/wp\/v2\/pages\/874\/revisions"}],"predecessor-version":[{"id":949,"href":"https:\/\/smarted.smartonlineedu.com\/index.php\/wp-json\/wp\/v2\/pages\/874\/revisions\/949"}],"up":[{"embeddable":true,"href":"https:\/\/smarted.smartonlineedu.com\/index.php\/wp-json\/wp\/v2\/pages\/8"}],"wp:attachment":[{"href":"https:\/\/smarted.smartonlineedu.com\/index.php\/wp-json\/wp\/v2\/media?parent=874"}],"curies":[{"name":"wp","href":"https:\/\/api.w.org\/{rel}","templated":true}]}}