{"id":871,"date":"2024-07-06T14:28:52","date_gmt":"2024-07-06T14:28:52","guid":{"rendered":"https:\/\/solutions-hr.com\/?page_id=871"},"modified":"2024-07-06T14:28:53","modified_gmt":"2024-07-06T14:28:53","slug":"climaterapie","status":"publish","type":"page","link":"https:\/\/smarted.smartonlineedu.com\/index.php\/remedii-naturale\/climaterapie\/","title":{"rendered":"Climaterapie"},"content":{"rendered":"\n<h2 class=\"wp-block-heading\">Kl\u00edmater\u00e1pia<\/h2>\n\n\n\n<div class=\"wp-block-cover alignfull is-light\" style=\"min-height:600px;aspect-ratio:unset;\"><span aria-hidden=\"true\" class=\"wp-block-cover__background has-nv-light-bg-background-color has-background-dim\"><\/span><img loading=\"lazy\" decoding=\"async\" width=\"300\" height=\"168\" class=\"wp-block-cover__image-background wp-image-99\" alt=\"\" src=\"https:\/\/smarted.smartonlineedu.com\/wp-content\/uploads\/2024\/04\/zold-sarga.jpg\" data-object-fit=\"cover\"\/><div class=\"wp-block-cover__inner-container is-layout-flow wp-block-cover-is-layout-flow\">\n<div class=\"wp-block-group\"><div class=\"wp-block-group__inner-container is-layout-flow wp-block-group-is-layout-flow\">\n<div class=\"wp-block-columns are-vertically-aligned-center is-layout-flex wp-container-core-columns-is-layout-9d6595d7 wp-block-columns-is-layout-flex\">\n<div class=\"wp-block-column is-vertically-aligned-center is-layout-flow wp-block-column-is-layout-flow\" style=\"flex-basis:50%\">\n<div class=\"wp-block-cover is-light\"><span aria-hidden=\"true\" class=\"wp-block-cover__background has-background-dim\" style=\"background-color:#80857f\"><\/span><img loading=\"lazy\" decoding=\"async\" width=\"2560\" height=\"1920\" class=\"wp-block-cover__image-background wp-image-63\" alt=\"\" src=\"https:\/\/smarted.smartonlineedu.com\/wp-content\/uploads\/2024\/04\/madarasi-sipalya-scaled.jpg\" data-object-fit=\"cover\" srcset=\"https:\/\/smarted.smartonlineedu.com\/wp-content\/uploads\/2024\/04\/madarasi-sipalya-scaled.jpg 2560w, https:\/\/smarted.smartonlineedu.com\/wp-content\/uploads\/2024\/04\/madarasi-sipalya-300x225.jpg 300w, https:\/\/smarted.smartonlineedu.com\/wp-content\/uploads\/2024\/04\/madarasi-sipalya-1024x768.jpg 1024w, https:\/\/smarted.smartonlineedu.com\/wp-content\/uploads\/2024\/04\/madarasi-sipalya-768x576.jpg 768w, https:\/\/smarted.smartonlineedu.com\/wp-content\/uploads\/2024\/04\/madarasi-sipalya-1536x1152.jpg 1536w, https:\/\/smarted.smartonlineedu.com\/wp-content\/uploads\/2024\/04\/madarasi-sipalya-2048x1536.jpg 2048w\" sizes=\"auto, (max-width: 2560px) 100vw, 2560px\" \/><div class=\"wp-block-cover__inner-container is-layout-flow wp-block-cover-is-layout-flow\">\n<p class=\"has-text-align-center has-large-font-size\"><\/p>\n<\/div><\/div>\n<\/div>\n\n\n\n<div class=\"wp-block-column is-vertically-aligned-center is-layout-flow wp-block-column-is-layout-flow\" style=\"flex-basis:50%\">\n<ul class=\"wp-block-list\">\n<li>Fedezd fel Hargita megye p\u00e1ratlan kl\u00edm\u00e1j\u00e1t \u00e9s <strong>eg\u00e9szs\u00e9gmeg\u0151rz\u0151 <\/strong>erej\u00e9t, egyed\u00fcl\u00e1ll\u00f3 kl\u00edmaviszonyait, a magas hegyl\u00e1ncok \u00e9s m\u00e9ly medenc\u00e9k mikrokl\u00edm\u00e1j\u00e1t, melyek kedvez\u0151 hat\u00e1ssal vannak az eg\u00e9szs\u00e9gre \u00e9s <strong>vitalit\u00e1sra<\/strong>! <\/li>\n\n\n\n<li>Vedd fel a harcot a <strong>v\u00e9rkering\u00e9si probl\u00e9m\u00e1kkal<\/strong> \u00e9s az <strong>immunrendszer gyenges\u00e9g\u00e9vel<\/strong>, \u00e9s mer\u00fclj el egy olyan vil\u00e1gban, ahol a term\u00e9szet gy\u00f3gy\u00edt\u00f3 ereje otthonra lel. <\/li>\n\n\n\n<li>Legyen Hargita megye a te <strong>\u00e9letenergi\u00e1d forr\u00e1sa<\/strong>!<\/li>\n<\/ul>\n<\/div>\n<\/div>\n<\/div><\/div>\n<\/div><\/div>\n\n\n\n<ul class=\"wp-block-list\">\n<li>A hum\u00e1n bioklimatol\u00f3gia az \u00e9ghajlatnak, de ugyanakkor l\u00e9gynyom\u00e1snak, a h\u0151m\u00e9rs\u00e9kletnek, a p\u00e1ratartalomnak, napsug\u00e1rz\u00e1snak stb., az emberi szervezetre gyakorolt hat\u00e1s\u00e1t vizsg\u00e1lja.<\/li>\n\n\n\n<li>P\u00e9ld\u00e1ul az 1000 m\u00e9ter magass\u00e1gi terjed\u0151-hegys\u00e9gek biokl\u00edm\u00e1ja &#8211; \u00fagy az eg\u00e9szs\u00e9ges mind a beteg emberi szervezetre &#8211; egy harmonikus hat\u00e1st gyakorol, azonban, ezen magass\u00e1g felett, eg\u00e9szen 2000 m-ig egy ter\u00e1pi\u00e1s terhel\u0151 hat\u00e1sr\u00f3l besz\u00e9lhet\u00fcnk, az-az a l\u00e9gnyom\u00e1s \u00e9s az oxig\u00e9n telitetts\u00e9g cs\u00f6kken\u00e9se a <em>v\u00e9roxig\u00e9nszint megtart\u00e1s\u00e1t<\/em>, a szervezet funkci\u00f3inak felgyorsul\u00e1s\u00e1t (l\u00e9gz\u0151, kering\u00e9si, endokrin, hematol\u00f3giai stb.) id\u00e9zi el\u0151. Mindez kedvez\u0151 a hat\u00e1st fejthet ki a <em>v\u00e9rg\u00e1z csere<\/em> a <em>v\u00f6r\u00f6sv\u00e9rsejtsz\u00e1mok n\u00f6veked\u00e9se<\/em>, a <em>sejtszint\u0171 anyagcsere aktiv\u00e1l\u00e1sa<\/em> tekintet\u00e9ben. A termolabilit\u00e1sban szenved\u0151 betegek sz\u00e1m\u00e1ra az 1000-2000 m k\u00f6z\u00f6tti magass\u00e1gokon a hegyvid\u00e9ki aeroter\u00e1pia <em>h\u0151csillap\u00edt\u00f3<\/em> hat\u00e1s\u00fa. A hideg \u00e9s sz\u00e1raz leveg\u0151 direkt m\u00f3don hat a l\u00e9g utakra, kedvez\u0151 hat\u00e1st gyakorolva a <em>kr\u00f3nikus bronchitis<\/em>ben szenved\u0151 betegek hiperszekr\u00e9ci\u00f3j\u00e1ra. T\u00e9len a hegyekben a glob\u00e1lis napsug\u00e1rz\u00e1s kedvez\u0151en hat a <em>pajzsmirigy anyagcser\u00e9<\/em>j\u00e9re, jav\u00edtja az <em>immunol\u00f3giai kapacit\u00e1s<\/em>t.<\/li>\n\n\n\n<li>A medenc\u00e9kre jellemz\u0151 mened\u00e9khelyi kl\u00edma, ahol a h\u0151cirkul\u00e1ci\u00f3 m\u00e9rs\u00e9keltebb, termikusan homog\u00e9nebb, ami <em>pihentet\u0151<\/em> \u00e9s <em>\u00e9l\u00e9nk\u00edt\u0151<\/em> hat\u00e1s\u00fa, amely megy\u00e9nkben f\u0151k\u00e9nt a borsz\u00e9ki medenc\u00e9ben figyelhet\u0151 meg.<\/li>\n\n\n\n<li>Ugyanakkor az 1000 m magass\u00e1got meghalad\u00f3 t\u00e9rs\u00e9gek eset\u00e9ben elmondhatjuk, hogy szennyez\u0151 anyagokt\u00f3l mentesek \u00e9s kedvez\u0151 hat\u00e1st gyakorolnak a <em>v\u00e9rszeg\u00e9nys\u00e9g<\/em>, a <em>neurovegetat\u00edv<\/em>, a <em>pajzsmirigyt\u00falteng\u00e9s<\/em>ben szenved\u0151 betegek eset\u00e9ben. (Pompei Cocean, 2010). <\/li>\n\n\n\n<li>A fent le\u00edrt magass\u00e1gok sz\u00e9ls\u0151s\u00e9ges v\u00e1ltozatokban megtal\u00e1lhat\u00f3k Hargita megy\u00e9ben. A megy\u00e9t alkot\u00f3 hegyl\u00e1ncok a k\u00f6vetkez\u0151k: Kelemen \u2013 G\u00f6rg\u00e9ny \u2013 Hargita vulkanikus hegyl\u00e1nc, Besztercei -, Gyergy\u00f3i-, Cs\u00edki havasok, a Hagym\u00e1s -,\u00e9s Nemere hegys\u00e9gek, amelyek mindegyike 1000m feletti hegycs\u00facsokat tartalmaz. (Pompei C., Adrian N., Dombay I., 2013)<\/li>\n\n\n\n<li>\u00c9ghajlata hegyvid\u00e9ki \u00e9s m\u00e9rs\u00e9kelt kontinent\u00e1lis, valamint a cs\u00edki \u00e9s gyergy\u00f3i medenc\u00e9kr\u0151l elmondhat\u00f3, hogy egy specifikus kl\u00edma jellemezi, amelyet az \u00e9jszakai \u00e9s t\u00e9li h\u0151inverzi\u00f3k nagy gyakoris\u00e1ga \u00e9s hossz\u00fa fenn\u00e1ll\u00e1sa okoz \u00e9s \u00edgy a 2 medence, \u00fagy t\u00e9len, mind ny\u00e1ron, az orsz\u00e1g leghidegebb r\u00e9gi\u00f3i k\u00f6z\u00e9 tartozik, egy \u201ehideg t\u00f3\u201d jelleget k\u00e9pezve. &nbsp;(Pompei C., Adrian N., Dombay I., 2013). <\/li>\n\n\n\n<li>\u00c9s mindenk\u00e9ppen eml\u00edt\u00e9sre m\u00e9lt\u00f3 a helyi jellegzetess\u00e9g\u0171 kl\u00edma diverzit\u00e1s is, amelyek a f\u00f6ldalatti k\u00e9pz\u0151dm\u00e9nyek \u2013 b\u00e1nya (Parajd) \u00e9s barlangok (Vargyas-szoros, S\u00fag\u00f3 barlang stb.) \u2013 nyilv\u00e1nulnak meg. (Pompei C., Adrian N., Dombay I., 2013)<\/li>\n<\/ul>\n","protected":false},"excerpt":{"rendered":"<p>Kl\u00edmater\u00e1pia<\/p>\n","protected":false},"author":1,"featured_media":0,"parent":901,"menu_order":0,"comment_status":"closed","ping_status":"closed","template":"","meta":{"_coblocks_attr":"","_coblocks_dimensions":"","_coblocks_responsive_height":"","_coblocks_accordion_ie_support":"","_eb_attr":"","_uag_custom_page_level_css":"","advgb_blocks_editor_width":"","advgb_blocks_columns_visual_guide":"","neve_meta_sidebar":"","neve_meta_container":"","neve_meta_enable_content_width":"on","neve_meta_content_width":100,"neve_meta_title_alignment":"","neve_meta_author_avatar":"","neve_post_elements_order":"","neve_meta_disable_header":"","neve_meta_disable_footer":"","neve_meta_disable_title":"on","_themeisle_gutenberg_block_has_review":false,"footnotes":""},"class_list":["post-871","page","type-page","status-publish","hentry"],"uagb_featured_image_src":{"full":false,"thumbnail":false,"medium":false,"medium_large":false,"large":false,"1536x1536":false,"2048x2048":false,"neve-blog":false},"uagb_author_info":{"display_name":"admin","author_link":"https:\/\/smarted.smartonlineedu.com\/index.php\/author\/admin_8iq54gse\/"},"uagb_comment_info":0,"uagb_excerpt":"Kl\u00edmater\u00e1pia","coauthors":[],"author_meta":{"author_link":"https:\/\/smarted.smartonlineedu.com\/index.php\/author\/admin_8iq54gse\/","display_name":"admin"},"relative_dates":{"created":"Posted 2 \u00e9v ago","modified":"Updated 2 \u00e9v ago"},"absolute_dates":{"created":"Posted on j\u00falius 6, 2024","modified":"Updated on j\u00falius 6, 2024"},"absolute_dates_time":{"created":"Posted on j\u00falius 6, 2024 2:28 du.","modified":"Updated on j\u00falius 6, 2024 2:28 du."},"featured_img_caption":"","featured_img":false,"series_order":"","_links":{"self":[{"href":"https:\/\/smarted.smartonlineedu.com\/index.php\/wp-json\/wp\/v2\/pages\/871","targetHints":{"allow":["GET"]}}],"collection":[{"href":"https:\/\/smarted.smartonlineedu.com\/index.php\/wp-json\/wp\/v2\/pages"}],"about":[{"href":"https:\/\/smarted.smartonlineedu.com\/index.php\/wp-json\/wp\/v2\/types\/page"}],"author":[{"embeddable":true,"href":"https:\/\/smarted.smartonlineedu.com\/index.php\/wp-json\/wp\/v2\/users\/1"}],"replies":[{"embeddable":true,"href":"https:\/\/smarted.smartonlineedu.com\/index.php\/wp-json\/wp\/v2\/comments?post=871"}],"version-history":[{"count":2,"href":"https:\/\/smarted.smartonlineedu.com\/index.php\/wp-json\/wp\/v2\/pages\/871\/revisions"}],"predecessor-version":[{"id":873,"href":"https:\/\/smarted.smartonlineedu.com\/index.php\/wp-json\/wp\/v2\/pages\/871\/revisions\/873"}],"up":[{"embeddable":true,"href":"https:\/\/smarted.smartonlineedu.com\/index.php\/wp-json\/wp\/v2\/pages\/901"}],"wp:attachment":[{"href":"https:\/\/smarted.smartonlineedu.com\/index.php\/wp-json\/wp\/v2\/media?parent=871"}],"curies":[{"name":"wp","href":"https:\/\/api.w.org\/{rel}","templated":true}]}}