{"id":865,"date":"2024-07-06T14:23:35","date_gmt":"2024-07-06T14:23:35","guid":{"rendered":"https:\/\/solutions-hr.com\/?page_id=865"},"modified":"2024-07-06T14:23:37","modified_gmt":"2024-07-06T14:23:37","slug":"fontana-spa","status":"publish","type":"page","link":"https:\/\/smarted.smartonlineedu.com\/index.php\/borsec\/fontana-spa\/","title":{"rendered":"Fontana SPA"},"content":{"rendered":"\n<h2 class=\"wp-block-heading\" id=\"borszek-7b450d37-407a-43ee-be1a-89bf196535c4\">Borsz\u00e9k-Fontana SPA<\/h2>\n\n\n\n<div class=\"wp-block-cover alignfull\" style=\"min-height:700px;aspect-ratio:unset;\"><span aria-hidden=\"true\" class=\"wp-block-cover__background has-background-dim-0 has-background-dim\" style=\"background-color:#b0bbbe\"><\/span><img loading=\"lazy\" decoding=\"async\" width=\"645\" height=\"363\" class=\"wp-block-cover__image-background wp-image-271\" alt=\"\" src=\"https:\/\/smarted.smartonlineedu.com\/wp-content\/uploads\/2024\/05\/borszek5.jpg\" data-object-fit=\"cover\" srcset=\"https:\/\/smarted.smartonlineedu.com\/wp-content\/uploads\/2024\/05\/borszek5.jpg 645w, https:\/\/smarted.smartonlineedu.com\/wp-content\/uploads\/2024\/05\/borszek5-300x169.jpg 300w\" sizes=\"auto, (max-width: 645px) 100vw, 645px\" \/><div class=\"wp-block-cover__inner-container is-layout-flow wp-block-cover-is-layout-flow\">\n<div style=\"height:80px\" aria-hidden=\"true\" class=\"wp-block-spacer\"><\/div>\n\n\n\n<p class=\"has-text-align-center has-text-color\" style=\"color:#121212;font-size:17px\"><\/p>\n\n\n\n<div style=\"height:80px\" aria-hidden=\"true\" class=\"wp-block-spacer\"><\/div>\n\n\n\n<div style=\"height:80px\" aria-hidden=\"true\" class=\"wp-block-spacer\"><\/div>\n\n\n\n<p><\/p>\n<\/div><\/div>\n\n\n\n<div style=\"height:100px\" aria-hidden=\"true\" class=\"wp-block-spacer\"><\/div>\n\n\n\n<p class=\"has-text-align-center\"><\/p>\n\n\n\n<p class=\"has-text-align-center\">A v\u00e1rosvezet\u0151s\u00e9ge 2009-ben megp\u00e1ly\u00e1zta a kezel\u0151k\u00f6zpont meg\u00e9p\u00edt\u00e9s\u00e9t. Egy t\u00f6bb mint 9 milli\u00f3 eur\u00f3s beruh\u00e1z\u00e1s megval\u00f3s\u00edt\u00e1s\u00e1val, amely a Borsz\u00e9k v\u00e1ros, a megyei \u00d6nkorm\u00e1nyzat \u00e9s k\u00f6lcs\u00f6n\u00f6k \u00f6sszess\u00e9g\u00e9b\u0151l \u00e1ll, meg\u00e9p\u00fclt a Fontana wellness \u00e9s kezel\u0151k\u00f6zpont. T\u00e9len 700 f\u0151s, ny\u00e1ron a kinti medenc\u00e9kkel egy\u00fctt t\u00f6bb mint 1000 f\u0151s kapacit\u00e1ssal rendelkezik.<\/p>\n\n\n\n<p class=\"has-text-align-center\">2022 december 15-\u00e9n lett hivatalosan megnyitva a Fontana Kezel\u0151 \u00e9s Wellness K\u00f6zpont, amely Borsz\u00e9k v\u00e1ros t\u00f6rt\u00e9nelm\u00e9ben egy fontos esem\u00e9nyt jelent. A kezel\u0151k\u00f6zpont bel- \u00e9s k\u00fclt\u00e9ri medenc\u00e9kkel, fitneszteremmel van ell\u00e1tva.<\/p>\n\n\n\n<p class=\"has-text-align-center\">Hamarosan ig\u00e9nybe vehet\u0151 a szakr\u00e1lis f\u00fcrd\u0151, amely elm\u00e9lked\u00e9sre \u00e9s medit\u00e1ci\u00f3ra \u00f6szt\u00f6n\u00f6zve hozz\u00e1j\u00e1rul az energi\u00e1val val\u00f3 felt\u00f6lt\u0151d\u00e9shez \u00e9s az \u00d3-s\u00e1ros f\u00fcrd\u0151, amely a XIX sz. szerinti \u00e9p\u00edt\u00e9szet alapj\u00e1n lett meg\u00e9p\u00edtve \u00e9s k\u00fclt\u00e9ri medenc\u00e9vel meleg \u00e9s hidegvizes \u00e1sv\u00e1nyv\u00edzmedenc\u00e9kkel, szaun\u00e1val, s\u00f3szob\u00e1val, massz\u00e1zzsal rendelkezik. Jelen pillanatban <strong><em>orvosi fel\u00fcgyelet mellett <\/em><\/strong>megval\u00f3sul\u00f3 gy\u00f3gykezel\u00e9seket, massz\u00e1zsokat, sz\u00e9ps\u00e9gter\u00e1pi\u00e1kat ny\u00fajt a l\u00e1togat\u00f3k sz\u00e1m\u00e1ra<\/p>\n\n\n\n<hr class=\"wp-block-separator has-alpha-channel-opacity\"\/>\n\n\n\n<h2 class=\"wp-block-heading has-text-align-center\">Kezel\u00e9s t\u00edpusok -Javallatok &#8211; Ellenjavallatok<\/h2>\n\n\n\n<hr class=\"wp-block-separator has-alpha-channel-opacity\"\/>\n\n\n\n<div class=\"wp-block-advgb-container advgb-blocks-container\"><\/div>\n\n\n\n<div class=\"wp-block-coblocks-accordion\">\n<div class=\"wp-block-coblocks-accordion-item\"><details><summary class=\"wp-block-coblocks-accordion-item__title\"><strong>Hidroter\u00e1pia<\/strong><\/summary><div class=\"wp-block-coblocks-accordion-item__content\">\n<p><\/p>\n\n\n\n<div class=\"wp-block-getwid-tabs\" data-active-tab=\"0\"><ul class=\"wp-block-getwid-tabs__nav-links\"><\/ul>\n<div class=\"wp-block-getwid-tabs__nav-link\"><span class=\"wp-block-getwid-tabs__title-wrapper\"><a href=\"#\"><span class=\"wp-block-getwid-tabs__title\"><strong><mark style=\"background-color:rgba(0, 0, 0, 0)\" class=\"has-inline-color has-nv-c-1-color\">Javallatok<\/mark><\/strong><\/span><\/a><\/span><\/div><div class=\"wp-block-getwid-tabs__tab-content-wrapper\"><div class=\"wp-block-getwid-tabs__tab-content\">\n<figure class=\"wp-block-table\"><table class=\"has-fixed-layout\"><tbody><tr><td>Periartikul\u00e1ris f\u00e1jdalom, <br>izom-\u00edn f\u00e1jdalom, <br>h\u00faz\u00f3d\u00e1sok, <br>izom hipert\u00f3nia, <br>\u00f6d\u00e9ma, <br>algoneurodystrophia, <br>degenerat\u00edv reumatikus panaszok: nagy\u00edz\u00fcletek arthrosisagyullad\u00e1sos panaszok &#8211; rohamok kiv\u00e9tel\u00e9vel<br>porckorong-csigolya-h\u00e1tf\u00e1jdalom, <br>\u00fcl\u0151ideg-gyullad\u00e1s,<br>k\u00fcl\u00f6nb\u00f6z\u0151 poszttraum\u00e1s k\u00f6vetkezm\u00e9nyek, <br>neurol\u00f3giai panaszok <br>perif\u00e9ri\u00e1s t\u00edpus\u00fa &#8211; poliomyelitis, polyradiculoneuritis, mono- vagy polyneuritis; <br>centr\u00e1lis t\u00edpus\u00fa &#8211; gerincvel\u0151 s\u00e9r\u00fcl\u00e9sek: parapl\u00e9gia, tetrapl\u00e9gia \u00e9s agyi \u00e9s kisagyi &#8211; fejs\u00e9r\u00fcl\u00e9s, <br>hemipl\u00e9gia, <br>szkler\u00f3zis multiplex &#8211; a rohamokon k\u00edv\u00fcl myopathi\u00e1k stb. &nbsp;<\/td><\/tr><\/tbody><\/table><\/figure>\n<\/div><\/div>\n\n\n\n<div class=\"wp-block-getwid-tabs__nav-link\"><span class=\"wp-block-getwid-tabs__title-wrapper\"><a href=\"#\"><span class=\"wp-block-getwid-tabs__title\"><strong>Ellenjavallatok<\/strong><\/span><\/a><\/span><\/div><div class=\"wp-block-getwid-tabs__tab-content-wrapper\"><div class=\"wp-block-getwid-tabs__tab-content\">\n<figure class=\"wp-block-table\"><table class=\"has-fixed-layout\"><tbody><tr><td>gyullad\u00e1sos reum\u00e1s rohamok,<br>fert\u0151z\u0151-k\u00f3ros betegs\u00e9gek,<br>\u00edz\u00fcleti gyullad\u00e1sos dekompenz\u00e1ci\u00f3k,<br>l\u00e1zas \u00e1llapotok,<br>tromboflebitisz,<br>tuberkul\u00f3zis,<br>ment\u00e1lis betegs\u00e9gek,<br>involutiesenila-szindr\u00f3ma,<br>b\u0151rbetegs\u00e9gek: ekc\u00e9ma, mycosis, viszket\u00e9s, pikkelys\u00f6m\u00f6r, b\u0151rr\u00e1k,<br>nemi betegs\u00e9gek,<br>3 h\u00f3napon t\u00fali norm\u00e1l terhess\u00e9g,<br>sz\u00edv- \u00e9s \u00e9rrendszeri \u00e9s l\u00e9gz\u0151szervi megbeteged\u00e9seket s\u00falyosb\u00edt\u00f3 egyidej\u0171 \u00e1llapotok,<br>instabil art\u00e9ri\u00e1s magas v\u00e9rnyom\u00e1s,<br>sz\u00edv- \u00e9s \u00e9rrendszeri betegs\u00e9gek,<br>billenty\u0171betegs\u00e9gek;<\/td><\/tr><\/tbody><\/table><\/figure>\n<\/div><\/div>\n\n\n\n<div class=\"wp-block-getwid-tabs__nav-link\"><span class=\"wp-block-getwid-tabs__title-wrapper\"><a href=\"#\"><span class=\"wp-block-getwid-tabs__title\"><strong><mark style=\"background-color:rgba(0, 0, 0, 0)\" class=\"has-inline-color has-nv-dark-bg-color\">Kezel\u00e9si form\u00e1k<\/mark><\/strong><\/span><\/a><\/span><\/div><div class=\"wp-block-getwid-tabs__tab-content-wrapper\"><div class=\"wp-block-getwid-tabs__tab-content\">\n<figure class=\"wp-block-table\"><table class=\"has-fixed-layout\"><tbody><tr><td>Szubakv\u00e1lis zuhany<br>Galv\u00e1nf\u00fcrd\u0151<\/td><\/tr><\/tbody><\/table><\/figure>\n<\/div><\/div>\n<\/div>\n<\/div><\/details><\/div>\n\n\n\n<div class=\"wp-block-coblocks-accordion-item\"><details><summary class=\"wp-block-coblocks-accordion-item__title\"><strong><strong>Iszapos kezel\u00e9s \u2013 peloidoter\u00e1pia \u2013 h\u0151ter\u00e1pia<\/strong><\/strong><\/summary><div class=\"wp-block-coblocks-accordion-item__content\">\n<p><\/p>\n\n\n\n<div class=\"wp-block-getwid-tabs\" data-active-tab=\"0\"><ul class=\"wp-block-getwid-tabs__nav-links\"><\/ul>\n<div class=\"wp-block-getwid-tabs__nav-link\"><span class=\"wp-block-getwid-tabs__title-wrapper\"><a href=\"#\"><span class=\"wp-block-getwid-tabs__title\"><mark style=\"background-color:rgba(0, 0, 0, 0)\" class=\"has-inline-color has-nv-c-1-color\"><strong>Javallatok<\/strong><\/mark><\/span><\/a><\/span><\/div><div class=\"wp-block-getwid-tabs__tab-content-wrapper\"><div class=\"wp-block-getwid-tabs__tab-content\">\n<figure class=\"wp-block-table\"><table class=\"has-fixed-layout\"><tbody><tr><td>F\u00e1jdalomcsillap\u00edt\u00e1s, <br>B\u0151rgy\u00f3gy\u00edt\u00e1s, <br>Gyullad\u00e1scs\u00f6kkent\u0151, <br>B\u0151rsz\u00e9p\u00edt\u00e9s, <br>V\u00e9rkering\u00e9sjav\u00edt\u00f3, <br>Perif\u00e9ri\u00e1s \u00c9rt\u00e1g\u00edt\u00f3 hat\u00e1s<\/td><\/tr><\/tbody><\/table><\/figure>\n<\/div><\/div>\n\n\n\n<div class=\"wp-block-getwid-tabs__nav-link\"><span class=\"wp-block-getwid-tabs__title-wrapper\"><a href=\"#\"><span class=\"wp-block-getwid-tabs__title\"><strong>Ellenjavallatok<\/strong><\/span><\/a><\/span><\/div><div class=\"wp-block-getwid-tabs__tab-content-wrapper\"><div class=\"wp-block-getwid-tabs__tab-content\">\n<figure class=\"wp-block-table\"><table class=\"has-fixed-layout\"><tbody><tr><td>Iszapos kezel\u00e9sek<br>Iszapf\u00fcrd\u0151k<br>Meleg iszappakol\u00e1sok<br>Hideg iszappakol\u00e1sok<\/td><\/tr><\/tbody><\/table><\/figure>\n<\/div><\/div>\n\n\n\n<div class=\"wp-block-getwid-tabs__nav-link\"><span class=\"wp-block-getwid-tabs__title-wrapper\"><a href=\"#\"><span class=\"wp-block-getwid-tabs__title\"><mark style=\"background-color:rgba(0, 0, 0, 0)\" class=\"has-inline-color has-nv-dark-bg-color\"><strong>Kezel\u00e9si form\u00e1k<\/strong><\/mark><\/span><\/a><\/span><\/div><div class=\"wp-block-getwid-tabs__tab-content-wrapper\"><div class=\"wp-block-getwid-tabs__tab-content\">\n<figure class=\"wp-block-table\"><table class=\"has-fixed-layout\"><tbody><tr><td>Szubakv\u00e1lis zuhany<br>Galv\u00e1nf\u00fcrd\u0151<\/td><\/tr><\/tbody><\/table><\/figure>\n<\/div><\/div>\n<\/div>\n<\/div><\/details><\/div>\n\n\n\n<div class=\"wp-block-coblocks-accordion-item\"><details><summary class=\"wp-block-coblocks-accordion-item__title\"><strong><strong>Parafinkezel\u00e9s<\/strong><\/strong><\/summary><div class=\"wp-block-coblocks-accordion-item__content\">\n<p><\/p>\n\n\n\n<div class=\"wp-block-getwid-tabs\" data-active-tab=\"0\"><ul class=\"wp-block-getwid-tabs__nav-links\"><\/ul>\n<div class=\"wp-block-getwid-tabs__nav-link\"><span class=\"wp-block-getwid-tabs__title-wrapper\"><a href=\"#\"><span class=\"wp-block-getwid-tabs__title\"><mark style=\"background-color:rgba(0, 0, 0, 0)\" class=\"has-inline-color has-nv-c-1-color\"><strong>Javallatok<\/strong><\/mark><\/span><\/a><\/span><\/div><div class=\"wp-block-getwid-tabs__tab-content-wrapper\"><div class=\"wp-block-getwid-tabs__tab-content\">\n<figure class=\"wp-block-table\"><table class=\"has-fixed-layout\"><tbody><tr><td>Degenerat\u00edv \u00e9s gyullad\u00e1sos reum\u00e1s betegs\u00e9gek;<br>Szindr\u00f3m\u00e1s;<br>Perif\u00e9ri\u00e1s idegrendszeri rendelleness\u00e9gek;<br>Hi\u00e1nyos perif\u00e9ri\u00e1s kering\u00e9s (hideg k\u00e9z \u00e9s l\u00e1b szindr\u00f3ma);<br>Mozg\u00e9konys\u00e1g helyre\u00e1ll\u00edt\u00e1sa;<br>Izomg\u00f6rcs \u00e9s izomh\u00faz\u00f3d\u00e1s;<br>Fesz\u00fclts\u00e9gi izomf\u00e1jdalom;<br>V\u00e9rb\u0151s\u00e9g k\u00e9pz\u0151d\u00e9s;<br>Anyagcsere folyamatok felgyors\u00edt\u00e1sa;<br>V\u00e9r\u00f6mleny felsz\u00edv\u00f3d\u00e1sa;<br>Bursitis, \u00ednh\u00fcvelygyullad\u00e1s;<br>K\u00f6t\u0151sz\u00f6vet-gyullad\u00e1s,<br>Fibromyalgia;<br>Reflex \u00e1ltali \u00e9rt\u00e1gulat kiv\u00e1lt\u00e1sa; stb.<\/td><\/tr><\/tbody><\/table><\/figure>\n<\/div><\/div>\n\n\n\n<div class=\"wp-block-getwid-tabs__nav-link\"><span class=\"wp-block-getwid-tabs__title-wrapper\"><a href=\"#\"><span class=\"wp-block-getwid-tabs__title\"><strong>Ellenjavallato<\/strong>k<\/span><\/a><\/span><\/div><div class=\"wp-block-getwid-tabs__tab-content-wrapper\"><div class=\"wp-block-getwid-tabs__tab-content\">\n<figure class=\"wp-block-table\"><table class=\"has-fixed-layout\"><tbody><tr><td>Akut gyullad\u00e1sok;<br>Sz\u00edv- \u00e9s l\u00e9gz\u00e9si el\u00e9gtelens\u00e9g;<br>Magas v\u00e9rnyom\u00e1s;<br>B\u0151rgy\u00f3gy\u00e1szati betegs\u00e9gek;<br>R\u00e1kos megbeteged\u00e9sek;<br>Terhess\u00e9g ideje alatt.<\/td><\/tr><\/tbody><\/table><\/figure>\n<\/div><\/div>\n<\/div>\n<\/div><\/details><\/div>\n\n\n\n<div class=\"wp-block-coblocks-accordion-item\"><details><summary class=\"wp-block-coblocks-accordion-item__title\"><strong><strong><strong>Mofett\u00e1k<\/strong><\/strong><\/strong><\/summary><div class=\"wp-block-coblocks-accordion-item__content\">\n<p><\/p>\n\n\n\n<div class=\"wp-block-getwid-tabs\" data-active-tab=\"0\"><ul class=\"wp-block-getwid-tabs__nav-links\"><\/ul>\n<div class=\"wp-block-getwid-tabs__nav-link\"><span class=\"wp-block-getwid-tabs__title-wrapper\"><a href=\"#\"><span class=\"wp-block-getwid-tabs__title\"><mark style=\"background-color:rgba(0, 0, 0, 0)\" class=\"has-inline-color has-nv-c-1-color\"><strong>Javallatok<\/strong><\/mark><\/span><\/a><\/span><\/div><div class=\"wp-block-getwid-tabs__tab-content-wrapper\"><div class=\"wp-block-getwid-tabs__tab-content\">\n<figure class=\"wp-block-table\"><table class=\"has-fixed-layout\"><tbody><tr><td>Sz\u00edv- \u00e9s \u00e9rrendszeri betegs\u00e9gek (perif\u00e9ri\u00e1s arteriop\u00e1ti\u00e1k, Berger-arteritis, Trombophlebitis, Thromboangiitis obliterans, s\u00e9r\u00fcl\u00e9ses \u00e9rb\u00e1ntalmak, l\u00e1bsz\u00e1rfek\u00e9lyek),<br>kr\u00f3nikus st\u00e1dium\u00fa sz\u00edvinfarktus ut\u00e1ni k\u00f6vetkezm\u00e9nyek,<br>stroke ut\u00e1ni k\u00f6vetkezm\u00e9nyek,<br>art\u00e9ri\u00e1s magas v\u00e9rnyom\u00e1s, I. \u00e9s II. st\u00e1dium,<br>hemodinamikai zavarok n\u00e9lk\u00fcli reum\u00e1s billenty\u0171betegs\u00e9gek,<br>kr\u00f3nikus degenerat\u00edv \u00edz\u00fcleti vagy \u00edz\u00fclet melleti reuma,<br>prevenci\u00f3 sz\u00edv- \u00e9rrendszeri kock\u00e1zattal rendelkez\u0151 szem\u00e9lyekn\u00e9l (magas v\u00e9rnyom\u00e1s, magas koleszterinszint, doh\u00e1nyosok, \u00f6r\u00f6kletes t\u00e9nyez\u0151kkel rendelkez\u0151 \u00fcl\u0151betegek),<br>szexu\u00e1lis impotencia.<\/td><\/tr><\/tbody><\/table><\/figure>\n<\/div><\/div>\n\n\n\n<div class=\"wp-block-getwid-tabs__nav-link\"><span class=\"wp-block-getwid-tabs__title-wrapper\"><a href=\"#\"><span class=\"wp-block-getwid-tabs__title\"><strong>Ellenjavallatok<\/strong><\/span><\/a><\/span><\/div><div class=\"wp-block-getwid-tabs__tab-content-wrapper\"><div class=\"wp-block-getwid-tabs__tab-content\">\n<figure class=\"wp-block-table\"><table class=\"has-fixed-layout\"><tbody><tr><td>Ischaemi\u00e1s sz\u00edvbetegs\u00e9g gyakori rohamokkal,<br>sz\u00edvritmuszavarban szenved\u0151k,<br>nemr\u00e9giben bek\u00f6vetkezett sz\u00edvinfarktus ut\u00e1n,<br>progressz\u00edv billenty\u0171betegs\u00e9gek,<br>III. \u00e9s IV. st\u00e1dium\u00fa magas v\u00e9rnyom\u00e1s,<br>Em\u00e9szt\u0151rendszeri betegs\u00e9gek<br>vesebetegs\u00e9gek,<br>kr\u00f3nikus t\u00fcd\u0151betegs\u00e9gek k\u00f6zepes \u00e9s s\u00falyos l\u00e9gz\u00e9si zavarokkal<\/td><\/tr><\/tbody><\/table><\/figure>\n<\/div><\/div>\n<\/div>\n<\/div><\/details><\/div>\n\n\n\n<div class=\"wp-block-coblocks-accordion-item\"><details><summary class=\"wp-block-coblocks-accordion-item__title\"><strong><strong><strong><strong>S\u00f3szoba \u00e9s parafin<\/strong><\/strong><\/strong><\/strong><\/summary><div class=\"wp-block-coblocks-accordion-item__content\">\n<p><\/p>\n\n\n\n<div class=\"wp-block-getwid-tabs\" data-active-tab=\"0\"><ul class=\"wp-block-getwid-tabs__nav-links\"><\/ul>\n<div class=\"wp-block-getwid-tabs__nav-link\"><span class=\"wp-block-getwid-tabs__title-wrapper\"><a href=\"#\"><span class=\"wp-block-getwid-tabs__title\"><mark style=\"background-color:rgba(0, 0, 0, 0)\" class=\"has-inline-color has-nv-c-1-color\"><strong>Javallatok<\/strong><\/mark><\/span><\/a><\/span><\/div><div class=\"wp-block-getwid-tabs__tab-content-wrapper\"><div class=\"wp-block-getwid-tabs__tab-content\">\n<figure class=\"wp-block-table\"><table class=\"has-fixed-layout\"><tbody><tr><td>Allergi\u00e1s rhinitis,<br>kr\u00f3nikus rhinosinususitis;<br>Mandula hipertr\u00f3fia,<br>adenoid veget\u00e1ci\u00f3k (polipok);<br>Ism\u00e9tl\u0151d\u0151 l\u00e9g\u00fati fert\u0151z\u00e9sek (angina, pharyngitis, tracheo-bronchitis, t\u00fcd\u0151gyullad\u00e1s, ism\u00e9tl\u0151d\u0151 rhinosinusitis el\u0151zm\u00e9nye);<br>Nem allergi\u00e1s, intrinzikus, nem at\u00f3pi\u00e1s bronchi\u00e1lis asztma \u00e9s allergi\u00e1s, extrinsikus, at\u00f3pi\u00e1s bronchi\u00e1lis asztma, enyhe \u00e9s k\u00f6zepesen s\u00falyos t\u00fcnetmentes vagy t\u00fcnetes form\u00e1i;<br>kr\u00f3nikus allergi\u00e1s h\u00f6rghurut,<br>kr\u00f3nikus obstrukt\u00edv h\u00f6rghurut;<br>kr\u00f3nikus obstrukt\u00edv t\u00fcd\u0151betegs\u00e9g;<br>b\u0151rbetegs\u00e9gek: ekc\u00e9ma, at\u00f3pi\u00e1s dermatitis;<\/td><\/tr><\/tbody><\/table><\/figure>\n<\/div><\/div>\n\n\n\n<div class=\"wp-block-getwid-tabs__nav-link\"><span class=\"wp-block-getwid-tabs__title-wrapper\"><a href=\"#\"><span class=\"wp-block-getwid-tabs__title\"><strong>Ellenjavallatok<\/strong><\/span><\/a><\/span><\/div><div class=\"wp-block-getwid-tabs__tab-content-wrapper\"><div class=\"wp-block-getwid-tabs__tab-content\">\n<figure class=\"wp-block-table\"><table class=\"has-fixed-layout\"><tbody><tr><td>Asztma (s\u00falyos \u00e1lland\u00f3 forma);<br>Asztm\u00e1s rosszull\u00e9tek;<br>Rohamsz\u00f6v\u0151dm\u00e9nyek;<br>Asztm\u00e1s &#8211; atelekt\u00e1zis, t\u00fcd\u0151t\u00e1gulat, l\u00e9gmell, l\u00e9g\u00fati acid\u00f3zis;<br>Gy\u00f3gyszerekkel kapcsolatos sz\u00f6v\u0151dm\u00e9nyek &#8211; s\u00falyos h\u00f6rg\u0151g\u00f6rcs, s\u00falyos hipoallergi\u00e1s reakci\u00f3k;<br>COPD sz\u00f6v\u0151dm\u00e9nyek &#8211; akut l\u00e9gz\u00e9si el\u00e9gtelens\u00e9g, kr\u00f3nikus dekompenz\u00e1lt t\u00fcd\u0151\u00e9r, l\u00e9gmell;<br>TBC, f\u00fcggetlen\u00fcl a betegs\u00e9g hely\u00e9t\u0151l;<br>t\u00fcd\u0151 daganatos megbeteged\u00e9sei;<br>akut f\u00fcl-orr-g\u00e9g\u00e9szeti betegs\u00e9gek &#8211; orrgarathurut,<br>l\u00e9gcs\u0151- \u00e9s h\u00f6rg\u0151k gyullad\u00e1sa,<br>akut t\u00fcd\u0151gyullad\u00e1s;<br>sz\u00edv- \u00e9s \u00e9rrendszeri betegs\u00e9gek (III. st\u00e1dium\u00fa magas v\u00e9rnyom\u00e1s, nemr\u00e9giben bek\u00f6vetkezett sz\u00edvinfarktus, gyakori rohamokkal j\u00e1r\u00f3 angina pectoris, kr\u00f3nikus dekompenz\u00e1lt t\u00fcd\u0151betegs\u00e9g), II-III, fok\u00fa sz\u00edvel\u00e9gtelens\u00e9g.<\/td><\/tr><\/tbody><\/table><\/figure>\n<\/div><\/div>\n<\/div>\n<\/div><\/details><\/div>\n\n\n\n<div class=\"wp-block-coblocks-accordion-item\"><details><summary class=\"wp-block-coblocks-accordion-item__title\"><strong><strong><strong><strong><strong>Elektroter\u00e1pi\u00e1k<\/strong><\/strong><\/strong><\/strong><\/strong><\/summary><div class=\"wp-block-coblocks-accordion-item__content\">\n<p><\/p>\n\n\n\n<div class=\"wp-block-getwid-tabs\" data-active-tab=\"0\"><ul class=\"wp-block-getwid-tabs__nav-links\"><\/ul>\n<div class=\"wp-block-getwid-tabs__nav-link\"><span class=\"wp-block-getwid-tabs__title-wrapper\"><a href=\"#\"><span class=\"wp-block-getwid-tabs__title\"><mark style=\"background-color:rgba(0, 0, 0, 0)\" class=\"has-inline-color has-nv-c-1-color\"><strong>Javallatok<\/strong><\/mark><\/span><\/a><\/span><\/div><div class=\"wp-block-getwid-tabs__tab-content-wrapper\"><div class=\"wp-block-getwid-tabs__tab-content\">\n<figure class=\"wp-block-table\"><table class=\"has-fixed-layout\"><tbody><tr><td>Kr\u00f3nikus reum\u00e1s betegs\u00e9gek<br>A gerinc degenerat\u00edv betegs\u00e9gei \u00e9s a kapcsol\u00f3d\u00f3 szindr\u00f3m\u00e1k &#8211; bele\u00e9rtve a \u00fcl\u0151ideg-gyullad\u00e1st is.<br>A gy\u0171r\u0171k \u00e9s v\u00e9gtagok degenerat\u00edv \u00e9s\/vagy poszttraum\u00e1s \u00edz\u00fcleti betegs\u00e9gei<br>\u00cdz\u00fclet melletti reum\u00e1s betegs\u00e9gek (izmok, inak, szalagok, szinovi\u00e1lis h\u00e1rtya stb.)<br>Perif\u00e9ri\u00e1s idegbetegs\u00e9gek (neuralgia, neuritisz, polineuritisz, traum\u00e1s s\u00e9r\u00fcl\u00e9sek \u00e9s k\u00f6vetkezm\u00e9nyei)<br>K\u00f6zponti motoros neuronok s\u00e9r\u00fcl\u00e9sei &#8211; f\u00e9loldali b\u00e9nul\u00e1s, als\u00f3 v\u00e9gtagok b\u00e9nul\u00e1sa<br>Idegseb\u00e9szeti \u00e9s ortop\u00e9diai m\u0171t\u00e9t ut\u00e1ni fel\u00e9p\u00fcl\u00e9s (gerincs\u00e9rv, gerinccsatorna-sz\u0171k\u00fclet, v\u00e9gtagt\u00f6r\u00e9sek)<br>Tiszt\u00e1zatlan eredet\u0171 mozg\u00e1sszervi f\u00e1jdalmak<br>Sz\u00edv- \u00e9s \u00e9rrendszeri, L\u00e9gz\u0151szervi, Em\u00e9szt\u0151rendszeri, H\u00fagy\u00fati betegs\u00e9gek sz\u00f6v\u0151dm\u00e9nyeinek (magas v\u00e9rnyom\u00e1s, v\u00e9n\u00e1s-limfatikus el\u00e9gtelens\u00e9g, l\u00e9gz\u00e9si el\u00e9gtelens\u00e9g, bronchopneumop\u00e1ti\u00e1k, asztma, k\u0151k\u00e9pz\u0151d\u00e9ssel j\u00e1r\u00f3 betegs\u00e9g, kr\u00f3nikus epeh\u00f3lyag-gyullad\u00e1s, vastagb\u00e9lgyullad\u00e1s stb.) kezel\u00e9s\u00e9hez t\u00e1rsul\u00f3 ter\u00e1pia.<\/td><\/tr><\/tbody><\/table><\/figure>\n<\/div><\/div>\n\n\n\n<div class=\"wp-block-getwid-tabs__nav-link\"><span class=\"wp-block-getwid-tabs__title-wrapper\"><a href=\"#\"><span class=\"wp-block-getwid-tabs__title\"><strong>Ellenjavallatok<\/strong><\/span><\/a><\/span><\/div><div class=\"wp-block-getwid-tabs__tab-content-wrapper\"><div class=\"wp-block-getwid-tabs__tab-content\">\n<figure class=\"wp-block-table\"><table class=\"has-fixed-layout\"><tbody><tr><td>Akut gyullad\u00e1sos megbeteged\u00e9sek,<br>R\u00e1kkelt\u0151 betegs\u00e9gek,<br>Friss m\u0171t\u00e9t ut\u00e1ni \u00e1llapotok,<br>Akut fert\u0151z\u00e9sek,<br>Terhess\u00e9g.<\/td><\/tr><\/tbody><\/table><\/figure>\n<\/div><\/div>\n\n\n\n<div class=\"wp-block-getwid-tabs__nav-link\"><span class=\"wp-block-getwid-tabs__title-wrapper\"><a href=\"#\"><span class=\"wp-block-getwid-tabs__title\"><mark style=\"background-color:rgba(0, 0, 0, 0)\" class=\"has-inline-color has-nv-dark-bg-color\"><strong>Kezel\u00e9si form\u00e1k<\/strong><\/mark><\/span><\/a><\/span><\/div><div class=\"wp-block-getwid-tabs__tab-content-wrapper\"><div class=\"wp-block-getwid-tabs__tab-content\">\n<figure class=\"wp-block-table\"><table class=\"has-fixed-layout\"><tbody><tr><td>Galv\u00e1n\u00e1ram &#8211; alacsony frekvenci\u00e1j\u00fa elektromos \u00e1ram -K\u00f6zepes frekvenci\u00e1j\u00fa elektromos \u00e1ram (interferenci\u00e1lis)<br>Nagy frekvenci\u00e1j\u00fa elektromos \u00e1ram (r\u00f6vidhull\u00e1m\u00fa, mikrohull\u00e1m\u00fa)<br>Fototer\u00e1pia: infrav\u00f6r\u00f6s sug\u00e1rz\u00e1s, ultraibolya, L\u00c9ZER, m\u00e1gneses ter\u00e1pia<\/td><\/tr><\/tbody><\/table><\/figure>\n<\/div><\/div>\n<\/div>\n<\/div><\/details><\/div>\n<\/div>\n\n\n\n<div class=\"wp-block-coblocks-accordion\">\n<div class=\"wp-block-coblocks-accordion-item\"><\/div>\n<\/div>\n","protected":false},"excerpt":{"rendered":"<p>Borsz\u00e9k-Fontana SPA A v\u00e1rosvezet\u0151s\u00e9ge 2009-ben megp\u00e1ly\u00e1zta a kezel\u0151k\u00f6zpont meg\u00e9p\u00edt\u00e9s\u00e9t. Egy t\u00f6bb mint 9 milli\u00f3 eur\u00f3s beruh\u00e1z\u00e1s megval\u00f3s\u00edt\u00e1s\u00e1val, amely a Borsz\u00e9k v\u00e1ros, a megyei \u00d6nkorm\u00e1nyzat \u00e9s k\u00f6lcs\u00f6n\u00f6k \u00f6sszess\u00e9g\u00e9b\u0151l \u00e1ll, meg\u00e9p\u00fclt a Fontana wellness \u00e9s kezel\u0151k\u00f6zpont. T\u00e9len 700 f\u0151s, ny\u00e1ron a kinti medenc\u00e9kkel egy\u00fctt t\u00f6bb mint 1000 f\u0151s kapacit\u00e1ssal rendelkezik. 2022 december 15-\u00e9n lett hivatalosan megnyitva a&hellip;&nbsp;<a href=\"https:\/\/smarted.smartonlineedu.com\/index.php\/borsec\/fontana-spa\/\" rel=\"bookmark\">Read More &raquo;<span class=\"screen-reader-text\">Fontana SPA<\/span><\/a><\/p>\n","protected":false},"author":1,"featured_media":0,"parent":860,"menu_order":0,"comment_status":"closed","ping_status":"closed","template":"","meta":{"_coblocks_attr":"","_coblocks_dimensions":"","_coblocks_responsive_height":"","_coblocks_accordion_ie_support":"","_eb_attr":"","_uag_custom_page_level_css":"","advgb_blocks_editor_width":"","advgb_blocks_columns_visual_guide":"","neve_meta_sidebar":"","neve_meta_container":"","neve_meta_enable_content_width":"on","neve_meta_content_width":100,"neve_meta_title_alignment":"","neve_meta_author_avatar":"","neve_post_elements_order":"","neve_meta_disable_header":"","neve_meta_disable_footer":"","neve_meta_disable_title":"on","_themeisle_gutenberg_block_has_review":false,"footnotes":""},"class_list":["post-865","page","type-page","status-publish","hentry"],"uagb_featured_image_src":{"full":false,"thumbnail":false,"medium":false,"medium_large":false,"large":false,"1536x1536":false,"2048x2048":false,"neve-blog":false},"uagb_author_info":{"display_name":"admin","author_link":"https:\/\/smarted.smartonlineedu.com\/index.php\/author\/admin_8iq54gse\/"},"uagb_comment_info":0,"uagb_excerpt":"Borsz\u00e9k-Fontana SPA A v\u00e1rosvezet\u0151s\u00e9ge 2009-ben megp\u00e1ly\u00e1zta a kezel\u0151k\u00f6zpont meg\u00e9p\u00edt\u00e9s\u00e9t. Egy t\u00f6bb mint 9 milli\u00f3 eur\u00f3s beruh\u00e1z\u00e1s megval\u00f3s\u00edt\u00e1s\u00e1val, amely a Borsz\u00e9k v\u00e1ros, a megyei \u00d6nkorm\u00e1nyzat \u00e9s k\u00f6lcs\u00f6n\u00f6k \u00f6sszess\u00e9g\u00e9b\u0151l \u00e1ll, meg\u00e9p\u00fclt a Fontana wellness \u00e9s kezel\u0151k\u00f6zpont. T\u00e9len 700 f\u0151s, ny\u00e1ron a kinti medenc\u00e9kkel egy\u00fctt t\u00f6bb mint 1000 f\u0151s kapacit\u00e1ssal rendelkezik. 2022 december 15-\u00e9n lett hivatalosan megnyitva a&hellip;&nbsp;Read&hellip;","coauthors":[],"author_meta":{"author_link":"https:\/\/smarted.smartonlineedu.com\/index.php\/author\/admin_8iq54gse\/","display_name":"admin"},"relative_dates":{"created":"Posted 2 \u00e9v ago","modified":"Updated 2 \u00e9v ago"},"absolute_dates":{"created":"Posted on j\u00falius 6, 2024","modified":"Updated on j\u00falius 6, 2024"},"absolute_dates_time":{"created":"Posted on j\u00falius 6, 2024 2:23 du.","modified":"Updated on j\u00falius 6, 2024 2:23 du."},"featured_img_caption":"","featured_img":false,"series_order":"","_links":{"self":[{"href":"https:\/\/smarted.smartonlineedu.com\/index.php\/wp-json\/wp\/v2\/pages\/865","targetHints":{"allow":["GET"]}}],"collection":[{"href":"https:\/\/smarted.smartonlineedu.com\/index.php\/wp-json\/wp\/v2\/pages"}],"about":[{"href":"https:\/\/smarted.smartonlineedu.com\/index.php\/wp-json\/wp\/v2\/types\/page"}],"author":[{"embeddable":true,"href":"https:\/\/smarted.smartonlineedu.com\/index.php\/wp-json\/wp\/v2\/users\/1"}],"replies":[{"embeddable":true,"href":"https:\/\/smarted.smartonlineedu.com\/index.php\/wp-json\/wp\/v2\/comments?post=865"}],"version-history":[{"count":1,"href":"https:\/\/smarted.smartonlineedu.com\/index.php\/wp-json\/wp\/v2\/pages\/865\/revisions"}],"predecessor-version":[{"id":866,"href":"https:\/\/smarted.smartonlineedu.com\/index.php\/wp-json\/wp\/v2\/pages\/865\/revisions\/866"}],"up":[{"embeddable":true,"href":"https:\/\/smarted.smartonlineedu.com\/index.php\/wp-json\/wp\/v2\/pages\/860"}],"wp:attachment":[{"href":"https:\/\/smarted.smartonlineedu.com\/index.php\/wp-json\/wp\/v2\/media?parent=865"}],"curies":[{"name":"wp","href":"https:\/\/api.w.org\/{rel}","templated":true}]}}