{"id":863,"date":"2024-07-06T06:08:59","date_gmt":"2024-07-06T06:08:59","guid":{"rendered":"https:\/\/solutions-hr.com\/?page_id=863"},"modified":"2024-07-06T06:09:00","modified_gmt":"2024-07-06T06:09:00","slug":"borsec-istorie","status":"publish","type":"page","link":"https:\/\/smarted.smartonlineedu.com\/index.php\/borsec\/borsec-istorie\/","title":{"rendered":"Borsec- Istorie"},"content":{"rendered":"\n<h2 class=\"wp-block-heading\" id=\"borszek-7b450d37-407a-43ee-be1a-89bf196535c4\">Borsz\u00e9k r\u00f6vid t\u00f6rt\u00e9nelme<\/h2>\n\n\n\n<div class=\"wp-block-cover alignfull\" style=\"min-height:700px;aspect-ratio:unset;\"><span aria-hidden=\"true\" class=\"wp-block-cover__background has-background-dim-0 has-background-dim\" style=\"background-color:#b0bbbe\"><\/span><img loading=\"lazy\" decoding=\"async\" width=\"1792\" height=\"1024\" class=\"wp-block-cover__image-background wp-image-326\" alt=\"\" src=\"https:\/\/smarted.smartonlineedu.com\/wp-content\/uploads\/2024\/05\/borszek-gpt.webp\" data-object-fit=\"cover\" srcset=\"https:\/\/smarted.smartonlineedu.com\/wp-content\/uploads\/2024\/05\/borszek-gpt.webp 1792w, https:\/\/smarted.smartonlineedu.com\/wp-content\/uploads\/2024\/05\/borszek-gpt-300x171.webp 300w, https:\/\/smarted.smartonlineedu.com\/wp-content\/uploads\/2024\/05\/borszek-gpt-1024x585.webp 1024w, https:\/\/smarted.smartonlineedu.com\/wp-content\/uploads\/2024\/05\/borszek-gpt-768x439.webp 768w, https:\/\/smarted.smartonlineedu.com\/wp-content\/uploads\/2024\/05\/borszek-gpt-1536x878.webp 1536w\" sizes=\"auto, (max-width: 1792px) 100vw, 1792px\" \/><div class=\"wp-block-cover__inner-container is-layout-flow wp-block-cover-is-layout-flow\">\n<div style=\"height:80px\" aria-hidden=\"true\" class=\"wp-block-spacer\"><\/div>\n\n\n\n<p class=\"has-text-align-center has-text-color\" style=\"color:#121212;font-size:17px\"><\/p>\n\n\n\n<div style=\"height:80px\" aria-hidden=\"true\" class=\"wp-block-spacer\"><\/div>\n\n\n\n<div style=\"height:80px\" aria-hidden=\"true\" class=\"wp-block-spacer\"><\/div>\n\n\n\n<p><\/p>\n<\/div><\/div>\n\n\n\n<div style=\"height:100px\" aria-hidden=\"true\" class=\"wp-block-spacer\"><\/div>\n\n\n\n<hr class=\"wp-block-separator has-alpha-channel-opacity\"\/>\n\n\n\n<h2 class=\"wp-block-heading has-text-align-center\">Borsz\u00e9k r\u00f6vid t\u00f6rt\u00e9nelme<\/h2>\n\n\n\n<blockquote class=\"wp-block-quote is-layout-flow wp-block-quote-is-layout-flow\">\n<div style=\"height:100px\" aria-hidden=\"true\" class=\"wp-block-spacer\"><\/div>\n<cite><em><mark style=\"background-color:rgba(0, 0, 0, 0)\" class=\"has-inline-color has-nv-dark-bg-color\">Dr,Janitsek Jen\u0151 \u2013 Farkas Alad\u00e1r \u00e1ltal \u00edrt \u201eBorsz\u00e9k t\u00f6rt\u00e9nete \u00e9s n\u00e9vanyaga\u201d c. k\u00f6nyv alapj\u00e1n<\/mark><\/em><\/cite><\/blockquote>\n\n\n\n<ul class=\"wp-block-list\">\n<li>M\u00e1r 1804 \u00f3ta ismert \u00fcd\u00fcl\u0151hely, amely eg\u00e9sz \u00e9vben nyitva tart. Sz\u00e1mos kalcium-, magn\u00e9zium- \u00e9s sz\u00e9nhidr\u00e1t tartalm\u00fa \u00e1sv\u00e1nyv\u00edzforr\u00e1ssal rendelkezik, amelyek m\u00e1r a 16. sz\u00e1zad m\u00e1sodik fele \u00f3ta ismertek j\u00f3t\u00e9kony hat\u00e1saikr\u00f3l.<\/li>\n\n\n\n<li>Az 1873-ban megrendezett b\u00e9csi nemzetk\u00f6zi ki\u00e1ll\u00edt\u00e1son nemzetk\u00f6zi elismer\u00e9st nyert a borsz\u00e9ki \u00e1sv\u00e1nyvizek gy\u00f3gy\u00edt\u00f3 hat\u00e1sa, majd az 1876-os berlini \u00e9s trieszti ki\u00e1ll\u00edt\u00e1son ez\u00fcst\u00e9rmet \u00e9s d\u00edszoklevelet, az 1878-as p\u00e1rizsi ki\u00e1ll\u00edt\u00e1son ugyancsak d\u00edszoklevel\u00e9ben r\u00e9szes\u00fclt.<\/li>\n\n\n\n<li>A Borsz\u00e9ki gy\u00f3gyf\u00fcrd\u0151helyen sz\u00e1mos betegs\u00e9gek kezel\u00e9se lehets\u00e9ges, mint pl: sz\u00edv- \u00e9s \u00e9rrendszeri betegs\u00e9gek (kompenz\u00e1ci\u00f3s mitr\u00e1lis el\u00e9gtelens\u00e9g \u00e9s sz\u00edvel\u00e9gtelens\u00e9g, magas v\u00e9rnyom\u00e1s, vissz\u00e9rbetegs\u00e9gek), endokrin betegs\u00e9gek (pajzsmirigy t\u00falm\u0171k\u00f6d\u00e9s, Basedow-k\u00f3r, t\u00fals\u00falyos gyermekek prepubert\u00e1skori \u00e1llapotai), epe\u00fati diszkin\u00e9zia, em\u00e9szt\u0151rendszeri betegs\u00e9gek (kr\u00f3nikus hypoacid gyomorhurut, kr\u00f3nikus sz\u00e9kreked\u00e9s, kr\u00f3nikus nem specifikus vastagb\u00e9lgyullad\u00e1s), kr\u00f3nikus nem kalcifikus colicystitis, vese- \u00e9s h\u00fagy\u00fati rendelleness\u00e9gek, aszt\u00e9ni\u00e1s neur\u00f3zis, b\u0151rgy\u00f3gy\u00e1szati, anyagcsere- \u00e9s t\u00e1pl\u00e1lkoz\u00e1si betegs\u00e9gek stb.<\/li>\n\n\n\n<li>Sz\u00e9nszavas \u00e1sv\u00e1nyvizes k\u00e1dakban vagy medenc\u00e9kben forr\u00f3 f\u00fcrd\u0151k, bels\u0151 k\u00far\u00e1t szolg\u00e1l\u00f3 \u00e1sv\u00e1nyv\u00edzforr\u00e1sok, elektro- \u00e9s hidroter\u00e1pi\u00e1s berendez\u00e9sek, gy\u00f3gyn\u00f6v\u00e9nyf\u00fcrd\u0151k, paraffinos pakol\u00e1sok, tornatermek, ugyanakkor a szabadid\u0151s turizmus sz\u00e1m\u00e1ra sz\u00e1mos k\u00edn\u00e1lt: t\u00far\u00e1z\u00e1s a hegyekben, sportp\u00e1ly\u00e1k, moziterem, s\u00ed- \u00e9s sz\u00e1nk\u00f3p\u00e1ly\u00e1k stb. \u00e1lltak rendelkez\u00e9sre.<\/li>\n\n\n\n<li>Geol\u00f3giai szempontb\u00f3l a medence a vulk\u00e1ni hegys\u00e9get (Kelemen havasok) elv\u00e1lasztja a krist\u00e1lyos \u00f6vezett\u0151l (Gyergy\u00f3i havasok). A medence aljzat\u00e1t krist\u00e1lyos k\u0151zetekre rak\u00f3dott \u00fcled\u00e9kek alkotj\u00e1k. A medence k\u00f6zep\u00e9t plioc\u00e9n \u00fcled\u00e9kek alkotj\u00e1k amely, lentr\u0151l felfele haladva a k\u00f6vetkez\u0151kb\u0151l tev\u0151dik \u00f6ssze: konglomer\u00e1t \u00e9s kavicslerak\u00f3d\u00e1s, homok, agyag, lignit, negyedkori travertin lerak\u00f3d\u00e1sok, lejt\u0151t\u00f6rmel\u00e9kek, szerves eredet\u0171 \u00fcled\u00e9kek. Ez az \u00fcled\u00e9kr\u00e9teg vastags\u00e1ga helyenk\u00e9nt meghaladja a 10m-t, amely kedvez\u0151 felt\u00e9teleket teremt a m\u00e9lys\u00e9gi v\u00edzr\u00e9tegek kialakul\u00e1s\u00e1hoz. A szerkezeti \u00f6sszet\u00e9telnek k\u00f6sz\u00f6nhet\u0151en az itt tal\u00e1lhat\u00f3 m\u00e9lys\u00e9gi vizek gazdag s\u00f3tartalommal \u00e9s magas CO<sub>2<\/sub> tartalommal rendelkeznek, ami el\u0151seg\u00edtette a k\u00fcl\u00f6nb\u00f6z\u0151 \u00f6sszet\u00e9tel\u0171 \u2013 alacsony vastartalom \u00e9s hidrog\u00e9nkarbon\u00e1t, k\u00e1lcium-magn\u00e9zium tartalm\u00fa &#8211; \u00e1sv\u00e1nyvizek kialakul\u00e1s\u00e1t.<\/li>\n\n\n\n<li>T\u00f6bb mint 15 term\u00e9szetes sz\u00e9nsavas \u00e1sv\u00e1nyv\u00edzforr\u00e1s tal\u00e1lhat\u00f3, amelyek hasonl\u00f3 k\u00e9miai \u00f6sszet\u00e9tel\u0171ek. Min\u0151s\u00e9g \u00e9s a v\u00edzhozam szempontj\u00e1b\u00f3l legnagyobb jelent\u0151s\u00e9ggel az 1-es \u00e9s a 2-es (F\u0151-forr\u00e1s \u00e9s Erzs\u00e9bet) forr\u00e1sok b\u00edrnak. Gy\u00f3gy\u00edt\u00f3 hat\u00e1st gyakorolnak az em\u00e9szt\u0151rendszer (gyomor, belek, epeutak), a ves\u00e9k, a h\u00fagyh\u00f3lyag \u00e9s a h\u00fagyutak, valamint a perif\u00e9ri\u00e1s kering\u00e9si rendszer betegs\u00e9gek eset\u00e9ben.<\/li>\n<\/ul>\n\n\n\n<div class=\"wp-block-columns is-layout-flex wp-container-core-columns-is-layout-9d6595d7 wp-block-columns-is-layout-flex\">\n<div class=\"wp-block-column is-layout-flow wp-block-column-is-layout-flow\">\n<ul class=\"wp-block-list\">\n<li>\u201e1594-ben B\u00e1thori Zsigmond, Erd\u00e9lyi fejedelem, a Borsz\u00e9ki Lobog\u00f3 forr\u00e1sban kezeltette k\u00f6szv\u00e9nyes l\u00e1b\u00e1t\u201e (Marosv\u00e1s\u00e1rhelyi TVR, 2023)<\/li>\n\n\n\n<li>1803-ban Valentin Gunther, egy b\u00e9csi lak\u00f3s, a Borsz\u00e9kon folytatott kezel\u00e9se k\u00f6vetkezt\u00e9ben kigy\u00f3gyult egy gy\u00f3gy\u00edthatatlan betegs\u00e9gb\u0151l, majd hazat\u00e9r\u00e9se ut\u00e1n javasolta egy rokon\u00e1nak, hogy a borsz\u00e9ki v\u00edzzel kezdjen bele egy keresked\u00e9sbe.<\/li>\n\n\n\n<li>1804-ben Gunther Zimmetshausen \u00e9s Eisner b\u00e1nyam\u00e9rn\u00f6k elmentek bosz\u00e9kra, hogy felm\u00e9rj\u00e9k a palackoz\u00e1si lehet\u0151s\u00e9get, illetve, hogy valamilyen b\u00e9rleti szerz\u0151d\u00e9st k\u00f6ssenek. Megk\u00f6t\u00f6ttek egy 28 \u00e9ves id\u0151tartam\u00fa b\u00e9rleti szerz\u0151d\u00e9st. <\/li>\n\n\n\n<li>1805-ben Gunther Zimmetshausen Borsz\u00e9k v\u00e1ros\u00e1ba k\u00f6lt\u00f6z\u00f6tt \u00e9s belefogott \u00e9p\u00fcletek, utak ki\u00e9p\u00edt\u00e9s\u00e9be, valamint egy \u00fcveggy\u00e1r l\u00e9trehoz\u00e1s\u00e1ra, majd 1806-ban megkezd\u0151d\u00f6tt az ipari szint\u0171 palackoz\u00e1s. Az els\u0151 \u00e9vben 3 milli\u00f3 liter \u00e1sv\u00e1nyvizet palackoztak, amelyeket<em><strong> szek\u00e9ren sz\u00e1ll\u00edtottak k\u00fclf\u00f6ldre<\/strong><\/em>, t\u00f6bbek k\u00f6z\u00f6tt B\u00e9csbe is.<\/li>\n<\/ul>\n<\/div>\n\n\n\n<div class=\"wp-block-column is-layout-flow wp-block-column-is-layout-flow\">\n<div style=\"height:100px\" aria-hidden=\"true\" class=\"wp-block-spacer\"><\/div>\n\n\n\n<div class=\"wp-block-uagb-image aligncenter uagb-block-4e457deb wp-block-uagb-image--layout-default wp-block-uagb-image--effect-static wp-block-uagb-image--align-center\"><figure class=\"wp-block-uagb-image__figure\"><img decoding=\"async\" srcset=\"https:\/\/smarted.smartonlineedu.com\/wp-content\/uploads\/2024\/05\/borszek-1024x645.jpg ,https:\/\/smarted.smartonlineedu.com\/wp-content\/uploads\/2024\/05\/borszek.jpg 780w, https:\/\/smarted.smartonlineedu.com\/wp-content\/uploads\/2024\/05\/borszek.jpg 360w\" sizes=\"auto, (max-width: 480px) 150px\" src=\"https:\/\/smarted.smartonlineedu.com\/wp-content\/uploads\/2024\/05\/borszek-1024x645.jpg\" alt=\"\" class=\"uag-image-264\" width=\"522\" height=\"328\" title=\"borszek\" loading=\"lazy\" role=\"img\"\/><\/figure><\/div>\n\n\n\n<p class=\"has-text-align-center\">http:\/\/www.businessmagazin.ro<\/p>\n<\/div>\n<\/div>\n\n\n\n<hr class=\"wp-block-separator has-alpha-channel-opacity\"\/>\n\n\n\n<div class=\"wp-block-columns is-layout-flex wp-container-core-columns-is-layout-9d6595d7 wp-block-columns-is-layout-flex\">\n<div class=\"wp-block-column is-layout-flow wp-block-column-is-layout-flow\">\n<div style=\"height:100px\" aria-hidden=\"true\" class=\"wp-block-spacer\"><\/div>\n\n\n\n<div class=\"wp-block-uagb-image aligncenter uagb-block-096db66f wp-block-uagb-image--layout-default wp-block-uagb-image--effect-static wp-block-uagb-image--align-center\"><figure class=\"wp-block-uagb-image__figure\"><img decoding=\"async\" srcset=\"https:\/\/smarted.smartonlineedu.com\/wp-content\/uploads\/2024\/05\/statiunaborsec-1024x711.jpg ,https:\/\/smarted.smartonlineedu.com\/wp-content\/uploads\/2024\/05\/statiunaborsec.jpg 780w, https:\/\/smarted.smartonlineedu.com\/wp-content\/uploads\/2024\/05\/statiunaborsec.jpg 360w\" sizes=\"auto, (max-width: 480px) 150px\" src=\"https:\/\/smarted.smartonlineedu.com\/wp-content\/uploads\/2024\/05\/statiunaborsec-1024x711.jpg\" alt=\"\" class=\"uag-image-352\" width=\"504\" height=\"350\" title=\"statiunaborsec\" loading=\"lazy\" role=\"img\"\/><\/figure><\/div>\n\n\n\n<p class=\"has-text-align-center\"><a href=\"https:\/\/termalfurdok.com\">https:\/\/termalfurdok.com<\/a><\/p>\n\n\n\n<hr class=\"wp-block-separator has-alpha-channel-opacity\"\/>\n<\/div>\n\n\n\n<div class=\"wp-block-column is-layout-flow wp-block-column-is-layout-flow\">\n<ul class=\"wp-block-list\">\n<li>Borsz\u00e9k v\u00e1rosa k\u00e9t negyedb\u0151l tev\u0151dik \u00f6ssze: Fels\u0151-Borsz\u00e9k \u00e9s Als\u00f3-Borsz\u00e9k. A 19. sz\u00e1zad k\u00f6zep\u00e9n \u00e9p\u00fcltek meg az els\u0151 f\u00fcrd\u0151k, megval\u00f3sult a Marosh\u00e9v\u00edzzel val\u00f3 \u00f6sszek\u00f6ttet\u00e9s. <mark style=\"background-color:rgba(0, 0, 0, 0);color:#809cf1\" class=\"has-inline-color\"><em><strong>Az els\u0151 f\u00fcrd\u0151t 1918-ban nyitott\u00e1k meg<\/strong><\/em>.<\/mark><\/li>\n\n\n\n<li>A k\u00e9t vil\u00e1gh\u00e1bor\u00fa k\u00f6z\u00f6tti id\u0151szakban nagyon sok \u00e9p\u00fclet romokba d\u0151lt, sok \u00e9p\u00fcletbe katon\u00e1k t\u00f6rtek be, akik kifosztott\u00e1k azokat, megrong\u00e1lt\u00e1k a berendez\u00e9seket, a vend\u00e9gek sz\u00e1ma lecs\u00f6kkent.<\/li>\n\n\n\n<li>A kommunizmus ideje alatt az \u00e1llam tulajdon\u00e1ba ker\u00fclt az ingatlanok nagy r\u00e9sze, a fejleszt\u00e9s pedig a borv\u00edz palackoz\u00e1sra, a travertin \u00e9s a sz\u00e9nb\u00e1ny\u00e1szatra koncentr\u00e1l\u00f3dott.<mark style=\"background-color:rgba(0, 0, 0, 0);color:#47a0d5\" class=\"has-inline-color\"> <\/mark><mark style=\"background-color:rgba(0, 0, 0, 0);color:#476bd6\" class=\"has-inline-color\">A gy\u00f3gykezel\u0151 k\u00f6zpont<\/mark>, amely <mark style=\"background-color:rgba(0, 0, 0, 0);color:#476bd6\" class=\"has-inline-color\">1725-ben \u00e9p\u00fclt<\/mark> \u00e9s sz\u00e1mos \u00e9p\u00fclet t\u00f6nkre ment. A rendszerv\u00e1lt\u00e1s ut\u00e1n a vill\u00e1k mag\u00e1ntulajdonba ker\u00fcltek, amelyek egyr\u00e9sz\u00e9nek a fel\u00faj\u00edt\u00e1sa csup\u00e1n a 2000-es \u00e9vek elej\u00e9n kezd\u0151d\u00f6tt el.<\/li>\n\n\n\n<li>2001-ben bez\u00e1rt a kezel\u0151b\u00e1zis, \u00edgy megsz\u0171nt a gy\u00f3gykezel\u00e9s, ami a turizmus megsz\u0171n\u00e9s\u00e9hez vezetett.<\/li>\n<\/ul>\n<\/div>\n<\/div>\n\n\n\n<div class=\"wp-block-columns is-layout-flex wp-container-core-columns-is-layout-9d6595d7 wp-block-columns-is-layout-flex\">\n<div class=\"wp-block-column is-layout-flow wp-block-column-is-layout-flow\">\n<ul class=\"wp-block-list\">\n<li>A <em>\u201eBorsz\u00e9k! Az \u00e1sv\u00e1nyvizek \u00e9s t\u00fcnd\u00e9rek vil\u00e1ga\u201d<\/em> (Youtube) vide\u00f3ban Mik J\u00f3zsef polg\u00e1rmester \u00dar elmond\u00e1sa szerint az \u00e1llami tulajdonban l\u00e9v\u0151 t\u00f6bb mint 100 turisztikai rendeltet\u00e9s\u0171 ingatlan 1989 el\u0151tt t\u00f6bb mint 5.000 sz\u00e1ll\u00e1shelyet biztos\u00edtott, ami 2008-ra 86-ra cs\u00f6kkent. <\/li>\n\n\n\n<li>A v\u00e1ros vezet\u0151s\u00e9ge 2008-ban megp\u00e1ly\u00e1zta a kezel\u0151k\u00f6zpont meg\u00e9p\u00edt\u00e9s\u00e9t \u00e9s 2009-ben ind\u00edtotta el a v\u00e1ros \u00fajra\u00e9p\u00edt\u00e9s\u00e9nek folyamat\u00e1t. <\/li>\n\n\n\n<li>2023-ban a v\u00e1ros a fel\u00faj\u00edtott vill\u00e1k r\u00e9v\u00e9n m\u00e1r kb. 800 sz\u00e1ll\u00e1shellyel rendelkezett \u00e9s a c\u00e9l a 2.500 sz\u00e1ll\u00e1shely megval\u00f3s\u00edt\u00e1sa \u00e9s az ezen a szinten val\u00f3 maximaliz\u00e1l\u00e1sa. (Youtube, 2023)<\/li>\n<\/ul>\n<\/div>\n\n\n\n<div class=\"wp-block-column is-layout-flow wp-block-column-is-layout-flow\">\n<div class=\"wp-block-uagb-image aligncenter uagb-block-126f87f6 wp-block-uagb-image--layout-default wp-block-uagb-image--effect-static wp-block-uagb-image--align-center\"><figure class=\"wp-block-uagb-image__figure\"><img decoding=\"async\" srcset=\"https:\/\/smarted.smartonlineedu.com\/wp-content\/uploads\/2024\/05\/image_2024-05-07_184104401.png ,https:\/\/smarted.smartonlineedu.com\/wp-content\/uploads\/2024\/05\/image_2024-05-07_184104401.png 780w, https:\/\/smarted.smartonlineedu.com\/wp-content\/uploads\/2024\/05\/image_2024-05-07_184104401.png 360w\" sizes=\"auto, (max-width: 480px) 150px\" src=\"https:\/\/smarted.smartonlineedu.com\/wp-content\/uploads\/2024\/05\/image_2024-05-07_184104401.png\" alt=\"\" class=\"uag-image-359\" width=\"456\" height=\"343\" title=\"image_2024-05-07_184104401\" loading=\"lazy\" role=\"img\"\/><\/figure><\/div>\n<\/div>\n<\/div>\n","protected":false},"excerpt":{"rendered":"<p>Borsz\u00e9k r\u00f6vid t\u00f6rt\u00e9nelme Borsz\u00e9k r\u00f6vid t\u00f6rt\u00e9nelme http:\/\/www.businessmagazin.ro https:\/\/termalfurdok.com<\/p>\n","protected":false},"author":1,"featured_media":0,"parent":860,"menu_order":0,"comment_status":"closed","ping_status":"closed","template":"","meta":{"_coblocks_attr":"","_coblocks_dimensions":"","_coblocks_responsive_height":"","_coblocks_accordion_ie_support":"","_eb_attr":"","_uag_custom_page_level_css":"","advgb_blocks_editor_width":"","advgb_blocks_columns_visual_guide":"","neve_meta_sidebar":"","neve_meta_container":"","neve_meta_enable_content_width":"on","neve_meta_content_width":100,"neve_meta_title_alignment":"","neve_meta_author_avatar":"","neve_post_elements_order":"","neve_meta_disable_header":"","neve_meta_disable_footer":"","neve_meta_disable_title":"on","_themeisle_gutenberg_block_has_review":false,"footnotes":""},"class_list":["post-863","page","type-page","status-publish","hentry"],"uagb_featured_image_src":{"full":false,"thumbnail":false,"medium":false,"medium_large":false,"large":false,"1536x1536":false,"2048x2048":false,"neve-blog":false},"uagb_author_info":{"display_name":"admin","author_link":"https:\/\/smarted.smartonlineedu.com\/index.php\/author\/admin_8iq54gse\/"},"uagb_comment_info":0,"uagb_excerpt":"Borsz\u00e9k r\u00f6vid t\u00f6rt\u00e9nelme Borsz\u00e9k r\u00f6vid t\u00f6rt\u00e9nelme http:\/\/www.businessmagazin.ro https:\/\/termalfurdok.com","coauthors":[],"author_meta":{"author_link":"https:\/\/smarted.smartonlineedu.com\/index.php\/author\/admin_8iq54gse\/","display_name":"admin"},"relative_dates":{"created":"Posted 2 \u00e9v ago","modified":"Updated 2 \u00e9v ago"},"absolute_dates":{"created":"Posted on j\u00falius 6, 2024","modified":"Updated on j\u00falius 6, 2024"},"absolute_dates_time":{"created":"Posted on j\u00falius 6, 2024 6:08 de.","modified":"Updated on j\u00falius 6, 2024 6:09 de."},"featured_img_caption":"","featured_img":false,"series_order":"","_links":{"self":[{"href":"https:\/\/smarted.smartonlineedu.com\/index.php\/wp-json\/wp\/v2\/pages\/863","targetHints":{"allow":["GET"]}}],"collection":[{"href":"https:\/\/smarted.smartonlineedu.com\/index.php\/wp-json\/wp\/v2\/pages"}],"about":[{"href":"https:\/\/smarted.smartonlineedu.com\/index.php\/wp-json\/wp\/v2\/types\/page"}],"author":[{"embeddable":true,"href":"https:\/\/smarted.smartonlineedu.com\/index.php\/wp-json\/wp\/v2\/users\/1"}],"replies":[{"embeddable":true,"href":"https:\/\/smarted.smartonlineedu.com\/index.php\/wp-json\/wp\/v2\/comments?post=863"}],"version-history":[{"count":1,"href":"https:\/\/smarted.smartonlineedu.com\/index.php\/wp-json\/wp\/v2\/pages\/863\/revisions"}],"predecessor-version":[{"id":864,"href":"https:\/\/smarted.smartonlineedu.com\/index.php\/wp-json\/wp\/v2\/pages\/863\/revisions\/864"}],"up":[{"embeddable":true,"href":"https:\/\/smarted.smartonlineedu.com\/index.php\/wp-json\/wp\/v2\/pages\/860"}],"wp:attachment":[{"href":"https:\/\/smarted.smartonlineedu.com\/index.php\/wp-json\/wp\/v2\/media?parent=863"}],"curies":[{"name":"wp","href":"https:\/\/api.w.org\/{rel}","templated":true}]}}