{"id":830,"date":"2024-07-05T10:43:34","date_gmt":"2024-07-05T10:43:34","guid":{"rendered":"https:\/\/solutions-hr.com\/?page_id=830"},"modified":"2024-07-06T15:34:09","modified_gmt":"2024-07-06T15:34:09","slug":"bai-de-ape-minerale","status":"publish","type":"page","link":"https:\/\/smarted.smartonlineedu.com\/index.php\/remedii-naturale\/bai-de-ape-minerale\/","title":{"rendered":"B\u0103i cu ape minerale"},"content":{"rendered":"\n<h2 class=\"wp-block-heading\">B\u0103i cu ape minerale<\/h2>\n\n\n\n<div class=\"wp-block-cover alignfull is-light\" style=\"min-height:600px;aspect-ratio:unset;\"><span aria-hidden=\"true\" class=\"wp-block-cover__background has-nv-light-bg-background-color has-background-dim\"><\/span><img loading=\"lazy\" decoding=\"async\" width=\"204\" height=\"192\" class=\"wp-block-cover__image-background wp-image-96\" alt=\"\" src=\"https:\/\/smarted.smartonlineedu.com\/wp-content\/uploads\/2024\/04\/kek.jpg\" data-object-fit=\"cover\"\/><div class=\"wp-block-cover__inner-container is-layout-flow wp-block-cover-is-layout-flow\">\n<div class=\"wp-block-group\"><div class=\"wp-block-group__inner-container is-layout-flow wp-block-group-is-layout-flow\">\n<div class=\"wp-block-columns are-vertically-aligned-center is-layout-flex wp-container-core-columns-is-layout-9d6595d7 wp-block-columns-is-layout-flex\">\n<div class=\"wp-block-column is-vertically-aligned-center is-layout-flow wp-block-column-is-layout-flow\" style=\"flex-basis:50%\">\n<div class=\"wp-block-cover is-light\"><span aria-hidden=\"true\" class=\"wp-block-cover__background has-background-dim\" style=\"background-color:#80857f\"><\/span><img loading=\"lazy\" decoding=\"async\" width=\"1080\" height=\"720\" class=\"wp-block-cover__image-background wp-image-62\" alt=\"\" src=\"https:\/\/smarted.smartonlineedu.com\/wp-content\/uploads\/2024\/04\/gyogyfurdok-korond.jpg\" data-object-fit=\"cover\" srcset=\"https:\/\/smarted.smartonlineedu.com\/wp-content\/uploads\/2024\/04\/gyogyfurdok-korond.jpg 1080w, https:\/\/smarted.smartonlineedu.com\/wp-content\/uploads\/2024\/04\/gyogyfurdok-korond-300x200.jpg 300w, https:\/\/smarted.smartonlineedu.com\/wp-content\/uploads\/2024\/04\/gyogyfurdok-korond-1024x683.jpg 1024w, https:\/\/smarted.smartonlineedu.com\/wp-content\/uploads\/2024\/04\/gyogyfurdok-korond-768x512.jpg 768w, https:\/\/smarted.smartonlineedu.com\/wp-content\/uploads\/2024\/04\/gyogyfurdok-korond-930x620.jpg 930w\" sizes=\"auto, (max-width: 1080px) 100vw, 1080px\" \/><div class=\"wp-block-cover__inner-container is-layout-flow wp-block-cover-is-layout-flow\">\n<p class=\"has-text-align-center has-large-font-size\"><\/p>\n<\/div><\/div>\n<\/div>\n\n\n\n<div class=\"wp-block-column is-vertically-aligned-center is-layout-flow wp-block-column-is-layout-flow\" style=\"flex-basis:50%\">\n<ul class=\"wp-block-list\">\n<li>B\u0103ile cu ape minerale din jude\u021bul Harghita ocup\u0103 un loc special, deoarece apele bogate \u00een minerale naturale contribuie la <strong><em>re\u00eennoirea fizic\u0103 \u0219i mental\u0103. <\/em><\/strong><\/li>\n\n\n\n<li>Aceste b\u0103i sunt ideale pentru tratarea diferitelor <strong><em>probleme de piele, afec\u021biuni articulare \u0219i reumatice<\/em><\/strong>, precum \u0219i pentru <strong><em>reducerea stresului \u0219i relaxare.<\/em><\/strong><\/li>\n\n\n\n<li>Apele minerale calde r<strong><em>elaxeaz\u0103 mu\u0219chii, stimuleaz\u0103 circula\u021bia sanguin\u0103 \u0219i sus\u021bin procesele de detoxifiere ale organismului<\/em><\/strong>. <\/li>\n\n\n\n<li>B\u0103ile cu ape minerale \u0219i complexele de wellness din jude\u021bul Harghita nu ofer\u0103 doar vindecare, ci \u0219i o<strong><em>portunit\u0103\u021bi excelente de recreere pentru toate categoriile de v\u00e2rst\u0103.<\/em><\/strong><\/li>\n<\/ul>\n<\/div>\n<\/div>\n<\/div><\/div>\n\n\n\n<div class=\"wp-block-columns is-layout-flex wp-container-core-columns-is-layout-9d6595d7 wp-block-columns-is-layout-flex\">\n<div class=\"wp-block-column is-layout-flow wp-block-column-is-layout-flow\">\n<p class=\"has-text-align-center\"><strong><em>             Sursa: <\/em><\/strong><a href=\"https:\/\/www.korond-tour.ro\/korond-unicum-sosfurdo7160\" target=\"_blank\" rel=\"noreferrer noopener\">Baile Sarate Unicum -Corund<\/a><\/p>\n<\/div>\n\n\n\n<div class=\"wp-block-column is-layout-flow wp-block-column-is-layout-flow\"><\/div>\n<\/div>\n<\/div><\/div>\n\n\n\n<h2 class=\"wp-block-heading\">Trecut<\/h2>\n\n\n\n<ul class=\"wp-block-list\">\n<li>\u00cen anii &#8217;90, \u00een jude\u021bul Harghita existau 3 centre de interes na\u021bional care ofereau tratamente balneare (B\u0103ile Tu\u0219nad, Borsec \u0219i Lacul Ro\u0219u) \u0219i 22 de sta\u021biuni de interes local (Miercurea Ciuc, B\u0103ile Jigodin, B\u0103ile Harghita, B\u0103ile Chirui, B\u0103ile Homorod, S\u00e2ncr\u0103ieni, B\u0103ile Seiche, Praid, M\u0103d\u0103ra\u0219, Racu, D\u0103ne\u0219ti, B\u0103ile M\u0103d\u0103ra\u0219, S\u00e2ntimbru, S\u00e2nmartin, Cristuru Secuiesc, Ocland, Lueta, Remetea, Topli\u021ba, L\u0103zarea). Acestea au contribuit semnificativ la turismul balnear al jude\u021bului (Domabay S, 1998).<\/li>\n<\/ul>\n\n\n\n<h2 class=\"wp-block-heading\">Prezent<\/h2>\n\n\n\n<ul class=\"wp-block-list\">\n<li>\u00cen prezent, unele dintre aceste b\u0103i func\u021bioneaz\u0103 ca b\u0103i populare, oferind posibilit\u0103\u021bi terapeutice at\u00e2t din punct de vedere al preven\u021biei, c\u00e2t \u0219i pentru tratarea diverselor probleme de s\u0103n\u0103tate. Cu toate acestea, niciuna nu asigur\u0103 tratamente gestionate de speciali\u0219ti medicali.<\/li>\n<\/ul>\n\n\n\n<figure class=\"wp-block-table\"><table class=\"has-fixed-layout\"><tbody><tr><td><strong>Localitate<\/strong><\/td><td><strong>Servicii<\/strong><\/td><td><strong>Indica\u021bii terapeutice<\/strong><\/td><\/tr><tr><td>B\u0103ile Jigodin<\/td><td>b\u0103i terapeutice cu cad\u0103, masaje<br>salin\u0103, saune, mofet\u0103<br>bazin cu ap\u0103 medicinal\u0103<br>gimnastic\u0103 medical\u0103<br>hoteluri, pensiuni \u00een zon\u0103<\/td><td>sistem nervos periferic<br>sistem cardiovascular<br>reabilitare post-traumatic\u0103<br>probleme ale coloanei vertebrale<br>dureri musculare \u0219i articulare<br>ameliorarea stresului<\/td><\/tr><tr><td>Corund<br>B\u0103ile s\u0103rate Unicum<\/td><td>piscin\u0103 pentru copii<br>piscin\u0103 pentru b\u0103i de \u0219ezut<br>construit\u0103 \u00een principal pentru locuitorii locali<br>pensiuni \u00een zon\u0103<\/td><td>boli ale aparatului locomotor<br>afec\u021biuni reumatologice<\/td><\/tr><tr><td>B\u0103ile Selters<br>Baia popular\u0103 de la N\u00e1dassz\u00e9k<\/td><td>piscin\u0103 exterioar\u0103 de 4&#215;8 m pentru b\u0103i de \u0219ezut<br>la 200 m distan\u021b\u0103 se afl\u0103 un izvor de ap\u0103 mineral\u0103, recomandat\u0103 pentru cure interne pentru men\u021binerea s\u0103n\u0103t\u0103\u021bii sistemului digestiv<br>posibilitate de cazare \u00een dou\u0103 c\u0103su\u021be pentru 4+2 persoane<\/td><td>afec\u021biuni articulare, st\u0103ri de nervozitate<br>anxietate, insomnie, arterioscleroz\u0103, HTA<br><strong>contraindica\u021bii<\/strong>: persoane recent operate<br>pacien\u021bi cu cancer<\/td><\/tr><tr><td>Topli\u021ba<br>B\u0103ile Urm\u00e1nczy<br>B\u0103ile B\u00e1nffy<\/td><td>piscine pentru copii \u0219i adul\u021bi<br>activit\u0103\u021bi sportive, loc de joac\u0103<br>hoteluri, pensiuni \u00een zon\u0103<\/td><td>boli cardiovasculare<br>icter cronic, diabet<br>afec\u021biuni reumatice, boli articulare<\/td><\/tr><tr><td>B\u0103ile Muhos Patak<br><\/td><td><br><br>Piscin\u0103 exterioar\u0103 \u2013 37m\u00b3<br>Baie cu cad\u0103<br>Saun\u0103<br>Cad\u0103 cu hidromasaj \u2013 7 persoane<br>Posibilitate de cazare: pensiune proprie<\/td><td>boli ale aparatului locomotor<br>afec\u021biuni reumatice degenerative, artrite cronice<br>afec\u021biuni ale \u021besuturilor moi periarticulare, inflama\u021bii cronice ale tendoanelor, tecilor tendinoase, capsulelor \u0219i leziunile acestora, modific\u0103ri patologice postoperatorii<br>boli cronice ale pielii, eczeme, psoriazis, sechele posttraumatice<br>sechele dup\u0103 traumatisme \u0219i interven\u021bii chirurgicale<br>neuropatii periferice &#8211; polineuropatii<br>inflama\u021bii cronice ale uterului \u0219i ovarelor &#8211; metroanexite<br>afec\u021biuni alergiceafec\u021biuni alergice respiratorii<br>afec\u021biuni alergice ale pielii<\/td><\/tr><\/tbody><\/table><\/figure>\n","protected":false},"excerpt":{"rendered":"<p>B\u0103i cu ape minerale Trecut Prezent Localitate Servicii Indica\u021bii terapeutice B\u0103ile Jigodin b\u0103i terapeutice cu cad\u0103, masajesalin\u0103, saune, mofet\u0103bazin cu ap\u0103 medicinal\u0103gimnastic\u0103 medical\u0103hoteluri, pensiuni \u00een zon\u0103 sistem nervos perifericsistem cardiovascularreabilitare post-traumatic\u0103probleme ale coloanei vertebraledureri musculare \u0219i articulareameliorarea stresului CorundB\u0103ile s\u0103rate Unicum piscin\u0103 pentru copiipiscin\u0103 pentru b\u0103i de \u0219ezutconstruit\u0103 \u00een principal pentru locuitorii localipensiuni \u00een zon\u0103&hellip;&nbsp;<a href=\"https:\/\/smarted.smartonlineedu.com\/index.php\/remedii-naturale\/bai-de-ape-minerale\/\" rel=\"bookmark\">Read More &raquo;<span class=\"screen-reader-text\">B\u0103i cu ape minerale<\/span><\/a><\/p>\n","protected":false},"author":1,"featured_media":0,"parent":901,"menu_order":0,"comment_status":"closed","ping_status":"closed","template":"","meta":{"_coblocks_attr":"","_coblocks_dimensions":"","_coblocks_responsive_height":"","_coblocks_accordion_ie_support":"","_eb_attr":"","_uag_custom_page_level_css":"","advgb_blocks_editor_width":"","advgb_blocks_columns_visual_guide":"","neve_meta_sidebar":"","neve_meta_container":"","neve_meta_enable_content_width":"on","neve_meta_content_width":100,"neve_meta_title_alignment":"","neve_meta_author_avatar":"","neve_post_elements_order":"","neve_meta_disable_header":"","neve_meta_disable_footer":"","neve_meta_disable_title":"on","_themeisle_gutenberg_block_has_review":false,"footnotes":""},"class_list":["post-830","page","type-page","status-publish","hentry"],"uagb_featured_image_src":{"full":false,"thumbnail":false,"medium":false,"medium_large":false,"large":false,"1536x1536":false,"2048x2048":false,"neve-blog":false},"uagb_author_info":{"display_name":"admin","author_link":"https:\/\/smarted.smartonlineedu.com\/index.php\/author\/admin_8iq54gse\/"},"uagb_comment_info":0,"uagb_excerpt":"B\u0103i cu ape minerale Trecut Prezent Localitate Servicii Indica\u021bii terapeutice B\u0103ile Jigodin b\u0103i terapeutice cu cad\u0103, masajesalin\u0103, saune, mofet\u0103bazin cu ap\u0103 medicinal\u0103gimnastic\u0103 medical\u0103hoteluri, pensiuni \u00een zon\u0103 sistem nervos perifericsistem cardiovascularreabilitare post-traumatic\u0103probleme ale coloanei vertebraledureri musculare \u0219i articulareameliorarea stresului CorundB\u0103ile s\u0103rate Unicum piscin\u0103 pentru copiipiscin\u0103 pentru b\u0103i de \u0219ezutconstruit\u0103 \u00een principal pentru locuitorii localipensiuni \u00een zon\u0103&hellip;&nbsp;Read&hellip;","coauthors":[],"author_meta":{"author_link":"https:\/\/smarted.smartonlineedu.com\/index.php\/author\/admin_8iq54gse\/","display_name":"admin"},"relative_dates":{"created":"Posted 2 \u00e9v ago","modified":"Updated 2 \u00e9v ago"},"absolute_dates":{"created":"Posted on j\u00falius 5, 2024","modified":"Updated on j\u00falius 6, 2024"},"absolute_dates_time":{"created":"Posted on j\u00falius 5, 2024 10:43 de.","modified":"Updated on j\u00falius 6, 2024 3:34 du."},"featured_img_caption":"","featured_img":false,"series_order":"","_links":{"self":[{"href":"https:\/\/smarted.smartonlineedu.com\/index.php\/wp-json\/wp\/v2\/pages\/830","targetHints":{"allow":["GET"]}}],"collection":[{"href":"https:\/\/smarted.smartonlineedu.com\/index.php\/wp-json\/wp\/v2\/pages"}],"about":[{"href":"https:\/\/smarted.smartonlineedu.com\/index.php\/wp-json\/wp\/v2\/types\/page"}],"author":[{"embeddable":true,"href":"https:\/\/smarted.smartonlineedu.com\/index.php\/wp-json\/wp\/v2\/users\/1"}],"replies":[{"embeddable":true,"href":"https:\/\/smarted.smartonlineedu.com\/index.php\/wp-json\/wp\/v2\/comments?post=830"}],"version-history":[{"count":8,"href":"https:\/\/smarted.smartonlineedu.com\/index.php\/wp-json\/wp\/v2\/pages\/830\/revisions"}],"predecessor-version":[{"id":857,"href":"https:\/\/smarted.smartonlineedu.com\/index.php\/wp-json\/wp\/v2\/pages\/830\/revisions\/857"}],"up":[{"embeddable":true,"href":"https:\/\/smarted.smartonlineedu.com\/index.php\/wp-json\/wp\/v2\/pages\/901"}],"wp:attachment":[{"href":"https:\/\/smarted.smartonlineedu.com\/index.php\/wp-json\/wp\/v2\/media?parent=830"}],"curies":[{"name":"wp","href":"https:\/\/api.w.org\/{rel}","templated":true}]}}