{"id":8,"date":"2024-04-05T07:07:14","date_gmt":"2024-04-05T07:07:14","guid":{"rendered":"https:\/\/solutions-hr.com\/?page_id=8"},"modified":"2024-07-06T15:00:03","modified_gmt":"2024-07-06T15:00:03","slug":"termeszeti-gyogytenyezok","status":"publish","type":"page","link":"https:\/\/smarted.smartonlineedu.com\/index.php\/termeszeti-gyogytenyezok\/","title":{"rendered":"Term\u00e9szeti Gy\u00f3gyt\u00e9nyez\u0151k"},"content":{"rendered":"\n<div class=\"wp-block-cover alignfull is-light\" style=\"min-height:600px;aspect-ratio:unset;\"><span aria-hidden=\"true\" class=\"wp-block-cover__background has-nv-light-bg-background-color has-background-dim\"><\/span><img loading=\"lazy\" decoding=\"async\" width=\"194\" height=\"183\" class=\"wp-block-cover__image-background wp-image-98\" alt=\"\" src=\"https:\/\/smarted.smartonlineedu.com\/wp-content\/uploads\/2024\/04\/vilagoskek.jpg\" data-object-fit=\"cover\"\/><div class=\"wp-block-cover__inner-container is-layout-flow wp-block-cover-is-layout-flow\">\n<div class=\"wp-block-group\"><div class=\"wp-block-group__inner-container is-layout-flow wp-block-group-is-layout-flow\">\n<div style=\"height:80px\" aria-hidden=\"true\" class=\"wp-block-spacer\"><\/div>\n\n\n\n<div class=\"wp-block-columns are-vertically-aligned-center is-layout-flex wp-container-core-columns-is-layout-9d6595d7 wp-block-columns-is-layout-flex\">\n<div class=\"wp-block-column is-vertically-aligned-center is-layout-flow wp-block-column-is-layout-flow\" style=\"flex-basis:50%\">\n<figure class=\"wp-block-image size-large is-resized\"><img loading=\"lazy\" decoding=\"async\" width=\"768\" height=\"1024\" src=\"https:\/\/smarted.smartonlineedu.com\/wp-content\/uploads\/2024\/04\/borviz-768x1024.jpg\" alt=\"\" class=\"wp-image-61\" style=\"width:419px;height:auto\" srcset=\"https:\/\/smarted.smartonlineedu.com\/wp-content\/uploads\/2024\/04\/borviz-768x1024.jpg 768w, https:\/\/smarted.smartonlineedu.com\/wp-content\/uploads\/2024\/04\/borviz-225x300.jpg 225w, https:\/\/smarted.smartonlineedu.com\/wp-content\/uploads\/2024\/04\/borviz-1152x1536.jpg 1152w, https:\/\/smarted.smartonlineedu.com\/wp-content\/uploads\/2024\/04\/borviz-1536x2048.jpg 1536w, https:\/\/smarted.smartonlineedu.com\/wp-content\/uploads\/2024\/04\/borviz-scaled.jpg 1920w\" sizes=\"auto, (max-width: 768px) 100vw, 768px\" \/><\/figure>\n<\/div>\n\n\n\n<div class=\"wp-block-column is-vertically-aligned-center is-layout-flow wp-block-column-is-layout-flow\" style=\"flex-basis:50%\">\n<h2 class=\"wp-block-heading has-text-align-center has-neve-text-color-color has-text-color\">\u00c1sv\u00e1nyvizek  <\/h2>\n\n\n\n<p class=\"has-neve-text-color-color has-text-color has-medium-font-size\">Hargita megye k\u00fcl\u00f6nleges helyet foglal el a gy\u00f3gyturizmus t\u00e9rk\u00e9p\u00e9n, k\u00f6sz\u00f6nhet\u0151en gazdag \u00e1sv\u00e1nyv\u00edz kincseinek.<\/p>\n\n\n\n<p class=\"has-neve-text-color-color has-text-color\">A geol\u00f3giai saj\u00e1toss\u00e1goknak k\u00f6sz\u00f6nhet\u0151en t\u00f6bb mint ezer \u00e1sv\u00e1nyv\u00edz forr\u00e1s t\u00f6r a felsz\u00ednre, mindegyik egyedi \u00f6sszet\u00e9tellel, amely az eg\u00e9szs\u00e9g meg\u0151rz\u00e9s\u00e9t szolg\u00e1lja. <\/p>\n\n\n\n<p class=\"has-neve-text-color-color has-text-color\">A helyi \u00e1sv\u00e1nyvizek, mint a B\u00e9lbor, Borsz\u00e9k, Tusn\u00e1df\u00fcrd\u0151, T\u00f6lgyes medenc\u00e9j\u00e9b\u0151l stb. sz\u00e1rmaz\u00f3 vizek, magas \u00e1sv\u00e1nyianyag-tartalmukkal k\u00fcl\u00f6n\u00f6sen alkalmasak sz\u00e1mos eg\u00e9szs\u00e9g\u00fcgyi probl\u00e9ma megel\u0151z\u00e9s\u00e9re \u00e9s kezel\u00e9s\u00e9re.<\/p>\n\n\n\n<div class=\"wp-block-buttons is-layout-flex wp-block-buttons-is-layout-flex\">\n<div class=\"wp-block-button is-style-primary\"><a class=\"wp-block-button__link wp-element-button\" href=\"https:\/\/smarted.smartonlineedu.com\/index.php\/asvanyvizfurdok\/\" target=\"_blank\" rel=\"noreferrer noopener\">TUDJ MEG T\u00d6BBET<\/a><\/div>\n<\/div>\n<\/div>\n<\/div>\n\n\n\n<div style=\"height:40px\" aria-hidden=\"true\" class=\"wp-block-spacer\"><\/div>\n<\/div><\/div>\n<\/div><\/div>\n\n\n\n<div class=\"wp-block-cover alignfull is-light\" style=\"min-height:600px;aspect-ratio:unset;\"><span aria-hidden=\"true\" class=\"wp-block-cover__background has-background-dim\" style=\"background-color:#2b98cd\"><\/span><img loading=\"lazy\" decoding=\"async\" width=\"300\" height=\"168\" class=\"wp-block-cover__image-background wp-image-99\" alt=\"\" src=\"https:\/\/smarted.smartonlineedu.com\/wp-content\/uploads\/2024\/04\/zold-sarga.jpg\" data-object-fit=\"cover\"\/><div class=\"wp-block-cover__inner-container is-layout-flow wp-block-cover-is-layout-flow\">\n<div class=\"wp-block-group\"><div class=\"wp-block-group__inner-container is-layout-flow wp-block-group-is-layout-flow\">\n<div style=\"height:80px\" aria-hidden=\"true\" class=\"wp-block-spacer\"><\/div>\n\n\n\n<div class=\"wp-block-columns are-vertically-aligned-center is-layout-flex wp-container-core-columns-is-layout-9d6595d7 wp-block-columns-is-layout-flex\">\n<div class=\"wp-block-column is-vertically-aligned-center is-layout-flow wp-block-column-is-layout-flow\" style=\"flex-basis:50%\">\n<h2 class=\"wp-block-heading has-nv-text-dark-bg-color has-text-color\">Kl\u00edmater\u00e9pia<\/h2>\n\n\n\n<p class=\"has-nv-text-dark-bg-color has-text-color\">Hargita megye egyedi kl\u00edm\u00e1ja pozit\u00edv hat\u00e1ssal van a l\u00e9gz\u0151szervi betegs\u00e9gekkel k\u00fczd\u0151k eg\u00e9szs\u00e9g\u00e9re, t\u00e1mogatva a l\u00e9gutak term\u00e9szetes tisztul\u00e1s\u00e1t \u00e9s az immunrendszer er\u0151s\u00f6d\u00e9s\u00e9t. <\/p>\n\n\n\n<p class=\"has-nv-text-dark-bg-color has-text-color\">A magaslati \u00e9s erdei ter\u00fcleteken \u00e9lvezhet\u0151 friss, tiszta leveg\u0151 jav\u00edtja az \u00e1ltal\u00e1nos k\u00f6z\u00e9rzetet, seg\u00edt a stressz cs\u00f6kkent\u00e9s\u00e9ben \u00e9s n\u00f6veli a pihen\u00e9s min\u0151s\u00e9g\u00e9t. <\/p>\n\n\n\n<p class=\"has-nv-text-dark-bg-color has-text-color\">Ez a term\u00e9szeti gy\u00f3gyfaktor el\u0151seg\u00edti a testi-lelki regener\u00e1l\u00f3d\u00e1st, \u00edgy jav\u00edtva az \u00e9letmin\u0151s\u00e9get \u00e9s er\u0151s\u00edti a szervezet term\u00e9szetes ellen\u00e1ll\u00f3 k\u00e9pess\u00e9g\u00e9t.<\/p>\n\n\n\n<div style=\"height:20px\" aria-hidden=\"true\" class=\"wp-block-spacer\"><\/div>\n\n\n\n<div class=\"wp-block-buttons is-layout-flex wp-block-buttons-is-layout-flex\">\n<div class=\"wp-block-button is-style-primary\"><a class=\"wp-block-button__link wp-element-button\" href=\"https:\/\/smarted.smartonlineedu.com\/index.php\/klimaterapia\/\" target=\"_blank\" rel=\"noreferrer noopener\">TUDJ MEG T\u00d6BBET<\/a><\/div>\n<\/div>\n\n\n\n<div style=\"height:20px\" aria-hidden=\"true\" class=\"wp-block-spacer\"><\/div>\n<\/div>\n\n\n\n<div class=\"wp-block-column is-vertically-aligned-center is-layout-flow wp-block-column-is-layout-flow\" style=\"flex-basis:50%\">\n<figure class=\"wp-block-image size-large\"><img loading=\"lazy\" decoding=\"async\" width=\"1024\" height=\"768\" src=\"https:\/\/smarted.smartonlineedu.com\/wp-content\/uploads\/2024\/04\/madarasi-sipalya-1024x768.jpg\" alt=\"\" class=\"wp-image-63\" srcset=\"https:\/\/smarted.smartonlineedu.com\/wp-content\/uploads\/2024\/04\/madarasi-sipalya-1024x768.jpg 1024w, https:\/\/smarted.smartonlineedu.com\/wp-content\/uploads\/2024\/04\/madarasi-sipalya-300x225.jpg 300w, https:\/\/smarted.smartonlineedu.com\/wp-content\/uploads\/2024\/04\/madarasi-sipalya-768x576.jpg 768w, https:\/\/smarted.smartonlineedu.com\/wp-content\/uploads\/2024\/04\/madarasi-sipalya-1536x1152.jpg 1536w, https:\/\/smarted.smartonlineedu.com\/wp-content\/uploads\/2024\/04\/madarasi-sipalya-2048x1536.jpg 2048w\" sizes=\"auto, (max-width: 1024px) 100vw, 1024px\" \/><\/figure>\n<\/div>\n<\/div>\n\n\n\n<div style=\"height:40px\" aria-hidden=\"true\" class=\"wp-block-spacer\"><\/div>\n<\/div><\/div>\n<\/div><\/div>\n\n\n\n<div class=\"wp-block-cover alignfull\" style=\"min-height:600px;aspect-ratio:unset;\"><span aria-hidden=\"true\" class=\"wp-block-cover__background has-nv-light-bg-background-color has-background-dim-100 has-background-dim\"><\/span><div class=\"wp-block-cover__inner-container is-layout-flow wp-block-cover-is-layout-flow\">\n<div class=\"wp-block-group\"><div class=\"wp-block-group__inner-container is-layout-flow wp-block-group-is-layout-flow\">\n<div style=\"height:80px\" aria-hidden=\"true\" class=\"wp-block-spacer\"><\/div>\n\n\n\n<div class=\"wp-block-columns are-vertically-aligned-center is-layout-flex wp-container-core-columns-is-layout-9d6595d7 wp-block-columns-is-layout-flex\">\n<div class=\"wp-block-column is-vertically-aligned-center is-layout-flow wp-block-column-is-layout-flow\" style=\"flex-basis:50%\">\n<figure class=\"wp-block-image size-full is-resized size-large\"><img loading=\"lazy\" decoding=\"async\" width=\"900\" height=\"675\" src=\"https:\/\/smarted.smartonlineedu.com\/wp-content\/uploads\/2024\/04\/sobanya.jpg\" alt=\"\" class=\"wp-image-65\" style=\"width:419px;height:auto\" srcset=\"https:\/\/smarted.smartonlineedu.com\/wp-content\/uploads\/2024\/04\/sobanya.jpg 900w, https:\/\/smarted.smartonlineedu.com\/wp-content\/uploads\/2024\/04\/sobanya-300x225.jpg 300w, https:\/\/smarted.smartonlineedu.com\/wp-content\/uploads\/2024\/04\/sobanya-768x576.jpg 768w\" sizes=\"auto, (max-width: 900px) 100vw, 900px\" \/><\/figure>\n<\/div>\n\n\n\n<div class=\"wp-block-column is-vertically-aligned-center is-layout-flow wp-block-column-is-layout-flow\" style=\"flex-basis:50%\">\n<h2 class=\"wp-block-heading has-neve-text-color-color has-text-color\">S\u00f3ter\u00e1pia<\/h2>\n\n\n\n<p class=\"has-neve-text-color-color has-text-color\">Hargita megye s\u00f3ter\u00e1pi\u00e1s lehet\u0151s\u00e9gei kiemelked\u0151en pozit\u00edv hat\u00e1ssal vannak a l\u00e9gz\u0151rendszeri megbeteged\u00e9sek kezel\u00e9s\u00e9re \u00e9s megel\u0151z\u00e9s\u00e9re.<\/p>\n\n\n\n<p class=\"has-neve-text-color-color has-text-color\">A s\u00f3b\u00e1nya \u00e9s s\u00f3kamr\u00e1k mikrokl\u00edm\u00e1ja seg\u00edti a l\u00e9gutak tisztul\u00e1s\u00e1t, cs\u00f6kkenti az allergi\u00e1s t\u00fcneteket, \u00e9s jav\u00edtja a l\u00e9gz\u00e9sfunkci\u00f3t. <\/p>\n\n\n\n<p class=\"has-neve-text-color-color has-text-color\">Emellett a s\u00f3ter\u00e1pia el\u0151seg\u00edti a pihen\u00e9st \u00e9s a ment\u00e1lis j\u00f3l\u00e9tet, \u00edgy t\u00e1mogatva a stressz cs\u00f6kkent\u00e9s\u00e9t \u00e9s az \u00e1ltal\u00e1nos eg\u00e9szs\u00e9gmeg\u0151rz\u00e9st.<\/p>\n\n\n\n<div class=\"wp-block-buttons is-layout-flex wp-block-buttons-is-layout-flex\">\n<div class=\"wp-block-button is-style-primary\"><a class=\"wp-block-button__link wp-element-button\" href=\"https:\/\/smarted.smartonlineedu.com\/index.php\/sokamrak\/\" target=\"_blank\" rel=\"noreferrer noopener\">TUDJ MEG T\u00d6BBET<\/a><\/div>\n<\/div>\n<\/div>\n<\/div>\n\n\n\n<div style=\"height:40px\" aria-hidden=\"true\" class=\"wp-block-spacer\"><\/div>\n<\/div><\/div>\n<\/div><\/div>\n\n\n\n<div class=\"wp-block-cover alignfull\" style=\"min-height:600px;aspect-ratio:unset;\"><span aria-hidden=\"true\" class=\"wp-block-cover__background has-background-dim\" style=\"background-color:#2b98cd\"><\/span><img loading=\"lazy\" decoding=\"async\" width=\"204\" height=\"192\" class=\"wp-block-cover__image-background wp-image-96\" alt=\"\" src=\"https:\/\/smarted.smartonlineedu.com\/wp-content\/uploads\/2024\/04\/kek.jpg\" data-object-fit=\"cover\"\/><div class=\"wp-block-cover__inner-container is-layout-flow wp-block-cover-is-layout-flow\">\n<div class=\"wp-block-group\"><div class=\"wp-block-group__inner-container is-layout-flow wp-block-group-is-layout-flow\">\n<div style=\"height:80px\" aria-hidden=\"true\" class=\"wp-block-spacer\"><\/div>\n\n\n\n<div class=\"wp-block-columns are-vertically-aligned-center is-layout-flex wp-container-core-columns-is-layout-9d6595d7 wp-block-columns-is-layout-flex\">\n<div class=\"wp-block-column is-vertically-aligned-center is-layout-flow wp-block-column-is-layout-flow\" style=\"flex-basis:50%\">\n<h2 class=\"wp-block-heading has-nv-text-dark-bg-color has-text-color\">F\u0171rd\u0151k<\/h2>\n\n\n\n<p class=\"has-nv-text-dark-bg-color has-text-color\">Hargita megye f\u00fcrd\u0151i jelent\u0151s szerepet j\u00e1tszanak a helyi eg\u00e9szs\u00e9gturizmusban, ahol a term\u00e1lvizek \u00e9s gy\u00f3gyf\u00fcrd\u0151k kedvez\u0151 hat\u00e1st gyakorolnak az \u00edz\u00fcleti \u00e9s reumatikus panaszokra. <\/p>\n\n\n\n<p class=\"has-nv-text-dark-bg-color has-text-color\">A k\u00fcl\u00f6nb\u00f6z\u0151 h\u0151m\u00e9rs\u00e9klet\u0171 \u00e9s \u00e1sv\u00e1nyi \u00f6sszet\u00e9tel\u0171 vizek seg\u00edtenek a gy\u00f3gyul\u00e1si folyamatok el\u0151seg\u00edt\u00e9s\u00e9ben \u00e9s a testi-lelki regener\u00e1l\u00f3d\u00e1sban. <\/p>\n\n\n\n<p class=\"has-nv-text-dark-bg-color has-text-color\">Ez\u00e1ltal a f\u00fcrd\u0151k nem csak ter\u00e1pi\u00e1s, hanem kikapcsol\u00f3d\u00e1si \u00e9s wellness c\u00e9lpontokk\u00e9nt is vonzz\u00e1k a l\u00e1togat\u00f3kat, hozz\u00e1j\u00e1rulva a r\u00e9gi\u00f3 turisztikai vonzerej\u00e9hez \u00e9s gazdas\u00e1gi fejl\u0151d\u00e9s\u00e9hez.<\/p>\n\n\n\n<div style=\"height:20px\" aria-hidden=\"true\" class=\"wp-block-spacer\"><\/div>\n\n\n\n<div class=\"wp-block-buttons is-layout-flex wp-block-buttons-is-layout-flex\">\n<div class=\"wp-block-button is-style-primary\"><a class=\"wp-block-button__link wp-element-button\" href=\"https:\/\/smarted.smartonlineedu.com\/index.php\/asvanyvizfurdok\/\" target=\"_blank\" rel=\"noreferrer noopener\">TUDJ MEG T\u00d6BBET<\/a><\/div>\n<\/div>\n\n\n\n<div style=\"height:20px\" aria-hidden=\"true\" class=\"wp-block-spacer\"><\/div>\n<\/div>\n\n\n\n<div class=\"wp-block-column is-vertically-aligned-center is-layout-flow wp-block-column-is-layout-flow\" style=\"flex-basis:50%\">\n<figure class=\"wp-block-image size-large\"><img loading=\"lazy\" decoding=\"async\" width=\"1024\" height=\"683\" src=\"https:\/\/smarted.smartonlineedu.com\/wp-content\/uploads\/2024\/04\/gyogyfurdok-korond-1024x683.jpg\" alt=\"\" class=\"wp-image-62\" srcset=\"https:\/\/smarted.smartonlineedu.com\/wp-content\/uploads\/2024\/04\/gyogyfurdok-korond-1024x683.jpg 1024w, https:\/\/smarted.smartonlineedu.com\/wp-content\/uploads\/2024\/04\/gyogyfurdok-korond-300x200.jpg 300w, https:\/\/smarted.smartonlineedu.com\/wp-content\/uploads\/2024\/04\/gyogyfurdok-korond-768x512.jpg 768w, https:\/\/smarted.smartonlineedu.com\/wp-content\/uploads\/2024\/04\/gyogyfurdok-korond-930x620.jpg 930w, https:\/\/smarted.smartonlineedu.com\/wp-content\/uploads\/2024\/04\/gyogyfurdok-korond.jpg 1080w\" sizes=\"auto, (max-width: 1024px) 100vw, 1024px\" \/><\/figure>\n<\/div>\n<\/div>\n\n\n\n<div style=\"height:40px\" aria-hidden=\"true\" class=\"wp-block-spacer\"><\/div>\n<\/div><\/div>\n<\/div><\/div>\n\n\n\n<div class=\"wp-block-cover alignfull is-light\" style=\"min-height:600px;aspect-ratio:unset;\"><span aria-hidden=\"true\" class=\"wp-block-cover__background has-background-dim\" style=\"background-color:#2b98cd\"><\/span><img loading=\"lazy\" decoding=\"async\" width=\"257\" height=\"196\" class=\"wp-block-cover__image-background wp-image-109\" alt=\"\" src=\"https:\/\/smarted.smartonlineedu.com\/wp-content\/uploads\/2024\/04\/mofetta.jpg\" data-object-fit=\"cover\"\/><div class=\"wp-block-cover__inner-container is-layout-flow wp-block-cover-is-layout-flow\">\n<div class=\"wp-block-group\"><div class=\"wp-block-group__inner-container is-layout-flow wp-block-group-is-layout-flow\">\n<div class=\"wp-block-columns are-vertically-aligned-center is-layout-flex wp-container-core-columns-is-layout-9d6595d7 wp-block-columns-is-layout-flex\">\n<div class=\"wp-block-column is-vertically-aligned-center is-layout-flow wp-block-column-is-layout-flow\" style=\"flex-basis:50%\">\n<div class=\"wp-block-uagb-image uagb-block-24d284f7 wp-block-uagb-image--layout-default wp-block-uagb-image--effect-static wp-block-uagb-image--align-none\"><figure class=\"wp-block-uagb-image__figure\"><img decoding=\"async\" srcset=\"https:\/\/smarted.smartonlineedu.com\/wp-content\/uploads\/2024\/04\/mofetta-zsogod.jpg ,https:\/\/smarted.smartonlineedu.com\/wp-content\/uploads\/2024\/04\/mofetta-zsogod.jpg 780w, https:\/\/smarted.smartonlineedu.com\/wp-content\/uploads\/2024\/04\/mofetta-zsogod.jpg 360w\" sizes=\"auto, (max-width: 480px) 150px\" src=\"https:\/\/smarted.smartonlineedu.com\/wp-content\/uploads\/2024\/04\/mofetta-zsogod.jpg\" alt=\"\" class=\"uag-image-64\" width=\"680\" height=\"480\" title=\"mofetta-zsogod\" loading=\"lazy\" role=\"img\"\/><\/figure><\/div>\n<\/div>\n\n\n\n<div class=\"wp-block-column is-vertically-aligned-center is-layout-flow wp-block-column-is-layout-flow\" style=\"flex-basis:50%\">\n<h2 class=\"wp-block-heading\">Mofett\u00e1k<\/h2>\n\n\n\n<p>Hargita megye mofett\u00e1i, azaz sz\u00e1razf\u00fcrd\u0151k\u00e9nt haszn\u00e1lt sz\u00e9n-dioxid gazdag g\u00e1zki\u00f6ml\u00e9sek, kiemelked\u0151 term\u00e9szetes gy\u00f3gyhelyek. <\/p>\n\n\n\n<p>Ezek a f\u00f6ld alatti g\u00e1zok hat\u00e9konyan seg\u00edtik a sz\u00edv- \u00e9s \u00e9rrendszeri megbeteged\u00e9sek kezel\u00e9s\u00e9t, valamint el\u0151seg\u00edtik a v\u00e9rkering\u00e9st \u00e9s m\u00e9regtelen\u00edtik a szervezetet.<\/p>\n\n\n\n<p>A mofett\u00e1k haszn\u00e1lata nemcsak gy\u00f3gy\u00e1szati el\u0151ny\u00f6ket ny\u00fajt, hanem jelent\u0151sen jav\u00edtja a fizikai \u00e1ll\u00f3k\u00e9pess\u00e9get \u00e9s \u00e1ltal\u00e1nos j\u00f3l\u00e9tet, ez\u00e1ltal vonz\u00f3 c\u00e9lpontt\u00e1 t\u00e9ve a r\u00e9gi\u00f3t a gy\u00f3gyturizmus sz\u00e1m\u00e1ra.<\/p>\n\n\n\n<div class=\"wp-block-buttons is-layout-flex wp-block-buttons-is-layout-flex\">\n<div class=\"wp-block-button is-style-primary\"><a class=\"wp-block-button__link wp-element-button\" href=\"https:\/\/smarted.smartonlineedu.com\/index.php\/mofettak\/\">TUDJ MEG T\u00d6BBET<\/a><\/div>\n<\/div>\n<\/div>\n<\/div>\n\n\n\n<div style=\"height:40px\" aria-hidden=\"true\" class=\"wp-block-spacer\"><\/div>\n<\/div><\/div>\n<\/div><\/div>\n\n\n\n<div class=\"wp-block-cover alignfull\" style=\"min-height:600px;aspect-ratio:unset;\"><span aria-hidden=\"true\" class=\"wp-block-cover__background has-background-dim\" style=\"background-color:#2b98cd\"><\/span><img loading=\"lazy\" decoding=\"async\" width=\"225\" height=\"225\" class=\"wp-block-cover__image-background wp-image-110\" alt=\"\" src=\"https:\/\/smarted.smartonlineedu.com\/wp-content\/uploads\/2024\/04\/barna.jpg\" data-object-fit=\"cover\" srcset=\"https:\/\/smarted.smartonlineedu.com\/wp-content\/uploads\/2024\/04\/barna.jpg 225w, https:\/\/smarted.smartonlineedu.com\/wp-content\/uploads\/2024\/04\/barna-150x150.jpg 150w\" sizes=\"auto, (max-width: 225px) 100vw, 225px\" \/><div class=\"wp-block-cover__inner-container is-layout-flow wp-block-cover-is-layout-flow\">\n<div class=\"wp-block-group\"><div class=\"wp-block-group__inner-container is-layout-flow wp-block-group-is-layout-flow\">\n<div style=\"height:80px\" aria-hidden=\"true\" class=\"wp-block-spacer\"><\/div>\n\n\n\n<div class=\"wp-block-columns are-vertically-aligned-center is-layout-flex wp-container-core-columns-is-layout-9d6595d7 wp-block-columns-is-layout-flex\">\n<div class=\"wp-block-column is-vertically-aligned-center is-layout-flow wp-block-column-is-layout-flow\" style=\"flex-basis:50%\">\n<h2 class=\"wp-block-heading has-nv-text-dark-bg-color has-text-color\">Lovaster\u00e1pia<\/h2>\n\n\n\n<p class=\"has-nv-text-dark-bg-color has-text-color\">A lovaster\u00e1pia egy \u00f6sszetett ter\u00e1pi\u00e1s m\u00f3dszer, amely a lovak \u00e9s emberek k\u00f6z\u00f6tti interakci\u00f3kra \u00e9p\u00edt.<br>A hippoter\u00e1pia, gy\u00f3gypedag\u00f3giai lovagl\u00e1s, lovastorna \u00e9s lovas pszichoter\u00e1pia form\u00e1iban alkalmazhat\u00f3, mindegyik saj\u00e1t c\u00e9lkit\u0171z\u00e9sekkel.<\/p>\n\n\n\n<div style=\"height:20px\" aria-hidden=\"true\" class=\"wp-block-spacer\"><\/div>\n\n\n\n<div class=\"wp-block-buttons is-layout-flex wp-block-buttons-is-layout-flex\">\n<div class=\"wp-block-button is-style-primary\"><a class=\"wp-block-button__link wp-element-button\" href=\"https:\/\/smarted.smartonlineedu.com\/index.php\/lovasterapia\/\" target=\"_blank\" rel=\"noreferrer noopener\">TUDJ MEG T\u00d6BBET<\/a><\/div>\n<\/div>\n\n\n\n<div style=\"height:20px\" aria-hidden=\"true\" class=\"wp-block-spacer\"><\/div>\n<\/div>\n\n\n\n<div class=\"wp-block-column is-vertically-aligned-center is-layout-flow wp-block-column-is-layout-flow\" style=\"flex-basis:50%\">\n<figure class=\"wp-block-image size-full\"><img loading=\"lazy\" decoding=\"async\" width=\"1024\" height=\"1024\" src=\"https:\/\/smarted.smartonlineedu.com\/wp-content\/uploads\/2024\/04\/DALL\u00b7E-2024-04-06-15.08.05-A-tranquil-and-healing-setting-outdoors-featuring-a-gentle-brown-horse-and-a-child-wearing-a-helmet-both-surrounded-by-lush-greenery.-The-child-is-s.webp\" alt=\"\" class=\"wp-image-68\" srcset=\"https:\/\/smarted.smartonlineedu.com\/wp-content\/uploads\/2024\/04\/DALL\u00b7E-2024-04-06-15.08.05-A-tranquil-and-healing-setting-outdoors-featuring-a-gentle-brown-horse-and-a-child-wearing-a-helmet-both-surrounded-by-lush-greenery.-The-child-is-s.webp 1024w, https:\/\/smarted.smartonlineedu.com\/wp-content\/uploads\/2024\/04\/DALL\u00b7E-2024-04-06-15.08.05-A-tranquil-and-healing-setting-outdoors-featuring-a-gentle-brown-horse-and-a-child-wearing-a-helmet-both-surrounded-by-lush-greenery.-The-child-is-s-300x300.webp 300w, https:\/\/smarted.smartonlineedu.com\/wp-content\/uploads\/2024\/04\/DALL\u00b7E-2024-04-06-15.08.05-A-tranquil-and-healing-setting-outdoors-featuring-a-gentle-brown-horse-and-a-child-wearing-a-helmet-both-surrounded-by-lush-greenery.-The-child-is-s-150x150.webp 150w, https:\/\/smarted.smartonlineedu.com\/wp-content\/uploads\/2024\/04\/DALL\u00b7E-2024-04-06-15.08.05-A-tranquil-and-healing-setting-outdoors-featuring-a-gentle-brown-horse-and-a-child-wearing-a-helmet-both-surrounded-by-lush-greenery.-The-child-is-s-768x768.webp 768w\" sizes=\"auto, (max-width: 1024px) 100vw, 1024px\" \/><\/figure>\n<\/div>\n<\/div>\n\n\n\n<div style=\"height:40px\" aria-hidden=\"true\" class=\"wp-block-spacer\"><\/div>\n<\/div><\/div>\n<\/div><\/div>\n","protected":false},"excerpt":{"rendered":"","protected":false},"author":1,"featured_media":0,"parent":0,"menu_order":0,"comment_status":"closed","ping_status":"closed","template":"","meta":{"_coblocks_attr":"","_coblocks_dimensions":"","_coblocks_responsive_height":"","_coblocks_accordion_ie_support":"","_eb_attr":"","_uag_custom_page_level_css":"","advgb_blocks_editor_width":"","advgb_blocks_columns_visual_guide":"","neve_meta_sidebar":"","neve_meta_container":"","neve_meta_enable_content_width":"on","neve_meta_content_width":100,"neve_meta_title_alignment":"","neve_meta_author_avatar":"","neve_post_elements_order":"","neve_meta_disable_header":"","neve_meta_disable_footer":"","neve_meta_disable_title":"on","_themeisle_gutenberg_block_has_review":false,"footnotes":""},"class_list":["post-8","page","type-page","status-publish","hentry"],"uagb_featured_image_src":{"full":false,"thumbnail":false,"medium":false,"medium_large":false,"large":false,"1536x1536":false,"2048x2048":false,"neve-blog":false},"uagb_author_info":{"display_name":"admin","author_link":"https:\/\/smarted.smartonlineedu.com\/index.php\/author\/admin_8iq54gse\/"},"uagb_comment_info":0,"uagb_excerpt":null,"coauthors":[],"author_meta":{"author_link":"https:\/\/smarted.smartonlineedu.com\/index.php\/author\/admin_8iq54gse\/","display_name":"admin"},"relative_dates":{"created":"Posted 2 \u00e9v ago","modified":"Updated 2 \u00e9v ago"},"absolute_dates":{"created":"Posted on \u00e1prilis 5, 2024","modified":"Updated on j\u00falius 6, 2024"},"absolute_dates_time":{"created":"Posted on \u00e1prilis 5, 2024 7:07 de.","modified":"Updated on j\u00falius 6, 2024 3:00 du."},"featured_img_caption":"","featured_img":false,"series_order":"","_links":{"self":[{"href":"https:\/\/smarted.smartonlineedu.com\/index.php\/wp-json\/wp\/v2\/pages\/8","targetHints":{"allow":["GET"]}}],"collection":[{"href":"https:\/\/smarted.smartonlineedu.com\/index.php\/wp-json\/wp\/v2\/pages"}],"about":[{"href":"https:\/\/smarted.smartonlineedu.com\/index.php\/wp-json\/wp\/v2\/types\/page"}],"author":[{"embeddable":true,"href":"https:\/\/smarted.smartonlineedu.com\/index.php\/wp-json\/wp\/v2\/users\/1"}],"replies":[{"embeddable":true,"href":"https:\/\/smarted.smartonlineedu.com\/index.php\/wp-json\/wp\/v2\/comments?post=8"}],"version-history":[{"count":23,"href":"https:\/\/smarted.smartonlineedu.com\/index.php\/wp-json\/wp\/v2\/pages\/8\/revisions"}],"predecessor-version":[{"id":609,"href":"https:\/\/smarted.smartonlineedu.com\/index.php\/wp-json\/wp\/v2\/pages\/8\/revisions\/609"}],"wp:attachment":[{"href":"https:\/\/smarted.smartonlineedu.com\/index.php\/wp-json\/wp\/v2\/media?parent=8"}],"curies":[{"name":"wp","href":"https:\/\/api.w.org\/{rel}","templated":true}]}}