{"id":586,"date":"2024-06-23T15:29:56","date_gmt":"2024-06-23T15:29:56","guid":{"rendered":"https:\/\/solutions-hr.com\/?page_id=586"},"modified":"2024-07-06T14:44:55","modified_gmt":"2024-07-06T14:44:55","slug":"parajd-kezelo-kozpont","status":"publish","type":"page","link":"https:\/\/smarted.smartonlineedu.com\/index.php\/kezelo-kozpontok\/parajd\/parajd-kezelo-kozpont\/","title":{"rendered":"Parajd-Kezel\u0151 K\u00f6zpont"},"content":{"rendered":"\n<h2 class=\"wp-block-heading\" id=\"borszek-7b450d37-407a-43ee-be1a-89bf196535c4\">Parajd-Kezel\u0151 K\u00f6zpont<\/h2>\n\n\n\n<div class=\"wp-block-cover alignfull\" style=\"min-height:700px;aspect-ratio:unset;\"><span aria-hidden=\"true\" class=\"wp-block-cover__background has-background-dim-0 has-background-dim\" style=\"background-color:#b0bbbe\"><\/span><img loading=\"lazy\" decoding=\"async\" width=\"213\" height=\"160\" class=\"wp-block-cover__image-background wp-image-577\" alt=\"\" src=\"https:\/\/smarted.smartonlineedu.com\/wp-content\/uploads\/2024\/06\/parajd.jpg\" data-object-fit=\"cover\"\/><div class=\"wp-block-cover__inner-container is-layout-flow wp-block-cover-is-layout-flow\">\n<div style=\"height:80px\" aria-hidden=\"true\" class=\"wp-block-spacer\"><\/div>\n\n\n\n<p class=\"has-text-align-center has-text-color\" style=\"color:#121212;font-size:17px\"><\/p>\n\n\n\n<div style=\"height:80px\" aria-hidden=\"true\" class=\"wp-block-spacer\"><\/div>\n\n\n\n<div style=\"height:80px\" aria-hidden=\"true\" class=\"wp-block-spacer\"><\/div>\n\n\n\n<p><\/p>\n<\/div><\/div>\n\n\n\n<div style=\"height:100px\" aria-hidden=\"true\" class=\"wp-block-spacer\"><\/div>\n\n\n\n<p class=\"has-text-align-center\">A paradi s\u00f3b\u00e1nya m\u00e1r a r\u00f3mai korban is m\u0171k\u00f6d\u00f6tt, amelyet az els\u0151 \u00edr\u00e1sos eml\u00e9kek \u00e9s leletek, mint p\u00e9ld\u00e1ul a &#8222;Legio V Macedonica&#8221; felirat\u00fa t\u00e9gl\u00e1k is igazolnak. A s\u00f3 ebben az id\u0151ben&nbsp; sz\u00e1mos t\u00e1rsadalom gazdas\u00e1gi \u00e9let\u00e9ben kulcsszerepet j\u00e1tszott.<\/p>\n\n\n\n<p class=\"has-text-align-center\">A parajdi s\u00f3b\u00e1nya kialakul\u00e1s\u00e1ban a tekt\u00f3nikus bez\u00f6kken\u00e9s \u00e9s az err\u00f3zi\u00f3 j\u00e1tszott szerepet. (Vofkori L\u00e1szl\u00f3, 1998)<\/p>\n\n\n\n<p class=\"has-text-align-center\">\u00cdr\u00e1sos utal\u00e1s 1405-b\u0151l l\u00e9tezik, Luxemburgi Zsigmond kir\u00e1ly rendelkez\u00e9se, aki megtiltotta a f\u00f6ldesuraknak, hogy saj\u00e1t birtokukon s\u00f3b\u00e1ny\u00e1t nyissanak.<\/p>\n\n\n\n<p class=\"has-text-align-center\">Az 1500-as \u00e9vek elej\u00e9ig szabad s\u00f3b\u00e1ny\u00e1szatr\u00f3l besz\u00e9l\u00fcnk, azonban 1562-t\u0151l kezd\u0151d\u0151en II. J\u00e1nos magyar kir\u00e1ly rendelete szerint m\u00e1r kincst\u00e1ri tulajdon szerint termelt\u00e9k a s\u00f3t, ugyanakkor elrendelte a s\u00f3b\u00e1ny\u00e1k \u0151rz\u00e9s\u00e9t \u00e9s \u00edgy j\u00f6tt l\u00e9tre 1564-ben a Parajd nev\u0171 telep\u00fcl\u00e9s. (Vofkori L\u00e1szl\u00f3, 1998).<\/p>\n\n\n\n<p class=\"has-text-align-center\">A 16. \u00e9s 17. sz\u00e1zad folyam\u00e1n t\u00f6bbsz\u00f6r megv\u00e1ltoztak a s\u00f3b\u00e1ny\u00e1szat jogai \u00e9s korl\u00e1tai, v\u00e9g\u00fcl a Habsburg uralom alatt a s\u00f3b\u00e1ny\u00e1szat kiv\u00e1lts\u00e1ga jelent\u0151sen megv\u00e1ltozott, \u00e9s a sz\u00e9kelyek szabad s\u00f3joga korl\u00e1toz\u00e1sra ker\u00fclt.<\/p>\n\n\n\n<p class=\"has-text-align-center\">1762-ig felsz\u00edni s\u00f3kitermel\u00e9s zajlott, majd ebben az \u00e9vben megnyitott\u00e1k a J\u00f3zsef-b\u00e1ny\u00e1t, majd oldalkamrak\u00e9nt a K\u00e1roly- \u00e9s Ferdin\u00e1nd-b\u00e1ny\u00e1kat. 1864-ben a P\u00e1rhuzamos-b\u00e1nya \u00e9s har\u00e1nt kamrak\u00e9nt az Erzs\u00e9bet-b\u00e1nya ker\u00fclt megnyit\u00e1sra, 1947-49-ben a D\u00f3zsa Gy\u00f6rgy-b\u00e1nya \u00e9s 1991-ben megkezd\u0151d\u00f6tt a Telegdy-b\u00e1nya. (Szekeres-Luk\u00e1cs S\u00e1ndor, 2002, 62 o.)<\/p>\n\n\n\n<p class=\"has-text-align-center\">A b\u00e1ny\u00e1ban a kezel\u00e9s 1961-ben kezd\u0151d\u00f6tt, ahol fokozatosan kutat\u00e1sokat v\u00e9geztek a l\u00e9g\u00fati betegs\u00e9gekben szenved\u0151k \u00e1llapotv\u00e1ltoz\u00e1sa tekintet\u00e9ben \u00e9s v\u00e9gs\u0151 k\u00f6vetkeztet\u00e9sk\u00e9n meg\u00e1llap\u00edt\u00e1sra ker\u00fclt, hogy a l\u00e9g\u00fati betegs\u00e9gekben szenved\u0151k rehabilit\u00e1ci\u00f3j\u00e1ban a \u201es\u00f3b\u00e1ny\u00e1ban v\u00e9gzett k\u00fara, egyszer\u0171 \u00e9s hat\u00e9kony m\u00f3dszer\u201d (Horv\u00e1th E., Veress \u00c1., 1974).<\/p>\n\n\n\n<p class=\"has-text-align-center\">1980-t\u00f3l szpeleo- \u00e9s klimatoter\u00e1pi\u00e1s kezel\u00e9s lett el\u00e9rhet\u0151 a b\u00e1ny\u00e1ban.<\/p>\n\n\n\n<p class=\"has-text-align-center\">A k\u00f6zleked\u00e9s a s\u00f3v\u00e1llalat aut\u00f3buszai seg\u00edts\u00e9g\u00e9vel val\u00f3sul meg, amely \u00f3r\u00e1nk\u00e9t k\u00e9tszer indul a l\u00e1togat\u00f3kkal a s\u00f3b\u00e1nya kapuj\u00e1t\u00f3l.<\/p>\n\n\n\n<p class=\"has-text-align-center\">A kezel\u00e9sek mellett a b\u00e1nya sz\u00e1mos l\u00e1tnival\u00f3t \u00e9s sz\u00f3rakoz\u00e1si lehet\u0151s\u00e9get k\u00edn\u00e1l, mint p\u00e9ld\u00e1ul sporttev\u00e9kenys\u00e9gek (asztali tenisz), internet, telev\u00edzi\u00f3, j\u00e1tsz\u00f3terek, foglalkoztat\u00f3 \u00e9s kikapcsol\u00f3d\u00e1si terek, \u00f6kumenikus k\u00e1polna, k\u00e1v\u00e9z\u00f3, borkamra, 3D moziterem \u00e9s egy gy\u00f3gyn\u00f6v\u00e9nyes szak\u00fczlet. (salinapraj.ro).<\/p>\n\n\n\n<p class=\"has-text-align-center\">A b\u00e1nyakezel\u00e9s javallatai: Asthma bronchiale, Id\u00fclt bronchitisz (egyszer\u00fb \u00e9s spastikus form\u00e1ja), Id\u00fclt rhinitisz, sinusitis, Obstrukt\u00edv t\u00fcd\u00f5emfizema, Szilik\u00f3zis ll fokozatig, Biszin\u00f3zis, Bronchiektazia hemoptoae n\u00e9lk\u00fcl, Ism\u00e9tl\u0151d\u0151 l\u00e9gz\u0151szervi fert\u0151z\u00e9sek, Immunrendszer er\u0151sit\u00e9se, Allergikus betegs\u00e9gek (sz\u00e9nan\u00e1tha, stb.), A lelki egyens\u00faly \u00e9s vegetat\u00edv idegrendszer t\u00f3nus\u00e1nak a helyre\u00e1ll\u00edt\u00e1sa<\/p>\n\n\n\n<p class=\"has-text-align-center\">A s\u00f3b\u00e1nya l\u00e1togat\u00e1s elenjavallatai: TBC (t\u00fcd\u0151tuberkul\u00f3zis), t\u00fcd\u0151 gomb\u00e1s megbeteged\u00e9se, t\u00fcd\u0151r\u00e1k, fert\u0151z\u0151 betegs\u00e9gek, magas v\u00e9rnyom\u00e1s III. St\u00e1dium, ischemi\u00e1s cardiopatia, Basedow \u2013 k\u00f3r, epilepszia, sz\u03afvbetegs\u00e9gek, klausztrof\u00f3bia, terhess\u00e9g (salinapraj.ro).<\/p>\n\n\n\n<table class=\"wp-block-advgb-table advgb-table-frontend is-style-stripes\"><tbody><tr><td><strong><strong><em>Leveg\u0151 tulajdons\u00e1ga<\/em><\/strong><\/strong><\/td><td><\/td><td><strong><strong><em>Fizikai \u2013 k\u00e9miai specifik\u00e1ci\u00f3k<\/em><\/strong><\/strong><\/td><td><strong><strong><em>Ter\u00e1pi\u00e1s hat\u00e1s<\/em><\/strong><\/strong><\/td><\/tr><tr><td>leveg\u0151 tisztas\u00e1ga (sterilit\u00e1sa)<\/td><td><\/td><td>nagyv\u00e1rosok leveg\u0151j\u00e9ben lebeg\u0151 r\u00e9szecsk\u00e9k, az \u00fan. cs\u00edrasz\u00e1m &gt; 1000db\/cm<br>Parajdi b\u00e1nya \u2013 180-210\/cm<\/td><td><\/td><\/tr><tr><td>leveg\u0151 gombaf\u00e9les\u00e9gek tartalma<br>magas relat\u00edv p\u00e1ratartalom<\/td><td><\/td><td>&nbsp;&nbsp;71% (70 a bej\u00e1ratn\u00e1l)<br>A porszemcs\u00e9k, a mikrob\u00e1k, vir\u00e1gpor \u00e9s gomb\u00e1k kicsap\u00f3dnak a talajon \u00e9s a falakon a r\u00e1juk \u00fcleped\u0151 v\u00edzp\u00e1ra hat\u00e1s\u00e1ra<\/td><td>antibiotikum termel\u00e9s<br>h\u00f6rg\u0151v\u00e1lad\u00e9k felh\u00edgul\u00e1s<\/td><\/tr><tr><td>p\u00e1rakondenz\u00e1tum kedvez\u0151 \u00f6sszet\u00e9tele<\/td><td><\/td><td>Magas a kalciumtartalom<br>LMagas a kalciumtartalom<br>L\u00e9gz\u00e9skor behatolnak eg\u00e9szen az alveol\u00e1ris szintig<br>magas NaCI tartalom<br>hipert\u00f3ni\u00e1s v\u00e1lad\u00e9k<br>szulf\u00e1t, nitr\u00e1t, amm\u00f3ni\u00e1k, Mg, K, Na , J \u00e9s Br ion tartalom<\/td><td><\/td><\/tr><tr><td>\u00e1lland\u00f3 h\u0151m\u00e9rs\u00e9klete<\/td><td><\/td><td>Hideg \u00e9vszakban 15,6, Ny\u00e1ri szezonban 15,8 C-fok&nbsp; &#8211; 0,2 c ingadoz\u00e1s<br>A k\u0151zet h\u0151m\u00e9rs\u00e9klete 15,4 illetve 16,4 C-fok&nbsp;<\/td><td>Szakk\u00e9pzett massz\u0151r\u00f6k \u2013 I. emelet.<\/td><\/tr><tr><td>relat\u00edv alacsony h\u0151m\u00e9rs\u00e9klet<\/td><td><\/td><td>V\u00edz alap\u00fa kezel\u00e9sek, melyek a v\u00edz fizikai tulajdons\u00e1gait haszn\u00e1lj\u00e1k fel.<\/td><td>Egyszem\u00e9lyes k\u00e1dak f\u00e9rfi \u00e9s n\u0151i r\u00e9szleg \u2013 I. emelet.<\/td><\/tr><tr><td>cs\u00f6kkent \u00e1raml\u00e1si sebess\u00e9ge<\/td><td><\/td><td>t\u00e1rnarendszer\u00e9nek az \u00e1tlagos keresztmetszete: 240-250 m2<br>\u00e1raml\u00e1si sebess\u00e9ge 0,2 &#8211; 0,3 m\/s &#8211; f\u00fcggetlen a kinti l\u00e9gviszonyokt\u00f3l<\/td><td>Egy teljes sug\u00e1rmassz\u00e1zs \u00e9s egy r\u00e9szleges sug\u00e1rmassz\u00e1zs g\u00e9p \u2013 I.emelet<\/td><\/tr><tr><td>magasabb sz\u00e9ndioxid tartalom<\/td><td><\/td><td>611-799 mg\/m3<\/td><td>Parafinkonyha k\u00e9t g\u00e9ppel.<\/td><\/tr><tr><td>magas negat\u00edv ioniz\u00e1ci\u00f3 (magas a kisionok sz\u00e1ma)<\/td><td><\/td><td>legfontosabb \u00f6sszetev\u0151je a Ra 222 izot\u00f3p, felboml\u00e1sakor gamma \u00e9s beta sugarakat bocs\u00e1t ki, mik\u00f6zben n\u00f6veli a leveg\u0151 ioniz\u00e1ci\u00f3s fok\u00e1t &#8211; term\u00e9szetes negat\u00edv ionok t\u00fals\u00falya &#8211; ny\u00e1ri szezon alatt enyh\u00e9n n\u00f6vekszik<\/td><td>cs\u00f6kken az asztm\u00e1s kr\u00edzisek sz\u00e1ma \u00e9s intenzit\u00e1sa<br>fokoz\u00f3dik a bakt\u00e9riumoknak \u00e9s az allerg\u00e9neknek a l\u00e9gutakb\u00f3l t\u00f6rt\u00e9n\u0151 elt\u00e1vol\u00edt\u00e1si sebess\u00e9ge<\/td><\/tr><\/tbody><\/table>\n","protected":false},"excerpt":{"rendered":"<p>Parajd-Kezel\u0151 K\u00f6zpont A paradi s\u00f3b\u00e1nya m\u00e1r a r\u00f3mai korban is m\u0171k\u00f6d\u00f6tt, amelyet az els\u0151 \u00edr\u00e1sos eml\u00e9kek \u00e9s leletek, mint p\u00e9ld\u00e1ul a &#8222;Legio V Macedonica&#8221; felirat\u00fa t\u00e9gl\u00e1k is igazolnak. A s\u00f3 ebben az id\u0151ben&nbsp; sz\u00e1mos t\u00e1rsadalom gazdas\u00e1gi \u00e9let\u00e9ben kulcsszerepet j\u00e1tszott. A parajdi s\u00f3b\u00e1nya kialakul\u00e1s\u00e1ban a tekt\u00f3nikus bez\u00f6kken\u00e9s \u00e9s az err\u00f3zi\u00f3 j\u00e1tszott szerepet. (Vofkori L\u00e1szl\u00f3, 1998) \u00cdr\u00e1sos&hellip;&nbsp;<a href=\"https:\/\/smarted.smartonlineedu.com\/index.php\/kezelo-kozpontok\/parajd\/parajd-kezelo-kozpont\/\" rel=\"bookmark\">Read More &raquo;<span class=\"screen-reader-text\">Parajd-Kezel\u0151 K\u00f6zpont<\/span><\/a><\/p>\n","protected":false},"author":1,"featured_media":0,"parent":525,"menu_order":0,"comment_status":"closed","ping_status":"closed","template":"","meta":{"_coblocks_attr":"","_coblocks_dimensions":"","_coblocks_responsive_height":"","_coblocks_accordion_ie_support":"","_eb_attr":"","_uag_custom_page_level_css":"","advgb_blocks_editor_width":"","advgb_blocks_columns_visual_guide":"","neve_meta_sidebar":"","neve_meta_container":"","neve_meta_enable_content_width":"on","neve_meta_content_width":100,"neve_meta_title_alignment":"","neve_meta_author_avatar":"","neve_post_elements_order":"","neve_meta_disable_header":"","neve_meta_disable_footer":"","neve_meta_disable_title":"on","_themeisle_gutenberg_block_has_review":false,"footnotes":""},"class_list":["post-586","page","type-page","status-publish","hentry"],"uagb_featured_image_src":{"full":false,"thumbnail":false,"medium":false,"medium_large":false,"large":false,"1536x1536":false,"2048x2048":false,"neve-blog":false},"uagb_author_info":{"display_name":"admin","author_link":"https:\/\/smarted.smartonlineedu.com\/index.php\/author\/admin_8iq54gse\/"},"uagb_comment_info":0,"uagb_excerpt":"Parajd-Kezel\u0151 K\u00f6zpont A paradi s\u00f3b\u00e1nya m\u00e1r a r\u00f3mai korban is m\u0171k\u00f6d\u00f6tt, amelyet az els\u0151 \u00edr\u00e1sos eml\u00e9kek \u00e9s leletek, mint p\u00e9ld\u00e1ul a &#8222;Legio V Macedonica&#8221; felirat\u00fa t\u00e9gl\u00e1k is igazolnak. A s\u00f3 ebben az id\u0151ben&nbsp; sz\u00e1mos t\u00e1rsadalom gazdas\u00e1gi \u00e9let\u00e9ben kulcsszerepet j\u00e1tszott. A parajdi s\u00f3b\u00e1nya kialakul\u00e1s\u00e1ban a tekt\u00f3nikus bez\u00f6kken\u00e9s \u00e9s az err\u00f3zi\u00f3 j\u00e1tszott szerepet. (Vofkori L\u00e1szl\u00f3, 1998) \u00cdr\u00e1sos&hellip;&nbsp;Read&hellip;","coauthors":[],"author_meta":{"author_link":"https:\/\/smarted.smartonlineedu.com\/index.php\/author\/admin_8iq54gse\/","display_name":"admin"},"relative_dates":{"created":"Posted 2 \u00e9v ago","modified":"Updated 2 \u00e9v ago"},"absolute_dates":{"created":"Posted on j\u00fanius 23, 2024","modified":"Updated on j\u00falius 6, 2024"},"absolute_dates_time":{"created":"Posted on j\u00fanius 23, 2024 3:29 du.","modified":"Updated on j\u00falius 6, 2024 2:44 du."},"featured_img_caption":"","featured_img":false,"series_order":"","_links":{"self":[{"href":"https:\/\/smarted.smartonlineedu.com\/index.php\/wp-json\/wp\/v2\/pages\/586","targetHints":{"allow":["GET"]}}],"collection":[{"href":"https:\/\/smarted.smartonlineedu.com\/index.php\/wp-json\/wp\/v2\/pages"}],"about":[{"href":"https:\/\/smarted.smartonlineedu.com\/index.php\/wp-json\/wp\/v2\/types\/page"}],"author":[{"embeddable":true,"href":"https:\/\/smarted.smartonlineedu.com\/index.php\/wp-json\/wp\/v2\/users\/1"}],"replies":[{"embeddable":true,"href":"https:\/\/smarted.smartonlineedu.com\/index.php\/wp-json\/wp\/v2\/comments?post=586"}],"version-history":[{"count":8,"href":"https:\/\/smarted.smartonlineedu.com\/index.php\/wp-json\/wp\/v2\/pages\/586\/revisions"}],"predecessor-version":[{"id":601,"href":"https:\/\/smarted.smartonlineedu.com\/index.php\/wp-json\/wp\/v2\/pages\/586\/revisions\/601"}],"up":[{"embeddable":true,"href":"https:\/\/smarted.smartonlineedu.com\/index.php\/wp-json\/wp\/v2\/pages\/525"}],"wp:attachment":[{"href":"https:\/\/smarted.smartonlineedu.com\/index.php\/wp-json\/wp\/v2\/media?parent=586"}],"curies":[{"name":"wp","href":"https:\/\/api.w.org\/{rel}","templated":true}]}}