{"id":570,"date":"2024-06-23T14:55:48","date_gmt":"2024-06-23T14:55:48","guid":{"rendered":"https:\/\/solutions-hr.com\/?page_id=570"},"modified":"2024-07-06T15:31:39","modified_gmt":"2024-07-06T15:31:39","slug":"parajd-turisztikai-attrakciok","status":"publish","type":"page","link":"https:\/\/smarted.smartonlineedu.com\/index.php\/kezelo-kozpontok\/parajd\/parajd-turisztikai-attrakciok\/","title":{"rendered":"Parajd-Turisztikai attrakci\u00f3k"},"content":{"rendered":"\n<h2 class=\"wp-block-heading\" id=\"borszek-7b450d37-407a-43ee-be1a-89bf196535c4\">Parajd-Turisztikai attrakci\u00f3k<\/h2>\n\n\n\n<div class=\"wp-block-cover alignfull\" style=\"min-height:700px;aspect-ratio:unset;\"><span aria-hidden=\"true\" class=\"wp-block-cover__background has-background-dim-0 has-background-dim\" style=\"background-color:#b0bbbe\"><\/span><img loading=\"lazy\" decoding=\"async\" width=\"1132\" height=\"825\" class=\"wp-block-cover__image-background wp-image-548\" alt=\"\" src=\"https:\/\/smarted.smartonlineedu.com\/wp-content\/uploads\/2024\/06\/image_2024-06-23_172451090.png\" data-object-fit=\"cover\" srcset=\"https:\/\/smarted.smartonlineedu.com\/wp-content\/uploads\/2024\/06\/image_2024-06-23_172451090.png 1132w, https:\/\/smarted.smartonlineedu.com\/wp-content\/uploads\/2024\/06\/image_2024-06-23_172451090-300x219.png 300w, https:\/\/smarted.smartonlineedu.com\/wp-content\/uploads\/2024\/06\/image_2024-06-23_172451090-1024x746.png 1024w, https:\/\/smarted.smartonlineedu.com\/wp-content\/uploads\/2024\/06\/image_2024-06-23_172451090-768x560.png 768w\" sizes=\"auto, (max-width: 1132px) 100vw, 1132px\" \/><div class=\"wp-block-cover__inner-container is-layout-flow wp-block-cover-is-layout-flow\">\n<div style=\"height:80px\" aria-hidden=\"true\" class=\"wp-block-spacer\"><\/div>\n\n\n\n<p class=\"has-text-align-center has-text-color\" style=\"color:#121212;font-size:17px\"><\/p>\n\n\n\n<div style=\"height:80px\" aria-hidden=\"true\" class=\"wp-block-spacer\"><\/div>\n\n\n\n<div style=\"height:80px\" aria-hidden=\"true\" class=\"wp-block-spacer\"><\/div>\n\n\n\n<p><\/p>\n<\/div><\/div>\n\n\n\n<div style=\"height:100px\" aria-hidden=\"true\" class=\"wp-block-spacer\"><\/div>\n\n\n\n<hr class=\"wp-block-separator has-alpha-channel-opacity\"\/>\n\n\n\n<p class=\"has-text-align-center\">Parajd turisztikai attrakci\u00f3i a telep\u00fcl\u00e9st egyed\u00fcl\u00e1ll\u00f3 \u00fati c\u00e9ll\u00e1 teszik, ahol a l\u00e1togat\u00f3k gazdag t\u00f6rt\u00e9nelmi \u00e9s term\u00e9szeti \u00e9rt\u00e9keket fedezhetnek fel, mik\u00f6zben \u00e9lvezhetik a pihen\u00e9st \u00e9s a kikapcsol\u00f3d\u00e1st.<\/p>\n\n\n\n<hr class=\"wp-block-separator has-alpha-channel-opacity\"\/>\n\n\n\n<div class=\"wp-block-columns is-layout-flex wp-container-core-columns-is-layout-9d6595d7 wp-block-columns-is-layout-flex\">\n<div class=\"wp-block-column is-layout-flow wp-block-column-is-layout-flow\">\n<h2 class=\"wp-block-heading\">Parajdi S\u00f3b\u00e1nya<\/h2>\n\n\n\n<ul class=\"wp-block-list\">\n<li>Parajd legf\u0151bb turisztikai l\u00e1tv\u00e1nyoss\u00e1ga a Parajdi S\u00f3b\u00e1nya, amely Eur\u00f3pa egyik legnagyobb s\u00f3telepe. A b\u00e1nya k\u00fcl\u00f6nleges mikrokl\u00edm\u00e1ja j\u00f3t\u00e9kony hat\u00e1ssal van a l\u00e9gz\u0151rendszerre, \u00e9s gy\u00f3gy\u00e1szati c\u00e9lra is l\u00e1togathat\u00f3. <\/li>\n\n\n\n<li>A f\u00f6ldalatti kamr\u00e1k \u00e1lland\u00f3 h\u0151m\u00e9rs\u00e9klete 14-16 Celsius fok, p\u00e1ratartalma 66-70%, ami ide\u00e1lis k\u00f6rnyezetet biztos\u00edt a speleoter\u00e1pi\u00e1hoz. A l\u00e1togat\u00f3k sz\u00e1m\u00e1ra a b\u00e1nya k\u00fcl\u00f6nleges t\u00far\u00e1kat \u00e9s interakt\u00edv ki\u00e1ll\u00edt\u00e1sokat k\u00edn\u00e1l, ahol megismerhetik a s\u00f3b\u00e1ny\u00e1szat t\u00f6rt\u00e9net\u00e9t \u00e9s technik\u00e1it.<\/li>\n<\/ul>\n<\/div>\n\n\n\n<div class=\"wp-block-column is-layout-flow wp-block-column-is-layout-flow\">\n<div class=\"wp-block-uagb-image aligncenter uagb-block-4e457deb wp-block-uagb-image--layout-default wp-block-uagb-image--effect-static wp-block-uagb-image--align-center\"><figure class=\"wp-block-uagb-image__figure\"><img decoding=\"async\" srcset=\"https:\/\/smarted.smartonlineedu.com\/wp-content\/uploads\/2024\/06\/parajd.jpg ,https:\/\/smarted.smartonlineedu.com\/wp-content\/uploads\/2024\/06\/parajd.jpg 780w, https:\/\/smarted.smartonlineedu.com\/wp-content\/uploads\/2024\/06\/parajd.jpg 360w\" sizes=\"auto, (max-width: 480px) 150px\" src=\"https:\/\/smarted.smartonlineedu.com\/wp-content\/uploads\/2024\/06\/parajd.jpg\" alt=\"\" class=\"uag-image-577\" width=\"388\" height=\"291\" title=\"parajd\" loading=\"lazy\" role=\"img\"\/><\/figure><\/div>\n\n\n\n<p class=\"has-text-align-center\">http:\/<a href=\"https:\/\/www.salinapraid.ro\">salinapraid.ro<\/a><\/p>\n<\/div>\n<\/div>\n\n\n\n<hr class=\"wp-block-separator has-alpha-channel-opacity\"\/>\n\n\n\n<h2 class=\"wp-block-heading has-text-align-center\">S\u00f3svizes Strand<\/h2>\n\n\n\n<div class=\"wp-block-columns is-layout-flex wp-container-core-columns-is-layout-9d6595d7 wp-block-columns-is-layout-flex\">\n<div class=\"wp-block-column is-layout-flow wp-block-column-is-layout-flow\">\n<div class=\"wp-block-uagb-image uagb-block-096db66f wp-block-uagb-image--layout-default wp-block-uagb-image--effect-static wp-block-uagb-image--align-none\"><figure class=\"wp-block-uagb-image__figure\"><img decoding=\"async\" srcset=\"https:\/\/smarted.smartonlineedu.com\/wp-content\/uploads\/2024\/06\/image-3.png ,https:\/\/smarted.smartonlineedu.com\/wp-content\/uploads\/2024\/06\/image-3.png 780w, https:\/\/smarted.smartonlineedu.com\/wp-content\/uploads\/2024\/06\/image-3.png 360w\" sizes=\"auto, (max-width: 480px) 150px\" src=\"https:\/\/smarted.smartonlineedu.com\/wp-content\/uploads\/2024\/06\/image-3.png\" alt=\"\" class=\"uag-image-544\" width=\"1024\" height=\"711\" title=\"image-3\" loading=\"lazy\" role=\"img\"\/><\/figure><\/div>\n\n\n\n<p class=\"has-text-align-center\"><a href=\"https:\/\/termalfurdok.com\">https:\/\/salinapraid.<\/a>ro<\/p>\n<\/div>\n\n\n\n<div class=\"wp-block-column is-layout-flow wp-block-column-is-layout-flow\">\n<div style=\"height:6px\" aria-hidden=\"true\" class=\"wp-block-spacer\"><\/div>\n\n\n\n<ul class=\"wp-block-list\">\n<li>Parajd h\u00edres s\u00f3svizes strandja a ny\u00e1ri h\u00f3napokban kiv\u00e1l\u00f3 kikapcsol\u00f3d\u00e1si lehet\u0151s\u00e9get ny\u00fajt. <\/li>\n\n\n\n<li>A s\u00f3s v\u00edz j\u00f3t\u00e9kony hat\u00e1ssal van a b\u0151rre \u00e9s az \u00edz\u00fcletekre, \u00edgy a strand nem csak sz\u00f3rakoz\u00e1si, hanem eg\u00e9szs\u00e9gmeg\u0151rz\u00e9si c\u00e9lokra is kiv\u00e1l\u00f3. <\/li>\n\n\n\n<li>A strand k\u00f6rny\u00e9k\u00e9n tal\u00e1lhat\u00f3 vend\u00e9gl\u00e1t\u00f3helyek \u00e9s sz\u00e1ll\u00e1slehet\u0151s\u00e9gek tov\u00e1bbi k\u00e9nyelmet biztos\u00edtanak a l\u00e1togat\u00f3knak.<\/li>\n<\/ul>\n<\/div>\n<\/div>\n\n\n\n<div class=\"wp-block-columns is-layout-flex wp-container-core-columns-is-layout-9d6595d7 wp-block-columns-is-layout-flex\">\n<div class=\"wp-block-column is-layout-flow wp-block-column-is-layout-flow\"><\/div>\n\n\n\n<div class=\"wp-block-column is-layout-flow wp-block-column-is-layout-flow\"><\/div>\n<\/div>\n\n\n\n<h2 class=\"wp-block-heading has-text-align-center\">S\u00f3h\u00e1ti Term\u00e9szetv\u00e9delmi Ter\u00fclet<\/h2>\n\n\n\n<div class=\"wp-block-columns is-layout-flex wp-container-core-columns-is-layout-9d6595d7 wp-block-columns-is-layout-flex\">\n<div class=\"wp-block-column is-layout-flow wp-block-column-is-layout-flow\"><div class=\"wp-block-image\">\n<figure class=\"aligncenter size-large is-resized\"><img loading=\"lazy\" decoding=\"async\" width=\"1024\" height=\"768\" src=\"https:\/\/smarted.smartonlineedu.com\/wp-content\/uploads\/2024\/06\/image-5-1024x768.png\" alt=\"\" class=\"wp-image-580\" style=\"width:457px;height:auto\" srcset=\"https:\/\/smarted.smartonlineedu.com\/wp-content\/uploads\/2024\/06\/image-5-1024x768.png 1024w, https:\/\/smarted.smartonlineedu.com\/wp-content\/uploads\/2024\/06\/image-5-300x225.png 300w, https:\/\/smarted.smartonlineedu.com\/wp-content\/uploads\/2024\/06\/image-5-768x576.png 768w, https:\/\/smarted.smartonlineedu.com\/wp-content\/uploads\/2024\/06\/image-5.png 1360w\" sizes=\"auto, (max-width: 1024px) 100vw, 1024px\" \/><\/figure>\n<\/div>\n\n\n<p><\/p>\n<\/div>\n\n\n\n<div class=\"wp-block-column is-layout-flow wp-block-column-is-layout-flow\">\n<div style=\"height:41px\" aria-hidden=\"true\" class=\"wp-block-spacer\"><\/div>\n\n\n\n<ul class=\"wp-block-list\">\n<li>A S\u00f3h\u00e1ti Term\u00e9szetv\u00e9delmi Ter\u00fclet k\u00fcl\u00f6nleges n\u00f6v\u00e9ny- \u00e9s \u00e1llatvil\u00e1g\u00e1val vonzza a term\u00e9szetkedvel\u0151ket. <\/li>\n\n\n\n<li>A rezerv\u00e1tum ide\u00e1lis helysz\u00edn kir\u00e1ndul\u00e1sokhoz \u00e9s szabadt\u00e9ri tev\u00e9kenys\u00e9gekhez. <\/li>\n\n\n\n<li>A ter\u00fclet gazdag botanikai \u00e9s geol\u00f3giai \u00e9rt\u00e9kekkel rendelkezik, \u00edgy a l\u00e1togat\u00f3k nem csak a friss leveg\u0151t \u00e9s a gy\u00f6ny\u00f6r\u0171 t\u00e1jat \u00e9lvezhetik, hanem \u00e9rt\u00e9kes ismereteket is szerezhetnek a helyi \u00f6kosziszt\u00e9m\u00e1r\u00f3l.<\/li>\n<\/ul>\n\n\n\n<div style=\"height:53px\" aria-hidden=\"true\" class=\"wp-block-spacer\"><\/div>\n<\/div>\n<\/div>\n\n\n\n<hr class=\"wp-block-separator has-alpha-channel-opacity\"\/>\n\n\n\n<div class=\"wp-block-columns is-layout-flex wp-container-core-columns-is-layout-9d6595d7 wp-block-columns-is-layout-flex\">\n<div class=\"wp-block-column is-layout-flow wp-block-column-is-layout-flow\"><\/div>\n<\/div>\n\n\n\n<div class=\"wp-block-columns is-layout-flex wp-container-core-columns-is-layout-9d6595d7 wp-block-columns-is-layout-flex\">\n<div class=\"wp-block-column is-layout-flow wp-block-column-is-layout-flow\">\n<h2 class=\"wp-block-heading\">Lepkeh\u00e1z<\/h2>\n\n\n\n<ul class=\"wp-block-list\">\n<li>A Parajdi Lepkeh\u00e1z egyed\u00fcl\u00e1ll\u00f3 l\u00e1tv\u00e1nyoss\u00e1g, ahol a l\u00e1togat\u00f3k k\u00fcl\u00f6nf\u00e9le tr\u00f3pusi \u00e9s helyi lepkefajokat csod\u00e1lhatnak meg. <\/li>\n\n\n\n<li>Az \u00e9p\u00fcletben tr\u00f3pusi n\u00f6v\u00e9nyek, kis tavak \u00e9s s\u00e9t\u00e1nyok tal\u00e1lhat\u00f3k, amelyek t\u00f6k\u00e9letes k\u00f6rnyezetet biztos\u00edtanak a lepk\u00e9k sz\u00e1m\u00e1ra. <\/li>\n\n\n\n<li>A lepkeh\u00e1z k\u00fcl\u00f6nleges \u00e9lm\u00e9nyt ny\u00fajt minden koroszt\u00e1ly sz\u00e1m\u00e1ra, \u00e9s lehet\u0151s\u00e9get ad arra, hogy k\u00f6zelr\u0151l ismerj\u00fck meg ezeket a gy\u00f6ny\u00f6r\u0171 rovarokat.<\/li>\n<\/ul>\n<\/div>\n\n\n\n<div class=\"wp-block-column is-layout-flow wp-block-column-is-layout-flow\"><div class=\"wp-block-image\">\n<figure class=\"aligncenter size-full is-resized\"><img loading=\"lazy\" decoding=\"async\" width=\"737\" height=\"511\" src=\"https:\/\/smarted.smartonlineedu.com\/wp-content\/uploads\/2024\/06\/image-6.png\" alt=\"\" class=\"wp-image-581\" style=\"width:531px;height:auto\" srcset=\"https:\/\/smarted.smartonlineedu.com\/wp-content\/uploads\/2024\/06\/image-6.png 737w, https:\/\/smarted.smartonlineedu.com\/wp-content\/uploads\/2024\/06\/image-6-300x208.png 300w\" sizes=\"auto, (max-width: 737px) 100vw, 737px\" \/><\/figure>\n<\/div><\/div>\n<\/div>\n\n\n\n<hr class=\"wp-block-separator has-alpha-channel-opacity\"\/>\n\n\n\n<div style=\"height:39px\" aria-hidden=\"true\" class=\"wp-block-spacer\"><\/div>\n\n\n\n<div class=\"wp-block-columns is-layout-flex wp-container-core-columns-is-layout-9d6595d7 wp-block-columns-is-layout-flex\">\n<div class=\"wp-block-column is-layout-flow wp-block-column-is-layout-flow\"><div class=\"wp-block-image\">\n<figure class=\"aligncenter size-full is-resized\"><img loading=\"lazy\" decoding=\"async\" width=\"1024\" height=\"1024\" src=\"https:\/\/smarted.smartonlineedu.com\/wp-content\/uploads\/2024\/06\/MSH.webp\" alt=\"\" class=\"wp-image-583\" style=\"width:429px;height:auto\" srcset=\"https:\/\/smarted.smartonlineedu.com\/wp-content\/uploads\/2024\/06\/MSH.webp 1024w, https:\/\/smarted.smartonlineedu.com\/wp-content\/uploads\/2024\/06\/MSH-300x300.webp 300w, https:\/\/smarted.smartonlineedu.com\/wp-content\/uploads\/2024\/06\/MSH-150x150.webp 150w, https:\/\/smarted.smartonlineedu.com\/wp-content\/uploads\/2024\/06\/MSH-768x768.webp 768w\" sizes=\"auto, (max-width: 1024px) 100vw, 1024px\" \/><\/figure>\n<\/div><\/div>\n\n\n\n<div class=\"wp-block-column is-layout-flow wp-block-column-is-layout-flow\">\n<h2 class=\"wp-block-heading\">Magic Selfie House<\/h2>\n\n\n\n<div style=\"height:26px\" aria-hidden=\"true\" class=\"wp-block-spacer\"><\/div>\n\n\n\n<ul class=\"wp-block-list\">\n<li>A Magic Selfie House Parajd k\u00f6zpontj\u00e1ban tal\u00e1lhat\u00f3, \u00e9s felejthetetlen \u00e9lm\u00e9nyeket k\u00edn\u00e1l \u00f6t tematikus szob\u00e1ban. <\/li>\n\n\n\n<li>A l\u00e1togat\u00f3k k\u00fcl\u00f6nleges fot\u00f3kat k\u00e9sz\u00edthetnek magukr\u00f3l \u00e9s bar\u00e1taikr\u00f3l, amelyeket azonnal meg is oszthatnak a k\u00f6z\u00f6ss\u00e9gi m\u00e9di\u00e1ban. <\/li>\n\n\n\n<li>Ez a l\u00e1tv\u00e1nyoss\u00e1g k\u00fcl\u00f6n\u00f6sen n\u00e9pszer\u0171 a fiatalok k\u00f6r\u00e9ben, de minden koroszt\u00e1ly sz\u00e1m\u00e1ra sz\u00f3rakoztat\u00f3 programot k\u00edn\u00e1l.<\/li>\n<\/ul>\n<\/div>\n<\/div>\n","protected":false},"excerpt":{"rendered":"<p>Parajd-Turisztikai attrakci\u00f3k Parajd turisztikai attrakci\u00f3i a telep\u00fcl\u00e9st egyed\u00fcl\u00e1ll\u00f3 \u00fati c\u00e9ll\u00e1 teszik, ahol a l\u00e1togat\u00f3k gazdag t\u00f6rt\u00e9nelmi \u00e9s term\u00e9szeti \u00e9rt\u00e9keket fedezhetnek fel, mik\u00f6zben \u00e9lvezhetik a pihen\u00e9st \u00e9s a kikapcsol\u00f3d\u00e1st. Parajdi S\u00f3b\u00e1nya http:\/salinapraid.ro S\u00f3svizes Strand https:\/\/salinapraid.ro S\u00f3h\u00e1ti Term\u00e9szetv\u00e9delmi Ter\u00fclet Lepkeh\u00e1z Magic Selfie House<\/p>\n","protected":false},"author":1,"featured_media":0,"parent":525,"menu_order":0,"comment_status":"closed","ping_status":"closed","template":"","meta":{"_coblocks_attr":"","_coblocks_dimensions":"","_coblocks_responsive_height":"","_coblocks_accordion_ie_support":"","_eb_attr":"","_uag_custom_page_level_css":"","advgb_blocks_editor_width":"","advgb_blocks_columns_visual_guide":"","neve_meta_sidebar":"","neve_meta_container":"","neve_meta_enable_content_width":"on","neve_meta_content_width":100,"neve_meta_title_alignment":"","neve_meta_author_avatar":"","neve_post_elements_order":"","neve_meta_disable_header":"","neve_meta_disable_footer":"","neve_meta_disable_title":"on","_themeisle_gutenberg_block_has_review":false,"footnotes":""},"class_list":["post-570","page","type-page","status-publish","hentry"],"uagb_featured_image_src":{"full":false,"thumbnail":false,"medium":false,"medium_large":false,"large":false,"1536x1536":false,"2048x2048":false,"neve-blog":false},"uagb_author_info":{"display_name":"admin","author_link":"https:\/\/smarted.smartonlineedu.com\/index.php\/author\/admin_8iq54gse\/"},"uagb_comment_info":0,"uagb_excerpt":"Parajd-Turisztikai attrakci\u00f3k Parajd turisztikai attrakci\u00f3i a telep\u00fcl\u00e9st egyed\u00fcl\u00e1ll\u00f3 \u00fati c\u00e9ll\u00e1 teszik, ahol a l\u00e1togat\u00f3k gazdag t\u00f6rt\u00e9nelmi \u00e9s term\u00e9szeti \u00e9rt\u00e9keket fedezhetnek fel, mik\u00f6zben \u00e9lvezhetik a pihen\u00e9st \u00e9s a kikapcsol\u00f3d\u00e1st. Parajdi S\u00f3b\u00e1nya http:\/salinapraid.ro S\u00f3svizes Strand https:\/\/salinapraid.ro S\u00f3h\u00e1ti Term\u00e9szetv\u00e9delmi Ter\u00fclet Lepkeh\u00e1z Magic Selfie House","coauthors":[],"author_meta":{"author_link":"https:\/\/smarted.smartonlineedu.com\/index.php\/author\/admin_8iq54gse\/","display_name":"admin"},"relative_dates":{"created":"Posted 2 \u00e9v ago","modified":"Updated 2 \u00e9v ago"},"absolute_dates":{"created":"Posted on j\u00fanius 23, 2024","modified":"Updated on j\u00falius 6, 2024"},"absolute_dates_time":{"created":"Posted on j\u00fanius 23, 2024 2:55 du.","modified":"Updated on j\u00falius 6, 2024 3:31 du."},"featured_img_caption":"","featured_img":false,"series_order":"","_links":{"self":[{"href":"https:\/\/smarted.smartonlineedu.com\/index.php\/wp-json\/wp\/v2\/pages\/570","targetHints":{"allow":["GET"]}}],"collection":[{"href":"https:\/\/smarted.smartonlineedu.com\/index.php\/wp-json\/wp\/v2\/pages"}],"about":[{"href":"https:\/\/smarted.smartonlineedu.com\/index.php\/wp-json\/wp\/v2\/types\/page"}],"author":[{"embeddable":true,"href":"https:\/\/smarted.smartonlineedu.com\/index.php\/wp-json\/wp\/v2\/users\/1"}],"replies":[{"embeddable":true,"href":"https:\/\/smarted.smartonlineedu.com\/index.php\/wp-json\/wp\/v2\/comments?post=570"}],"version-history":[{"count":19,"href":"https:\/\/smarted.smartonlineedu.com\/index.php\/wp-json\/wp\/v2\/pages\/570\/revisions"}],"predecessor-version":[{"id":655,"href":"https:\/\/smarted.smartonlineedu.com\/index.php\/wp-json\/wp\/v2\/pages\/570\/revisions\/655"}],"up":[{"embeddable":true,"href":"https:\/\/smarted.smartonlineedu.com\/index.php\/wp-json\/wp\/v2\/pages\/525"}],"wp:attachment":[{"href":"https:\/\/smarted.smartonlineedu.com\/index.php\/wp-json\/wp\/v2\/media?parent=570"}],"curies":[{"name":"wp","href":"https:\/\/api.w.org\/{rel}","templated":true}]}}