{"id":556,"date":"2024-06-23T14:35:26","date_gmt":"2024-06-23T14:35:26","guid":{"rendered":"https:\/\/solutions-hr.com\/?page_id=556"},"modified":"2024-07-06T14:42:26","modified_gmt":"2024-07-06T14:42:26","slug":"parajd-tortenete","status":"publish","type":"page","link":"https:\/\/smarted.smartonlineedu.com\/index.php\/kezelo-kozpontok\/parajd\/parajd-tortenete\/","title":{"rendered":"Parajd t\u00f6rt\u00e9nete"},"content":{"rendered":"\n<h2 class=\"wp-block-heading\" id=\"borszek-7b450d37-407a-43ee-be1a-89bf196535c4\">Parajd t\u00f6rt\u00e9nete<\/h2>\n\n\n\n<div class=\"wp-block-cover alignfull\" style=\"min-height:700px;aspect-ratio:unset;\"><span aria-hidden=\"true\" class=\"wp-block-cover__background has-background-dim-0 has-background-dim\" style=\"background-color:#b0bbbe\"><\/span><img loading=\"lazy\" decoding=\"async\" width=\"1132\" height=\"825\" class=\"wp-block-cover__image-background wp-image-548\" alt=\"\" src=\"https:\/\/smarted.smartonlineedu.com\/wp-content\/uploads\/2024\/06\/image_2024-06-23_172451090.png\" data-object-fit=\"cover\" srcset=\"https:\/\/smarted.smartonlineedu.com\/wp-content\/uploads\/2024\/06\/image_2024-06-23_172451090.png 1132w, https:\/\/smarted.smartonlineedu.com\/wp-content\/uploads\/2024\/06\/image_2024-06-23_172451090-300x219.png 300w, https:\/\/smarted.smartonlineedu.com\/wp-content\/uploads\/2024\/06\/image_2024-06-23_172451090-1024x746.png 1024w, https:\/\/smarted.smartonlineedu.com\/wp-content\/uploads\/2024\/06\/image_2024-06-23_172451090-768x560.png 768w\" sizes=\"auto, (max-width: 1132px) 100vw, 1132px\" \/><div class=\"wp-block-cover__inner-container is-layout-flow wp-block-cover-is-layout-flow\">\n<div style=\"height:80px\" aria-hidden=\"true\" class=\"wp-block-spacer\"><\/div>\n\n\n\n<p class=\"has-text-align-center has-text-color\" style=\"color:#121212;font-size:17px\"><\/p>\n\n\n\n<div style=\"height:80px\" aria-hidden=\"true\" class=\"wp-block-spacer\"><\/div>\n\n\n\n<div style=\"height:80px\" aria-hidden=\"true\" class=\"wp-block-spacer\"><\/div>\n\n\n\n<p><\/p>\n<\/div><\/div>\n\n\n\n<div style=\"height:100px\" aria-hidden=\"true\" class=\"wp-block-spacer\"><\/div>\n\n\n\n<hr class=\"wp-block-separator has-alpha-channel-opacity\"\/>\n\n\n\n<h2 class=\"wp-block-heading has-text-align-center\">Parajd r\u00f6vid t\u00f6rt\u00e9nete<\/h2>\n\n\n\n<blockquote class=\"wp-block-quote is-layout-flow wp-block-quote-is-layout-flow\">\n<p><em><mark style=\"background-color:rgba(0, 0, 0, 0)\" class=\"has-inline-color has-nv-dark-bg-color\">Orb\u00e1n Bal\u00e1zs <em>\u201eSz\u00e9kelyf\u00f6ld le\u00edr\u00e1sa\u201d<\/em> c. m\u0171ve alapj\u00e1n<\/mark><\/em><\/p>\n\n\n\n<div class=\"wp-block-columns is-layout-flex wp-container-core-columns-is-layout-9d6595d7 wp-block-columns-is-layout-flex\">\n<div class=\"wp-block-column is-layout-flow wp-block-column-is-layout-flow\">\n<ul class=\"wp-block-list\">\n<li>Parajd, Sz\u00e9kelyf\u00f6ld egyik jelent\u0151s telep\u00fcl\u00e9se, gazdag t\u00f6rt\u00e9nelmi m\u00falttal rendelkezik, amely m\u00e1r a r\u00f3mai korban megkezd\u0151d\u00f6tt. A Kis-K\u00fck\u00fcll\u0151 v\u00f6lgy\u00e9ben tal\u00e1lhat\u00f3 telep\u00fcl\u00e9s t\u00f6rt\u00e9nete szorosan \u00f6sszef\u00fcgg a s\u00f3b\u00e1ny\u00e1szattal, amely a k\u00f6z\u00e9pkort\u00f3l kezdve eg\u00e9szen napjainkig meghat\u00e1roz\u00f3 szerepet j\u00e1tszott a helyi gazdas\u00e1gban \u00e9s kult\u00far\u00e1ban.<\/li>\n\n\n\n<li>A r\u00f3maiak idej\u00e9n m\u00e1r ismert volt a ter\u00fclet s\u00f3kincse, \u00e9s az els\u0151 \u00edr\u00e1sos eml\u00edt\u00e9sek a s\u00f3kitermel\u00e9sr\u0151l a 15. sz\u00e1zadb\u00f3l sz\u00e1rmaznak. II. J\u00e1nos magyar kir\u00e1ly 1564-ben \u00e1llami monop\u00f3liumm\u00e1 nyilv\u00e1n\u00edtotta a sz\u00e9kely s\u00f3b\u00e1ny\u00e1kat, \u00e9s ennek eredm\u00e9nyek\u00e9nt Parajd is fejl\u0151d\u00e9snek indult. A telep\u00fcl\u00e9s hivatalosan 1564-ben alakult meg, amikor a kir\u00e1ly elrendelte a s\u00f3b\u00e1ny\u00e1k \u0151rz\u00e9s\u00e9t.<\/li>\n<\/ul>\n<\/div>\n\n\n\n<div class=\"wp-block-column is-layout-flow wp-block-column-is-layout-flow\"><div class=\"wp-block-image\">\n<figure class=\"aligncenter size-large is-resized\"><img loading=\"lazy\" decoding=\"async\" width=\"1024\" height=\"694\" src=\"https:\/\/smarted.smartonlineedu.com\/wp-content\/uploads\/2024\/06\/image_2024-06-23_170138154-1024x694.png\" alt=\"\" class=\"wp-image-540\" style=\"width:441px;height:auto\" srcset=\"https:\/\/smarted.smartonlineedu.com\/wp-content\/uploads\/2024\/06\/image_2024-06-23_170138154-1024x694.png 1024w, https:\/\/smarted.smartonlineedu.com\/wp-content\/uploads\/2024\/06\/image_2024-06-23_170138154-300x203.png 300w, https:\/\/smarted.smartonlineedu.com\/wp-content\/uploads\/2024\/06\/image_2024-06-23_170138154-768x520.png 768w, https:\/\/smarted.smartonlineedu.com\/wp-content\/uploads\/2024\/06\/image_2024-06-23_170138154-1536x1041.png 1536w, https:\/\/smarted.smartonlineedu.com\/wp-content\/uploads\/2024\/06\/image_2024-06-23_170138154.png 1600w\" sizes=\"auto, (max-width: 1024px) 100vw, 1024px\" \/><\/figure>\n<\/div>\n\n\n<p class=\"has-text-align-center\"><em>Forr\u00e1s: <a href=\"https:\/\/rubiconintezet.hu\/project\/parajd-a-sovidek-kozpontja\/\">https:\/\/rubiconintezet.hu\/project\/parajd-a-sovidek-kozpontja\/<\/a><\/em><\/p>\n<\/div>\n<\/div>\n<\/blockquote>\n\n\n\n<ul class=\"wp-block-list\">\n<li>A f\u00f6ldalatti s\u00f3b\u00e1ny\u00e1szat 1762-ben kezd\u0151d\u00f6tt Parajdon. A Habsburg uralom alatt jelent\u0151s fejleszt\u00e9sek t\u00f6rt\u00e9ntek, \u00e9s a 19. sz\u00e1zad v\u00e9g\u00e9re a s\u00f3kitermel\u00e9s moderniz\u00e1l\u00f3dott. Orb\u00e1n Bal\u00e1zs 1868-as le\u00edr\u00e1sa szerint Parajdnak ekkor 1375 lakosa volt, t\u00f6bbs\u00e9g\u00fck sz\u00e9kely. A trianoni b\u00e9keszerz\u0151d\u00e9sig Parajd Udvarhely v\u00e1rmegye r\u00e9sze volt.<\/li>\n\n\n\n<li>Parajd t\u00f6rt\u00e9nete teh\u00e1t szorosan \u00f6sszefon\u00f3dik a s\u00f3b\u00e1ny\u00e1szattal, amely a k\u00f6vetkez\u0151 fejezetben b\u0151vebb kifejt\u00e9sre ker\u00fcl.<\/li>\n\n\n\n<li>Az 1873-ban megrendezett b\u00e9csi nemzetk\u00f6zi ki\u00e1ll\u00edt\u00e1son nemzetk\u00f6zi elismer\u00e9st nyert a borsz\u00e9ki \u00e1sv\u00e1nyvizek gy\u00f3gy\u00edt\u00f3 hat\u00e1sa, majd az 1876-os berlini \u00e9s trieszti ki\u00e1ll\u00edt\u00e1son ez\u00fcst\u00e9rmet \u00e9s d\u00edszoklevelet, az 1878-as p\u00e1rizsi ki\u00e1ll\u00edt\u00e1son ugyancsak d\u00edszoklevel\u00e9ben r\u00e9szes\u00fclt.<\/li>\n<\/ul>\n\n\n\n<div class=\"wp-block-columns is-layout-flex wp-container-core-columns-is-layout-9d6595d7 wp-block-columns-is-layout-flex\"><\/div>\n\n\n\n<hr class=\"wp-block-separator has-alpha-channel-opacity\"\/>\n\n\n\n<p><\/p>\n","protected":false},"excerpt":{"rendered":"<p>Parajd t\u00f6rt\u00e9nete Parajd r\u00f6vid t\u00f6rt\u00e9nete<\/p>\n","protected":false},"author":1,"featured_media":0,"parent":525,"menu_order":0,"comment_status":"closed","ping_status":"closed","template":"","meta":{"_coblocks_attr":"","_coblocks_dimensions":"","_coblocks_responsive_height":"","_coblocks_accordion_ie_support":"","_eb_attr":"","_uag_custom_page_level_css":"","advgb_blocks_editor_width":"","advgb_blocks_columns_visual_guide":"","neve_meta_sidebar":"","neve_meta_container":"","neve_meta_enable_content_width":"on","neve_meta_content_width":100,"neve_meta_title_alignment":"","neve_meta_author_avatar":"","neve_post_elements_order":"","neve_meta_disable_header":"","neve_meta_disable_footer":"","neve_meta_disable_title":"on","_themeisle_gutenberg_block_has_review":false,"footnotes":""},"class_list":["post-556","page","type-page","status-publish","hentry"],"uagb_featured_image_src":{"full":false,"thumbnail":false,"medium":false,"medium_large":false,"large":false,"1536x1536":false,"2048x2048":false,"neve-blog":false},"uagb_author_info":{"display_name":"admin","author_link":"https:\/\/smarted.smartonlineedu.com\/index.php\/author\/admin_8iq54gse\/"},"uagb_comment_info":0,"uagb_excerpt":"Parajd t\u00f6rt\u00e9nete Parajd r\u00f6vid t\u00f6rt\u00e9nete","coauthors":[],"author_meta":{"author_link":"https:\/\/smarted.smartonlineedu.com\/index.php\/author\/admin_8iq54gse\/","display_name":"admin"},"relative_dates":{"created":"Posted 2 \u00e9v ago","modified":"Updated 2 \u00e9v ago"},"absolute_dates":{"created":"Posted on j\u00fanius 23, 2024","modified":"Updated on j\u00falius 6, 2024"},"absolute_dates_time":{"created":"Posted on j\u00fanius 23, 2024 2:35 du.","modified":"Updated on j\u00falius 6, 2024 2:42 du."},"featured_img_caption":"","featured_img":false,"series_order":"","_links":{"self":[{"href":"https:\/\/smarted.smartonlineedu.com\/index.php\/wp-json\/wp\/v2\/pages\/556","targetHints":{"allow":["GET"]}}],"collection":[{"href":"https:\/\/smarted.smartonlineedu.com\/index.php\/wp-json\/wp\/v2\/pages"}],"about":[{"href":"https:\/\/smarted.smartonlineedu.com\/index.php\/wp-json\/wp\/v2\/types\/page"}],"author":[{"embeddable":true,"href":"https:\/\/smarted.smartonlineedu.com\/index.php\/wp-json\/wp\/v2\/users\/1"}],"replies":[{"embeddable":true,"href":"https:\/\/smarted.smartonlineedu.com\/index.php\/wp-json\/wp\/v2\/comments?post=556"}],"version-history":[{"count":9,"href":"https:\/\/smarted.smartonlineedu.com\/index.php\/wp-json\/wp\/v2\/pages\/556\/revisions"}],"predecessor-version":[{"id":643,"href":"https:\/\/smarted.smartonlineedu.com\/index.php\/wp-json\/wp\/v2\/pages\/556\/revisions\/643"}],"up":[{"embeddable":true,"href":"https:\/\/smarted.smartonlineedu.com\/index.php\/wp-json\/wp\/v2\/pages\/525"}],"wp:attachment":[{"href":"https:\/\/smarted.smartonlineedu.com\/index.php\/wp-json\/wp\/v2\/media?parent=556"}],"curies":[{"name":"wp","href":"https:\/\/api.w.org\/{rel}","templated":true}]}}