{"id":453,"date":"2024-05-12T18:44:23","date_gmt":"2024-05-12T18:44:23","guid":{"rendered":"https:\/\/solutions-hr.com\/?page_id=453"},"modified":"2024-07-06T15:32:57","modified_gmt":"2024-07-06T15:32:57","slug":"tusnadfurdo-turisztikai-attrakciok","status":"publish","type":"page","link":"https:\/\/smarted.smartonlineedu.com\/index.php\/kezelo-kozpontok\/tusnadfurdo\/tusnadfurdo-turisztikai-attrakciok\/","title":{"rendered":"Tusn\u00e1df\u00fcrd\u0151 -Turisztikai attrakci\u00f3k"},"content":{"rendered":"\n<h2 class=\"wp-block-heading\" id=\"borszek-7b450d37-407a-43ee-be1a-89bf196535c4\">Tusn\u00e1df\u00fcrd\u0151 -Turisztikai attrakci\u00f3k<\/h2>\n\n\n\n<div class=\"wp-block-cover alignfull\" style=\"min-height:700px;aspect-ratio:unset;\"><span aria-hidden=\"true\" class=\"wp-block-cover__background has-background-dim-0 has-background-dim\" style=\"background-color:#b0bbbe\"><\/span><img loading=\"lazy\" decoding=\"async\" width=\"1370\" height=\"627\" class=\"wp-block-cover__image-background wp-image-493\" alt=\"\" src=\"https:\/\/smarted.smartonlineedu.com\/wp-content\/uploads\/2024\/06\/Tusnadfurdo-2.png\" data-object-fit=\"cover\" srcset=\"https:\/\/smarted.smartonlineedu.com\/wp-content\/uploads\/2024\/06\/Tusnadfurdo-2.png 1370w, https:\/\/smarted.smartonlineedu.com\/wp-content\/uploads\/2024\/06\/Tusnadfurdo-2-300x137.png 300w, https:\/\/smarted.smartonlineedu.com\/wp-content\/uploads\/2024\/06\/Tusnadfurdo-2-1024x469.png 1024w, https:\/\/smarted.smartonlineedu.com\/wp-content\/uploads\/2024\/06\/Tusnadfurdo-2-768x351.png 768w\" sizes=\"auto, (max-width: 1370px) 100vw, 1370px\" \/><div class=\"wp-block-cover__inner-container is-layout-flow wp-block-cover-is-layout-flow\">\n<div style=\"height:80px\" aria-hidden=\"true\" class=\"wp-block-spacer\"><\/div>\n\n\n\n<p class=\"has-text-align-center has-text-color\" style=\"color:#121212;font-size:17px\"><\/p>\n\n\n\n<div style=\"height:80px\" aria-hidden=\"true\" class=\"wp-block-spacer\"><\/div>\n\n\n\n<div style=\"height:80px\" aria-hidden=\"true\" class=\"wp-block-spacer\"><\/div>\n\n\n\n<p><\/p>\n<\/div><\/div>\n\n\n\n<div style=\"height:100px\" aria-hidden=\"true\" class=\"wp-block-spacer\"><\/div>\n\n\n\n<hr class=\"wp-block-separator has-alpha-channel-opacity\"\/>\n\n\n\n<h2 class=\"wp-block-heading has-text-align-center\">Turisztikai Attrakci\u00f3k<\/h2>\n\n\n\n<hr class=\"wp-block-separator has-alpha-channel-opacity\"\/>\n\n\n\n<div class=\"wp-block-columns is-layout-flex wp-container-core-columns-is-layout-9d6595d7 wp-block-columns-is-layout-flex\">\n<div class=\"wp-block-column is-layout-flow wp-block-column-is-layout-flow\">\n<h2 class=\"wp-block-heading\"><strong><em>S\u00f3lyomk\u0151<\/em><\/strong><\/h2>\n\n\n\n<div style=\"height:23px\" aria-hidden=\"true\" class=\"wp-block-spacer\"><\/div>\n\n\n\n<ul class=\"wp-block-list\">\n<li>Term\u00e9szetv\u00e9delmi Rezerv\u00e1tum, vulkanikus plat\u00f3 a Nagy-Piliske meredek keleti lejt\u0151j\u00e9nek alj\u00e1n, egy andezit sziklab\u00e9rc, amely az Olt partj\u00e1n 824 m magass\u00e1gban emelkedik. <\/li>\n\n\n\n<li>Fontos megeml\u00edteni a Teleki h\u00f6lgym\u00e1l (Hieracium telekianum) vir\u00e1got, amely nagy ritkasz\u00e1mban jelenik meg ezen a t\u00e1jon, ami val\u00f3ban egy k\u00fcl\u00f6nlegess\u00e9g. <\/li>\n<\/ul>\n<\/div>\n\n\n\n<div class=\"wp-block-column is-layout-flow wp-block-column-is-layout-flow\"><div class=\"wp-block-image\">\n<figure class=\"aligncenter size-full is-resized\"><img loading=\"lazy\" decoding=\"async\" width=\"418\" height=\"526\" src=\"https:\/\/smarted.smartonlineedu.com\/wp-content\/uploads\/2024\/06\/image.png\" alt=\"\" class=\"wp-image-495\" style=\"width:304px;height:auto\" srcset=\"https:\/\/smarted.smartonlineedu.com\/wp-content\/uploads\/2024\/06\/image.png 418w, https:\/\/smarted.smartonlineedu.com\/wp-content\/uploads\/2024\/06\/image-238x300.png 238w\" sizes=\"auto, (max-width: 418px) 100vw, 418px\" \/><\/figure>\n<\/div>\n\n\n<p class=\"has-text-align-center\"><em>Forr\u00e1s: Term\u00e9szetv\u00e9delmi Ter\u00fcletek O.\u00dcgyn. \u2013 Hargita megyei kirendelts\u00e9g <\/em><a href=\"https:\/\/www.facebook.com\/100064472960455\/posts\/579848442704290\/\"><em>https:\/\/www.facebook.com\/100064472960455\/posts\/579848442704290\/<\/em><\/a><em>)<\/em><\/p>\n<\/div>\n<\/div>\n\n\n\n<hr class=\"wp-block-separator has-alpha-channel-opacity\"\/>\n\n\n\n<h2 class=\"wp-block-heading has-text-align-center\"><strong><em>Szent Anna-t\u00f3<\/em><\/strong><\/h2>\n\n\n\n<div class=\"wp-block-columns is-layout-flex wp-container-core-columns-is-layout-9d6595d7 wp-block-columns-is-layout-flex\">\n<div class=\"wp-block-column is-layout-flow wp-block-column-is-layout-flow\">\n<div class=\"wp-block-uagb-image aligncenter uagb-block-096db66f wp-block-uagb-image--layout-default wp-block-uagb-image--effect-static wp-block-uagb-image--align-center\"><figure class=\"wp-block-uagb-image__figure\"><img decoding=\"async\" srcset=\"https:\/\/smarted.smartonlineedu.com\/wp-content\/uploads\/2024\/06\/image_2024-06-05_172359208-1024x773.png ,https:\/\/smarted.smartonlineedu.com\/wp-content\/uploads\/2024\/06\/image_2024-06-05_172359208.png 780w, https:\/\/smarted.smartonlineedu.com\/wp-content\/uploads\/2024\/06\/image_2024-06-05_172359208.png 360w\" sizes=\"auto, (max-width: 480px) 150px\" src=\"https:\/\/smarted.smartonlineedu.com\/wp-content\/uploads\/2024\/06\/image_2024-06-05_172359208-1024x773.png\" alt=\"\" class=\"uag-image-498\" width=\"430\" height=\"262\" title=\"image_2024-06-05_172359208\" loading=\"lazy\" role=\"img\"\/><\/figure><\/div>\n\n\n\n<p class=\"has-text-align-center\"><a href=\"https:\/\/termalfurdok.com\"><em>Foto: Ignat Dorobantu<\/em><\/a><\/p>\n<\/div>\n\n\n\n<div class=\"wp-block-column is-layout-flow wp-block-column-is-layout-flow\">\n<div style=\"height:6px\" aria-hidden=\"true\" class=\"wp-block-spacer\"><\/div>\n\n\n\n<ul class=\"wp-block-list\">\n<li>A Csom\u00e1d-hegys\u00e9g kr\u00e1ter\u00e9ben lev\u0151 Szent Anna-t\u00f3 Eur\u00f3pa egyetlen term\u00e9szetben megmaradt vulk\u00e1ni tava, Natura 2000 ter\u00fclet. <\/li>\n\n\n\n<li>R\u00e9gi k\u00e1poln\u00e1j\u00e1t 1765-ben cs\u00edki lakosok \u00e9p\u00edtett\u00e9k fel. 1775-ben a m\u00e1sik oldalon is \u00e9p\u00fclt egy k\u00e1polna, mely 1860-ban romba d\u0151lt. <\/li>\n\n\n\n<li>1842-ben a r\u00e9gi is le\u00e9gett. <\/li>\n\n\n\n<li>Mai Szent Anna k\u00e1poln\u00e1ja 1977-ben \u00e9p\u00fclt, b\u00facs\u00faja j\u00falius 26-\u00e1n van. <\/li>\n<\/ul>\n<\/div>\n<\/div>\n\n\n\n<div class=\"wp-block-columns is-layout-flex wp-container-core-columns-is-layout-9d6595d7 wp-block-columns-is-layout-flex\">\n<div class=\"wp-block-column is-layout-flow wp-block-column-is-layout-flow\">\n<h2 class=\"wp-block-heading\"><strong><em>Mohos havasi t\u0151zegl\u00e1p<\/em><\/strong><\/h2>\n\n\n\n<ul class=\"wp-block-list\">\n<li>A Csom\u00e1d ikerkr\u00e1ter\u00e9ben tal\u00e1lhat\u00f3 Mohos havasi t\u0151zegl\u00e1p amely 1050 m\u00e9ter magass\u00e1gban fekszik, \u00e1tm\u00e9r\u0151je 800 m\u00e9ter, ter\u00fclete 80 hekt\u00e1r, a t\u0151zeg vastags\u00e1ga t\u00edz m\u00e9ter, mennyis\u00e9ge k\u00f6r\u00fclbel\u00fcl 3 milli\u00f3 k\u00f6bm\u00e9ter, mondhatni, hogy egy elt\u0151zegesedett, t\u00f3szemekkel tark\u00edtott kr\u00e1ter. Cs\u00edkszered\u00e1t\u00f3l 55 km t\u00e1vols\u00e1gra tal\u00e1lhat\u00f3, Tusn\u00e1df\u00fcrd\u0151r\u0151l indulva egy 5,2 km hossz\u00fas\u00e1g\u00fa gyalogos t\u00fara\u00fatvonalon is megk\u00f6zel\u00edthet\u0151.<\/li>\n\n\n\n<li>B\u00e1lint &#8211; B\u00e1lint L. a <em>\u201eGeomorfositurile din mun<\/em><em>\u021bii Harghita<\/em><em>\u201d <\/em>c. k\u00f6nyv\u00e9ben kiemeli, hogy e k\u00e9t term\u00e9szeti er\u0151forr\u00e1s nemzeti \u00e9s nezetk\u00f6zi szinten a legismertebb turisztikai desztin\u00e1ci\u00f3t jelenti, valamint a turist\u00e1k k\u00f6r\u00e9ben, az antr\u00f3pikus turisztikai desztin\u00e1ci\u00f3k mellett, e k\u00e9t desztin\u00e1ci\u00f3 a kedvenc \u00e9s f\u0151 turisztikai attrakci\u00f3nak min\u0151s\u00edthet\u0151. (B\u00e1lint &#8211; B\u00e1lint L., 2018, 65 o.)&nbsp;<\/li>\n<\/ul>\n<\/div>\n\n\n\n<div class=\"wp-block-column is-layout-flow wp-block-column-is-layout-flow\">\n<div class=\"wp-block-uagb-image aligncenter uagb-block-e320ee96 wp-block-uagb-image--layout-default wp-block-uagb-image--effect-static wp-block-uagb-image--align-center\"><figure class=\"wp-block-uagb-image__figure\"><img decoding=\"async\" srcset=\"https:\/\/smarted.smartonlineedu.com\/wp-content\/uploads\/2024\/06\/image_2024-06-05_173429471-1024x741.png ,https:\/\/smarted.smartonlineedu.com\/wp-content\/uploads\/2024\/06\/image_2024-06-05_173429471.png 780w, https:\/\/smarted.smartonlineedu.com\/wp-content\/uploads\/2024\/06\/image_2024-06-05_173429471.png 360w\" sizes=\"auto, (max-width: 480px) 150px\" src=\"https:\/\/smarted.smartonlineedu.com\/wp-content\/uploads\/2024\/06\/image_2024-06-05_173429471-1024x741.png\" alt=\"\" class=\"uag-image-501\" width=\"501\" height=\"363\" title=\"image_2024-06-05_173429471\" loading=\"lazy\" role=\"img\"\/><\/figure><\/div>\n\n\n\n<p class=\"has-text-align-center\"><em>Forr\u00e1s: Google Earth<\/em><\/p>\n<\/div>\n<\/div>\n\n\n\n<div class=\"wp-block-columns is-layout-flex wp-container-core-columns-is-layout-9d6595d7 wp-block-columns-is-layout-flex\">\n<div class=\"wp-block-column is-layout-flow wp-block-column-is-layout-flow\">\n<h2 class=\"wp-block-heading has-text-align-center\"><strong>Apor-b\u00e1stya<\/strong><\/h2>\n\n\n\n<div class=\"wp-block-uagb-image aligncenter uagb-block-68842e91 wp-block-uagb-image--layout-default wp-block-uagb-image--effect-static wp-block-uagb-image--align-center\"><figure class=\"wp-block-uagb-image__figure\"><img decoding=\"async\" srcset=\"https:\/\/smarted.smartonlineedu.com\/wp-content\/uploads\/2024\/06\/image_2024-06-05_174046331-1024x736.png ,https:\/\/smarted.smartonlineedu.com\/wp-content\/uploads\/2024\/06\/image_2024-06-05_174046331.png 780w, https:\/\/smarted.smartonlineedu.com\/wp-content\/uploads\/2024\/06\/image_2024-06-05_174046331.png 360w\" sizes=\"auto, (max-width: 480px) 150px\" src=\"https:\/\/smarted.smartonlineedu.com\/wp-content\/uploads\/2024\/06\/image_2024-06-05_174046331-1024x736.png\" alt=\"\" class=\"uag-image-503\" width=\"482\" height=\"331\" title=\"image_2024-06-05_174046331\" loading=\"lazy\" role=\"img\"\/><\/figure><\/div>\n\n\n\n<p class=\"has-text-align-center\"><em>Foto: Pop Maria<\/em><\/p>\n<\/div>\n\n\n\n<div class=\"wp-block-column is-layout-flow wp-block-column-is-layout-flow\">\n<ul class=\"wp-block-list\">\n<li>A Visit Harghita le\u00edr\u00e1sa szerint 1883-ban, k\u00f6sz\u00f6nhet\u0151en b\u00e1r\u00f3 Apor K\u00e1roly f\u0151birtokos eln\u00f6ki kezdem\u00e9nyez\u00e9s\u00e9nek, a Szurdok-tet\u0151 egyik kiemelked\u0151 szikl\u00e1j\u00e1nak cs\u00facs\u00e1n j\u00f6tt l\u00e9tre az Apor-b\u00e1stya (761 m\u00e9ter magasan), amelynek sosem volt katonai vagy strat\u00e9g iai funkci\u00f3ja; eleve mint egy kil\u00e1t\u00f3 \u00e9s pihen\u0151 hely k\u00e9sz\u00fclt el.<\/li>\n\n\n\n<li>Ez a hely kiv\u00e1l\u00f3 panor\u00e1m\u00e1t ny\u00fajt a Tusn\u00e1di-szorosban fekv\u0151 Tusn\u00e1df\u00fcrd\u0151re, az Olt foly\u00f3ra, \u00e9s a szemk\u00f6zti hegytet\u0151n magasod\u00f3 S\u00f3lyomk\u0151 Term\u00e9szetv\u00e9delmi Rezerv\u00e1tumra.<\/li>\n\n\n\n<li>Az \u00e9vek folyam\u00e1n az Apor-b\u00e1stya t\u00f6bb fel\u00faj\u00edt\u00e1son esett \u00e1t, amelyek sor\u00e1n mindenkor siker\u00fclt meg\u0151riznie eredeti c\u00e9lj\u00e1t \u00e9s st\u00edlusbeli jellemz\u0151it, tov\u00e1bb\u00e1 mostant\u00f3l \u00e9jszaka is l\u00e1that\u00f3 a v\u00e1ros fel\u0151l. A 2017-es fel\u00faj\u00edt\u00e1s alkalm\u00e1val a b\u00e1stya f\u00f6ldszintj\u00e9n l\u00e9trehoztak egy ki\u00e1ll\u00edt\u00e1si teret, ahol a b\u00e1stya \u00e9s a k\u00f6rnyez\u0151 v\u00e1ros t\u00f6rt\u00e9nelm\u00e9t bemutat\u00f3 f\u00e9nyk\u00e9pek tekinthet\u0151k meg.<\/li>\n<\/ul>\n<\/div>\n<\/div>\n\n\n\n<hr class=\"wp-block-separator has-alpha-channel-opacity\"\/>\n\n\n\n<div class=\"wp-block-columns is-layout-flex wp-container-core-columns-is-layout-9d6595d7 wp-block-columns-is-layout-flex\">\n<div class=\"wp-block-column is-layout-flow wp-block-column-is-layout-flow\">\n<div style=\"height:100px\" aria-hidden=\"true\" class=\"wp-block-spacer\"><\/div>\n\n\n\n<h2 class=\"wp-block-heading has-text-align-center\"><strong>R\u00f3mai katolikus templom<\/strong><\/h2>\n<\/div>\n<\/div>\n\n\n\n<div class=\"wp-block-columns is-layout-flex wp-container-core-columns-is-layout-9d6595d7 wp-block-columns-is-layout-flex\">\n<div class=\"wp-block-column is-layout-flow wp-block-column-is-layout-flow\">\n<ul class=\"wp-block-list\">\n<li>Gyulafeh\u00e9rv\u00e1ri R\u00f3mai Katolikus \u00c9rseks\u00e9g le\u00edr\u00e1sa szerint a R\u00f3mai katolikus templom 1845-ben Sz\u00e9pmez\u0151n, amely a tusn\u00e1di k\u00f6zbirtokoss\u00e1g ter\u00fclet\u00e9n tal\u00e1lhat\u00f3, <\/li>\n\n\n\n<li>\u00c9ltes Lajosnak k\u00f6sz\u00f6nhet\u0151en kezd\u0151d\u00f6tt el a f\u00fcrd\u0151\u00e9let n\u00e9h\u00e1ny vend\u00e9gh\u00e1zzal. Ezt a kezdem\u00e9nyez\u00e9st Kov\u00e1cs Mikl\u00f3s erd\u00e9lyi p\u00fcsp\u00f6k is t\u00e1mogatta, mivel a hely gy\u00f3gyvizei t\u00f6bb betegs\u00e9g gy\u00f3gyul\u00e1s\u00e1t seg\u00edtett\u00e9k el\u0151. Egy nagyobb \u00e9p\u00fcletet is felh\u00faztak a szeg\u00e9nyebb betegek sz\u00e1m\u00e1ra. <\/li>\n\n\n\n<li>Azonban 1848-ban ezt a helyet felgy\u00fajtott\u00e1k, \u00e9s le\u00e9gett, csup\u00e1n a p\u00fcsp\u00f6ki \u00e9p\u00fclet maradt \u00e9pen. <\/li>\n\n\n\n<li>A f\u00fcrd\u0151\u00e9let \u00fajraind\u00edt\u00e1s\u00e1t Gr. Mikes Benedek \u00e9s br. Szentkereszti Zsigmond r\u00e9szv\u00e9nyt\u00e1rsas\u00e1g alak\u00edt\u00e1s\u00e1val siker\u00fclt el\u00e9rni. <\/li>\n\n\n\n<li>1869-ben tervezt\u00e9k egy k\u00e1polna fel\u00e9p\u00edt\u00e9s\u00e9t, de ez csak 1929-ben val\u00f3sult meg. Addig a helyi h\u00edvek mag\u00e1nh\u00e1zakban gy\u0171ltek \u00f6ssze mis\u00e9re, amit el\u0151sz\u00f6r tusn\u00e1di Koncz Istv\u00e1n, k\u00e9s\u0151bb \u00fajtusn\u00e1di Kedves P\u00e9ter pl\u00e9b\u00e1nos tartott. A k\u00e1polna telek\u00e9t Koncz Istv\u00e1n szerezte meg, \u00e9s Kedves P\u00e9ter pl\u00e9b\u00e1nos \u00e9p\u00edttette fel. <\/li>\n\n\n\n<li>1950-t\u0151l Szak\u00e1ts Antal hittan\u00e1r idej\u00e9n m\u0171k\u00f6d\u00f6tt itt helyi lelk\u00e9szs\u00e9g, aki <\/li>\n\n\n\n<li>1958-ban egy k\u00e9t kis szob\u00e1s pl\u00e9b\u00e1ni\u00e1t \u00e9p\u00edttetett. <\/li>\n\n\n\n<li>Kajtsa Ferenc pl\u00e9b\u00e1nos, Szak\u00e1ts ut\u00f3da, ezt h\u00e1rom kis szob\u00e1val b\u0151v\u00edtette az alagsorban. <\/li>\n\n\n\n<li>Incze D\u00e9nes pl\u00e9b\u00e1nos 1980-ban tov\u00e1bb b\u0151v\u00edtette a pl\u00e9b\u00e1ni\u00e1t, majd 1981-ben \u00f6n\u00e1ll\u00f3 pl\u00e9b\u00e1niak\u00e9nt nyilv\u00e1n\u00edtotta, \u00e9s a kommunizmus legnehezebb id\u0151szak\u00e1ban, nagy neh\u00e9zs\u00e9gek \u00e1r\u00e1n, a r\u00e9gi k\u00e1polna hely\u00e9n fel\u00e9p\u00edtette a mai modern templomot, ami ma Erd\u00e9ly egyik leggy\u00f6ny\u00f6r\u0171bb n\u00e9pm\u0171v\u00e9szeti elemekkel d\u00edsz\u00edtett temploma. <\/li>\n\n\n\n<li>1992-ben az egyh\u00e1zk\u00f6zs\u00e9g visszakapta a rom\u00e1n \u00e1llamt\u00f3l a Szent Anna-vill\u00e1t. (ersekseg.ro)<\/li>\n<\/ul>\n<\/div>\n\n\n\n<div class=\"wp-block-column is-layout-flow wp-block-column-is-layout-flow\">\n<div style=\"height:100px\" aria-hidden=\"true\" class=\"wp-block-spacer\"><\/div>\n\n\n\n<div class=\"wp-block-uagb-image aligncenter uagb-block-69a32646 wp-block-uagb-image--layout-default wp-block-uagb-image--effect-static wp-block-uagb-image--align-center\"><figure class=\"wp-block-uagb-image__figure\"><img decoding=\"async\" srcset=\"https:\/\/smarted.smartonlineedu.com\/wp-content\/uploads\/2024\/06\/RomaiKT.jpg ,https:\/\/smarted.smartonlineedu.com\/wp-content\/uploads\/2024\/06\/RomaiKT.jpg 780w, https:\/\/smarted.smartonlineedu.com\/wp-content\/uploads\/2024\/06\/RomaiKT.jpg 360w\" sizes=\"auto, (max-width: 480px) 150px\" src=\"https:\/\/smarted.smartonlineedu.com\/wp-content\/uploads\/2024\/06\/RomaiKT.jpg\" alt=\"\" class=\"uag-image-506\" width=\"405\" height=\"483\" title=\"RomaiKT\" loading=\"lazy\" role=\"img\"\/><\/figure><\/div>\n\n\n\n<p class=\"has-text-align-center\"><em>Forr\u00e1s: Gyulafeh\u00e9rv\u00e1ri R\u00f3mai Katolikus \u00c9rseks\u00e9g (ersekseg.ro)<\/em><\/p>\n<\/div>\n<\/div>\n\n\n\n<ul class=\"wp-block-list\">\n<li><\/li>\n<\/ul>\n\n\n\n<hr class=\"wp-block-separator has-alpha-channel-opacity\"\/>\n\n\n\n<div style=\"height:39px\" aria-hidden=\"true\" class=\"wp-block-spacer\"><\/div>\n\n\n\n<div class=\"wp-block-columns is-layout-flex wp-container-core-columns-is-layout-9d6595d7 wp-block-columns-is-layout-flex\"><\/div>\n","protected":false},"excerpt":{"rendered":"<p>Tusn\u00e1df\u00fcrd\u0151 -Turisztikai attrakci\u00f3k Turisztikai Attrakci\u00f3k S\u00f3lyomk\u0151 Forr\u00e1s: Term\u00e9szetv\u00e9delmi Ter\u00fcletek O.\u00dcgyn. \u2013 Hargita megyei kirendelts\u00e9g https:\/\/www.facebook.com\/100064472960455\/posts\/579848442704290\/) Szent Anna-t\u00f3 Foto: Ignat Dorobantu Mohos havasi t\u0151zegl\u00e1p Forr\u00e1s: Google Earth Apor-b\u00e1stya Foto: Pop Maria R\u00f3mai katolikus templom Forr\u00e1s: Gyulafeh\u00e9rv\u00e1ri R\u00f3mai Katolikus \u00c9rseks\u00e9g (ersekseg.ro)<\/p>\n","protected":false},"author":1,"featured_media":0,"parent":430,"menu_order":0,"comment_status":"closed","ping_status":"closed","template":"","meta":{"_coblocks_attr":"","_coblocks_dimensions":"","_coblocks_responsive_height":"","_coblocks_accordion_ie_support":"","_eb_attr":"","_uag_custom_page_level_css":"","advgb_blocks_editor_width":"","advgb_blocks_columns_visual_guide":"","neve_meta_sidebar":"","neve_meta_container":"","neve_meta_enable_content_width":"on","neve_meta_content_width":100,"neve_meta_title_alignment":"","neve_meta_author_avatar":"","neve_post_elements_order":"","neve_meta_disable_header":"","neve_meta_disable_footer":"","neve_meta_disable_title":"on","_themeisle_gutenberg_block_has_review":false,"footnotes":""},"class_list":["post-453","page","type-page","status-publish","hentry"],"uagb_featured_image_src":{"full":false,"thumbnail":false,"medium":false,"medium_large":false,"large":false,"1536x1536":false,"2048x2048":false,"neve-blog":false},"uagb_author_info":{"display_name":"admin","author_link":"https:\/\/smarted.smartonlineedu.com\/index.php\/author\/admin_8iq54gse\/"},"uagb_comment_info":0,"uagb_excerpt":"Tusn\u00e1df\u00fcrd\u0151 -Turisztikai attrakci\u00f3k Turisztikai Attrakci\u00f3k S\u00f3lyomk\u0151 Forr\u00e1s: Term\u00e9szetv\u00e9delmi Ter\u00fcletek O.\u00dcgyn. \u2013 Hargita megyei kirendelts\u00e9g https:\/\/www.facebook.com\/100064472960455\/posts\/579848442704290\/) Szent Anna-t\u00f3 Foto: Ignat Dorobantu Mohos havasi t\u0151zegl\u00e1p Forr\u00e1s: Google Earth Apor-b\u00e1stya Foto: Pop Maria R\u00f3mai katolikus templom Forr\u00e1s: Gyulafeh\u00e9rv\u00e1ri R\u00f3mai Katolikus \u00c9rseks\u00e9g (ersekseg.ro)","coauthors":[],"author_meta":{"author_link":"https:\/\/smarted.smartonlineedu.com\/index.php\/author\/admin_8iq54gse\/","display_name":"admin"},"relative_dates":{"created":"Posted 2 \u00e9v ago","modified":"Updated 2 \u00e9v ago"},"absolute_dates":{"created":"Posted on m\u00e1jus 12, 2024","modified":"Updated on j\u00falius 6, 2024"},"absolute_dates_time":{"created":"Posted on m\u00e1jus 12, 2024 6:44 du.","modified":"Updated on j\u00falius 6, 2024 3:32 du."},"featured_img_caption":"","featured_img":false,"series_order":"","_links":{"self":[{"href":"https:\/\/smarted.smartonlineedu.com\/index.php\/wp-json\/wp\/v2\/pages\/453","targetHints":{"allow":["GET"]}}],"collection":[{"href":"https:\/\/smarted.smartonlineedu.com\/index.php\/wp-json\/wp\/v2\/pages"}],"about":[{"href":"https:\/\/smarted.smartonlineedu.com\/index.php\/wp-json\/wp\/v2\/types\/page"}],"author":[{"embeddable":true,"href":"https:\/\/smarted.smartonlineedu.com\/index.php\/wp-json\/wp\/v2\/users\/1"}],"replies":[{"embeddable":true,"href":"https:\/\/smarted.smartonlineedu.com\/index.php\/wp-json\/wp\/v2\/comments?post=453"}],"version-history":[{"count":25,"href":"https:\/\/smarted.smartonlineedu.com\/index.php\/wp-json\/wp\/v2\/pages\/453\/revisions"}],"predecessor-version":[{"id":639,"href":"https:\/\/smarted.smartonlineedu.com\/index.php\/wp-json\/wp\/v2\/pages\/453\/revisions\/639"}],"up":[{"embeddable":true,"href":"https:\/\/smarted.smartonlineedu.com\/index.php\/wp-json\/wp\/v2\/pages\/430"}],"wp:attachment":[{"href":"https:\/\/smarted.smartonlineedu.com\/index.php\/wp-json\/wp\/v2\/media?parent=453"}],"curies":[{"name":"wp","href":"https:\/\/api.w.org\/{rel}","templated":true}]}}