{"id":451,"date":"2024-05-12T18:45:09","date_gmt":"2024-05-12T18:45:09","guid":{"rendered":"https:\/\/solutions-hr.com\/?page_id=451"},"modified":"2024-07-06T15:33:14","modified_gmt":"2024-07-06T15:33:14","slug":"tusnadfurdo-kezelo-kozpont","status":"publish","type":"page","link":"https:\/\/smarted.smartonlineedu.com\/index.php\/kezelo-kozpontok\/tusnadfurdo\/tusnadfurdo-kezelo-kozpont\/","title":{"rendered":"Tusn\u00e1df\u00fcrd\u0151-Kezel\u0151 K\u00f6zpont"},"content":{"rendered":"\n<h2 class=\"wp-block-heading\" id=\"borszek-7b450d37-407a-43ee-be1a-89bf196535c4\">Tusn\u00e1df\u00fcrd\u0151 &#8211; Kezel\u0151 K\u00f6zpont<\/h2>\n\n\n\n<div class=\"wp-block-cover alignfull is-light\" style=\"min-height:700px;aspect-ratio:unset;\"><span aria-hidden=\"true\" class=\"wp-block-cover__background has-background-dim-0 has-background-dim\" style=\"background-color:#b0bbbe\"><\/span><img loading=\"lazy\" decoding=\"async\" width=\"339\" height=\"254\" class=\"wp-block-cover__image-background wp-image-467\" alt=\"\" src=\"https:\/\/smarted.smartonlineedu.com\/wp-content\/uploads\/2024\/05\/tusnad.jpg\" data-object-fit=\"cover\" srcset=\"https:\/\/smarted.smartonlineedu.com\/wp-content\/uploads\/2024\/05\/tusnad.jpg 339w, https:\/\/smarted.smartonlineedu.com\/wp-content\/uploads\/2024\/05\/tusnad-300x225.jpg 300w\" sizes=\"auto, (max-width: 339px) 100vw, 339px\" \/><div class=\"wp-block-cover__inner-container is-layout-flow wp-block-cover-is-layout-flow\">\n<div style=\"height:80px\" aria-hidden=\"true\" class=\"wp-block-spacer\"><\/div>\n\n\n\n<p class=\"has-text-align-center has-text-color\" style=\"color:#121212;font-size:17px\"><\/p>\n\n\n\n<div style=\"height:80px\" aria-hidden=\"true\" class=\"wp-block-spacer\"><\/div>\n\n\n\n<div style=\"height:80px\" aria-hidden=\"true\" class=\"wp-block-spacer\"><\/div>\n\n\n\n<p><\/p>\n<\/div><\/div>\n\n\n\n<div style=\"height:100px\" aria-hidden=\"true\" class=\"wp-block-spacer\"><\/div>\n\n\n\n<p class=\"has-text-align-center\">A ter\u00e1pi\u00e1s k\u00f6zpont Tusn\u00e1df\u00fcrd\u0151 (B\u0103ile Tusnad) \u00fcd\u00fcl\u0151k\u00f6zpontj\u00e1ban tal\u00e1lhat\u00f3, mind\u00f6ssze 300 m\u00e9terre a kalandparkt\u00f3l. Egy olyan komplex eg\u00e9szs\u00e9g\u00fcgyi l\u00e9tes\u00edtm\u00e9ny, amely k\u00fcl\u00f6nf\u00e9le speci\u00e1lis ter\u00e1pi\u00e1s m\u00f3dszereket k\u00edn\u00e1l, kihaszn\u00e1lva a term\u00e9szeti gy\u00f3gy\u00edt\u00f3 er\u0151ket, mint p\u00e9ld\u00e1ul a sz\u00e9ndioxidban gazdag \u00e1sv\u00e1nyvizek, moffetta (sz\u00e9n-dioxidot tartalmaz\u00f3 g\u00e1zforr\u00e1s), fizioter\u00e1pi\u00e1s kezel\u00e9sek \u00e9s mozg\u00e1ster\u00e1pia. Ezeket a kezel\u00e9seket gy\u00f3gyul\u00e1si, eg\u00e9szs\u00e9gmeg\u0151rz\u00e9si \u00e9s megel\u0151z\u00e9si c\u00e9lokra alkalmazz\u00e1k. A kezel\u00e9sek orvosi fel\u00fcgyelet mellett val\u00f3sulnak meg, amelyet term\u00e9szetesen megel\u0151z egy komplex kivizsg\u00e1l\u00e1si folyamat, amely sor\u00e1n meg\u00e1llap\u00edt\u00e1sra ker\u00fcl a c\u00e9lzott, egy\u00e9nre szabott kezel\u00e9s.<\/p>\n\n\n\n<p class=\"has-text-align-center\">A mofett\u00e1kat, amelyeket 1895-ben fedezett fel Jako Fulop Imets kanonikus, Tusn\u00e1d k\u00f6zs\u00e9g sz\u00fcl\u00f6tte, csak balneol\u00f3gus orvosok tan\u00e1cs\u00e1ra, ellen\u0151rz\u00f6tt \u00e9s fel\u00fcgyeleti programok sor\u00e1n, sz\u00e1mos betegs\u00e9g (anyagcsere-v\u00e1ltoz\u00e1sok, kr\u00f3nikus degenerat\u00edv reumatikus betegs\u00e9gek, b\u0151rgy\u00f3gy\u00e1szati betegs\u00e9gek, pikkelys\u00f6m\u00f6r, b\u0151rgyullad\u00e1s, polineurop\u00e1tia) kezel\u00e9s\u00e9re lehet haszn\u00e1lni (B\u00e1lint-B\u00e1lint, L.- Irimus, I.A. \u2013 Cri\u015fan &#8211; H.F Cioban &#8211; T Dombay, S, 2016)<\/p>\n\n\n\n<p class=\"has-text-align-center\">A k\u00f6zpont \u00fagy lett kialak\u00edtva, hogy minden sz\u00fcks\u00e9ges ter\u00e1pi\u00e1s tev\u00e9kenys\u00e9get el tudjanak benne v\u00e9gezni, ugyanakkor sz\u00e1ll\u00e1slehet\u0151s\u00e9get is biztos\u00edt, a Gazdas\u00e1gi, V\u00e1llalkoz\u00f3i \u00e9s Turisztikai Miniszt\u00e9rium \u00e1ltal szolg\u00e1ltatott adatok szerint a 3 csillagos Tusn\u00e1d Hotel 108 helyis\u00e9g\u00e9ben 216 vend\u00e9get tud elsz\u00e1ll\u00e1solni. (https:\/\/turism.gov.ro)<\/p>\n\n\n\n<p class=\"has-text-align-center\">A k\u00fcls\u0151 ellegancia mellett nem elhanyagolhat\u00f3 a benti design sem, egy csod\u00e1latos k\u00f6rnyezet, ahol, a megk\u00e9rdezettek szerint, szinte \u00fajj\u00e1 sz\u00fcletik az ember.<\/p>\n\n\n\n<p class=\"has-text-align-center\">A k\u00fcls\u0151 kezel\u0151 ter\u00e1pia mellett iv\u00f3k\u00fara ter\u00e1pia is el\u00e9rhet\u0151 a kezel\u0151 b\u00e1zisban, ahol ugyancsak szem\u00e9lyreszabottan \u00edr\u00f3dik el\u0151 az efogyasztand\u00f3 \u00e1sv\u00e1nyv\u00edz mennyis\u00e9g, az id\u0151pont, amikor azt fogyasztani kell \u00e9s m\u00e9g az elfogyaszt\u00e1s m\u00f3dja is nagy jelent\u0151s\u00e9ggel b\u00edr a kezel\u00e9sben, pl. az el\u0151\u00edrt v\u00edzmennyis\u00e9get kis kortyokban kell elfogyasztani, percenk\u00e9nt 2-3 alkalommal ism\u00e9telve. Az \u00e1sv\u00e1nyv\u00edzk\u00fara sor\u00e1n a v\u00edz h\u0151m\u00e9rs\u00e9klete is fontos, pl. em\u00e9szt\u0151rendszeri \u00e9s epeh\u00f3lyag g\u00f6rcs\u00f6k eset\u00e9ben el\u0151meleg\u00edtett v\u00edz fogyaszt\u00e1sa aj\u00e1nott, m\u00edg a sz\u00e9kreked\u00e9s \u00e9s a diuretikus k\u00far\u00e1k eset\u00e9ben a h\u0171v\u00f6s \u00e1sv\u00e1nyv\u00edz fogyaszt\u00e1sa az el\u0151ny\u00f6s.<\/p>\n\n\n\n<figure class=\"wp-block-table\"><table class=\"has-fixed-layout\"><tbody><tr><td><strong>Szolg\u00e1ltat\u00e1s<\/strong><\/td><td><strong>Le\u00edr\u00e1s<\/strong><\/td><td><strong>Felszerelts\u00e9g<\/strong><\/td><\/tr><tr><td>Mozg\u00e1ster\u00e1pia \u00e9s gy\u00f3gytorna<\/td><td>C\u00e9lzott, adagolhat\u00f3 fizikai aktivit\u00e1s, amely prevent\u00edv, kurat\u00edv \u00e9s rehabilit\u00e1ci\u00f3s c\u00e9llal alkalmazhat\u00f3.<\/td><td>F\u00f6ldszinti tornaterem fizioterapeut\u00e1val, speci\u00e1lis eszk\u00f6z\u00f6kkel.<\/td><\/tr><tr><td>V\u00edzalatti torna<\/td><td>Hidroter\u00e1pia, ahol a v\u00edz fizikai \u00e9s term\u00e1lis hat\u00e1sait kihaszn\u00e1lva v\u00e9gezhet\u0151 mozg\u00e1s.<\/td><td>F\u00e9rfi \u00e9s n\u0151i medenc\u00e9k term\u00e9szetes sz\u00e9nsavas v\u00edzzel \u2013 I. emelet.<\/td><\/tr><tr><td>Elektroter\u00e1pia<\/td><td>K\u00fcl\u00f6nb\u00f6z\u0151 elektroter\u00e1pi\u00e1s kezel\u00e9sek, mint az \u00e1ram, ultrahang, \u00e9s l\u00e9zerter\u00e1pia.<\/td><td>Szakk\u00e9pzett asszisztensek \u00e1ltal vezetett kezel\u00e9sek \u2013 F\u00f6ldszint.<\/td><\/tr><tr><td>Massz\u00e1zster\u00e1pia<\/td><td>Mekanikai ingerrel v\u00e9gzett kezel\u00e9s, amely testileg \u00e9s lelkileg is felfriss\u00edt.<\/td><td>Szakk\u00e9pzett massz\u0151r\u00f6k \u2013 I. emelet.<\/td><\/tr><tr><td>Hidrotermoter\u00e1pia<\/td><td>V\u00edz alap\u00fa kezel\u00e9sek, melyek a v\u00edz fizikai tulajdons\u00e1gait haszn\u00e1lj\u00e1k fel.<\/td><td>Egyszem\u00e9lyes k\u00e1dak f\u00e9rfi \u00e9s n\u0151i r\u00e9szleg \u2013 I. emelet.<\/td><\/tr><tr><td>V\u00edz alatti sug\u00e1rmassz\u00e1zs<\/td><td>Term\u00e9szetes gy\u00f3gyv\u00edzben v\u00e9gzett f\u00fcrd\u0151z\u00e9s, amely el\u0151seg\u00edti a gy\u00f3gyul\u00e1st \u00e9s relax\u00e1ci\u00f3t.A hidromechanoter\u00e1pia r\u00e9szek\u00e9nt, a v\u00edz fizikai param\u00e9tereinek hat\u00e1s\u00e1val kombin\u00e1lva izomt\u00f3nus cs\u00f6kkent\u0151 hat\u00e1s\u00fa.<\/td><td>Egy teljes sug\u00e1rmassz\u00e1zs \u00e9s egy r\u00e9szleges sug\u00e1rmassz\u00e1zs g\u00e9p \u2013 I.emelet<\/td><\/tr><tr><td>Termoter\u00e1pia<\/td><td>H\u0151kezel\u00e9sek, mint a meleg parafin pakol\u00e1s, amely egyenletesen felmeleg\u00edti \u00e9s laz\u00edtja a testfel\u00fcletet.<\/td><td>Parafinkonyha k\u00e9t g\u00e9ppel.<\/td><\/tr><\/tbody><\/table><figcaption class=\"wp-element-caption\"><em>Forr\u00e1s: https:\/\/tusnad.ro\/<\/em><br><br><\/figcaption><\/figure>\n","protected":false},"excerpt":{"rendered":"<p>Tusn\u00e1df\u00fcrd\u0151 &#8211; Kezel\u0151 K\u00f6zpont A ter\u00e1pi\u00e1s k\u00f6zpont Tusn\u00e1df\u00fcrd\u0151 (B\u0103ile Tusnad) \u00fcd\u00fcl\u0151k\u00f6zpontj\u00e1ban tal\u00e1lhat\u00f3, mind\u00f6ssze 300 m\u00e9terre a kalandparkt\u00f3l. Egy olyan komplex eg\u00e9szs\u00e9g\u00fcgyi l\u00e9tes\u00edtm\u00e9ny, amely k\u00fcl\u00f6nf\u00e9le speci\u00e1lis ter\u00e1pi\u00e1s m\u00f3dszereket k\u00edn\u00e1l, kihaszn\u00e1lva a term\u00e9szeti gy\u00f3gy\u00edt\u00f3 er\u0151ket, mint p\u00e9ld\u00e1ul a sz\u00e9ndioxidban gazdag \u00e1sv\u00e1nyvizek, moffetta (sz\u00e9n-dioxidot tartalmaz\u00f3 g\u00e1zforr\u00e1s), fizioter\u00e1pi\u00e1s kezel\u00e9sek \u00e9s mozg\u00e1ster\u00e1pia. Ezeket a kezel\u00e9seket gy\u00f3gyul\u00e1si, eg\u00e9szs\u00e9gmeg\u0151rz\u00e9si \u00e9s megel\u0151z\u00e9si c\u00e9lokra&hellip;&nbsp;<a href=\"https:\/\/smarted.smartonlineedu.com\/index.php\/kezelo-kozpontok\/tusnadfurdo\/tusnadfurdo-kezelo-kozpont\/\" rel=\"bookmark\">Read More &raquo;<span class=\"screen-reader-text\">Tusn\u00e1df\u00fcrd\u0151-Kezel\u0151 K\u00f6zpont<\/span><\/a><\/p>\n","protected":false},"author":1,"featured_media":0,"parent":430,"menu_order":0,"comment_status":"closed","ping_status":"closed","template":"","meta":{"_coblocks_attr":"","_coblocks_dimensions":"","_coblocks_responsive_height":"","_coblocks_accordion_ie_support":"","_eb_attr":"","_uag_custom_page_level_css":"","advgb_blocks_editor_width":"","advgb_blocks_columns_visual_guide":"","neve_meta_sidebar":"","neve_meta_container":"","neve_meta_enable_content_width":"on","neve_meta_content_width":100,"neve_meta_title_alignment":"","neve_meta_author_avatar":"","neve_post_elements_order":"","neve_meta_disable_header":"","neve_meta_disable_footer":"","neve_meta_disable_title":"on","_themeisle_gutenberg_block_has_review":false,"footnotes":""},"class_list":["post-451","page","type-page","status-publish","hentry"],"uagb_featured_image_src":{"full":false,"thumbnail":false,"medium":false,"medium_large":false,"large":false,"1536x1536":false,"2048x2048":false,"neve-blog":false},"uagb_author_info":{"display_name":"admin","author_link":"https:\/\/smarted.smartonlineedu.com\/index.php\/author\/admin_8iq54gse\/"},"uagb_comment_info":0,"uagb_excerpt":"Tusn\u00e1df\u00fcrd\u0151 &#8211; Kezel\u0151 K\u00f6zpont A ter\u00e1pi\u00e1s k\u00f6zpont Tusn\u00e1df\u00fcrd\u0151 (B\u0103ile Tusnad) \u00fcd\u00fcl\u0151k\u00f6zpontj\u00e1ban tal\u00e1lhat\u00f3, mind\u00f6ssze 300 m\u00e9terre a kalandparkt\u00f3l. Egy olyan komplex eg\u00e9szs\u00e9g\u00fcgyi l\u00e9tes\u00edtm\u00e9ny, amely k\u00fcl\u00f6nf\u00e9le speci\u00e1lis ter\u00e1pi\u00e1s m\u00f3dszereket k\u00edn\u00e1l, kihaszn\u00e1lva a term\u00e9szeti gy\u00f3gy\u00edt\u00f3 er\u0151ket, mint p\u00e9ld\u00e1ul a sz\u00e9ndioxidban gazdag \u00e1sv\u00e1nyvizek, moffetta (sz\u00e9n-dioxidot tartalmaz\u00f3 g\u00e1zforr\u00e1s), fizioter\u00e1pi\u00e1s kezel\u00e9sek \u00e9s mozg\u00e1ster\u00e1pia. Ezeket a kezel\u00e9seket gy\u00f3gyul\u00e1si, eg\u00e9szs\u00e9gmeg\u0151rz\u00e9si \u00e9s megel\u0151z\u00e9si c\u00e9lokra&hellip;&nbsp;Read&hellip;","coauthors":[],"author_meta":{"author_link":"https:\/\/smarted.smartonlineedu.com\/index.php\/author\/admin_8iq54gse\/","display_name":"admin"},"relative_dates":{"created":"Posted 2 \u00e9v ago","modified":"Updated 2 \u00e9v ago"},"absolute_dates":{"created":"Posted on m\u00e1jus 12, 2024","modified":"Updated on j\u00falius 6, 2024"},"absolute_dates_time":{"created":"Posted on m\u00e1jus 12, 2024 6:45 du.","modified":"Updated on j\u00falius 6, 2024 3:33 du."},"featured_img_caption":"","featured_img":false,"series_order":"","_links":{"self":[{"href":"https:\/\/smarted.smartonlineedu.com\/index.php\/wp-json\/wp\/v2\/pages\/451","targetHints":{"allow":["GET"]}}],"collection":[{"href":"https:\/\/smarted.smartonlineedu.com\/index.php\/wp-json\/wp\/v2\/pages"}],"about":[{"href":"https:\/\/smarted.smartonlineedu.com\/index.php\/wp-json\/wp\/v2\/types\/page"}],"author":[{"embeddable":true,"href":"https:\/\/smarted.smartonlineedu.com\/index.php\/wp-json\/wp\/v2\/users\/1"}],"replies":[{"embeddable":true,"href":"https:\/\/smarted.smartonlineedu.com\/index.php\/wp-json\/wp\/v2\/comments?post=451"}],"version-history":[{"count":8,"href":"https:\/\/smarted.smartonlineedu.com\/index.php\/wp-json\/wp\/v2\/pages\/451\/revisions"}],"predecessor-version":[{"id":640,"href":"https:\/\/smarted.smartonlineedu.com\/index.php\/wp-json\/wp\/v2\/pages\/451\/revisions\/640"}],"up":[{"embeddable":true,"href":"https:\/\/smarted.smartonlineedu.com\/index.php\/wp-json\/wp\/v2\/pages\/430"}],"wp:attachment":[{"href":"https:\/\/smarted.smartonlineedu.com\/index.php\/wp-json\/wp\/v2\/media?parent=451"}],"curies":[{"name":"wp","href":"https:\/\/api.w.org\/{rel}","templated":true}]}}