{"id":449,"date":"2024-05-12T18:42:35","date_gmt":"2024-05-12T18:42:35","guid":{"rendered":"https:\/\/solutions-hr.com\/?page_id=449"},"modified":"2024-07-06T15:11:03","modified_gmt":"2024-07-06T15:11:03","slug":"baile-tusnad-istorie","status":"publish","type":"page","link":"https:\/\/smarted.smartonlineedu.com\/index.php\/centre-de-tratament\/baile-tusnad\/baile-tusnad-istorie\/","title":{"rendered":"B\u0103ile Tu\u0219nad &#8211; Istorie"},"content":{"rendered":"\n<h2 class=\"wp-block-heading\" id=\"borszek-7b450d37-407a-43ee-be1a-89bf196535c4\">B\u0103ile Tu\u0219nad &#8211; Istorie<\/h2>\n\n\n\n<div class=\"wp-block-cover alignfull\" style=\"min-height:700px;aspect-ratio:unset;\"><span aria-hidden=\"true\" class=\"wp-block-cover__background has-background-dim-0 has-background-dim\" style=\"background-color:#b0bbbe\"><\/span><img loading=\"lazy\" decoding=\"async\" width=\"1352\" height=\"730\" class=\"wp-block-cover__image-background wp-image-463\" alt=\"\" src=\"https:\/\/smarted.smartonlineedu.com\/wp-content\/uploads\/2024\/05\/image_2024-05-18_190353235.png\" data-object-fit=\"cover\" srcset=\"https:\/\/smarted.smartonlineedu.com\/wp-content\/uploads\/2024\/05\/image_2024-05-18_190353235.png 1352w, https:\/\/smarted.smartonlineedu.com\/wp-content\/uploads\/2024\/05\/image_2024-05-18_190353235-300x162.png 300w, https:\/\/smarted.smartonlineedu.com\/wp-content\/uploads\/2024\/05\/image_2024-05-18_190353235-1024x553.png 1024w, https:\/\/smarted.smartonlineedu.com\/wp-content\/uploads\/2024\/05\/image_2024-05-18_190353235-768x415.png 768w\" sizes=\"auto, (max-width: 1352px) 100vw, 1352px\" \/><div class=\"wp-block-cover__inner-container is-layout-flow wp-block-cover-is-layout-flow\">\n<div style=\"height:80px\" aria-hidden=\"true\" class=\"wp-block-spacer\"><\/div>\n\n\n\n<p class=\"has-text-align-center has-text-color\" style=\"color:#121212;font-size:17px\"><\/p>\n\n\n\n<div style=\"height:80px\" aria-hidden=\"true\" class=\"wp-block-spacer\"><\/div>\n\n\n\n<div style=\"height:80px\" aria-hidden=\"true\" class=\"wp-block-spacer\"><\/div>\n\n\n\n<p><\/p>\n<\/div><\/div>\n\n\n\n<div style=\"height:100px\" aria-hidden=\"true\" class=\"wp-block-spacer\"><\/div>\n\n\n\n<hr class=\"wp-block-separator has-alpha-channel-opacity\"\/>\n\n\n\n<h2 class=\"wp-block-heading has-text-align-center\">Tusn\u00e1df\u00fcrd\u0151 r\u00f6vid t\u00f6rt\u00e9nete<\/h2>\n\n\n\n<blockquote class=\"wp-block-quote is-layout-flow wp-block-quote-is-layout-flow\">\n<div style=\"height:50px\" aria-hidden=\"true\" class=\"wp-block-spacer\"><\/div>\n<cite><em><mark style=\"background-color:rgba(0, 0, 0, 0)\" class=\"has-inline-color has-nv-dark-bg-color\">Bicsak K\u00e1roly Tusn\u00e1df\u00fcrd\u0151 c. k\u00f6nyve alapj\u00e1n<\/mark><\/em><\/cite><\/blockquote>\n\n\n\n<div class=\"wp-block-columns is-layout-flex wp-container-core-columns-is-layout-9d6595d7 wp-block-columns-is-layout-flex\">\n<div class=\"wp-block-column is-layout-flow wp-block-column-is-layout-flow\">\n<div class=\"wp-block-columns is-layout-flex wp-container-core-columns-is-layout-9d6595d7 wp-block-columns-is-layout-flex\">\n<div class=\"wp-block-column is-layout-flow wp-block-column-is-layout-flow\">\n<ul class=\"wp-block-list\">\n<li>1842-ben lett megalap\u00edtva, a sz\u00e9kelyek utols\u00f3 csat\u00e1jukat a f\u00fcrd\u0151t\u0151l Cs\u00edk fel\u00e9 men\u0151 \u00fat feletti Alv\u00e9gszurdoka-Tepej nev\u0171 sziklaszirten v\u00edvt\u00e1k, a bet\u00f6r\u0151 oroszok ellen.<\/li>\n\n\n\n<li>1849-ben a harcok miatt t\u00f6nkrement, azonban a cs\u00e1sz\u00e1r 1852-ben elrendelte az \u00fajj\u00e1\u00e9p\u00edt\u00e9st. A Stef\u00e1nia gy\u00f3gyint\u00e9zet 1890-ben \u00e9p\u00fclt meg \u00e9s 1975-ig a f\u00fcrd\u0151 kezel\u0151 k\u00f6zpontja volt.&nbsp;<\/li>\n\n\n\n<li>1900 \u2013 ben l\u00e9trej\u00f6tt a Csuk\u00e1s-t\u00f3, ami 1928-ban strandf\u00fcrd\u0151v\u00e9 \u00e9p\u00fclt ki.<\/li>\n\n\n\n<li>L\u00e1tva az \u00e9rdekl\u0151d\u00e9st, 1845-ben \u00c9lthes Lajos \u00e9s hat t\u00e1rsa r\u00e9szv\u00e9nyt\u00e1rsas\u00e1got alap\u00edtottak a f\u00fcrd\u0151telep fejleszt\u00e9s\u00e9re. A fejleszt\u00e9sbe Erd\u00e9ly akkori p\u00fcsp\u00f6ke, Kov\u00e1cs Mikl\u00f3s is bekapcsol\u00f3dott, aki a szeg\u00e9ny sors\u00fa betegek sz\u00e1m\u00e1ra fogad\u00f3h\u00e1zat \u00e9p\u00edttetett. <\/li>\n<\/ul>\n<\/div>\n\n\n\n<div class=\"wp-block-column is-layout-flow wp-block-column-is-layout-flow\">\n<div class=\"wp-block-uagb-image aligncenter uagb-block-c61b0f46 wp-block-uagb-image--layout-default wp-block-uagb-image--effect-static wp-block-uagb-image--align-center\"><figure class=\"wp-block-uagb-image__figure\"><img decoding=\"async\" srcset=\"https:\/\/smarted.smartonlineedu.com\/wp-content\/uploads\/2024\/05\/tusnadfurdo.webp ,https:\/\/smarted.smartonlineedu.com\/wp-content\/uploads\/2024\/05\/tusnadfurdo.webp 780w, https:\/\/smarted.smartonlineedu.com\/wp-content\/uploads\/2024\/05\/tusnadfurdo.webp 360w\" sizes=\"auto, (max-width: 480px) 150px\" src=\"https:\/\/smarted.smartonlineedu.com\/wp-content\/uploads\/2024\/05\/tusnadfurdo.webp\" alt=\"\" class=\"uag-image-472\" width=\"472\" height=\"134\" title=\"tusnadfurdo\" loading=\"lazy\" role=\"img\"\/><\/figure><\/div>\n\n\n\n<p class=\"has-text-align-center\">Forr\u00e1s:<a href=\"https:\/\/kepeslapok.wordpress.com\">https:\/\/kepeslapok.wordpress.com<\/a><\/p>\n<\/div>\n<\/div>\n\n\n\n<p><\/p>\n<\/div>\n<\/div>\n\n\n\n<ul class=\"wp-block-list\">\n<li>Az 1848-49-es forradalom alatt a telep s\u00falyos k\u00e1rokat szenvedett, de Ferenc J\u00f3zsef cs\u00e1sz\u00e1r l\u00e1togat\u00e1sa ut\u00e1n elrendelt\u00e9k a f\u00fcrd\u0151 fel\u00faj\u00edt\u00e1s\u00e1t. A fejleszt\u00e9sek k\u00f6vetkezt\u00e9ben Sv\u00e1jci st\u00edlus\u00fa vill\u00e1k \u00e9p\u00fcltek, \u00e9s a f\u00fcrd\u0151telep vir\u00e1gz\u00e1snak indult.<\/li>\n\n\n\n<li>A f\u00fcrd\u0151v\u00edz palackoz\u00e1sa a 19. sz\u00e1zad v\u00e9g\u00e9n indult, amikor gr\u00f3f Mikes Benedek z\u00fcrichi vegy\u00e9sznek k\u00fcld\u00f6tt v\u00edzmint\u00e1kat analiz\u00e1l\u00e1sra. A sikeres elemz\u00e9s ut\u00e1n a tusn\u00e1di \u00e1sv\u00e1nyv\u00edz komoly piaci siker lett, b\u00e1r a k\u00fat hozama k\u00e9s\u0151bb cs\u00f6kkent \u00e9s a palackoz\u00e1s megsz\u0171nt. A f\u00fcrd\u0151telep tov\u00e1bbi fejl\u0151d\u00e9se az 1880-as, 1890-es \u00e9vekben \u00e9s az 1900-as \u00e9vek elej\u00e9n folytat\u00f3dott, sok \u00faj l\u00e9tes\u00edtm\u00e9nnyel b\u0151v\u00fclve.<\/li>\n\n\n\n<li>Az els\u0151 vil\u00e1gh\u00e1bor\u00fa, majd a m\u00e1sodik vil\u00e1gh\u00e1bor\u00fa jelent\u0151sen lass\u00edtotta a fejl\u0151d\u00e9st, de az 1920-as \u00e9vekben \u00e9s az 1970-es \u00e9vekben \u00fajabb fejleszt\u00e9sek t\u00f6rt\u00e9ntek. A rendszerv\u00e1ltoz\u00e1s ut\u00e1n a l\u00e1togatotts\u00e1g cs\u00f6kkent, de a 2000-es \u00e9vekt\u0151l \u00fajra fejl\u0151d\u00e9snek indult a f\u00fcrd\u0151telep. A leg\u00fajabb fejleszt\u00e9sek k\u00f6z\u00e9 tartozik a 2013-ban be\u00fczemelt term\u00e1lvizes \u00e9lm\u00e9nyf\u00fcrd\u0151, valamint sz\u00e1llod\u00e1k, panzi\u00f3k, sportcsarnok \u00e9s s\u00edp\u00e1lya \u00e9p\u00edt\u00e9se.<\/li>\n<\/ul>\n\n\n\n<div class=\"wp-block-columns is-layout-flex wp-container-core-columns-is-layout-9d6595d7 wp-block-columns-is-layout-flex\">\n<div class=\"wp-block-column is-layout-flow wp-block-column-is-layout-flow\"><\/div>\n\n\n\n<div class=\"wp-block-column is-layout-flow wp-block-column-is-layout-flow\"><\/div>\n<\/div>\n\n\n\n<hr class=\"wp-block-separator has-alpha-channel-opacity\"\/>\n","protected":false},"excerpt":{"rendered":"<p>B\u0103ile Tu\u0219nad &#8211; Istorie Tusn\u00e1df\u00fcrd\u0151 r\u00f6vid t\u00f6rt\u00e9nete Forr\u00e1s:https:\/\/kepeslapok.wordpress.com<\/p>\n","protected":false},"author":1,"featured_media":0,"parent":908,"menu_order":0,"comment_status":"closed","ping_status":"closed","template":"","meta":{"_coblocks_attr":"","_coblocks_dimensions":"","_coblocks_responsive_height":"","_coblocks_accordion_ie_support":"","_eb_attr":"","_uag_custom_page_level_css":"","advgb_blocks_editor_width":"","advgb_blocks_columns_visual_guide":"","neve_meta_sidebar":"","neve_meta_container":"","neve_meta_enable_content_width":"on","neve_meta_content_width":100,"neve_meta_title_alignment":"","neve_meta_author_avatar":"","neve_post_elements_order":"","neve_meta_disable_header":"","neve_meta_disable_footer":"","neve_meta_disable_title":"on","_themeisle_gutenberg_block_has_review":false,"footnotes":""},"class_list":["post-449","page","type-page","status-publish","hentry"],"uagb_featured_image_src":{"full":false,"thumbnail":false,"medium":false,"medium_large":false,"large":false,"1536x1536":false,"2048x2048":false,"neve-blog":false},"uagb_author_info":{"display_name":"admin","author_link":"https:\/\/smarted.smartonlineedu.com\/index.php\/author\/admin_8iq54gse\/"},"uagb_comment_info":0,"uagb_excerpt":"B\u0103ile Tu\u0219nad &#8211; Istorie Tusn\u00e1df\u00fcrd\u0151 r\u00f6vid t\u00f6rt\u00e9nete Forr\u00e1s:https:\/\/kepeslapok.wordpress.com","coauthors":[],"author_meta":{"author_link":"https:\/\/smarted.smartonlineedu.com\/index.php\/author\/admin_8iq54gse\/","display_name":"admin"},"relative_dates":{"created":"Posted 2 \u00e9v ago","modified":"Updated 2 \u00e9v ago"},"absolute_dates":{"created":"Posted on m\u00e1jus 12, 2024","modified":"Updated on j\u00falius 6, 2024"},"absolute_dates_time":{"created":"Posted on m\u00e1jus 12, 2024 6:42 du.","modified":"Updated on j\u00falius 6, 2024 3:11 du."},"featured_img_caption":"","featured_img":false,"series_order":"","_links":{"self":[{"href":"https:\/\/smarted.smartonlineedu.com\/index.php\/wp-json\/wp\/v2\/pages\/449","targetHints":{"allow":["GET"]}}],"collection":[{"href":"https:\/\/smarted.smartonlineedu.com\/index.php\/wp-json\/wp\/v2\/pages"}],"about":[{"href":"https:\/\/smarted.smartonlineedu.com\/index.php\/wp-json\/wp\/v2\/types\/page"}],"author":[{"embeddable":true,"href":"https:\/\/smarted.smartonlineedu.com\/index.php\/wp-json\/wp\/v2\/users\/1"}],"replies":[{"embeddable":true,"href":"https:\/\/smarted.smartonlineedu.com\/index.php\/wp-json\/wp\/v2\/comments?post=449"}],"version-history":[{"count":19,"href":"https:\/\/smarted.smartonlineedu.com\/index.php\/wp-json\/wp\/v2\/pages\/449\/revisions"}],"predecessor-version":[{"id":917,"href":"https:\/\/smarted.smartonlineedu.com\/index.php\/wp-json\/wp\/v2\/pages\/449\/revisions\/917"}],"up":[{"embeddable":true,"href":"https:\/\/smarted.smartonlineedu.com\/index.php\/wp-json\/wp\/v2\/pages\/908"}],"wp:attachment":[{"href":"https:\/\/smarted.smartonlineedu.com\/index.php\/wp-json\/wp\/v2\/media?parent=449"}],"curies":[{"name":"wp","href":"https:\/\/api.w.org\/{rel}","templated":true}]}}