{"id":430,"date":"2024-05-12T17:34:33","date_gmt":"2024-05-12T17:34:33","guid":{"rendered":"https:\/\/solutions-hr.com\/?page_id=430"},"modified":"2024-07-06T15:36:01","modified_gmt":"2024-07-06T15:36:01","slug":"tusnadfurdo","status":"publish","type":"page","link":"https:\/\/smarted.smartonlineedu.com\/index.php\/kezelo-kozpontok\/tusnadfurdo\/","title":{"rendered":"Tusn\u00e1df\u00fcrd\u0151"},"content":{"rendered":"\n<h2 class=\"wp-block-heading\">Tusn\u00e1df\u00fcrd\u0151<\/h2>\n\n\n\n<div class=\"wp-block-cover alignfull is-light\" style=\"min-height:700px;aspect-ratio:unset;\"><span aria-hidden=\"true\" class=\"wp-block-cover__background has-background-dim-0 has-background-dim\" style=\"background-color:#b0bbbe\"><\/span><img loading=\"lazy\" decoding=\"async\" width=\"1267\" height=\"752\" class=\"wp-block-cover__image-background wp-image-442\" alt=\"\" src=\"https:\/\/smarted.smartonlineedu.com\/wp-content\/uploads\/2024\/05\/image_2024-05-12_213023388.png\" data-object-fit=\"cover\" srcset=\"https:\/\/smarted.smartonlineedu.com\/wp-content\/uploads\/2024\/05\/image_2024-05-12_213023388.png 1267w, https:\/\/smarted.smartonlineedu.com\/wp-content\/uploads\/2024\/05\/image_2024-05-12_213023388-300x178.png 300w, https:\/\/smarted.smartonlineedu.com\/wp-content\/uploads\/2024\/05\/image_2024-05-12_213023388-1024x608.png 1024w, https:\/\/smarted.smartonlineedu.com\/wp-content\/uploads\/2024\/05\/image_2024-05-12_213023388-768x456.png 768w\" sizes=\"auto, (max-width: 1267px) 100vw, 1267px\" \/><div class=\"wp-block-cover__inner-container is-layout-flow wp-block-cover-is-layout-flow\">\n<h1 class=\"wp-block-heading has-text-align-center has-text-color\" style=\"color:#121212\"><strong><span class=\"uppercase\"><mark style=\"background-color:rgba(0, 0, 0, 0)\" class=\"has-inline-color has-nv-site-bg-color\"><strong>Meg\u00fajul\u00e1s Term\u00e9szetes Er\u0151vel<\/strong><\/mark><\/span><\/strong><\/h1>\n\n\n\n<div style=\"height:80px\" aria-hidden=\"true\" class=\"wp-block-spacer\"><\/div>\n\n\n\n<p class=\"has-text-align-center has-text-color\" style=\"color:#121212;font-size:17px\"><\/p>\n\n\n\n<div style=\"height:80px\" aria-hidden=\"true\" class=\"wp-block-spacer\"><\/div>\n\n\n\n<div style=\"height:80px\" aria-hidden=\"true\" class=\"wp-block-spacer\"><\/div>\n\n\n\n<p><\/p>\n<\/div><\/div>\n\n\n\n<div style=\"height:80px\" aria-hidden=\"true\" class=\"wp-block-spacer\"><\/div>\n\n\n\n<div class=\"wp-block-columns is-layout-flex wp-container-core-columns-is-layout-9d6595d7 wp-block-columns-is-layout-flex\">\n<div class=\"wp-block-column is-layout-flow wp-block-column-is-layout-flow\"><div class=\"wp-block-image is-resized icon-style is-style-default\">\n<figure class=\"aligncenter size-full\"><img loading=\"lazy\" decoding=\"async\" width=\"1024\" height=\"1024\" src=\"https:\/\/smarted.smartonlineedu.com\/wp-content\/uploads\/2024\/04\/DALL\u00b7E-2024-04-06-15.40.55-Create-an-icon-representing-holistic-health-incorporating-a-combination-of-leaves-and-a-human-silhouette.-The-style-should-be-minimalist-using-clean.webp\" alt=\"\" class=\"wp-image-46\" style=\"width:62px;height:auto\" srcset=\"https:\/\/smarted.smartonlineedu.com\/wp-content\/uploads\/2024\/04\/DALL\u00b7E-2024-04-06-15.40.55-Create-an-icon-representing-holistic-health-incorporating-a-combination-of-leaves-and-a-human-silhouette.-The-style-should-be-minimalist-using-clean.webp 1024w, https:\/\/smarted.smartonlineedu.com\/wp-content\/uploads\/2024\/04\/DALL\u00b7E-2024-04-06-15.40.55-Create-an-icon-representing-holistic-health-incorporating-a-combination-of-leaves-and-a-human-silhouette.-The-style-should-be-minimalist-using-clean-300x300.webp 300w, https:\/\/smarted.smartonlineedu.com\/wp-content\/uploads\/2024\/04\/DALL\u00b7E-2024-04-06-15.40.55-Create-an-icon-representing-holistic-health-incorporating-a-combination-of-leaves-and-a-human-silhouette.-The-style-should-be-minimalist-using-clean-150x150.webp 150w, https:\/\/smarted.smartonlineedu.com\/wp-content\/uploads\/2024\/04\/DALL\u00b7E-2024-04-06-15.40.55-Create-an-icon-representing-holistic-health-incorporating-a-combination-of-leaves-and-a-human-silhouette.-The-style-should-be-minimalist-using-clean-768x768.webp 768w\" sizes=\"auto, (max-width: 1024px) 100vw, 1024px\" \/><\/figure>\n<\/div>\n\n\n<div style=\"height:20px\" aria-hidden=\"true\" class=\"wp-block-spacer\"><\/div>\n\n\n\n<h3 class=\"wp-block-heading has-text-align-center has-neve-text-color-color has-text-color\">Tusn\u00e1df\u00fcrd\u0151<\/h3>\n\n\n\n<p class=\"has-text-align-center\">Fedezd fel az eg\u00e9szs\u00e9gk\u00f6zpont t\u00f6rt\u00e9net\u00e9t, amely a legegyedibb \u00fajj\u00e1sz\u00fclet\u00e9st ny\u00fajtja sz\u00e1modra<\/p>\n\n\n\n<div style=\"height:20px\" aria-hidden=\"true\" class=\"wp-block-spacer\"><\/div>\n<\/div>\n\n\n\n<div class=\"wp-block-column is-layout-flow wp-block-column-is-layout-flow\"><div class=\"wp-block-image is-resized icon-style is-style-default\">\n<figure class=\"aligncenter size-full\"><img loading=\"lazy\" decoding=\"async\" width=\"1024\" height=\"1024\" src=\"https:\/\/smarted.smartonlineedu.com\/wp-content\/uploads\/2024\/04\/DALL\u00b7E-2024-04-06-15.42.32-Create-an-icon-symbolizing-natural-rejuvenation-including-elements-like-water-plants-or-sun.-The-style-should-be-minimalist-using-clean-lines-and-.webp\" alt=\"\" class=\"wp-image-47\" style=\"width:60px;height:auto\" srcset=\"https:\/\/smarted.smartonlineedu.com\/wp-content\/uploads\/2024\/04\/DALL\u00b7E-2024-04-06-15.42.32-Create-an-icon-symbolizing-natural-rejuvenation-including-elements-like-water-plants-or-sun.-The-style-should-be-minimalist-using-clean-lines-and-.webp 1024w, https:\/\/smarted.smartonlineedu.com\/wp-content\/uploads\/2024\/04\/DALL\u00b7E-2024-04-06-15.42.32-Create-an-icon-symbolizing-natural-rejuvenation-including-elements-like-water-plants-or-sun.-The-style-should-be-minimalist-using-clean-lines-and--300x300.webp 300w, https:\/\/smarted.smartonlineedu.com\/wp-content\/uploads\/2024\/04\/DALL\u00b7E-2024-04-06-15.42.32-Create-an-icon-symbolizing-natural-rejuvenation-including-elements-like-water-plants-or-sun.-The-style-should-be-minimalist-using-clean-lines-and--150x150.webp 150w, https:\/\/smarted.smartonlineedu.com\/wp-content\/uploads\/2024\/04\/DALL\u00b7E-2024-04-06-15.42.32-Create-an-icon-symbolizing-natural-rejuvenation-including-elements-like-water-plants-or-sun.-The-style-should-be-minimalist-using-clean-lines-and--768x768.webp 768w\" sizes=\"auto, (max-width: 1024px) 100vw, 1024px\" \/><\/figure>\n<\/div>\n\n\n<div style=\"height:20px\" aria-hidden=\"true\" class=\"wp-block-spacer\"><\/div>\n\n\n\n<h3 class=\"wp-block-heading has-text-align-center has-neve-text-color-color has-text-color\">Kezel\u0151 k\u00f6zpont<\/h3>\n\n\n\n<p class=\"has-text-align-center\">A term\u00e9szet erej\u00e9vel t\u00f6lt\u0151dve, gyorsan visszanyered \u00e9leter\u0151det.<\/p>\n\n\n\n<div style=\"height:20px\" aria-hidden=\"true\" class=\"wp-block-spacer\"><\/div>\n<\/div>\n\n\n\n<div class=\"wp-block-column is-layout-flow wp-block-column-is-layout-flow\"><div class=\"wp-block-image is-resized icon-style is-style-rounded\">\n<figure class=\"aligncenter size-full\"><img loading=\"lazy\" decoding=\"async\" width=\"1024\" height=\"1024\" src=\"https:\/\/smarted.smartonlineedu.com\/wp-content\/uploads\/2024\/04\/DALL\u00b7E-2024-04-06-15.43.26-Create-an-icon-that-conveys-the-idea-of-rapid-re-energizing-or-revitalization-possibly-incorporating-symbols-like-a-lightning-bolt-with-a-human-in-a-.webp\" alt=\"\" class=\"wp-image-48\" style=\"width:56px;height:auto\" srcset=\"https:\/\/smarted.smartonlineedu.com\/wp-content\/uploads\/2024\/04\/DALL\u00b7E-2024-04-06-15.43.26-Create-an-icon-that-conveys-the-idea-of-rapid-re-energizing-or-revitalization-possibly-incorporating-symbols-like-a-lightning-bolt-with-a-human-in-a-.webp 1024w, https:\/\/smarted.smartonlineedu.com\/wp-content\/uploads\/2024\/04\/DALL\u00b7E-2024-04-06-15.43.26-Create-an-icon-that-conveys-the-idea-of-rapid-re-energizing-or-revitalization-possibly-incorporating-symbols-like-a-lightning-bolt-with-a-human-in-a--300x300.webp 300w, https:\/\/smarted.smartonlineedu.com\/wp-content\/uploads\/2024\/04\/DALL\u00b7E-2024-04-06-15.43.26-Create-an-icon-that-conveys-the-idea-of-rapid-re-energizing-or-revitalization-possibly-incorporating-symbols-like-a-lightning-bolt-with-a-human-in-a--150x150.webp 150w, https:\/\/smarted.smartonlineedu.com\/wp-content\/uploads\/2024\/04\/DALL\u00b7E-2024-04-06-15.43.26-Create-an-icon-that-conveys-the-idea-of-rapid-re-energizing-or-revitalization-possibly-incorporating-symbols-like-a-lightning-bolt-with-a-human-in-a--768x768.webp 768w\" sizes=\"auto, (max-width: 1024px) 100vw, 1024px\" \/><\/figure>\n<\/div>\n\n\n<div style=\"height:20px\" aria-hidden=\"true\" class=\"wp-block-spacer\"><\/div>\n\n\n\n<h3 class=\"wp-block-heading has-text-align-center has-neve-text-color-color has-text-color\">Turisztikai Attrakci\u00f3k<\/h3>\n\n\n\n<p class=\"has-text-align-center\">\u00c9rintetlen t\u00e1jainkon gyorsan r\u00e1tal\u00e1lhatsz bels\u0151 b\u00e9k\u00e9dre.<\/p>\n\n\n\n<div style=\"height:20px\" aria-hidden=\"true\" class=\"wp-block-spacer\"><\/div>\n<\/div>\n<\/div>\n\n\n\n<hr class=\"wp-block-separator has-alpha-channel-opacity\"\/>\n\n\n\n<h2 class=\"wp-block-heading has-text-align-center\">F\u00f6ldrajzi elhelyezked\u00e9s<\/h2>\n\n\n\n<hr class=\"wp-block-separator has-alpha-channel-opacity\"\/>\n\n\n\n<div class=\"wp-block-cover alignfull is-light\" style=\"min-height:600px;aspect-ratio:unset;\"><span aria-hidden=\"true\" class=\"wp-block-cover__background has-nv-site-bg-background-color has-background-dim-100 has-background-dim\"><\/span><div class=\"wp-block-cover__inner-container is-layout-flow wp-block-cover-is-layout-flow\">\n<div class=\"wp-block-group\"><div class=\"wp-block-group__inner-container is-layout-flow wp-block-group-is-layout-flow\">\n<div class=\"wp-block-columns are-vertically-aligned-center is-layout-flex wp-container-core-columns-is-layout-9d6595d7 wp-block-columns-is-layout-flex\">\n<div class=\"wp-block-column is-vertically-aligned-center is-layout-flow wp-block-column-is-layout-flow\" style=\"flex-basis:50%\">\n<ul class=\"wp-block-list\">\n<li><strong>Elhelyezked\u00e9s:<\/strong> Hargita megye d\u00e9lkeleti r\u00e9sz\u00e9n, Erd\u00e9ly keleti r\u00e9sz\u00e9n,a Bodok hegys\u00e9g l\u00e1b\u00e1n\u00e1l,  az Olt partj\u00e1n tal\u00e1lhat\u00f3<\/li>\n\n\n\n<li><strong>Magass\u00e1g:<\/strong> 650 m -es tengerszintfeletti magass\u00e1gban fekszik,<\/li>\n\n\n\n<li><strong>Megk\u00f6zel\u00edt\u00e9s:<\/strong> Cs\u00edkszered\u00e1t\u00f3l (Miercurea Ciuc) 32 km-re, Sepsiszentgy\u00f6rgyt\u0151l (Sf.-Gheorghe) 35 km-re tal\u00e1lhat\u00f3.<\/li>\n\n\n\n<li><strong>Ter\u00fclete<\/strong>: 189 ha<\/li>\n\n\n\n<li><strong>N\u00e9pess\u00e9ge:<\/strong> a 2021-es n\u00e9psz\u00e1ml\u00e1l\u00e1s szerint 1.392 f\u0151, amelyb\u0151l, a <a href=\"https:\/\/populatia.ro\" target=\"_blank\" rel=\"noreferrer noopener\">www.populatia.ro<\/a> \u00e1ltal k\u00f6z\u00f6lt adatok szerint 1.142 f\u0151, az-az 83% magyar nemzetis\u00e9g\u0171.\u00a0 \u00a0<\/li>\n<\/ul>\n\n\n\n<div style=\"height:40px\" aria-hidden=\"true\" class=\"wp-block-spacer\"><\/div>\n<\/div>\n\n\n\n<div class=\"wp-block-column is-vertically-aligned-center is-layout-flow wp-block-column-is-layout-flow\" style=\"flex-basis:50%\">\n<figure class=\"wp-block-image size-large\"><img loading=\"lazy\" decoding=\"async\" width=\"1024\" height=\"761\" src=\"https:\/\/smarted.smartonlineedu.com\/wp-content\/uploads\/2024\/05\/Tusnadfurdo-4-1024x761.jpeg\" alt=\"\" class=\"wp-image-436\" srcset=\"https:\/\/smarted.smartonlineedu.com\/wp-content\/uploads\/2024\/05\/Tusnadfurdo-4-1024x761.jpeg 1024w, https:\/\/smarted.smartonlineedu.com\/wp-content\/uploads\/2024\/05\/Tusnadfurdo-4-300x223.jpeg 300w, https:\/\/smarted.smartonlineedu.com\/wp-content\/uploads\/2024\/05\/Tusnadfurdo-4-768x570.jpeg 768w, https:\/\/smarted.smartonlineedu.com\/wp-content\/uploads\/2024\/05\/Tusnadfurdo-4-1536x1141.jpeg 1536w, https:\/\/smarted.smartonlineedu.com\/wp-content\/uploads\/2024\/05\/Tusnadfurdo-4-2048x1521.jpeg 2048w\" sizes=\"auto, (max-width: 1024px) 100vw, 1024px\" \/><\/figure>\n<\/div>\n<\/div>\n\n\n\n<div style=\"height:40px\" aria-hidden=\"true\" class=\"wp-block-spacer\"><\/div>\n<\/div><\/div>\n<\/div><\/div>\n\n\n\n<div class=\"wp-block-cover alignfull is-light\" style=\"min-height:600px;aspect-ratio:unset;\"><span aria-hidden=\"true\" class=\"wp-block-cover__background has-nv-dark-bg-background-color has-background-dim-100 has-background-dim\"><\/span><div class=\"wp-block-cover__inner-container is-layout-flow wp-block-cover-is-layout-flow\">\n<div class=\"wp-block-group\"><div class=\"wp-block-group__inner-container is-layout-flow wp-block-group-is-layout-flow\">\n<div class=\"wp-block-columns are-vertically-aligned-center is-layout-flex wp-container-core-columns-is-layout-9d6595d7 wp-block-columns-is-layout-flex\">\n<div class=\"wp-block-column is-vertically-aligned-center is-layout-flow wp-block-column-is-layout-flow\" style=\"flex-basis:50%\"><div class=\"wp-block-image\">\n<figure class=\"aligncenter size-full is-resized\"><img loading=\"lazy\" decoding=\"async\" width=\"512\" height=\"322\" src=\"https:\/\/smarted.smartonlineedu.com\/wp-content\/uploads\/2024\/05\/1800.jpg\" alt=\"\" class=\"wp-image-437\" style=\"width:557px;height:auto\" srcset=\"https:\/\/smarted.smartonlineedu.com\/wp-content\/uploads\/2024\/05\/1800.jpg 512w, https:\/\/smarted.smartonlineedu.com\/wp-content\/uploads\/2024\/05\/1800-300x189.jpg 300w\" sizes=\"auto, (max-width: 512px) 100vw, 512px\" \/><figcaption class=\"wp-element-caption\"><kbd><mark style=\"background-color:rgba(0, 0, 0, 0)\" class=\"has-inline-color has-nv-text-dark-bg-color\">Forr\u00e1s: <\/mark><\/kbd><a href=\"http:\/\/forumhungaricum.hu\">forumhungaricum.hu<\/a><\/figcaption><\/figure>\n<\/div>\n\n\n<p><mark style=\"background-color:rgba(0, 0, 0, 0)\" class=\"has-inline-color has-nv-site-bg-color\"><strong>Gy\u00f3gyturisztikai jelent\u0151s\u00e9g:<\/strong> A r\u00e9gi\u00f3 gy\u00f3gyturisztikai hagyom\u00e1nyai \u00e9s a term\u00e9szeti k\u00f6rnyezet adotts\u00e1gai miatt Tusn\u00e1df\u00fcrd\u0151 tov\u00e1bbra is fontos szerepet t\u00f6lt be az eg\u00e9szs\u00e9gturizmus ter\u00fclet\u00e9n Rom\u00e1ni\u00e1ban.<\/mark><\/p>\n<\/div>\n\n\n\n<div class=\"wp-block-column is-vertically-aligned-center is-layout-flow wp-block-column-is-layout-flow\" style=\"flex-basis:50%\">\n<div style=\"height:40px\" aria-hidden=\"true\" class=\"wp-block-spacer\"><\/div>\n\n\n\n<h2 class=\"wp-block-heading has-text-align-left has-nv-text-dark-bg-color has-text-color\"><mark style=\"background-color:rgba(0, 0, 0, 0)\" class=\"has-inline-color has-nv-text-dark-bg-color\">M\u00falt \u00e9s jelen<\/mark><\/h2>\n\n\n\n<p><span style=\"color: white;\">Tusn\u00e1df\u00fcrd\u0151 gazdag t\u00f6rt\u00e9nete \u00e9s folyamatos fejleszt\u00e9se a 19. sz\u00e1zad k\u00f6zep\u00e9t\u0151l kezdve egy vir\u00e1gz\u00f3 gy\u00f3gyturisztikai k\u00f6zpontt\u00e1 alak\u00edtotta, ahol a r\u00e9gi hagyom\u00e1nyok \u00e9s modern l\u00e9tes\u00edtm\u00e9nyek egy\u00fcttesen biztos\u00edtj\u00e1k a l\u00e1togat\u00f3k testi \u00e9s lelki meg\u00fajul\u00e1s\u00e1t.<\/span><\/p>\n\n\n\n<ul class=\"wp-block-list\">\n<li><mark style=\"background-color:rgba(0, 0, 0, 0)\" class=\"has-inline-color has-nv-site-bg-color\"><strong>T\u00f6rt\u00e9nelmi kezdetek:<\/strong> Tusn\u00e1df\u00fcrd\u0151 t\u00f6rt\u00e9nete a 19. sz\u00e1zad k\u00f6zep\u00e9ig ny\u00falik vissza, amikor is egy csod\u00e1latos gy\u00f3gyul\u00e1s h\u00edvta fel a figyelmet a ter\u00fclet gy\u00f3gyv\u00edzeire, ezzel elind\u00edtva a f\u00fcrd\u0151telep fejl\u0151d\u00e9s\u00e9t.<\/mark><\/li>\n\n\n\n<li><mark style=\"background-color:rgba(0, 0, 0, 0)\" class=\"has-inline-color has-nv-site-bg-color\"><strong>Fejleszt\u00e9si kezdem\u00e9nyez\u00e9sek:<\/strong> Az 1840-es \u00e9vekben alakult meg az els\u0151 r\u00e9szv\u00e9nyt\u00e1rsas\u00e1g, amely a f\u00fcrd\u0151telep fejleszt\u00e9s\u00e9t t\u0171zte ki c\u00e9lul, \u00e9s ebben az id\u0151szakban \u00e9p\u00fclt meg az els\u0151 gy\u00f3gyint\u00e9zet is.<\/mark><\/li>\n\n\n\n<li><mark style=\"background-color:rgba(0, 0, 0, 0)\" class=\"has-inline-color has-nv-site-bg-color\"><strong>T\u00f6rt\u00e9nelmi kih\u00edv\u00e1sok:<\/strong> Az 1848-49-es forradalmak \u00e9s a k\u00e9t vil\u00e1gh\u00e1bor\u00fa jelent\u0151s k\u00e1rokat okoztak, de a XX. sz\u00e1zad elej\u00e9n a f\u00fcrd\u0151telep \u00fajj\u00e1\u00e9p\u00edt\u00e9se \u00e9s b\u0151v\u00edt\u00e9se \u00faj lend\u00fcletet vett.<\/mark><\/li>\n\n\n\n<li><mark style=\"background-color:rgba(0, 0, 0, 0)\" class=\"has-inline-color has-nv-site-bg-color\"><strong>\u00dajra\u00e9leszt\u00e9s \u00e9s b\u0151v\u00edt\u00e9s:<\/strong> A kommunizmus buk\u00e1sa ut\u00e1n a l\u00e1togat\u00f3sz\u00e1m cs\u00f6kkent, de a 2000-es \u00e9vekben \u00fajra n\u00f6veked\u00e9snek indult, \u00e9s az\u00f3ta is dinamikusan fejl\u0151dik, \u00faj sz\u00e1llod\u00e1k, wellness k\u00f6zpontok \u00e9s sportl\u00e9tes\u00edtm\u00e9nyek \u00e9p\u00edt\u00e9s\u00e9vel.<\/mark><\/li>\n\n\n\n<li><\/li>\n\n\n\n<li><\/li>\n<\/ul>\n\n\n\n<div class=\"wp-block-buttons is-content-justification-left is-layout-flex wp-container-core-buttons-is-layout-fdcfc74e wp-block-buttons-is-layout-flex\">\n<div class=\"wp-block-button is-style-primary\"><a class=\"wp-block-button__link wp-element-button\" href=\"https:\/\/smarted.smartonlineedu.com\/index.php\/tusnadfurdo-tortenete\/\" target=\"_blank\" rel=\"noreferrer noopener\">TUDJ MEG T\u00d6BBET<\/a><\/div>\n<\/div>\n<\/div>\n<\/div>\n\n\n\n<div style=\"height:40px\" aria-hidden=\"true\" class=\"wp-block-spacer\"><\/div>\n<\/div><\/div>\n<\/div><\/div>\n\n\n\n<div style=\"height:40px\" aria-hidden=\"true\" class=\"wp-block-spacer\"><\/div>\n\n\n\n<h2 class=\"wp-block-heading has-text-align-center\"><strong>Turisztikai Attrakci\u00f3k<\/strong> <\/h2>\n\n\n\n<div class=\"wp-block-columns is-layout-flex wp-container-core-columns-is-layout-9d6595d7 wp-block-columns-is-layout-flex\">\n<div class=\"wp-block-column is-style-primary is-layout-flow wp-block-column-is-layout-flow\">\n<ul class=\"wp-block-list\">\n<li><strong> S\u00f3lyomk\u0151<\/strong>: Term\u00e9szetv\u00e9delmi Rezerv\u00e1tum, vulkanikus plat\u00f3 a Nagy-Piliske meredek keleti lejt\u0151j\u00e9nek alj\u00e1n, egy andezit sziklab\u00e9rc, amely az Olt partj\u00e1n 824 m magass\u00e1gban emelkedik. Fontos megeml\u00edteni a Teleki h\u00f6lgym\u00e1l (Hieracium telekianum) vir\u00e1got, amely nagy ritkasz\u00e1mban jelenik meg ezen a t\u00e1jon, ami val\u00f3ban egy k\u00fcl\u00f6nlegess\u00e9g, amint a 20 sz. \u00e1bra is szeml\u00e9lteti<\/li>\n\n\n\n<li><strong><strong>Szent Anna-t\u00f3<\/strong>:<\/strong> A Csom\u00e1d-hegys\u00e9g kr\u00e1ter\u00e9ben lev\u0151 Szent Anna-t\u00f3 Eur\u00f3pa egyetlen term\u00e9szetben megmaradt vulk\u00e1ni tava, Natura 2000 ter\u00fclet..<\/li>\n<\/ul>\n\n\n\n<div class=\"wp-block-essential-blocks-button\"><div class=\"eb-parent-wrapper eb-parent-eb-button-htup9 \"><div class=\"eb-button-wrapper eb-button-alignment eb-button-htup9\"><div class=\"eb-button\"><a class=\"eb-button-anchor\" href=\"https:\/\/smarted.smartonlineedu.com\/index.php\/tusnadfurdo-turisztikai-attrakciok\/\" rel=\"noopener\">Click Me!<\/a><\/div><\/div><\/div><\/div>\n<\/div>\n\n\n\n<div class=\"wp-block-column is-layout-flow wp-block-column-is-layout-flow\">\n<div class=\"wp-block-uagb-image aligncenter uagb-block-1cd40fe1 wp-block-uagb-image--layout-default wp-block-uagb-image--effect-static wp-block-uagb-image--align-center\"><figure class=\"wp-block-uagb-image__figure\"><img decoding=\"async\" srcset=\"https:\/\/smarted.smartonlineedu.com\/wp-content\/uploads\/2024\/05\/SzentAnnaTo.jpg ,https:\/\/smarted.smartonlineedu.com\/wp-content\/uploads\/2024\/05\/SzentAnnaTo.jpg 780w, https:\/\/smarted.smartonlineedu.com\/wp-content\/uploads\/2024\/05\/SzentAnnaTo.jpg 360w\" sizes=\"auto, (max-width: 480px) 150px\" src=\"https:\/\/smarted.smartonlineedu.com\/wp-content\/uploads\/2024\/05\/SzentAnnaTo.jpg\" alt=\"\" class=\"uag-image-439\" width=\"1024\" height=\"768\" title=\"SzentAnnaTo\" loading=\"lazy\" role=\"img\"\/><\/figure><\/div>\n<\/div>\n<\/div>\n\n\n\n<div class=\"wp-block-columns is-layout-flex wp-container-core-columns-is-layout-9d6595d7 wp-block-columns-is-layout-flex\">\n<div class=\"wp-block-column is-layout-flow wp-block-column-is-layout-flow\">\n<ul class=\"wp-block-list\">\n<li><strong><strong>Mohos havasi t\u0151zegl\u00e1p<\/strong><\/strong>:A Csom\u00e1d ikerkr\u00e1ter\u00e9ben tal\u00e1lhat\u00f3 Mohos havasi t\u0151zegl\u00e1p amely 1050 m\u00e9ter magass\u00e1gban fekszik, \u00e1tm\u00e9r\u0151je 800 m\u00e9ter, ter\u00fclete 80 hekt\u00e1r<\/li>\n\n\n\n<li><strong><strong>Apor-b\u00e1stya<\/strong>:<\/strong> 1883-ban, k\u00f6sz\u00f6nhet\u0151en b\u00e1r\u00f3 Apor K\u00e1roly f\u0151birtokos eln\u00f6ki kezdem\u00e9nyez\u00e9s\u00e9nek, a Szurdok-tet\u0151 egyik kiemelked\u0151 szikl\u00e1j\u00e1nak cs\u00facs\u00e1n j\u00f6tt l\u00e9tre az Apor-b\u00e1stya (761 m\u00e9ter magasan), amelynek sosem volt katonai vagy strat\u00e9giai funkci\u00f3ja; eleve mint egy kil\u00e1t\u00f3 \u00e9s pihen\u0151 hely k\u00e9sz\u00fclt el..<\/li>\n<\/ul>\n<\/div>\n\n\n\n<div class=\"wp-block-column is-layout-flow wp-block-column-is-layout-flow\">\n<div class=\"wp-block-uagb-image aligncenter uagb-block-ac07baa7 wp-block-uagb-image--layout-default wp-block-uagb-image--effect-static wp-block-uagb-image--align-center\"><figure class=\"wp-block-uagb-image__figure\"><img decoding=\"async\" srcset=\"https:\/\/smarted.smartonlineedu.com\/wp-content\/uploads\/2024\/05\/Mohos-1024x769.jpg ,https:\/\/smarted.smartonlineedu.com\/wp-content\/uploads\/2024\/05\/Mohos.jpg 780w, https:\/\/smarted.smartonlineedu.com\/wp-content\/uploads\/2024\/05\/Mohos.jpg 360w\" sizes=\"auto, (max-width: 480px) 150px\" src=\"https:\/\/smarted.smartonlineedu.com\/wp-content\/uploads\/2024\/05\/Mohos-1024x769.jpg\" alt=\"\" class=\"uag-image-440\" width=\"349\" height=\"262\" title=\"Mohos\" loading=\"lazy\" role=\"img\"\/><\/figure><\/div>\n<\/div>\n<\/div>\n\n\n\n<div class=\"wp-block-cover alignfull is-light\" style=\"min-height:300px;aspect-ratio:unset;\"><span aria-hidden=\"true\" class=\"wp-block-cover__background has-nv-dark-bg-background-color has-background-dim\"><\/span><img loading=\"lazy\" decoding=\"async\" width=\"358\" height=\"269\" class=\"wp-block-cover__image-background wp-image-441\" alt=\"\" src=\"https:\/\/smarted.smartonlineedu.com\/wp-content\/uploads\/2024\/05\/KezeloK.jpg\" data-object-fit=\"cover\" srcset=\"https:\/\/smarted.smartonlineedu.com\/wp-content\/uploads\/2024\/05\/KezeloK.jpg 358w, https:\/\/smarted.smartonlineedu.com\/wp-content\/uploads\/2024\/05\/KezeloK-300x225.jpg 300w\" sizes=\"auto, (max-width: 358px) 100vw, 358px\" \/><div class=\"wp-block-cover__inner-container is-layout-flow wp-block-cover-is-layout-flow\">\n<h2 class=\"wp-block-heading has-text-align-center has-nv-text-dark-bg-color has-text-color\"><a><mark style=\"background-color:rgba(0, 0, 0, 0)\" class=\"has-inline-color has-nv-site-bg-color\">Tusn\u00e1df\u00fcrd\u0151 &#8211; Kezel\u0151 K\u00f6zpont<\/mark><\/a><\/h2>\n\n\n\n<div class=\"wp-block-buttons is-content-justification-center is-layout-flex wp-container-core-buttons-is-layout-16018d1d wp-block-buttons-is-layout-flex\">\n<div class=\"wp-block-button is-style-primary\"><a class=\"wp-block-button__link wp-element-button\" href=\"https:\/\/smarted.smartonlineedu.com\/index.php\/tusnadfurdo-kezelo-kozpont\/\" target=\"_blank\" rel=\"noreferrer noopener\">TUDJ MEG T\u00d6BBET<\/a><\/div>\n<\/div>\n\n\n\n<div style=\"height:140px\" aria-hidden=\"true\" class=\"wp-block-spacer\"><\/div>\n<\/div><\/div>\n","protected":false},"excerpt":{"rendered":"<p>Tusn\u00e1df\u00fcrd\u0151 Tusn\u00e1df\u00fcrd\u0151 Fedezd fel az eg\u00e9szs\u00e9gk\u00f6zpont t\u00f6rt\u00e9net\u00e9t, amely a legegyedibb \u00fajj\u00e1sz\u00fclet\u00e9st ny\u00fajtja sz\u00e1modra Kezel\u0151 k\u00f6zpont A term\u00e9szet erej\u00e9vel t\u00f6lt\u0151dve, gyorsan visszanyered \u00e9leter\u0151det. Turisztikai Attrakci\u00f3k \u00c9rintetlen t\u00e1jainkon gyorsan r\u00e1tal\u00e1lhatsz bels\u0151 b\u00e9k\u00e9dre. F\u00f6ldrajzi elhelyezked\u00e9s Turisztikai Attrakci\u00f3k<\/p>\n","protected":false},"author":1,"featured_media":0,"parent":101,"menu_order":0,"comment_status":"closed","ping_status":"closed","template":"","meta":{"_coblocks_attr":"","_coblocks_dimensions":"","_coblocks_responsive_height":"","_coblocks_accordion_ie_support":"","_eb_attr":"","_uag_custom_page_level_css":"","advgb_blocks_editor_width":"","advgb_blocks_columns_visual_guide":"","neve_meta_sidebar":"","neve_meta_container":"","neve_meta_enable_content_width":"on","neve_meta_content_width":100,"neve_meta_title_alignment":"","neve_meta_author_avatar":"","neve_post_elements_order":"","neve_meta_disable_header":"","neve_meta_disable_footer":"","neve_meta_disable_title":"on","_themeisle_gutenberg_block_has_review":false,"footnotes":""},"class_list":["post-430","page","type-page","status-publish","hentry"],"uagb_featured_image_src":{"full":false,"thumbnail":false,"medium":false,"medium_large":false,"large":false,"1536x1536":false,"2048x2048":false,"neve-blog":false},"uagb_author_info":{"display_name":"admin","author_link":"https:\/\/smarted.smartonlineedu.com\/index.php\/author\/admin_8iq54gse\/"},"uagb_comment_info":0,"uagb_excerpt":"Tusn\u00e1df\u00fcrd\u0151 Tusn\u00e1df\u00fcrd\u0151 Fedezd fel az eg\u00e9szs\u00e9gk\u00f6zpont t\u00f6rt\u00e9net\u00e9t, amely a legegyedibb \u00fajj\u00e1sz\u00fclet\u00e9st ny\u00fajtja sz\u00e1modra Kezel\u0151 k\u00f6zpont A term\u00e9szet erej\u00e9vel t\u00f6lt\u0151dve, gyorsan visszanyered \u00e9leter\u0151det. Turisztikai Attrakci\u00f3k \u00c9rintetlen t\u00e1jainkon gyorsan r\u00e1tal\u00e1lhatsz bels\u0151 b\u00e9k\u00e9dre. F\u00f6ldrajzi elhelyezked\u00e9s Turisztikai Attrakci\u00f3k","coauthors":[],"author_meta":{"author_link":"https:\/\/smarted.smartonlineedu.com\/index.php\/author\/admin_8iq54gse\/","display_name":"admin"},"relative_dates":{"created":"Posted 2 \u00e9v ago","modified":"Updated 2 \u00e9v ago"},"absolute_dates":{"created":"Posted on m\u00e1jus 12, 2024","modified":"Updated on j\u00falius 6, 2024"},"absolute_dates_time":{"created":"Posted on m\u00e1jus 12, 2024 5:34 du.","modified":"Updated on j\u00falius 6, 2024 3:36 du."},"featured_img_caption":"","featured_img":false,"series_order":"","_links":{"self":[{"href":"https:\/\/smarted.smartonlineedu.com\/index.php\/wp-json\/wp\/v2\/pages\/430","targetHints":{"allow":["GET"]}}],"collection":[{"href":"https:\/\/smarted.smartonlineedu.com\/index.php\/wp-json\/wp\/v2\/pages"}],"about":[{"href":"https:\/\/smarted.smartonlineedu.com\/index.php\/wp-json\/wp\/v2\/types\/page"}],"author":[{"embeddable":true,"href":"https:\/\/smarted.smartonlineedu.com\/index.php\/wp-json\/wp\/v2\/users\/1"}],"replies":[{"embeddable":true,"href":"https:\/\/smarted.smartonlineedu.com\/index.php\/wp-json\/wp\/v2\/comments?post=430"}],"version-history":[{"count":12,"href":"https:\/\/smarted.smartonlineedu.com\/index.php\/wp-json\/wp\/v2\/pages\/430\/revisions"}],"predecessor-version":[{"id":638,"href":"https:\/\/smarted.smartonlineedu.com\/index.php\/wp-json\/wp\/v2\/pages\/430\/revisions\/638"}],"up":[{"embeddable":true,"href":"https:\/\/smarted.smartonlineedu.com\/index.php\/wp-json\/wp\/v2\/pages\/101"}],"wp:attachment":[{"href":"https:\/\/smarted.smartonlineedu.com\/index.php\/wp-json\/wp\/v2\/media?parent=430"}],"curies":[{"name":"wp","href":"https:\/\/api.w.org\/{rel}","templated":true}]}}