{"id":341,"date":"2024-05-06T15:13:05","date_gmt":"2024-05-06T15:13:05","guid":{"rendered":"https:\/\/solutions-hr.com\/?page_id=341"},"modified":"2024-07-06T14:53:19","modified_gmt":"2024-07-06T14:53:19","slug":"patologiak-kezelesi-lehetosegek","status":"publish","type":"page","link":"https:\/\/smarted.smartonlineedu.com\/index.php\/patologiak-kezelesi-lehetosegek\/","title":{"rendered":"Patol\u00f3gi\u00e1k &#8211; Kezel\u00e9si Lehet\u0151s\u00e9gek"},"content":{"rendered":"\n<div class=\"wp-block-cover alignfull is-light\" style=\"min-height:600px;aspect-ratio:unset;\"><span aria-hidden=\"true\" class=\"wp-block-cover__background has-nv-light-bg-background-color has-background-dim\"><\/span><img loading=\"lazy\" decoding=\"async\" width=\"1280\" height=\"720\" class=\"wp-block-cover__image-background wp-image-347\" alt=\"\" src=\"https:\/\/smarted.smartonlineedu.com\/wp-content\/uploads\/2024\/05\/background-7714069_1280.webp\" data-object-fit=\"cover\" srcset=\"https:\/\/smarted.smartonlineedu.com\/wp-content\/uploads\/2024\/05\/background-7714069_1280.webp 1280w, https:\/\/smarted.smartonlineedu.com\/wp-content\/uploads\/2024\/05\/background-7714069_1280-300x169.webp 300w, https:\/\/smarted.smartonlineedu.com\/wp-content\/uploads\/2024\/05\/background-7714069_1280-1024x576.webp 1024w, https:\/\/smarted.smartonlineedu.com\/wp-content\/uploads\/2024\/05\/background-7714069_1280-768x432.webp 768w\" sizes=\"auto, (max-width: 1280px) 100vw, 1280px\" \/><div class=\"wp-block-cover__inner-container is-layout-flow wp-block-cover-is-layout-flow\">\n<div class=\"wp-block-group\"><div class=\"wp-block-group__inner-container is-layout-flow wp-block-group-is-layout-flow\">\n<div style=\"height:80px\" aria-hidden=\"true\" class=\"wp-block-spacer\"><\/div>\n<\/div><\/div>\n\n\n\n<figure class=\"wp-block-table\"><table class=\"has-fixed-layout\"><thead><tr><th>Betegs\u00e9g T\u00edpusok<\/th><th>R\u00f6vid Le\u00edr\u00e1s<\/th><th>Term\u00e9szetes Kezel\u00e9si \u00e9s Prevenci\u00f3s Lehet\u0151s\u00e9gek<\/th><th>Helysz\u00ednek Hargita Megy\u00e9ben<\/th><\/tr><\/thead><tbody><tr><td>Sz\u00edv- \u00e9s \u00e9rrendszeri betegs\u00e9gek<\/td><td>A sz\u00edv \u00e9s a v\u00e9rerek rendelleness\u00e9gei.<\/td><td>Klimatikus f\u00fcrd\u0151k erdei s\u00e9t\u00e1k szabadt\u00e9ri testmozg\u00e1s balneoter\u00e1pia lovaster\u00e1pia.<\/td><td>Hargitaf\u00fcrd\u0151 Borsz\u00e9k L\u00e1z\u00e1rfalva Korond Gyergy\u00f3szentmikl\u00f3s stb.<\/td><\/tr><tr><td>Cukorbetegs\u00e9g<\/td><td>A v\u00e9rcukorszint szab\u00e1lyoz\u00e1s\u00e1nak zavara.<\/td><td>Di\u00e9t\u00e1s tan\u00e1csad\u00e1s term\u00e9szetj\u00e1r\u00e1s gy\u00f3gyn\u00f6v\u00e9nyek alap\u00fa kezel\u00e9sek j\u00f3ga \u00e9s pilates.<\/td><td>Fontana Borsz\u00e9k Gyergy\u00f3remete Hargita megye hegys\u00e9gei<\/td><\/tr><tr><td>Daganatos betegs\u00e9gek<\/td><td>Rosszindulat\u00fa sejtn\u00f6veked\u00e9sek.<\/td><td>Stresszcs\u00f6kkent\u00e9s eg\u00e9szs\u00e9ges t\u00e1pl\u00e1lkoz\u00e1s m\u00e9regtelen\u00edt\u0151 k\u00far\u00e1k m\u0171v\u00e9szetter\u00e1pia.<\/td><td>Hargita megye hegys\u00e9gei Gyilkost\u00f3 Korond stb.<\/td><\/tr><tr><td>Em\u00e9szt\u0151rendszeri betegs\u00e9gek<\/td><td>Az em\u00e9szt\u0151rendszer szerveinek betegs\u00e9gei.<\/td><td>Gy\u00f3gyvizes kezel\u00e9sek probiotikumokban gazdag di\u00e9ta s\u00f3ter\u00e1pia akupunkt\u00fara.<\/td><td>Zs\u00f6g\u00f6df\u00fcrd\u0151 Korond Tusn\u00e1df\u0171rd\u0151 Parajd Gyergy\u00f3sz\u00e1rhegy Borsz\u00e9k stb.<\/td><\/tr><tr><td>L\u00e9gz\u0151rendszeri betegs\u00e9gek<\/td><td>A l\u00e9gz\u0151rendszer \u00e1llapot\u00e1t \u00e9rint\u0151 betegs\u00e9gek.<\/td><td>S\u00f3barlangok gy\u00f3gyn\u00f6v\u00e9nyes l\u00e9gz\u00e9ster\u00e1pia tiszta hegyi leveg\u0151 qigong.<\/td><td>Parajd S\u00f3b\u00e1nya Gyergy\u00f3sz\u00e1rhegy Borsz\u00e9k Gyilkost\u00f3<\/td><\/tr><tr><td>Idegrendszeri betegs\u00e9gek<\/td><td>Az agy a gerincvel\u0151 \u00e9s az idegek betegs\u00e9gei.<\/td><td>Relax\u00e1ci\u00f3s technik\u00e1k medit\u00e1ci\u00f3 term\u00e9szetes stresszkezel\u00e9s zeneter\u00e1pia.<\/td><td>Hargita megye hegys\u00e9gei Marosf\u0151 stb.<\/td><\/tr><tr><td>Reumatol\u00f3giai betegs\u00e9gek<\/td><td>Az \u00edz\u00fcletek az izmok \u00e9s a k\u00f6t\u0151sz\u00f6vet betegs\u00e9gei.<\/td><td>Gy\u00f3gyf\u00fcrd\u0151k iszapos kezel\u00e9sek gy\u00f3gygimnasztika hidroter\u00e1pia \u00edz\u00fcleti betegs\u00e9gek kezel\u00e9se.<\/td><td>Szejkef\u00fcrd\u0151 Cs\u00edkszentimre Borsz\u00e9k Tusn\u00e1df\u0171rd\u0151.<\/td><\/tr><tr><td>Endokrinol\u00f3giai betegs\u00e9gek<\/td><td>Az endokrin mirigyek funkci\u00f3zavara.<\/td><td>Eg\u00e9szs\u00e9ges \u00e9letm\u00f3d kiegyens\u00falyozott t\u00e1pl\u00e1lkoz\u00e1s term\u00e9szetes j\u00f3dforr\u00e1sok szem\u00e9lyre szabott edz\u00e9sprogramok.<\/td><td>Borsz\u00e9k Tusn\u00e1df\u0171rd\u0151 Marosf\u0151 stb.<\/td><\/tr><tr><td>Immunrendszeri betegs\u00e9gek<\/td><td>Az immunrendszer zavarai.<\/td><td>Er\u0151s\u00edt\u0151 gy\u00f3gyn\u00f6v\u00e9nyek immuner\u0151s\u00edt\u0151 di\u00e9ta m\u00e9rs\u00e9kelt napsug\u00e1rz\u00e1s probiotikumok.<\/td><td>Hargita megye term\u00e9szet adta potenci\u00e1lja<\/td><\/tr><\/tbody><\/table><\/figure>\n<\/div><\/div>\n","protected":false},"excerpt":{"rendered":"","protected":false},"author":1,"featured_media":0,"parent":0,"menu_order":0,"comment_status":"closed","ping_status":"closed","template":"","meta":{"_coblocks_attr":"","_coblocks_dimensions":"","_coblocks_responsive_height":"","_coblocks_accordion_ie_support":"","_eb_attr":"","_uag_custom_page_level_css":"","advgb_blocks_editor_width":"","advgb_blocks_columns_visual_guide":"","neve_meta_sidebar":"","neve_meta_container":"","neve_meta_enable_content_width":"on","neve_meta_content_width":100,"neve_meta_title_alignment":"","neve_meta_author_avatar":"","neve_post_elements_order":"","neve_meta_disable_header":"","neve_meta_disable_footer":"","neve_meta_disable_title":"on","_themeisle_gutenberg_block_has_review":false,"footnotes":""},"class_list":["post-341","page","type-page","status-publish","hentry"],"uagb_featured_image_src":{"full":false,"thumbnail":false,"medium":false,"medium_large":false,"large":false,"1536x1536":false,"2048x2048":false,"neve-blog":false},"uagb_author_info":{"display_name":"admin","author_link":"https:\/\/smarted.smartonlineedu.com\/index.php\/author\/admin_8iq54gse\/"},"uagb_comment_info":0,"uagb_excerpt":null,"coauthors":[],"author_meta":{"author_link":"https:\/\/smarted.smartonlineedu.com\/index.php\/author\/admin_8iq54gse\/","display_name":"admin"},"relative_dates":{"created":"Posted 2 \u00e9v ago","modified":"Updated 2 \u00e9v ago"},"absolute_dates":{"created":"Posted on m\u00e1jus 6, 2024","modified":"Updated on j\u00falius 6, 2024"},"absolute_dates_time":{"created":"Posted on m\u00e1jus 6, 2024 3:13 du.","modified":"Updated on j\u00falius 6, 2024 2:53 du."},"featured_img_caption":"","featured_img":false,"series_order":"","_links":{"self":[{"href":"https:\/\/smarted.smartonlineedu.com\/index.php\/wp-json\/wp\/v2\/pages\/341","targetHints":{"allow":["GET"]}}],"collection":[{"href":"https:\/\/smarted.smartonlineedu.com\/index.php\/wp-json\/wp\/v2\/pages"}],"about":[{"href":"https:\/\/smarted.smartonlineedu.com\/index.php\/wp-json\/wp\/v2\/types\/page"}],"author":[{"embeddable":true,"href":"https:\/\/smarted.smartonlineedu.com\/index.php\/wp-json\/wp\/v2\/users\/1"}],"replies":[{"embeddable":true,"href":"https:\/\/smarted.smartonlineedu.com\/index.php\/wp-json\/wp\/v2\/comments?post=341"}],"version-history":[{"count":7,"href":"https:\/\/smarted.smartonlineedu.com\/index.php\/wp-json\/wp\/v2\/pages\/341\/revisions"}],"predecessor-version":[{"id":1037,"href":"https:\/\/smarted.smartonlineedu.com\/index.php\/wp-json\/wp\/v2\/pages\/341\/revisions\/1037"}],"wp:attachment":[{"href":"https:\/\/smarted.smartonlineedu.com\/index.php\/wp-json\/wp\/v2\/media?parent=341"}],"curies":[{"name":"wp","href":"https:\/\/api.w.org\/{rel}","templated":true}]}}