{"id":158,"date":"2024-05-05T18:49:39","date_gmt":"2024-05-05T18:49:39","guid":{"rendered":"https:\/\/solutions-hr.com\/?page_id=158"},"modified":"2024-07-05T15:12:39","modified_gmt":"2024-07-05T15:12:39","slug":"asvanyvizfurdok","status":"publish","type":"page","link":"https:\/\/smarted.smartonlineedu.com\/index.php\/termeszeti-gyogytenyezok\/asvanyvizfurdok\/","title":{"rendered":"\u00c1sv\u00e1nyv\u00edzf\u00fcrd\u0151k"},"content":{"rendered":"\n<h2 class=\"wp-block-heading\">\u00c1sv\u00e1nyv\u00edzf\u00fcrd\u0151k<\/h2>\n\n\n\n<div class=\"wp-block-cover alignfull is-light\" style=\"min-height:600px;aspect-ratio:unset;\"><span aria-hidden=\"true\" class=\"wp-block-cover__background has-nv-light-bg-background-color has-background-dim\"><\/span><img loading=\"lazy\" decoding=\"async\" width=\"204\" height=\"192\" class=\"wp-block-cover__image-background wp-image-96\" alt=\"\" src=\"https:\/\/smarted.smartonlineedu.com\/wp-content\/uploads\/2024\/04\/kek.jpg\" data-object-fit=\"cover\"\/><div class=\"wp-block-cover__inner-container is-layout-flow wp-block-cover-is-layout-flow\">\n<div class=\"wp-block-group\"><div class=\"wp-block-group__inner-container is-layout-flow wp-block-group-is-layout-flow\">\n<div class=\"wp-block-columns are-vertically-aligned-center is-layout-flex wp-container-core-columns-is-layout-9d6595d7 wp-block-columns-is-layout-flex\">\n<div class=\"wp-block-column is-vertically-aligned-center is-layout-flow wp-block-column-is-layout-flow\" style=\"flex-basis:50%\">\n<div class=\"wp-block-cover is-light\"><span aria-hidden=\"true\" class=\"wp-block-cover__background has-background-dim\" style=\"background-color:#80857f\"><\/span><img loading=\"lazy\" decoding=\"async\" width=\"1080\" height=\"720\" class=\"wp-block-cover__image-background wp-image-62\" alt=\"\" src=\"https:\/\/smarted.smartonlineedu.com\/wp-content\/uploads\/2024\/04\/gyogyfurdok-korond.jpg\" data-object-fit=\"cover\" srcset=\"https:\/\/smarted.smartonlineedu.com\/wp-content\/uploads\/2024\/04\/gyogyfurdok-korond.jpg 1080w, https:\/\/smarted.smartonlineedu.com\/wp-content\/uploads\/2024\/04\/gyogyfurdok-korond-300x200.jpg 300w, https:\/\/smarted.smartonlineedu.com\/wp-content\/uploads\/2024\/04\/gyogyfurdok-korond-1024x683.jpg 1024w, https:\/\/smarted.smartonlineedu.com\/wp-content\/uploads\/2024\/04\/gyogyfurdok-korond-768x512.jpg 768w, https:\/\/smarted.smartonlineedu.com\/wp-content\/uploads\/2024\/04\/gyogyfurdok-korond-930x620.jpg 930w\" sizes=\"auto, (max-width: 1080px) 100vw, 1080px\" \/><div class=\"wp-block-cover__inner-container is-layout-flow wp-block-cover-is-layout-flow\">\n<p class=\"has-text-align-center has-large-font-size\"><\/p>\n<\/div><\/div>\n<\/div>\n\n\n\n<div class=\"wp-block-column is-vertically-aligned-center is-layout-flow wp-block-column-is-layout-flow\" style=\"flex-basis:50%\">\n<ul class=\"wp-block-list\">\n<li>Az \u00e1sv\u00e1nyv\u00edzf\u00fcrd\u0151k Hargita megy\u00e9ben k\u00fcl\u00f6nleges helyet foglalnak el, hiszen a term\u00e9szetes \u00e1sv\u00e1nyi anyagokban gazdag vizek <strong>el\u0151seg\u00edtik a testi \u00e9s lelki meg\u00fajul\u00e1st<\/strong>. <\/li>\n\n\n\n<li>Ezek a f\u00fcrd\u0151k kiv\u00e1l\u00f3an alkalmasak a k\u00fcl\u00f6nb\u00f6z\u0151 <strong><em>b\u0151rprobl\u00e9m\u00e1k<\/em><\/strong>, <em><strong>\u00edz\u00fcleti \u00e9s reumatikus megbeteged\u00e9sek <\/strong><\/em>kezel\u00e9s\u00e9re, valamint a <strong><em>stresszold\u00e1sra<\/em><\/strong> \u00e9s <strong><em>relax\u00e1ci\u00f3ra<\/em><\/strong>. <\/li>\n\n\n\n<li>A meleg \u00e1sv\u00e1nyvizek <strong><em>ellaz\u00edtj\u00e1k az izmokat<\/em><\/strong>, <strong><em>serkentik a v\u00e9rkering\u00e9st<\/em><\/strong> \u00e9s t\u00e1mogatj\u00e1k a szervezet <strong><em>m\u00e9regtelen\u00edt\u0151 <\/em><\/strong>folyamatait. <\/li>\n\n\n\n<li>Hargita megye \u00e1sv\u00e1nyv\u00edzf\u00fcrd\u0151i, wellness komplexumai, nem csak gy\u00f3gyul\u00e1st, hanem kiv\u00e1l\u00f3 <strong><em>kikapcsol\u00f3d\u00e1si lehet\u0151s\u00e9geket <\/em><\/strong>is k\u00edn\u00e1lnak minden koroszt\u00e1ly sz\u00e1m\u00e1ra.<\/li>\n<\/ul>\n<\/div>\n<\/div>\n<\/div><\/div>\n\n\n\n<div class=\"wp-block-columns is-layout-flex wp-container-core-columns-is-layout-9d6595d7 wp-block-columns-is-layout-flex\">\n<div class=\"wp-block-column is-layout-flow wp-block-column-is-layout-flow\">\n<p class=\"has-text-align-center\"><strong><em>             Forr\u00e1s: <\/em><\/strong><a href=\"https:\/\/www.korond-tour.ro\/korond-unicum-sosfurdo\" target=\"_blank\" rel=\"noreferrer noopener\">Korond-Unicum s\u00f3sf\u00fcrd\u0151 <\/a><\/p>\n<\/div>\n\n\n\n<div class=\"wp-block-column is-layout-flow wp-block-column-is-layout-flow\"><\/div>\n<\/div>\n<\/div><\/div>\n\n\n\n<h2 class=\"wp-block-heading\">M\u00falt<\/h2>\n\n\n\n<ul class=\"wp-block-list\">\n<li>A `90-es \u00e9vekben Hargita megy\u00e9ben 3 orsz\u00e1gos \u00e9rdekelts\u00e9g\u0171 gy\u00f3gy\u00fcd\u00fcl\u00e9seket k\u00edn\u00e1l\u00f3 k\u00f6zpont (Tusn\u00e1df\u0171rd\u0151, Borsz\u00e9k \u00e9s Gyilkost\u00f3) \u00e9s 22 helyi \u00e9rdekelts\u00e9g\u0171 \u00fcd\u00fcl\u0151telep l\u00e9tezett (Cs\u00edkszereda, Zs\u00f6g\u00f6df\u00fcrd\u0151, Hargitaf\u00fcrd\u0151, Kirulyf\u00fcrd\u0151, Homor\u00f3df\u00fcrd\u0151, Sz\u00e9kelyszeltersz, Szejkef\u00fcrd\u0151, Parajd, Madaras, R\u00e1kos, Cs\u00edkd\u00e1nfalva, Madicsa-f\u00fcrd\u0151, Cs\u00edkszentgy\u00f6rgy, Cs\u00edkszentimre, Sz\u00e9kelykereszt\u00far, Okl\u00e1nd, L\u00f6v\u00e9te, Gyergy\u00f3remete, Marosh\u00e9v\u00edz, L\u00e1z\u00e1rfalva. (Domabay I, 1998), amelyek nagym\u00e9rt\u00e9kben hozz\u00e1j\u00e1rultak a megye balneoturizmus\u00e1hoz<\/li>\n<\/ul>\n\n\n\n<h2 class=\"wp-block-heading\">Jelen<\/h2>\n\n\n\n<ul class=\"wp-block-list\">\n<li>Napjainkban n\u00e9pi f\u00fcrd\u0151k\u00e9nt n\u00e9h\u00e1nyuk m\u0171k\u00f6dik, amelyek \u00fagy a prevenci\u00f3, mint a k\u00fcl\u00f6nb\u00f6z\u0151 eg\u00e9szs\u00e9g\u00fcgyi probl\u00e9m\u00e1k eset\u00e9n ny\u00fajtanak ter\u00e1pi\u00e1s lehet\u0151s\u00e9geket, azonban egyik\u00fck sem biztosit eg\u00e9szs\u00e9g\u00fcgyi szakember \u00e1ltal vezetett kezel\u00e9si lehet\u0151s\u00e9get<\/li>\n<\/ul>\n\n\n\n<figure class=\"wp-block-table\"><table class=\"has-fixed-layout\"><tbody><tr><td><strong>Telep\u00fcl\u00e9s<\/strong><\/td><td><strong>Szolg\u00e1ltat\u00e1sok<\/strong><\/td><td><strong>Javallatok<\/strong><\/td><\/tr><tr><td>Zs\u00f6g\u00f6df\u00fcrd\u0151<\/td><td>k\u00e1das gy\u00f3gyf\u00fcrd\u0151k, massz\u00e1zsok, s\u00f3szoba, szaun\u00e1k, mofetta, gy\u00f3gyvizes medence,<br>gy\u00f3gytorna<br>Sz\u00e1llod\u00e1k, panzi\u00f3k a k\u00f6rny\u00e9ken<\/td><td>perif\u00e9ri\u00e1s idegrendszer, sz\u00edv- \u00e9s \u00e9rrendszer, s\u00e9r\u00fcl\u00e9sek ut\u00e1ni rehabilit\u00e1ci\u00f3, gerinc probl\u00e9m\u00e1k, izom-\u00edz\u00fcleti f\u00e1jdalmak, stresszold\u00e1s<\/td><\/tr><tr><td>Korond<br>Unicum s\u00f3s f\u00fcrd\u0151<\/td><td>gyermekmedence, \u00fcl\u0151f\u00fcrd\u0151re alkalmas medence<br>f\u0151leg a helyi lak\u00f3k r\u00e9sz\u00e9re \u00e9p\u00fclt,<br>Panzi\u00f3k a k\u00f6rny\u00e9ken<\/td><td>mozg\u00e1sszervi betegs\u00e9gek, reumatol\u00f3giai panaszok<\/td><\/tr><tr><td>Sz\u00e9kelyszeltersz<br>N\u00e1dassz\u00e9ki n\u00e9pi gy\u00f3gyf\u00fcrd\u0151<\/td><td>4*8 m-es \u00fcll\u0151 k\u00fclt\u00e9ri medence,<br>200 m t\u00e1vols\u00e1gban b\u00f3rv\u00edz, amely \u00edv\u00f3k\u00farak\u00e9nt em\u00e9szt\u0151rendszer rendbetart\u00e1s\u00e1ra javallott<br>sz\u00e1ll\u00e1s lehet\u0151s\u00e9g k\u00e9t kish\u00e1z 4+2 szem\u00e9ly<\/td><td>\u00edz\u00fcleti megbeteged\u00e9sek, idegess\u00e9g, nyugtalans\u00e1g, \u00e1lmatlans\u00e1g, \u00e9rsz\u0171k\u00fclet,<br>magas v\u00e9rnyom\u00e1s<br>ellenjavallat: frissen m\u0171t\u00f6ttek, magas v\u00e9rnyom\u00e1s, r\u00e1kos betegekn\u00e9l<\/td><\/tr><tr><td>Marosh\u00e9v\u00edz<br>Urm\u00e1nczy F\u00fcrd\u0151<br>B\u00e1nffy f\u00fcrd\u0151<\/td><td>gyerek \u00e9s feln\u0151tt medenc\u00e9k, sporttev\u00e9kenys\u00e9gek, j\u00e1tsz\u00f3t\u00e9r<br>Sz\u00e1llod\u00e1k, panzi\u00f3k a k\u00f6rny\u00e9ken<\/td><td>sz\u00edv \u00e9s \u00e9rrendszeri betegs\u00e9gek,<br>kr\u00f3nikus s\u00e1rgas\u00e1g, cukor betegs\u00e9g<br>reumatikus b\u00e1ntalmak, \u00edz\u00fcleti betegs\u00e9gek<\/td><\/tr><tr><td>Muhos Pataki F\u00fcrd\u0151<br><\/td><td>Kinti medence \u2013 37m3<br>K\u00e1das f\u0171rd\u0151<br>Szauna<br>D\u00e9zsa hidromassz\u00e1zzsal \u2013 7 szem\u00e9lyes<br>Sz\u00e1ll\u00e1slehet\u0151s\u00e9g: saj\u00e1t panzi\u00f3<\/td><td>mozg\u00e1s szervi megbeteged\u00e9sek<br>reum\u00e1s degenerative megbeteged\u00e9sek. kr\u00f3nikus \u00edz\u00fcleti gyullad\u00e1sok.<br>periartikul\u00e1ris l\u00e1gyr\u00e9szek megbeteged\u00e9sei. az inak, \u00ednh\u00fcvelyek, kapszul\u00e1k kr\u00f3nikus gyullad\u00e1sos megbeteged\u00e9sei \u00e9s ezek s\u00e9r\u00fcl\u00e9sei, m\u0171t\u00e9tek ut\u00e1ni k\u00f3ros elv\u00e1ltoz\u00e1sai.<br>kr\u00f3nikus b\u0151rbetegs\u00e9gek<br>ekzem\u00e1k-pszori\u00e1zis-posztraumatikus maradv\u00e1nyok.<br>s\u00e9r\u00fcl\u00e9sek ut\u00f3maradv\u00e1nyai, m\u0171t\u00e9tek ut\u00f3 maradv\u00e1nyai.<br>perif\u00e9ri\u00e1s idegb\u00e1ntalmak &#8211; polineurop\u00e1ti\u00e1k<br>id\u00fclt m\u00e9h \u00e9s petef\u00e9szek gyullad\u00e1sok<br>&#8211; metroanexitiszek<br>allergi\u00e1s megbeteged\u00e9sek<br>&#8211; l\u00e9g\u00fati allergi\u00e1s megbeteged\u00e9sek<br>&#8211; b\u0151r allergi\u00e1s megbetehedesek<\/td><\/tr><\/tbody><\/table><\/figure>\n","protected":false},"excerpt":{"rendered":"<p>\u00c1sv\u00e1nyv\u00edzf\u00fcrd\u0151k M\u00falt Jelen Telep\u00fcl\u00e9s Szolg\u00e1ltat\u00e1sok Javallatok Zs\u00f6g\u00f6df\u00fcrd\u0151 k\u00e1das gy\u00f3gyf\u00fcrd\u0151k, massz\u00e1zsok, s\u00f3szoba, szaun\u00e1k, mofetta, gy\u00f3gyvizes medence,gy\u00f3gytornaSz\u00e1llod\u00e1k, panzi\u00f3k a k\u00f6rny\u00e9ken perif\u00e9ri\u00e1s idegrendszer, sz\u00edv- \u00e9s \u00e9rrendszer, s\u00e9r\u00fcl\u00e9sek ut\u00e1ni rehabilit\u00e1ci\u00f3, gerinc probl\u00e9m\u00e1k, izom-\u00edz\u00fcleti f\u00e1jdalmak, stresszold\u00e1s KorondUnicum s\u00f3s f\u00fcrd\u0151 gyermekmedence, \u00fcl\u0151f\u00fcrd\u0151re alkalmas medencef\u0151leg a helyi lak\u00f3k r\u00e9sz\u00e9re \u00e9p\u00fclt,Panzi\u00f3k a k\u00f6rny\u00e9ken mozg\u00e1sszervi betegs\u00e9gek, reumatol\u00f3giai panaszok Sz\u00e9kelyszelterszN\u00e1dassz\u00e9ki n\u00e9pi gy\u00f3gyf\u00fcrd\u0151 4*8 m-es \u00fcll\u0151&hellip;&nbsp;<a href=\"https:\/\/smarted.smartonlineedu.com\/index.php\/termeszeti-gyogytenyezok\/asvanyvizfurdok\/\" rel=\"bookmark\">Read More &raquo;<span class=\"screen-reader-text\">\u00c1sv\u00e1nyv\u00edzf\u00fcrd\u0151k<\/span><\/a><\/p>\n","protected":false},"author":1,"featured_media":0,"parent":8,"menu_order":0,"comment_status":"closed","ping_status":"closed","template":"","meta":{"_coblocks_attr":"","_coblocks_dimensions":"","_coblocks_responsive_height":"","_coblocks_accordion_ie_support":"","_eb_attr":"","_uag_custom_page_level_css":"","advgb_blocks_editor_width":"","advgb_blocks_columns_visual_guide":"","neve_meta_sidebar":"","neve_meta_container":"","neve_meta_enable_content_width":"on","neve_meta_content_width":100,"neve_meta_title_alignment":"","neve_meta_author_avatar":"","neve_post_elements_order":"","neve_meta_disable_header":"","neve_meta_disable_footer":"","neve_meta_disable_title":"on","_themeisle_gutenberg_block_has_review":false,"footnotes":""},"class_list":["post-158","page","type-page","status-publish","hentry"],"uagb_featured_image_src":{"full":false,"thumbnail":false,"medium":false,"medium_large":false,"large":false,"1536x1536":false,"2048x2048":false,"neve-blog":false},"uagb_author_info":{"display_name":"admin","author_link":"https:\/\/smarted.smartonlineedu.com\/index.php\/author\/admin_8iq54gse\/"},"uagb_comment_info":0,"uagb_excerpt":"\u00c1sv\u00e1nyv\u00edzf\u00fcrd\u0151k M\u00falt Jelen Telep\u00fcl\u00e9s Szolg\u00e1ltat\u00e1sok Javallatok Zs\u00f6g\u00f6df\u00fcrd\u0151 k\u00e1das gy\u00f3gyf\u00fcrd\u0151k, massz\u00e1zsok, s\u00f3szoba, szaun\u00e1k, mofetta, gy\u00f3gyvizes medence,gy\u00f3gytornaSz\u00e1llod\u00e1k, panzi\u00f3k a k\u00f6rny\u00e9ken perif\u00e9ri\u00e1s idegrendszer, sz\u00edv- \u00e9s \u00e9rrendszer, s\u00e9r\u00fcl\u00e9sek ut\u00e1ni rehabilit\u00e1ci\u00f3, gerinc probl\u00e9m\u00e1k, izom-\u00edz\u00fcleti f\u00e1jdalmak, stresszold\u00e1s KorondUnicum s\u00f3s f\u00fcrd\u0151 gyermekmedence, \u00fcl\u0151f\u00fcrd\u0151re alkalmas medencef\u0151leg a helyi lak\u00f3k r\u00e9sz\u00e9re \u00e9p\u00fclt,Panzi\u00f3k a k\u00f6rny\u00e9ken mozg\u00e1sszervi betegs\u00e9gek, reumatol\u00f3giai panaszok Sz\u00e9kelyszelterszN\u00e1dassz\u00e9ki n\u00e9pi gy\u00f3gyf\u00fcrd\u0151 4*8 m-es \u00fcll\u0151&hellip;&nbsp;Read&hellip;","coauthors":[],"author_meta":{"author_link":"https:\/\/smarted.smartonlineedu.com\/index.php\/author\/admin_8iq54gse\/","display_name":"admin"},"relative_dates":{"created":"Posted 2 \u00e9v ago","modified":"Updated 2 \u00e9v ago"},"absolute_dates":{"created":"Posted on m\u00e1jus 5, 2024","modified":"Updated on j\u00falius 5, 2024"},"absolute_dates_time":{"created":"Posted on m\u00e1jus 5, 2024 6:49 du.","modified":"Updated on j\u00falius 5, 2024 3:12 du."},"featured_img_caption":"","featured_img":false,"series_order":"","_links":{"self":[{"href":"https:\/\/smarted.smartonlineedu.com\/index.php\/wp-json\/wp\/v2\/pages\/158","targetHints":{"allow":["GET"]}}],"collection":[{"href":"https:\/\/smarted.smartonlineedu.com\/index.php\/wp-json\/wp\/v2\/pages"}],"about":[{"href":"https:\/\/smarted.smartonlineedu.com\/index.php\/wp-json\/wp\/v2\/types\/page"}],"author":[{"embeddable":true,"href":"https:\/\/smarted.smartonlineedu.com\/index.php\/wp-json\/wp\/v2\/users\/1"}],"replies":[{"embeddable":true,"href":"https:\/\/smarted.smartonlineedu.com\/index.php\/wp-json\/wp\/v2\/comments?post=158"}],"version-history":[{"count":12,"href":"https:\/\/smarted.smartonlineedu.com\/index.php\/wp-json\/wp\/v2\/pages\/158\/revisions"}],"predecessor-version":[{"id":856,"href":"https:\/\/smarted.smartonlineedu.com\/index.php\/wp-json\/wp\/v2\/pages\/158\/revisions\/856"}],"up":[{"embeddable":true,"href":"https:\/\/smarted.smartonlineedu.com\/index.php\/wp-json\/wp\/v2\/pages\/8"}],"wp:attachment":[{"href":"https:\/\/smarted.smartonlineedu.com\/index.php\/wp-json\/wp\/v2\/media?parent=158"}],"curies":[{"name":"wp","href":"https:\/\/api.w.org\/{rel}","templated":true}]}}