{"id":1038,"date":"2024-10-20T05:24:19","date_gmt":"2024-10-20T05:24:19","guid":{"rendered":"https:\/\/solutions-hr.com\/?page_id=1038"},"modified":"2024-10-20T07:52:24","modified_gmt":"2024-10-20T07:52:24","slug":"kezelesi-lehetosegek","status":"publish","type":"page","link":"https:\/\/smarted.smartonlineedu.com\/index.php\/kezelesi-lehetosegek\/","title":{"rendered":"Kezel\u00e9si Lehet\u0151s\u00e9gek"},"content":{"rendered":"\n<div class=\"wp-block-cover alignfull is-light\" style=\"min-height:600px;aspect-ratio:unset;\"><span aria-hidden=\"true\" class=\"wp-block-cover__background has-nv-light-bg-background-color has-background-dim\"><\/span><img loading=\"lazy\" decoding=\"async\" width=\"1280\" height=\"720\" class=\"wp-block-cover__image-background wp-image-347\" alt=\"\" src=\"https:\/\/smarted.smartonlineedu.com\/wp-content\/uploads\/2024\/05\/background-7714069_1280.webp\" data-object-fit=\"cover\" srcset=\"https:\/\/smarted.smartonlineedu.com\/wp-content\/uploads\/2024\/05\/background-7714069_1280.webp 1280w, https:\/\/smarted.smartonlineedu.com\/wp-content\/uploads\/2024\/05\/background-7714069_1280-300x169.webp 300w, https:\/\/smarted.smartonlineedu.com\/wp-content\/uploads\/2024\/05\/background-7714069_1280-1024x576.webp 1024w, https:\/\/smarted.smartonlineedu.com\/wp-content\/uploads\/2024\/05\/background-7714069_1280-768x432.webp 768w\" sizes=\"auto, (max-width: 1280px) 100vw, 1280px\" \/><div class=\"wp-block-cover__inner-container is-layout-flow wp-block-cover-is-layout-flow\">\n<div class=\"wp-block-group\"><div class=\"wp-block-group__inner-container is-layout-flow wp-block-group-is-layout-flow\">\n<div class=\"wp-block-uagb-container uagb-block-99f86084 alignfull uagb-is-root-container\"><div class=\"uagb-container-inner-blocks-wrap\">\n<!-- Leaflet CSS \u00e9s JS bet\u00f6lt\u00e9se -->\n<link rel=\"stylesheet\" href=\"https:\/\/unpkg.com\/leaflet@1.7.1\/dist\/leaflet.css\" \/>\n<script src=\"https:\/\/unpkg.com\/leaflet@1.7.1\/dist\/leaflet.js\"><\/script>\n\n<!-- Leaflet Routing Machine JS bet\u00f6lt\u00e9se -->\n<script src=\"https:\/\/unpkg.com\/leaflet-routing-machine@latest\/dist\/leaflet-routing-machine.js\"><\/script>\n\n<!-- CSS az itinerary elem elt\u00fcntet\u00e9s\u00e9re -->\n\n\n<!-- Checkbox form a helyek kiv\u00e1laszt\u00e1s\u00e1hoz -->\n<form id=\"routeForm\">\n  <label><input type=\"checkbox\" name=\"location\" value=\"46.1333,25.8462\"> Szent Anna-t\u00f3<\/label><br>\n  <label><input type=\"checkbox\" name=\"location\" value=\"46.1200,25.8550\"> Apor-b\u00e1stya<\/label><br>\n  <label><input type=\"checkbox\" name=\"location\" value=\"46.3601,25.8065\"> Cs\u00edksomly\u00f3<\/label><br>\n  <button type=\"button\" onclick=\"calculateRoute()\">\u00datvonal megrajzol\u00e1sa<\/button>\n<\/form>\n\n<!-- T\u00e9rk\u00e9p megjelen\u00edt\u00e9se -->\n<div id=\"map\" style=\"width: 100%; height: 500px;\"><\/div>\n\n<!-- \u00datvonal r\u00e9szleteinek megjelen\u00edt\u00e9se k\u00fcl\u00f6n mez\u0151ben -->\n<div id=\"route-details\"><\/div>\n\n<script>\n\/\/ Inicializ\u00e1ljuk a t\u00e9rk\u00e9pet a megadott poz\u00edci\u00f3val \u00e9s nagy\u00edt\u00e1ssal\nvar map = L.map('map').setView([46.1498, 25.8617], 10);\n\n\/\/ OpenStreetMap csemp\u00e9k bet\u00f6lt\u00e9se\nL.tileLayer('https:\/\/{s}.tile.openstreetmap.org\/{z}\/{x}\/{y}.png', {\n  attribution: '\u00a9 OpenStreetMap contributors'\n}).addTo(map);\n\n\/\/ Routing Machine konfigur\u00e1l\u00e1sa\nvar control = L.Routing.control({\n  waypoints: [], \/\/ Kezdetben \u00fcres\n  routeWhileDragging: true,\n  createMarker: function() { return null; }, \/\/ Ne jelen\u00edtse meg a markereket\n  addWaypoints: false, \/\/ Ne engedje \u00faj pontok hozz\u00e1ad\u00e1s\u00e1t\n  lineOptions: { \/\/ Csak az \u00fatvonal vonala\n    styles: [{ color: 'blue', weight: 4 }]\n  },\n}).addTo(map);\n\n\/\/ Funkci\u00f3 az \u00fatvonal megrajzol\u00e1s\u00e1hoz \u00e9s a r\u00e9szletek megjelen\u00edt\u00e9s\u00e9hez k\u00fcl\u00f6n mez\u0151ben\nfunction calculateRoute() {\n  var checkboxes = document.querySelectorAll('input[name=\"location\"]:checked');\n  var waypoints = [];\n\n  checkboxes.forEach(function(checkbox) {\n    var coords = checkbox.value.split(',');\n    waypoints.push(L.latLng(coords[0], coords[1]));\n  });\n\n  if (waypoints.length > 1) {\n    control.setWaypoints(waypoints); \/\/ Be\u00e1ll\u00edtjuk az \u00fatvonal pontjait\n\n    \/\/ \u00datvonal r\u00e9szletes megjelen\u00edt\u00e9se a 'route-details' mez\u0151ben\n    control.on('routesfound', function(e) {\n      var routes = e.routes;\n      var summary = routes[0].summary;\n      var details = '';\n\n      \/\/ \u00d6sszefoglal\u00f3 az \u00fatvonalr\u00f3l\n      details += `<p><strong>T\u00e1vols\u00e1g:<\/strong> ${(summary.totalDistance \/ 1000).toFixed(2)} km<\/p>`;\n      details += `<p><strong>Id\u0151tartam:<\/strong> ${(summary.totalTime \/ 60).toFixed(2)} perc<\/p>`;\n\n      \/\/ L\u00e9p\u00e9sr\u0151l-l\u00e9p\u00e9sre utas\u00edt\u00e1sok megjelen\u00edt\u00e9se\n      details += '<ul>';\n      routes[0].instructions.forEach(function(instruction) {\n        details += `<li>${instruction.text}<\/li>`;\n      });\n      details += '<\/ul>';\n\n      \/\/ Eredm\u00e9ny megjelen\u00edt\u00e9se\n      document.getElementById('route-details').innerHTML = details;\n    });\n  } else {\n    alert('V\u00e1lassz ki legal\u00e1bb k\u00e9t helyet az \u00fatvonal megrajzol\u00e1s\u00e1hoz.');\n  }\n}\n<\/script>\n\n\n\n\n\n\n\n\n\n\n\n\n<div class=\"wp-block-group\"><div class=\"wp-block-group__inner-container is-layout-constrained wp-block-group-is-layout-constrained\">\n<table id=\"tablepress-1\" class=\"tablepress tablepress-id-1\">\n<thead>\n<tr class=\"row-1\">\n\t<th class=\"column-1\">ID<\/th><th class=\"column-2\">N\u00e9v<\/th><th class=\"column-3\">Elhelyezked\u00e9s<\/th><th class=\"column-4\">Betegs\u00e9gek<\/th><th class=\"column-5\">Szolg\u00e1ltat\u00e1s<\/th><th class=\"column-6\">Kapacit\u00e1s<\/th><th class=\"column-7\">Nyitva tart\u00e1s<\/th>\n<\/tr>\n<\/thead>\n<tbody class=\"row-striping row-hover\">\n<tr class=\"row-2\">\n\t<td class=\"column-1\">1<\/td><td class=\"column-2\">Borsz\u00e9k Gy\u00f3gyf\u00fcrd\u0151<\/td><td class=\"column-3\">Borsz\u00e9k, Rom\u00e1nia<\/td><td class=\"column-4\">Reuma,<\/td><td class=\"column-5\">Gy\u00f3gymassz\u00e1zs, Mofetta<\/td><td class=\"column-6\">100<\/td><td class=\"column-7\">Eg\u00e9sz \u00e9vben<\/td>\n<\/tr>\n<tr class=\"row-3\">\n\t<td class=\"column-1\">1<\/td><td class=\"column-2\">Borsz\u00e9k Gy\u00f3gyf\u00fcrd\u0151<\/td><td class=\"column-3\">Borsz\u00e9k, Rom\u00e1nia<\/td><td class=\"column-4\">\u00cdz\u00fcleti f\u00e1jdalmak<\/td><td class=\"column-5\">Gy\u00f3gymassz\u00e1zs, Mofetta<\/td><td class=\"column-6\">100<\/td><td class=\"column-7\">Eg\u00e9sz \u00e9vben<\/td>\n<\/tr>\n<tr class=\"row-4\">\n\t<td class=\"column-1\">1<\/td><td class=\"column-2\">Borsz\u00e9k Gy\u00f3gyf\u00fcrd\u0151<\/td><td class=\"column-3\">Borsz\u00e9k, Rom\u00e1nia<\/td><td class=\"column-4\"> L\u00e9g\u00fati betegs\u00e9gek<\/td><td class=\"column-5\">Gy\u00f3gymassz\u00e1zs, Mofetta<\/td><td class=\"column-6\">100<\/td><td class=\"column-7\">Eg\u00e9sz \u00e9vben<\/td>\n<\/tr>\n<tr class=\"row-5\">\n\t<td class=\"column-1\">1<\/td><td class=\"column-2\">Borsz\u00e9k Gy\u00f3gyf\u00fcrd\u0151<\/td><td class=\"column-3\">Borsz\u00e9k, Rom\u00e1nia<\/td><td class=\"column-4\">Reuma, \u00cdz\u00fcleti f\u00e1jdalmak, L\u00e9g\u00fati betegs\u00e9gek<\/td><td class=\"column-5\">Gy\u00f3gymassz\u00e1zs, Mofetta<\/td><td class=\"column-6\">100<\/td><td class=\"column-7\">Eg\u00e9sz \u00e9vben<\/td>\n<\/tr>\n<tr class=\"row-6\">\n\t<td class=\"column-1\">2<\/td><td class=\"column-2\">Tusn\u00e1df\u00fcrd\u0151<\/td><td class=\"column-3\">Tusn\u00e1df\u00fcrd\u0151, Rom\u00e1nia<\/td><td class=\"column-4\">Magas v\u00e9rnyom\u00e1s<\/td><td class=\"column-5\">Iszappakol\u00e1s, Hidroter\u00e1pia<\/td><td class=\"column-6\">80<\/td><td class=\"column-7\">M\u00e1just\u00f3l szeptemberig<\/td>\n<\/tr>\n<tr class=\"row-7\">\n\t<td class=\"column-1\">2<\/td><td class=\"column-2\">Tusn\u00e1df\u00fcrd\u0151<\/td><td class=\"column-3\">Tusn\u00e1df\u00fcrd\u0151, Rom\u00e1nia<\/td><td class=\"column-4\">L\u00e9g\u00fati betegs\u00e9gek<\/td><td class=\"column-5\">Iszappakol\u00e1s, Hidroter\u00e1pia<\/td><td class=\"column-6\">80<\/td><td class=\"column-7\">M\u00e1just\u00f3l szeptemberig<\/td>\n<\/tr>\n<\/tbody>\n<\/table>\n<\/div><\/div>\n\n\n<\/div><\/div>\n<\/div><\/div>\n\n\n\n<figure class=\"wp-block-table\"><table class=\"has-fixed-layout\"><thead><tr><th>Betegs\u00e9g T\u00edpusok<\/th><th>R\u00f6vid Le\u00edr\u00e1s<\/th><th>Term\u00e9szetes Kezel\u00e9si \u00e9s Prevenci\u00f3s Lehet\u0151s\u00e9gek<\/th><th>Helysz\u00ednek Hargita Megy\u00e9ben<\/th><\/tr><\/thead><tbody><tr><td>Sz\u00edv- \u00e9s \u00e9rrendszeri betegs\u00e9gek<\/td><td>A sz\u00edv \u00e9s a v\u00e9rerek rendelleness\u00e9gei.<\/td><td>Klimatikus f\u00fcrd\u0151k erdei s\u00e9t\u00e1k szabadt\u00e9ri testmozg\u00e1s balneoter\u00e1pia lovaster\u00e1pia.<\/td><td>Hargitaf\u00fcrd\u0151 Borsz\u00e9k L\u00e1z\u00e1rfalva Korond Gyergy\u00f3szentmikl\u00f3s stb.<\/td><\/tr><tr><td>Cukorbetegs\u00e9g<\/td><td>A v\u00e9rcukorszint szab\u00e1lyoz\u00e1s\u00e1nak zavara.<\/td><td>Di\u00e9t\u00e1s tan\u00e1csad\u00e1s term\u00e9szetj\u00e1r\u00e1s gy\u00f3gyn\u00f6v\u00e9nyek alap\u00fa kezel\u00e9sek j\u00f3ga \u00e9s pilates.<\/td><td>Fontana Borsz\u00e9k Gyergy\u00f3remete Hargita megye hegys\u00e9gei<\/td><\/tr><tr><td>Daganatos betegs\u00e9gek<\/td><td>Rosszindulat\u00fa sejtn\u00f6veked\u00e9sek.<\/td><td>Stresszcs\u00f6kkent\u00e9s eg\u00e9szs\u00e9ges t\u00e1pl\u00e1lkoz\u00e1s m\u00e9regtelen\u00edt\u0151 k\u00far\u00e1k m\u0171v\u00e9szetter\u00e1pia.<\/td><td>Hargita megye hegys\u00e9gei Gyilkost\u00f3 Korond stb.<\/td><\/tr><tr><td>Em\u00e9szt\u0151rendszeri betegs\u00e9gek<\/td><td>Az em\u00e9szt\u0151rendszer szerveinek betegs\u00e9gei.<\/td><td>Gy\u00f3gyvizes kezel\u00e9sek probiotikumokban gazdag di\u00e9ta s\u00f3ter\u00e1pia akupunkt\u00fara.<\/td><td>Zs\u00f6g\u00f6df\u00fcrd\u0151 Korond Tusn\u00e1df\u0171rd\u0151 Parajd Gyergy\u00f3sz\u00e1rhegy Borsz\u00e9k stb.<\/td><\/tr><tr><td>L\u00e9gz\u0151rendszeri betegs\u00e9gek<\/td><td>A l\u00e9gz\u0151rendszer \u00e1llapot\u00e1t \u00e9rint\u0151 betegs\u00e9gek.<\/td><td>S\u00f3barlangok gy\u00f3gyn\u00f6v\u00e9nyes l\u00e9gz\u00e9ster\u00e1pia tiszta hegyi leveg\u0151 qigong.<\/td><td>Parajd S\u00f3b\u00e1nya Gyergy\u00f3sz\u00e1rhegy Borsz\u00e9k Gyilkost\u00f3<\/td><\/tr><tr><td>Idegrendszeri betegs\u00e9gek<\/td><td>Az agy a gerincvel\u0151 \u00e9s az idegek betegs\u00e9gei.<\/td><td>Relax\u00e1ci\u00f3s technik\u00e1k medit\u00e1ci\u00f3 term\u00e9szetes stresszkezel\u00e9s zeneter\u00e1pia.<\/td><td>Hargita megye hegys\u00e9gei Marosf\u0151 stb.<\/td><\/tr><tr><td>Reumatol\u00f3giai betegs\u00e9gek<\/td><td>Az \u00edz\u00fcletek az izmok \u00e9s a k\u00f6t\u0151sz\u00f6vet betegs\u00e9gei.<\/td><td>Gy\u00f3gyf\u00fcrd\u0151k iszapos kezel\u00e9sek gy\u00f3gygimnasztika hidroter\u00e1pia \u00edz\u00fcleti betegs\u00e9gek kezel\u00e9se.<\/td><td>Szejkef\u00fcrd\u0151 Cs\u00edkszentimre Borsz\u00e9k Tusn\u00e1df\u0171rd\u0151.<\/td><\/tr><tr><td>Endokrinol\u00f3giai betegs\u00e9gek<\/td><td>Az endokrin mirigyek funkci\u00f3zavara.<\/td><td>Eg\u00e9szs\u00e9ges \u00e9letm\u00f3d kiegyens\u00falyozott t\u00e1pl\u00e1lkoz\u00e1s term\u00e9szetes j\u00f3dforr\u00e1sok szem\u00e9lyre szabott edz\u00e9sprogramok.<\/td><td>Borsz\u00e9k Tusn\u00e1df\u0171rd\u0151 Marosf\u0151 stb.<\/td><\/tr><tr><td>Immunrendszeri betegs\u00e9gek<\/td><td>Az immunrendszer zavarai.<\/td><td>Er\u0151s\u00edt\u0151 gy\u00f3gyn\u00f6v\u00e9nyek immuner\u0151s\u00edt\u0151 di\u00e9ta m\u00e9rs\u00e9kelt napsug\u00e1rz\u00e1s probiotikumok.<\/td><td>Hargita megye term\u00e9szet adta potenci\u00e1lja<\/td><\/tr><\/tbody><\/table><\/figure>\n<\/div><\/div>\n<style class=\"advgb-styles-renderer\">\n  .leaflet-routing-container { display: none; } \/* Ez biztosan elt\u00fcnteti az itinerary elemet a t\u00e9rk\u00e9pr\u0151l *\/\n<\/style>","protected":false},"excerpt":{"rendered":"","protected":false},"author":1,"featured_media":0,"parent":0,"menu_order":0,"comment_status":"closed","ping_status":"closed","template":"","meta":{"_coblocks_attr":"","_coblocks_dimensions":"","_coblocks_responsive_height":"","_coblocks_accordion_ie_support":"","_eb_attr":"","_uag_custom_page_level_css":"","advgb_blocks_editor_width":"","advgb_blocks_columns_visual_guide":"","neve_meta_sidebar":"","neve_meta_container":"","neve_meta_enable_content_width":"on","neve_meta_content_width":100,"neve_meta_title_alignment":"","neve_meta_author_avatar":"","neve_post_elements_order":"","neve_meta_disable_header":"","neve_meta_disable_footer":"","neve_meta_disable_title":"on","_themeisle_gutenberg_block_has_review":false,"footnotes":""},"class_list":["post-1038","page","type-page","status-publish","hentry"],"uagb_featured_image_src":{"full":false,"thumbnail":false,"medium":false,"medium_large":false,"large":false,"1536x1536":false,"2048x2048":false,"neve-blog":false},"uagb_author_info":{"display_name":"admin","author_link":"https:\/\/smarted.smartonlineedu.com\/index.php\/author\/admin_8iq54gse\/"},"uagb_comment_info":0,"uagb_excerpt":null,"coauthors":[],"author_meta":{"author_link":"https:\/\/smarted.smartonlineedu.com\/index.php\/author\/admin_8iq54gse\/","display_name":"admin"},"relative_dates":{"created":"Posted 2 \u00e9v ago","modified":"Updated 2 \u00e9v ago"},"absolute_dates":{"created":"Posted on okt\u00f3ber 20, 2024","modified":"Updated on okt\u00f3ber 20, 2024"},"absolute_dates_time":{"created":"Posted on okt\u00f3ber 20, 2024 5:24 de.","modified":"Updated on okt\u00f3ber 20, 2024 7:52 de."},"featured_img_caption":"","featured_img":false,"series_order":"","_links":{"self":[{"href":"https:\/\/smarted.smartonlineedu.com\/index.php\/wp-json\/wp\/v2\/pages\/1038","targetHints":{"allow":["GET"]}}],"collection":[{"href":"https:\/\/smarted.smartonlineedu.com\/index.php\/wp-json\/wp\/v2\/pages"}],"about":[{"href":"https:\/\/smarted.smartonlineedu.com\/index.php\/wp-json\/wp\/v2\/types\/page"}],"author":[{"embeddable":true,"href":"https:\/\/smarted.smartonlineedu.com\/index.php\/wp-json\/wp\/v2\/users\/1"}],"replies":[{"embeddable":true,"href":"https:\/\/smarted.smartonlineedu.com\/index.php\/wp-json\/wp\/v2\/comments?post=1038"}],"version-history":[{"count":34,"href":"https:\/\/smarted.smartonlineedu.com\/index.php\/wp-json\/wp\/v2\/pages\/1038\/revisions"}],"predecessor-version":[{"id":1081,"href":"https:\/\/smarted.smartonlineedu.com\/index.php\/wp-json\/wp\/v2\/pages\/1038\/revisions\/1081"}],"wp:attachment":[{"href":"https:\/\/smarted.smartonlineedu.com\/index.php\/wp-json\/wp\/v2\/media?parent=1038"}],"curies":[{"name":"wp","href":"https:\/\/api.w.org\/{rel}","templated":true}]}}