{"id":101,"date":"2024-04-06T17:06:34","date_gmt":"2024-04-06T17:06:34","guid":{"rendered":"https:\/\/solutions-hr.com\/?page_id=101"},"modified":"2024-07-06T14:24:24","modified_gmt":"2024-07-06T14:24:24","slug":"kezelo-kozpontok","status":"publish","type":"page","link":"https:\/\/smarted.smartonlineedu.com\/index.php\/kezelo-kozpontok\/","title":{"rendered":"Kezel\u0151 K\u00f6zpontok"},"content":{"rendered":"\n<div class=\"wp-block-cover alignfull is-light\" style=\"min-height:600px;aspect-ratio:unset;\"><span aria-hidden=\"true\" class=\"wp-block-cover__background has-nv-light-bg-background-color has-background-dim\"><\/span><img loading=\"lazy\" decoding=\"async\" width=\"275\" height=\"184\" class=\"wp-block-cover__image-background wp-image-103\" alt=\"\" src=\"https:\/\/smarted.smartonlineedu.com\/wp-content\/uploads\/2024\/04\/zold.jpg\" data-object-fit=\"cover\"\/><div class=\"wp-block-cover__inner-container is-layout-flow wp-block-cover-is-layout-flow\">\n<div class=\"wp-block-group\"><div class=\"wp-block-group__inner-container is-layout-flow wp-block-group-is-layout-flow\">\n<div style=\"height:80px\" aria-hidden=\"true\" class=\"wp-block-spacer\"><\/div>\n\n\n\n<div class=\"wp-block-columns are-vertically-aligned-center is-layout-flex wp-container-core-columns-is-layout-9d6595d7 wp-block-columns-is-layout-flex\">\n<div class=\"wp-block-column is-vertically-aligned-center is-layout-flow wp-block-column-is-layout-flow\" style=\"flex-basis:50%\">\n<figure class=\"wp-block-image size-large is-resized\"><img loading=\"lazy\" decoding=\"async\" width=\"768\" height=\"1024\" src=\"https:\/\/smarted.smartonlineedu.com\/wp-content\/uploads\/2024\/04\/borviz-768x1024.jpg\" alt=\"\" class=\"wp-image-61\" style=\"width:419px;height:auto\" srcset=\"https:\/\/smarted.smartonlineedu.com\/wp-content\/uploads\/2024\/04\/borviz-768x1024.jpg 768w, https:\/\/smarted.smartonlineedu.com\/wp-content\/uploads\/2024\/04\/borviz-225x300.jpg 225w, https:\/\/smarted.smartonlineedu.com\/wp-content\/uploads\/2024\/04\/borviz-1152x1536.jpg 1152w, https:\/\/smarted.smartonlineedu.com\/wp-content\/uploads\/2024\/04\/borviz-1536x2048.jpg 1536w, https:\/\/smarted.smartonlineedu.com\/wp-content\/uploads\/2024\/04\/borviz-scaled.jpg 1920w\" sizes=\"auto, (max-width: 768px) 100vw, 768px\" \/><\/figure>\n<\/div>\n\n\n\n<div class=\"wp-block-column is-vertically-aligned-center is-layout-flow wp-block-column-is-layout-flow\" style=\"flex-basis:50%\">\n<h2 class=\"wp-block-heading has-neve-text-color-color has-text-color\">Borsz\u00e9k<\/h2>\n\n\n\n<p class=\"has-neve-text-color-color has-text-color\">Borsz\u00e9k, Hargita megye egyik gy\u00f6ngyszeme, ismert gy\u00f3gyv\u00edzeir\u0151l \u00e9s kiv\u00e1l\u00f3 kl\u00edm\u00e1j\u00e1r\u00f3l, amely ide\u00e1lis k\u00f6rnyezetet ny\u00fajt a l\u00e9gz\u0151szervi \u00e9s reumatikus betegs\u00e9gek kezel\u00e9s\u00e9re. <\/p>\n\n\n\n<p class=\"has-neve-text-color-color has-text-color\">A telep\u00fcl\u00e9s term\u00e9szetes \u00e1sv\u00e1nyvizei magas \u00e1sv\u00e1nyianyag-tartalommal rendelkeznek, ami el\u0151seg\u00edti a test term\u00e9szetes gy\u00f3gyul\u00e1si folyamatait \u00e9s jav\u00edtja az \u00e1ltal\u00e1nos eg\u00e9szs\u00e9gi \u00e1llapotot. <\/p>\n\n\n\n<p class=\"has-neve-text-color-color has-text-color\">Borsz\u00e9k kezel\u0151k\u00f6zpontjaiban k\u00fcl\u00f6nb\u00f6z\u0151 wellness \u00e9s gy\u00f3gy\u00e1szati szolg\u00e1ltat\u00e1sok \u00e1llnak rendelkez\u00e9sre, melyek c\u00e9lja a l\u00e1togat\u00f3k fizikai \u00e9s ment\u00e1lis regener\u00e1l\u00f3d\u00e1s\u00e1nak el\u0151seg\u00edt\u00e9se.<\/p>\n\n\n\n<div class=\"wp-block-buttons is-layout-flex wp-block-buttons-is-layout-flex\">\n<div class=\"wp-block-button is-style-primary\"><a class=\"wp-block-button__link wp-element-button\" href=\"https:\/\/smarted.smartonlineedu.com\/index.php\/borszek-fontana-spa\/\" target=\"_blank\" rel=\"noreferrer noopener\">TUDJ MEG T\u00d6BBET<\/a><\/div>\n<\/div>\n<\/div>\n<\/div>\n\n\n\n<div style=\"height:40px\" aria-hidden=\"true\" class=\"wp-block-spacer\"><\/div>\n<\/div><\/div>\n<\/div><\/div>\n\n\n\n<div class=\"wp-block-cover alignfull is-light\" style=\"min-height:600px;aspect-ratio:unset;\"><span aria-hidden=\"true\" class=\"wp-block-cover__background has-background-dim\" style=\"background-color:#2b98cd\"><\/span><img loading=\"lazy\" decoding=\"async\" width=\"225\" height=\"225\" class=\"wp-block-cover__image-background wp-image-104\" alt=\"\" src=\"https:\/\/smarted.smartonlineedu.com\/wp-content\/uploads\/2024\/04\/szurke.png\" data-object-fit=\"cover\" srcset=\"https:\/\/smarted.smartonlineedu.com\/wp-content\/uploads\/2024\/04\/szurke.png 225w, https:\/\/smarted.smartonlineedu.com\/wp-content\/uploads\/2024\/04\/szurke-150x150.png 150w\" sizes=\"auto, (max-width: 225px) 100vw, 225px\" \/><div class=\"wp-block-cover__inner-container is-layout-flow wp-block-cover-is-layout-flow\">\n<div class=\"wp-block-group\"><div class=\"wp-block-group__inner-container is-layout-flow wp-block-group-is-layout-flow\">\n<div style=\"height:80px\" aria-hidden=\"true\" class=\"wp-block-spacer\"><\/div>\n\n\n\n<div class=\"wp-block-columns are-vertically-aligned-center is-layout-flex wp-container-core-columns-is-layout-9d6595d7 wp-block-columns-is-layout-flex\">\n<div class=\"wp-block-column is-vertically-aligned-center is-layout-flow wp-block-column-is-layout-flow\" style=\"flex-basis:50%\">\n<h2 class=\"wp-block-heading has-nv-text-dark-bg-color has-text-color\">Tusn\u00e1df\u00fcrd\u0151<\/h2>\n\n\n\n<p>Tusn\u00e1df\u00fcrd\u0151, Hargita megye egyik kiemelt gy\u00f3gyturisztikai c\u00e9lpontja, k\u00fcl\u00f6nleges helyet foglal el az eg\u00e9szs\u00e9gturizmusban a magas \u00e1sv\u00e1nytartalm\u00fa term\u00e1lvizei \u00e9s a gy\u00f3gy\u00edt\u00f3 mofett\u00e1i r\u00e9v\u00e9n. <\/p>\n\n\n\n<p>A term\u00e9szetes gy\u00f3gyt\u00e9nyez\u0151ket kihaszn\u00e1lva, a f\u00fcrd\u0151v\u00e1ros k\u00fcl\u00f6nf\u00e9le ter\u00e1pi\u00e1s kezel\u00e9seket k\u00edn\u00e1l, amelyek seg\u00edtenek a reumatikus betegs\u00e9gek, b\u0151rprobl\u00e9m\u00e1k \u00e9s kering\u00e9si rendelleness\u00e9gek kezel\u00e9s\u00e9ben. <\/p>\n\n\n\n<p>Tusn\u00e1df\u00fcrd\u0151 fest\u0151i k\u00f6rnyezete \u00e9s nyugodt atmoszf\u00e9r\u00e1ja ide\u00e1lis helysz\u00ednt biztos\u00edt a testi-lelki pihen\u00e9sre \u00e9s regener\u00e1l\u00f3d\u00e1sra, vonzva ezzel egyre t\u00f6bb hazai \u00e9s k\u00fclf\u00f6ldi l\u00e1togat\u00f3t.<\/p>\n\n\n\n<div style=\"height:20px\" aria-hidden=\"true\" class=\"wp-block-spacer\"><\/div>\n\n\n\n<div class=\"wp-block-buttons is-layout-flex wp-block-buttons-is-layout-flex\">\n<div class=\"wp-block-button is-style-primary\"><a class=\"wp-block-button__link wp-element-button\" href=\"https:\/\/smarted.smartonlineedu.com\/index.php\/tusnadfurdo-kezelo-kozpont\/\" target=\"_blank\" rel=\"noreferrer noopener\">TUDJ MEG T\u00d6BBET<\/a><\/div>\n<\/div>\n\n\n\n<div style=\"height:20px\" aria-hidden=\"true\" class=\"wp-block-spacer\"><\/div>\n<\/div>\n\n\n\n<div class=\"wp-block-column is-vertically-aligned-center is-layout-flow wp-block-column-is-layout-flow\" style=\"flex-basis:50%\">\n<figure class=\"wp-block-image size-large\"><img loading=\"lazy\" decoding=\"async\" width=\"1024\" height=\"768\" src=\"https:\/\/smarted.smartonlineedu.com\/wp-content\/uploads\/2024\/04\/madarasi-sipalya-1024x768.jpg\" alt=\"\" class=\"wp-image-63\" srcset=\"https:\/\/smarted.smartonlineedu.com\/wp-content\/uploads\/2024\/04\/madarasi-sipalya-1024x768.jpg 1024w, https:\/\/smarted.smartonlineedu.com\/wp-content\/uploads\/2024\/04\/madarasi-sipalya-300x225.jpg 300w, https:\/\/smarted.smartonlineedu.com\/wp-content\/uploads\/2024\/04\/madarasi-sipalya-768x576.jpg 768w, https:\/\/smarted.smartonlineedu.com\/wp-content\/uploads\/2024\/04\/madarasi-sipalya-1536x1152.jpg 1536w, https:\/\/smarted.smartonlineedu.com\/wp-content\/uploads\/2024\/04\/madarasi-sipalya-2048x1536.jpg 2048w\" sizes=\"auto, (max-width: 1024px) 100vw, 1024px\" \/><\/figure>\n<\/div>\n<\/div>\n\n\n\n<div style=\"height:40px\" aria-hidden=\"true\" class=\"wp-block-spacer\"><\/div>\n<\/div><\/div>\n<\/div><\/div>\n\n\n\n<div class=\"wp-block-cover alignfull\" style=\"min-height:600px;aspect-ratio:unset;\"><span aria-hidden=\"true\" class=\"wp-block-cover__background has-nv-light-bg-background-color has-background-dim-100 has-background-dim\"><\/span><div class=\"wp-block-cover__inner-container is-layout-flow wp-block-cover-is-layout-flow\">\n<div class=\"wp-block-group\"><div class=\"wp-block-group__inner-container is-layout-flow wp-block-group-is-layout-flow\">\n<div style=\"height:80px\" aria-hidden=\"true\" class=\"wp-block-spacer\"><\/div>\n\n\n\n<div class=\"wp-block-columns are-vertically-aligned-center is-layout-flex wp-container-core-columns-is-layout-9d6595d7 wp-block-columns-is-layout-flex\">\n<div class=\"wp-block-column is-vertically-aligned-center is-layout-flow wp-block-column-is-layout-flow\" style=\"flex-basis:50%\"><div class=\"wp-block-image size-large\">\n<figure class=\"aligncenter size-full is-resized\"><img loading=\"lazy\" decoding=\"async\" width=\"900\" height=\"675\" src=\"https:\/\/smarted.smartonlineedu.com\/wp-content\/uploads\/2024\/04\/sobanya.jpg\" alt=\"\" class=\"wp-image-65\" style=\"width:493px;height:auto\" srcset=\"https:\/\/smarted.smartonlineedu.com\/wp-content\/uploads\/2024\/04\/sobanya.jpg 900w, https:\/\/smarted.smartonlineedu.com\/wp-content\/uploads\/2024\/04\/sobanya-300x225.jpg 300w, https:\/\/smarted.smartonlineedu.com\/wp-content\/uploads\/2024\/04\/sobanya-768x576.jpg 768w\" sizes=\"auto, (max-width: 900px) 100vw, 900px\" \/><\/figure>\n<\/div><\/div>\n\n\n\n<div class=\"wp-block-column is-vertically-aligned-center is-layout-flow wp-block-column-is-layout-flow\" style=\"flex-basis:50%\">\n<h2 class=\"wp-block-heading has-neve-text-color-color has-text-color\">Parajd<\/h2>\n\n\n\n<p class=\"has-neve-text-color-color has-text-color has-medium-font-size\">Parajd, ismert nev\u00e9n a s\u00f3 b\u0171v\u00f6let\u00e9ben, Hargita megy\u00e9ben egyed\u00fcl\u00e1ll\u00f3 gy\u00f3gyturisztikai k\u00f6zpontk\u00e9nt t\u0171nik ki, ahol a h\u00edres Parajdi S\u00f3b\u00e1nya \u00e9s a s\u00f3ter\u00e1pi\u00e1s kezel\u00e9sek sz\u00e9les v\u00e1laszt\u00e9ka vonzza az eg\u00e9szs\u00e9gtudatos l\u00e1togat\u00f3kat. <\/p>\n\n\n\n<p class=\"has-neve-text-color-color has-text-color has-medium-font-size\">A s\u00f3b\u00e1nya k\u00fcl\u00f6nleges mikrokl\u00edm\u00e1ja kiv\u00e1l\u00f3an alkalmas l\u00e9g\u00fati megbeteged\u00e9sek, allergi\u00e1s \u00e1llapotok \u00e9s b\u0151rprobl\u00e9m\u00e1k kezel\u00e9s\u00e9re, biztos\u00edtva term\u00e9szetes m\u00f3don a gy\u00f3gyul\u00e1st el\u0151seg\u00edt\u0151 k\u00f6rnyezetet. <\/p>\n\n\n\n<p class=\"has-neve-text-color-color has-text-color has-medium-font-size\">Parajd gazdag kultur\u00e1lis \u00e9s term\u00e9szeti adotts\u00e1gai mellett, a s\u00f3b\u00e1nya \u00e9s a term\u00e1lmedenc\u00e9k kombin\u00e1l\u00e1s\u00e1val k\u00edn\u00e1l pihen\u00e9st \u00e9s regener\u00e1l\u00f3d\u00e1st, \u00edgy nem csak a test, hanem a l\u00e9lek fel\u00fcd\u00fcl\u00e9s\u00e9re is t\u00f6k\u00e9letes v\u00e1laszt\u00e1s.<\/p>\n\n\n\n<div class=\"wp-block-buttons is-layout-flex wp-block-buttons-is-layout-flex\">\n<div class=\"wp-block-button is-style-primary\"><a class=\"wp-block-button__link wp-element-button\" href=\"https:\/\/smarted.smartonlineedu.com\/index.php\/parajd-kezelo-kozpont\/\" target=\"_blank\" rel=\"noreferrer noopener\">TUDJ MEG T\u00d6BBET<\/a><\/div>\n<\/div>\n<\/div>\n<\/div>\n\n\n\n<div style=\"height:40px\" aria-hidden=\"true\" class=\"wp-block-spacer\"><\/div>\n<\/div><\/div>\n<\/div><\/div>\n","protected":false},"excerpt":{"rendered":"","protected":false},"author":1,"featured_media":0,"parent":0,"menu_order":0,"comment_status":"closed","ping_status":"closed","template":"","meta":{"_coblocks_attr":"","_coblocks_dimensions":"","_coblocks_responsive_height":"","_coblocks_accordion_ie_support":"","_eb_attr":"","_uag_custom_page_level_css":"","advgb_blocks_editor_width":"","advgb_blocks_columns_visual_guide":"","neve_meta_sidebar":"","neve_meta_container":"","neve_meta_enable_content_width":"on","neve_meta_content_width":100,"neve_meta_title_alignment":"","neve_meta_author_avatar":"","neve_post_elements_order":"","neve_meta_disable_header":"","neve_meta_disable_footer":"","neve_meta_disable_title":"on","_themeisle_gutenberg_block_has_review":false,"footnotes":""},"class_list":["post-101","page","type-page","status-publish","hentry"],"uagb_featured_image_src":{"full":false,"thumbnail":false,"medium":false,"medium_large":false,"large":false,"1536x1536":false,"2048x2048":false,"neve-blog":false},"uagb_author_info":{"display_name":"admin","author_link":"https:\/\/smarted.smartonlineedu.com\/index.php\/author\/admin_8iq54gse\/"},"uagb_comment_info":0,"uagb_excerpt":null,"coauthors":[],"author_meta":{"author_link":"https:\/\/smarted.smartonlineedu.com\/index.php\/author\/admin_8iq54gse\/","display_name":"admin"},"relative_dates":{"created":"Posted 2 \u00e9v ago","modified":"Updated 2 \u00e9v ago"},"absolute_dates":{"created":"Posted on \u00e1prilis 6, 2024","modified":"Updated on j\u00falius 6, 2024"},"absolute_dates_time":{"created":"Posted on \u00e1prilis 6, 2024 5:06 du.","modified":"Updated on j\u00falius 6, 2024 2:24 du."},"featured_img_caption":"","featured_img":false,"series_order":"","_links":{"self":[{"href":"https:\/\/smarted.smartonlineedu.com\/index.php\/wp-json\/wp\/v2\/pages\/101","targetHints":{"allow":["GET"]}}],"collection":[{"href":"https:\/\/smarted.smartonlineedu.com\/index.php\/wp-json\/wp\/v2\/pages"}],"about":[{"href":"https:\/\/smarted.smartonlineedu.com\/index.php\/wp-json\/wp\/v2\/types\/page"}],"author":[{"embeddable":true,"href":"https:\/\/smarted.smartonlineedu.com\/index.php\/wp-json\/wp\/v2\/users\/1"}],"replies":[{"embeddable":true,"href":"https:\/\/smarted.smartonlineedu.com\/index.php\/wp-json\/wp\/v2\/comments?post=101"}],"version-history":[{"count":17,"href":"https:\/\/smarted.smartonlineedu.com\/index.php\/wp-json\/wp\/v2\/pages\/101\/revisions"}],"predecessor-version":[{"id":867,"href":"https:\/\/smarted.smartonlineedu.com\/index.php\/wp-json\/wp\/v2\/pages\/101\/revisions\/867"}],"wp:attachment":[{"href":"https:\/\/smarted.smartonlineedu.com\/index.php\/wp-json\/wp\/v2\/media?parent=101"}],"curies":[{"name":"wp","href":"https:\/\/api.w.org\/{rel}","templated":true}]}}